{"id":8493,"date":"2020-02-19T21:18:49","date_gmt":"2020-02-19T20:18:49","guid":{"rendered":"https:\/\/gironaprosport.com\/produkt\/girona-cycling-budget-package\/"},"modified":"2026-03-27T14:36:47","modified_gmt":"2026-03-27T13:36:47","slug":"girona-cycling-budget-package","status":"publish","type":"product","link":"https:\/\/gironaprosport.com\/en\/product\/girona-cycling-budget-package\/","title":{"rendered":"Girona cycling &#8211; BUDGET package"},"content":{"rendered":"<p><strong>BUDGET Girona cycling package<\/strong>\u00a0&#8211; This package provides the opportunity to enjoy cycling in <a style=\"color: #ffb98e\" href=\"https:\/\/gironaprosport.com\/en\/why-girona\/\" target=\"_blank\" rel=\"noopener noreferrer\">Girona<\/a>\u00a0in the Low-cost version.<\/p>\n<h3>The BUDGET Girona cycling package includes:<\/h3>\n<ul>\n<li><strong>accommodation<\/strong> in an apartment in Girona (without boarding)<\/li>\n<li><strong>cruise bike rental<\/strong> (GHOST Square Cross X or Cannondale Quick Hybrid 5)<\/li>\n<li><strong>cycling routes around Girona<\/strong> in GPX format<\/li>\n<li>a visit to a factory producing professional sports jerseys<\/li>\n<li>info about <strong><a href=\"https:\/\/nomadisbeautiful.com\/travel-blogs\/cycling-in-costa-brava\/\" target=\"_blank\" rel=\"noopener noreferrer\"><span style=\"color: #ffb98e\">cycling<\/span><\/a><\/strong><span style=\"color: #ffb98e\">\u00a0Costa Brava<\/span>, Girona<\/li>\n<li>possibility to join for <strong>free amateur group trips<\/strong> that take place every week in Girona and info about their events<\/li>\n<\/ul>\n<h3>Price<\/h3>\n<p><strong>Price<\/strong> <strong>232 EUR \/ per person<\/strong> for 5 days (4 nights, 4 days bicycle rental) min. 2 people<br \/>\n<strong>Price 185 EUR \/ per person<\/strong> for 5 days (4 nights, 4 days of bike rental) min. 6 people<br \/>\n<strong>Price 370 EUR \/ per person<\/strong> for 8 days (7 nights, 7 days of bike rental) min. 2 people<br \/>\n<strong>Price 299 EUR \/ per person<\/strong> for 8 days (7 nights, 7 days of bike rental) min. 6 people<\/p>\n<p>*Possibility to <strong>upgrade to a middle-class bike<\/strong> (RIDLEY FENIX 105, Cannondale Synapse Shimano 105 Disc, Bianchi Intenso, Bowman PalaceR alu Shimano 105 compact) for 70EUR. Possibility to rent a GPS device for a bike for 15 euros\/day.<\/p>\n<p>Prices are exemplified PER PERSON for a stay of 5 or 8 days. However, if you are interested in<strong> a different number of days<\/strong> or a <strong>different number of people (even solo\/single)<\/strong> no problem, contact us and we will send you the adjusted price. We will also be happy to book transport, transfers or other services you may need.<\/p>\n<p>We will provide you with a <strong>BUDGET cycling<\/strong> package all year round, the climatic conditions for cycling in Girona are suitable for any season &#8211; in spring you can enjoy the beautiful blooming nature, in summer you can swim in the sea, in autumn enjoy the beautifully colored hills around Girona and enjoy Costa Brava with a minimum of tourists, in winter to enjoy the beautiful sunny weather.<\/p>\n<p>If you also come with your family, we will be happy to help you organize a\u00a0 <span style=\"color: #ffb98e\"><a style=\"color: #ffb98e\" href=\"https:\/\/gironaprosport.com\/en\/services\/\" target=\"_blank\" rel=\"noopener noreferrer\">complementary program<\/a><\/span>.<\/p>\n<p><span style=\"color: #ffb98e\"><a style=\"color: #ffb98e\" href=\"https:\/\/www.cyclingweekly.com\/routes\/cycling-in-girona-377321\" target=\"_blank\" rel=\"noopener noreferrer\">Cycling in Girona<\/a> <\/span>and the Costa Brave is a unique experience, we will help you get the most out of your trip.<\/p>\n<p>We are looking forward to seeing you!<\/p>\n","protected":false},"excerpt":{"rendered":"<p>BUDGET Girona cycling package &#8211; This package provides the opportunity to enjoy cycling in Girona in the Low-cost version.<\/p>\n","protected":false},"featured_media":8461,"comment_status":"open","ping_status":"closed","template":"","meta":{"_monsterinsights_skip_tracking":false,"_monsterinsights_sitenote_active":false,"_monsterinsights_sitenote_note":"","_monsterinsights_sitenote_category":0},"product-type":[107,144],"etheme_brands":[],"product_brand":[],"product_cat":[400,406,402],"product_tag":[563,687,599,597,627,669,651,583],"class_list":{"0":"post-8493","1":"product","2":"type-product","3":"status-publish","4":"has-post-thumbnail","6":"product-type-tour","7":"product-type-tour-cycling-trip","8":"product_cat-bike-tours-girona","9":"product_cat-bike-tours-packages","10":"product_cat-road-cycling-cycling-tours-girona","11":"product_tag-5-days","12":"product_tag-8-days","13":"product_tag-cycling-holidays-en","14":"product_tag-cycling-holidays","15":"product_tag-dificult","16":"product_tag-easy","17":"product_tag-medium-difficulty","18":"product_tag-road-cycling","20":"first","21":"instock","22":"shipping-taxable","23":"purchasable"},"supplier_id":null,"supplier_sku":"","barcode":null,"atum_controlled":false,"out_stock_date":null,"out_stock_threshold":null,"inheritable":false,"inbound_stock":null,"stock_on_hold":0,"sold_today":0,"sales_last_days":0,"reserved_stock":null,"customer_returns":null,"warehouse_damage":null,"lost_in_post":null,"other_logs":null,"out_stock_days":0,"lost_sales":0,"has_location":false,"update_date":"2026-04-25T00:57:40","atum_locations":[],"atum_stock_status":"instock","restock_status":false,"low_stock_amount":"","sales_update_date":"2026-04-25T00:57:40","calc_backorders":null,"yoast_head":"<!-- This site is optimized with the Yoast SEO plugin v26.6 - https:\/\/yoast.com\/wordpress\/plugins\/seo\/ -->\n<title>Girona cycling - BUDGET package - Girona ProSport<\/title>\n<meta name=\"description\" content=\"BUDGET Girona cycling - the package provides the opportunity to enjoy cycling in Girona in the Low-cost version. GironaProSport bike rides\" \/>\n<meta name=\"robots\" content=\"index, follow, max-snippet:-1, max-image-preview:large, max-video-preview:-1\" \/>\n<link rel=\"canonical\" href=\"https:\/\/gironaprosport.com\/en\/product\/girona-cycling-budget-package\/\" \/>\n<meta property=\"og:locale\" content=\"en_US\" \/>\n<meta property=\"og:type\" content=\"article\" \/>\n<meta property=\"og:title\" content=\"Girona cycling BUDGET package\" \/>\n<meta property=\"og:description\" content=\"BUDGET Girona cycling - the package provides the opportunity to enjoy cycling in Girona in the Low-cost version. GironaProSport\" \/>\n<meta property=\"og:url\" content=\"https:\/\/gironaprosport.com\/en\/product\/girona-cycling-budget-package\/\" \/>\n<meta property=\"og:site_name\" content=\"Girona ProSport\" \/>\n<meta property=\"article:publisher\" content=\"http:\/\/fb.me\/gironaprosport\" \/>\n<meta property=\"article:modified_time\" content=\"2026-03-27T13:36:47+00:00\" \/>\n<meta property=\"og:image\" content=\"https:\/\/gironaprosport.com\/wp-content\/uploads\/DSC01258-1.jpg\" \/>\n<meta name=\"twitter:card\" content=\"summary_large_image\" \/>\n<meta name=\"twitter:label1\" content=\"Est. reading time\" \/>\n\t<meta name=\"twitter:data1\" content=\"2 minutes\" \/>\n<script type=\"application\/ld+json\" class=\"yoast-schema-graph\">{\"@context\":\"https:\/\/schema.org\",\"@graph\":[{\"@type\":\"WebPage\",\"@id\":\"https:\/\/gironaprosport.com\/en\/product\/girona-cycling-budget-package\/\",\"url\":\"https:\/\/gironaprosport.com\/en\/product\/girona-cycling-budget-package\/\",\"name\":\"Girona cycling - BUDGET package - Girona ProSport\",\"isPartOf\":{\"@id\":\"https:\/\/gironaprosport.com\/en\/#website\"},\"primaryImageOfPage\":{\"@id\":\"https:\/\/gironaprosport.com\/en\/product\/girona-cycling-budget-package\/#primaryimage\"},\"image\":{\"@id\":\"https:\/\/gironaprosport.com\/en\/product\/girona-cycling-budget-package\/#primaryimage\"},\"thumbnailUrl\":\"https:\/\/gironaprosport.com\/wp-content\/uploads\/budget-cycling-package.jpg\",\"datePublished\":\"2020-02-19T20:18:49+00:00\",\"dateModified\":\"2026-03-27T13:36:47+00:00\",\"description\":\"BUDGET Girona cycling - the package provides the opportunity to enjoy cycling in Girona in the Low-cost version. GironaProSport bike rides\",\"breadcrumb\":{\"@id\":\"https:\/\/gironaprosport.com\/en\/product\/girona-cycling-budget-package\/#breadcrumb\"},\"inLanguage\":\"en-US\",\"potentialAction\":[{\"@type\":\"ReadAction\",\"target\":[\"https:\/\/gironaprosport.com\/en\/product\/girona-cycling-budget-package\/\"]}]},{\"@type\":\"ImageObject\",\"inLanguage\":\"en-US\",\"@id\":\"https:\/\/gironaprosport.com\/en\/product\/girona-cycling-budget-package\/#primaryimage\",\"url\":\"https:\/\/gironaprosport.com\/wp-content\/uploads\/budget-cycling-package.jpg\",\"contentUrl\":\"https:\/\/gironaprosport.com\/wp-content\/uploads\/budget-cycling-package.jpg\",\"width\":1080,\"height\":1080,\"caption\":\"cyklistick\u00fd bal\u00ed\u010dek BUDGET\"},{\"@type\":\"BreadcrumbList\",\"@id\":\"https:\/\/gironaprosport.com\/en\/product\/girona-cycling-budget-package\/#breadcrumb\",\"itemListElement\":[{\"@type\":\"ListItem\",\"position\":1,\"name\":\"Domovsk\u00e1 str\u00e1nka\",\"item\":\"https:\/\/gironaprosport.com\/en\/\"},{\"@type\":\"ListItem\",\"position\":2,\"name\":\"Shop\",\"item\":\"https:\/\/gironaprosport.com\/en\/shop-en\/\"},{\"@type\":\"ListItem\",\"position\":3,\"name\":\"Girona cycling &#8211; BUDGET package\"}]},{\"@type\":\"WebSite\",\"@id\":\"https:\/\/gironaprosport.com\/en\/#website\",\"url\":\"https:\/\/gironaprosport.com\/en\/\",\"name\":\"Girona ProSport\",\"description\":\"Cykloz\u00e1jazdy\",\"publisher\":{\"@id\":\"https:\/\/gironaprosport.com\/en\/#organization\"},\"potentialAction\":[{\"@type\":\"SearchAction\",\"target\":{\"@type\":\"EntryPoint\",\"urlTemplate\":\"https:\/\/gironaprosport.com\/en\/?s={search_term_string}\"},\"query-input\":{\"@type\":\"PropertyValueSpecification\",\"valueRequired\":true,\"valueName\":\"search_term_string\"}}],\"inLanguage\":\"en-US\"},{\"@type\":\"Organization\",\"@id\":\"https:\/\/gironaprosport.com\/en\/#organization\",\"name\":\"Girona PRO SPORT\",\"url\":\"https:\/\/gironaprosport.com\/en\/\",\"logo\":{\"@type\":\"ImageObject\",\"inLanguage\":\"en-US\",\"@id\":\"https:\/\/gironaprosport.com\/en\/#\/schema\/logo\/image\/\",\"url\":\"https:\/\/gironaprosport.com\/wp-content\/uploads\/logo-gps_64.png\",\"contentUrl\":\"https:\/\/gironaprosport.com\/wp-content\/uploads\/logo-gps_64.png\",\"width\":320,\"height\":64,\"caption\":\"Girona PRO SPORT\"},\"image\":{\"@id\":\"https:\/\/gironaprosport.com\/en\/#\/schema\/logo\/image\/\"},\"sameAs\":[\"http:\/\/fb.me\/gironaprosport\",\"http:\/\/instagram.com\/girona_prosport\/\",\"https:\/\/www.youtube.com\/channel\/UCv7gLuh2ONY6kESVj_3aSnA\"]}]}<\/script>\n<!-- \/ Yoast SEO plugin. -->","yoast_head_json":{"title":"Girona cycling - BUDGET package - Girona ProSport","description":"BUDGET Girona cycling - the package provides the opportunity to enjoy cycling in Girona in the Low-cost version. GironaProSport bike rides","robots":{"index":"index","follow":"follow","max-snippet":"max-snippet:-1","max-image-preview":"max-image-preview:large","max-video-preview":"max-video-preview:-1"},"canonical":"https:\/\/gironaprosport.com\/en\/product\/girona-cycling-budget-package\/","og_locale":"en_US","og_type":"article","og_title":"Girona cycling BUDGET package","og_description":"BUDGET Girona cycling - the package provides the opportunity to enjoy cycling in Girona in the Low-cost version. GironaProSport","og_url":"https:\/\/gironaprosport.com\/en\/product\/girona-cycling-budget-package\/","og_site_name":"Girona ProSport","article_publisher":"http:\/\/fb.me\/gironaprosport","article_modified_time":"2026-03-27T13:36:47+00:00","og_image":[{"url":"https:\/\/gironaprosport.com\/wp-content\/uploads\/DSC01258-1.jpg","type":"","width":"","height":""}],"twitter_card":"summary_large_image","twitter_misc":{"Est. reading time":"2 minutes"},"schema":{"@context":"https:\/\/schema.org","@graph":[{"@type":"WebPage","@id":"https:\/\/gironaprosport.com\/en\/product\/girona-cycling-budget-package\/","url":"https:\/\/gironaprosport.com\/en\/product\/girona-cycling-budget-package\/","name":"Girona cycling - BUDGET package - Girona ProSport","isPartOf":{"@id":"https:\/\/gironaprosport.com\/en\/#website"},"primaryImageOfPage":{"@id":"https:\/\/gironaprosport.com\/en\/product\/girona-cycling-budget-package\/#primaryimage"},"image":{"@id":"https:\/\/gironaprosport.com\/en\/product\/girona-cycling-budget-package\/#primaryimage"},"thumbnailUrl":"https:\/\/gironaprosport.com\/wp-content\/uploads\/budget-cycling-package.jpg","datePublished":"2020-02-19T20:18:49+00:00","dateModified":"2026-03-27T13:36:47+00:00","description":"BUDGET Girona cycling - the package provides the opportunity to enjoy cycling in Girona in the Low-cost version. GironaProSport bike rides","breadcrumb":{"@id":"https:\/\/gironaprosport.com\/en\/product\/girona-cycling-budget-package\/#breadcrumb"},"inLanguage":"en-US","potentialAction":[{"@type":"ReadAction","target":["https:\/\/gironaprosport.com\/en\/product\/girona-cycling-budget-package\/"]}]},{"@type":"ImageObject","inLanguage":"en-US","@id":"https:\/\/gironaprosport.com\/en\/product\/girona-cycling-budget-package\/#primaryimage","url":"https:\/\/gironaprosport.com\/wp-content\/uploads\/budget-cycling-package.jpg","contentUrl":"https:\/\/gironaprosport.com\/wp-content\/uploads\/budget-cycling-package.jpg","width":1080,"height":1080,"caption":"cyklistick\u00fd bal\u00ed\u010dek BUDGET"},{"@type":"BreadcrumbList","@id":"https:\/\/gironaprosport.com\/en\/product\/girona-cycling-budget-package\/#breadcrumb","itemListElement":[{"@type":"ListItem","position":1,"name":"Domovsk\u00e1 str\u00e1nka","item":"https:\/\/gironaprosport.com\/en\/"},{"@type":"ListItem","position":2,"name":"Shop","item":"https:\/\/gironaprosport.com\/en\/shop-en\/"},{"@type":"ListItem","position":3,"name":"Girona cycling &#8211; BUDGET package"}]},{"@type":"WebSite","@id":"https:\/\/gironaprosport.com\/en\/#website","url":"https:\/\/gironaprosport.com\/en\/","name":"Girona ProSport","description":"Cykloz\u00e1jazdy","publisher":{"@id":"https:\/\/gironaprosport.com\/en\/#organization"},"potentialAction":[{"@type":"SearchAction","target":{"@type":"EntryPoint","urlTemplate":"https:\/\/gironaprosport.com\/en\/?s={search_term_string}"},"query-input":{"@type":"PropertyValueSpecification","valueRequired":true,"valueName":"search_term_string"}}],"inLanguage":"en-US"},{"@type":"Organization","@id":"https:\/\/gironaprosport.com\/en\/#organization","name":"Girona PRO SPORT","url":"https:\/\/gironaprosport.com\/en\/","logo":{"@type":"ImageObject","inLanguage":"en-US","@id":"https:\/\/gironaprosport.com\/en\/#\/schema\/logo\/image\/","url":"https:\/\/gironaprosport.com\/wp-content\/uploads\/logo-gps_64.png","contentUrl":"https:\/\/gironaprosport.com\/wp-content\/uploads\/logo-gps_64.png","width":320,"height":64,"caption":"Girona PRO SPORT"},"image":{"@id":"https:\/\/gironaprosport.com\/en\/#\/schema\/logo\/image\/"},"sameAs":["http:\/\/fb.me\/gironaprosport","http:\/\/instagram.com\/girona_prosport\/","https:\/\/www.youtube.com\/channel\/UCv7gLuh2ONY6kESVj_3aSnA"]}]}},"meta_box":{"gps_dates_event":[],"gps_distance":"","gps_distance_note":"","gps_camber":"","gps_difficulty":"","gps_lasted":[],"gps_lasted_note":"","gps_guide":"","gps_coach":"","gps_stages":"","gps_bicycle_rental":"","gps_date_from":"","gps_date_to":"","gps_map":[]},"_links":{"self":[{"href":"https:\/\/gironaprosport.com\/en\/wp-json\/wp\/v2\/product\/8493","targetHints":{"allow":["GET"]}}],"collection":[{"href":"https:\/\/gironaprosport.com\/en\/wp-json\/wp\/v2\/product"}],"about":[{"href":"https:\/\/gironaprosport.com\/en\/wp-json\/wp\/v2\/types\/product"}],"replies":[{"embeddable":true,"href":"https:\/\/gironaprosport.com\/en\/wp-json\/wp\/v2\/comments?post=8493"}],"wp:featuredmedia":[{"embeddable":true,"href":"https:\/\/gironaprosport.com\/en\/wp-json\/wp\/v2\/media\/8461"}],"wp:attachment":[{"href":"https:\/\/gironaprosport.com\/en\/wp-json\/wp\/v2\/media?parent=8493"}],"wp:term":[{"taxonomy":"product-type","embeddable":true,"href":"https:\/\/gironaprosport.com\/en\/wp-json\/wp\/v2\/product-type?post=8493"},{"taxonomy":"brand","embeddable":true,"href":"https:\/\/gironaprosport.com\/en\/wp-json\/wp\/v2\/etheme_brands?post=8493"},{"taxonomy":"product_brand","embeddable":true,"href":"https:\/\/gironaprosport.com\/en\/wp-json\/wp\/v2\/product_brand?post=8493"},{"taxonomy":"product_cat","embeddable":true,"href":"https:\/\/gironaprosport.com\/en\/wp-json\/wp\/v2\/product_cat?post=8493"},{"taxonomy":"product_tag","embeddable":true,"href":"https:\/\/gironaprosport.com\/en\/wp-json\/wp\/v2\/product_tag?post=8493"}],"curies":[{"name":"wp","href":"https:\/\/api.w.org\/{rel}","templated":true}]}}