{"id":11321,"date":"2022-04-06T15:18:26","date_gmt":"2022-04-06T13:18:26","guid":{"rendered":"https:\/\/gironaprosport.com\/?post_type=product&#038;p=11321"},"modified":"2022-04-07T09:06:29","modified_gmt":"2022-04-07T07:06:29","slug":"autumn-training-camp-cycling-and-triathlon-kopia","status":"publish","type":"product","link":"https:\/\/gironaprosport.com\/en\/product\/autumn-training-camp-cycling-and-triathlon-kopia\/","title":{"rendered":"Autumn training camp &#8211; GRAVEL cycling"},"content":{"rendered":"<p><strong>Autumn training camp<\/strong> for recreational <strong>Gravel<\/strong> <strong>cyclists. <\/strong>\u00a0The camp will be organized in different groups, we will find a suitable location for everyone. The holding of this camp is connected with a big cycling event &#8211; <strong>Sea Otter Europe<\/strong> in Girona.<\/p>\n<p><a href=\"https:\/\/www.seaottereurope.com\/\" target=\"_blank\" rel=\"noopener\"><strong>Sea Otter Europe<\/strong><\/a>e is one of the largest cycling shows \/ events in Europe. During the three days of September 23, 24 and 25, Girona will be mainly about cycling. All major brands (Bianchi, Specialized, Canyon, Trek, etc., etc.) showcase their latest equipment and organize several associated events (races, MTB, Gravel).<\/p>\n<p>Combine a training camp with a visit to this event!<\/p>\n<h4>Dates: September 19 &#8211; September 25, 2022<\/h4>\n<p><strong>Target group:<\/strong> Gravel cyclists.\u00a0 We will have 2 groups according to different levels of cyclists.<\/p>\n<p>Part of the camp is participation in the sports event <a href=\"https:\/\/cicloturista.seaottereurope.com\/ca\/la-ciclobrava-148\/\" target=\"_blank\" rel=\"noopener noreferrer\"><span style=\"color: #0000ff\"><span style=\"color: #ffb98e\">La Ciclobrava<\/span><\/span><\/a> (entrance fee is not included in the price, participation is voluntary)<\/p>\n<p>&nbsp;<\/p>\n<p>Where: <a style=\"color: #ffb98e\" href=\"https:\/\/www.spain.info\/en\/destination\/girona\/\" target=\"_blank\" rel=\"noopener noreferrer\">Girona<\/a>, Spain<\/p>\n<p><strong>Price: \u20ac 745<\/strong>\u00a0(includes accommodation in a double room in a hotel in the center of Girona (7 nights), breakfast, coach, training program, professional cycling bibs <a href=\"https:\/\/www.tactic-sport.com\/\" target=\"_blank\" rel=\"noopener\">TACTIC<\/a>, basic package of sports nutrition)<\/p>\n<p>The price of the tour does not include bicycle rental, rental possible.<\/p>\n<p>&nbsp;<\/p>\n<h3>Autumn training camp program:<\/h3>\n<p>The camp will take place around the Girona, a new adventure awaits you every day, with beautiful nature and beautiful views. We will focus on driving technique. On the last day we will participate in the sports event La Ciclobrava (participation voluntary).<\/p>\n<p>&nbsp;<\/p>\n<p><strong>Trainings take place in the morning<\/strong> (except for the first day), after the training return to <span style=\"color: #ffb98e\"><a style=\"color: #ffb98e\" href=\"https:\/\/gironaprosport.com\/preco-girona\/\" target=\"_blank\" rel=\"noopener noreferrer\">Girona<\/a><\/span>\u00a0(14: 00-15: 00) with the possibility of a group lunch with a coach. In the afternoon with cyclists a free program that you can use for hiking in the area (visit to wine cellars, a trip to the Costa Brava, a tour of historic Girona, access to local Romanesque baths) or to sit in local cafes run by former professional cyclists.<\/p>\n<p>In the middle of the week there will be an evening sitting which we will give tips on riding in the hills.<\/p>\n<p><iframe loading=\"lazy\" title=\"TEASER GIRONA GRAVEL RIDE\" width=\"1170\" height=\"658\" src=\"https:\/\/www.youtube.com\/embed\/O2TSK1Nn0RU?feature=oembed&#038;enablejsapi=1&#038;origin=https:\/\/gironaprosport.com\" frameborder=\"0\" allow=\"accelerometer; autoplay; clipboard-write; encrypted-media; gyroscope; picture-in-picture\" allowfullscreen><\/iframe><\/p>\n<p>If you also come with your family, we will be happy to help you<a href=\"https:\/\/gironaprosport.com\/en\/services\/\" target=\"_blank\" rel=\"noopener\"> organize an additional program<\/a><\/p>\n<p>Take a look at the <a href=\"https:\/\/gironaprosport.com\/en\/product-category\/event-en-2\/training-camp\/\" target=\"_blank\" rel=\"noopener\">other training camps<\/a> that we organize and decide which one suits you best.<\/p>\n<p>If you need to arrive &#8211; leave earlier, help with transfer or booking a ticket, or other assistance, please contact us and we will be happy to help.<\/p>\n","protected":false},"excerpt":{"rendered":"<p>Autumn training camp for recreational gravel cyclists.\u00a0 For all levels of cyclists &#8211; different groups.\u00a0 Date: 19 September &#8211; 25 September 2022<\/p>\n","protected":false},"featured_media":10227,"comment_status":"open","ping_status":"closed","template":"","meta":{"_monsterinsights_skip_tracking":false,"_monsterinsights_sitenote_active":false,"_monsterinsights_sitenote_note":"","_monsterinsights_sitenote_category":0},"product-type":[108],"etheme_brands":[],"product_brand":[],"product_cat":[683,328,352,358],"product_tag":[687,661,671,669,605,651,663],"class_list":{"0":"post-11321","1":"product","2":"type-product","3":"status-publish","4":"has-post-thumbnail","6":"product-type-event","7":"product_cat-cycling-camps-train-with-a-coach","8":"product_cat-event-en-2","9":"product_cat-gravel-cyclocross","10":"product_cat-training-camp","11":"product_tag-8-days","12":"product_tag-coach","13":"product_tag-difficult","14":"product_tag-easy","15":"product_tag-gravel-en","16":"product_tag-medium-difficulty","17":"product_tag-training-camp","19":"first","20":"instock","21":"shipping-taxable","22":"purchasable"},"supplier_id":null,"supplier_sku":"","barcode":null,"atum_controlled":true,"out_stock_date":null,"out_stock_threshold":null,"inheritable":false,"inbound_stock":null,"stock_on_hold":0,"sold_today":0,"sales_last_days":0,"reserved_stock":null,"customer_returns":null,"warehouse_damage":null,"lost_in_post":null,"other_logs":null,"out_stock_days":0,"lost_sales":0,"has_location":false,"update_date":"2026-04-25T00:57:35","atum_locations":[],"atum_stock_status":"instock","restock_status":false,"low_stock_amount":"","sales_update_date":"2026-04-25T00:57:35","calc_backorders":null,"yoast_head":"<!-- This site is optimized with the Yoast SEO plugin v26.6 - https:\/\/yoast.com\/wordpress\/plugins\/seo\/ -->\n<title>Autumn training camp - GRAVEL cycling - Girona ProSport<\/title>\n<meta name=\"description\" content=\"Autumn training camp for recreational gravel cyclists who want to improve their racing skills and visit Sea Otter Europe\" \/>\n<meta name=\"robots\" content=\"index, follow, max-snippet:-1, max-image-preview:large, max-video-preview:-1\" \/>\n<link rel=\"canonical\" href=\"https:\/\/gironaprosport.com\/en\/product\/autumn-training-camp-cycling-and-triathlon-kopia\/\" \/>\n<meta property=\"og:locale\" content=\"en_US\" \/>\n<meta property=\"og:type\" content=\"article\" \/>\n<meta property=\"og:title\" content=\"Autumn training camp - GRAVEL cycling - Girona ProSport\" \/>\n<meta property=\"og:description\" content=\"Autumn training camp for recreational gravel cyclists who want to improve their racing skills and visit Sea Otter Europe\" \/>\n<meta property=\"og:url\" content=\"https:\/\/gironaprosport.com\/en\/product\/autumn-training-camp-cycling-and-triathlon-kopia\/\" \/>\n<meta property=\"og:site_name\" content=\"Girona ProSport\" \/>\n<meta property=\"article:publisher\" content=\"http:\/\/fb.me\/gironaprosport\" \/>\n<meta property=\"article:modified_time\" content=\"2022-04-07T07:06:29+00:00\" \/>\n<meta property=\"og:image\" content=\"https:\/\/gironaprosport.com\/wp-content\/uploads\/jesenny-kemp-4.jpg\" \/>\n\t<meta property=\"og:image:width\" content=\"750\" \/>\n\t<meta property=\"og:image:height\" content=\"750\" \/>\n\t<meta property=\"og:image:type\" content=\"image\/jpeg\" \/>\n<meta name=\"twitter:card\" content=\"summary_large_image\" \/>\n<meta name=\"twitter:label1\" content=\"Est. reading time\" \/>\n\t<meta name=\"twitter:data1\" content=\"2 minutes\" \/>\n<script type=\"application\/ld+json\" class=\"yoast-schema-graph\">{\"@context\":\"https:\/\/schema.org\",\"@graph\":[{\"@type\":\"WebPage\",\"@id\":\"https:\/\/gironaprosport.com\/en\/product\/autumn-training-camp-cycling-and-triathlon-kopia\/\",\"url\":\"https:\/\/gironaprosport.com\/en\/product\/autumn-training-camp-cycling-and-triathlon-kopia\/\",\"name\":\"Autumn training camp - GRAVEL cycling - Girona ProSport\",\"isPartOf\":{\"@id\":\"https:\/\/gironaprosport.com\/en\/#website\"},\"primaryImageOfPage\":{\"@id\":\"https:\/\/gironaprosport.com\/en\/product\/autumn-training-camp-cycling-and-triathlon-kopia\/#primaryimage\"},\"image\":{\"@id\":\"https:\/\/gironaprosport.com\/en\/product\/autumn-training-camp-cycling-and-triathlon-kopia\/#primaryimage\"},\"thumbnailUrl\":\"https:\/\/gironaprosport.com\/wp-content\/uploads\/jesenny-kemp-4.jpg\",\"datePublished\":\"2022-04-06T13:18:26+00:00\",\"dateModified\":\"2022-04-07T07:06:29+00:00\",\"description\":\"Autumn training camp for recreational gravel cyclists who want to improve their racing skills and visit Sea Otter Europe\",\"breadcrumb\":{\"@id\":\"https:\/\/gironaprosport.com\/en\/product\/autumn-training-camp-cycling-and-triathlon-kopia\/#breadcrumb\"},\"inLanguage\":\"en-US\",\"potentialAction\":[{\"@type\":\"ReadAction\",\"target\":[\"https:\/\/gironaprosport.com\/en\/product\/autumn-training-camp-cycling-and-triathlon-kopia\/\"]}]},{\"@type\":\"ImageObject\",\"inLanguage\":\"en-US\",\"@id\":\"https:\/\/gironaprosport.com\/en\/product\/autumn-training-camp-cycling-and-triathlon-kopia\/#primaryimage\",\"url\":\"https:\/\/gironaprosport.com\/wp-content\/uploads\/jesenny-kemp-4.jpg\",\"contentUrl\":\"https:\/\/gironaprosport.com\/wp-content\/uploads\/jesenny-kemp-4.jpg\",\"width\":750,\"height\":750,\"caption\":\"jesenn\u00fd tr\u00e9ningov\u00fd kemp\"},{\"@type\":\"BreadcrumbList\",\"@id\":\"https:\/\/gironaprosport.com\/en\/product\/autumn-training-camp-cycling-and-triathlon-kopia\/#breadcrumb\",\"itemListElement\":[{\"@type\":\"ListItem\",\"position\":1,\"name\":\"Domovsk\u00e1 str\u00e1nka\",\"item\":\"https:\/\/gironaprosport.com\/en\/\"},{\"@type\":\"ListItem\",\"position\":2,\"name\":\"Shop\",\"item\":\"https:\/\/gironaprosport.com\/en\/shop-en\/\"},{\"@type\":\"ListItem\",\"position\":3,\"name\":\"Autumn training camp &#8211; GRAVEL cycling\"}]},{\"@type\":\"WebSite\",\"@id\":\"https:\/\/gironaprosport.com\/en\/#website\",\"url\":\"https:\/\/gironaprosport.com\/en\/\",\"name\":\"Girona ProSport\",\"description\":\"Cykloz\u00e1jazdy\",\"publisher\":{\"@id\":\"https:\/\/gironaprosport.com\/en\/#organization\"},\"potentialAction\":[{\"@type\":\"SearchAction\",\"target\":{\"@type\":\"EntryPoint\",\"urlTemplate\":\"https:\/\/gironaprosport.com\/en\/?s={search_term_string}\"},\"query-input\":{\"@type\":\"PropertyValueSpecification\",\"valueRequired\":true,\"valueName\":\"search_term_string\"}}],\"inLanguage\":\"en-US\"},{\"@type\":\"Organization\",\"@id\":\"https:\/\/gironaprosport.com\/en\/#organization\",\"name\":\"Girona PRO SPORT\",\"url\":\"https:\/\/gironaprosport.com\/en\/\",\"logo\":{\"@type\":\"ImageObject\",\"inLanguage\":\"en-US\",\"@id\":\"https:\/\/gironaprosport.com\/en\/#\/schema\/logo\/image\/\",\"url\":\"https:\/\/gironaprosport.com\/wp-content\/uploads\/logo-gps_64.png\",\"contentUrl\":\"https:\/\/gironaprosport.com\/wp-content\/uploads\/logo-gps_64.png\",\"width\":320,\"height\":64,\"caption\":\"Girona PRO SPORT\"},\"image\":{\"@id\":\"https:\/\/gironaprosport.com\/en\/#\/schema\/logo\/image\/\"},\"sameAs\":[\"http:\/\/fb.me\/gironaprosport\",\"http:\/\/instagram.com\/girona_prosport\/\",\"https:\/\/www.youtube.com\/channel\/UCv7gLuh2ONY6kESVj_3aSnA\"]}]}<\/script>\n<!-- \/ Yoast SEO plugin. -->","yoast_head_json":{"title":"Autumn training camp - GRAVEL cycling - Girona ProSport","description":"Autumn training camp for recreational gravel cyclists who want to improve their racing skills and visit Sea Otter Europe","robots":{"index":"index","follow":"follow","max-snippet":"max-snippet:-1","max-image-preview":"max-image-preview:large","max-video-preview":"max-video-preview:-1"},"canonical":"https:\/\/gironaprosport.com\/en\/product\/autumn-training-camp-cycling-and-triathlon-kopia\/","og_locale":"en_US","og_type":"article","og_title":"Autumn training camp - GRAVEL cycling - Girona ProSport","og_description":"Autumn training camp for recreational gravel cyclists who want to improve their racing skills and visit Sea Otter Europe","og_url":"https:\/\/gironaprosport.com\/en\/product\/autumn-training-camp-cycling-and-triathlon-kopia\/","og_site_name":"Girona ProSport","article_publisher":"http:\/\/fb.me\/gironaprosport","article_modified_time":"2022-04-07T07:06:29+00:00","og_image":[{"width":750,"height":750,"url":"https:\/\/gironaprosport.com\/wp-content\/uploads\/jesenny-kemp-4.jpg","type":"image\/jpeg"}],"twitter_card":"summary_large_image","twitter_misc":{"Est. reading time":"2 minutes"},"schema":{"@context":"https:\/\/schema.org","@graph":[{"@type":"WebPage","@id":"https:\/\/gironaprosport.com\/en\/product\/autumn-training-camp-cycling-and-triathlon-kopia\/","url":"https:\/\/gironaprosport.com\/en\/product\/autumn-training-camp-cycling-and-triathlon-kopia\/","name":"Autumn training camp - GRAVEL cycling - Girona ProSport","isPartOf":{"@id":"https:\/\/gironaprosport.com\/en\/#website"},"primaryImageOfPage":{"@id":"https:\/\/gironaprosport.com\/en\/product\/autumn-training-camp-cycling-and-triathlon-kopia\/#primaryimage"},"image":{"@id":"https:\/\/gironaprosport.com\/en\/product\/autumn-training-camp-cycling-and-triathlon-kopia\/#primaryimage"},"thumbnailUrl":"https:\/\/gironaprosport.com\/wp-content\/uploads\/jesenny-kemp-4.jpg","datePublished":"2022-04-06T13:18:26+00:00","dateModified":"2022-04-07T07:06:29+00:00","description":"Autumn training camp for recreational gravel cyclists who want to improve their racing skills and visit Sea Otter Europe","breadcrumb":{"@id":"https:\/\/gironaprosport.com\/en\/product\/autumn-training-camp-cycling-and-triathlon-kopia\/#breadcrumb"},"inLanguage":"en-US","potentialAction":[{"@type":"ReadAction","target":["https:\/\/gironaprosport.com\/en\/product\/autumn-training-camp-cycling-and-triathlon-kopia\/"]}]},{"@type":"ImageObject","inLanguage":"en-US","@id":"https:\/\/gironaprosport.com\/en\/product\/autumn-training-camp-cycling-and-triathlon-kopia\/#primaryimage","url":"https:\/\/gironaprosport.com\/wp-content\/uploads\/jesenny-kemp-4.jpg","contentUrl":"https:\/\/gironaprosport.com\/wp-content\/uploads\/jesenny-kemp-4.jpg","width":750,"height":750,"caption":"jesenn\u00fd tr\u00e9ningov\u00fd kemp"},{"@type":"BreadcrumbList","@id":"https:\/\/gironaprosport.com\/en\/product\/autumn-training-camp-cycling-and-triathlon-kopia\/#breadcrumb","itemListElement":[{"@type":"ListItem","position":1,"name":"Domovsk\u00e1 str\u00e1nka","item":"https:\/\/gironaprosport.com\/en\/"},{"@type":"ListItem","position":2,"name":"Shop","item":"https:\/\/gironaprosport.com\/en\/shop-en\/"},{"@type":"ListItem","position":3,"name":"Autumn training camp &#8211; GRAVEL cycling"}]},{"@type":"WebSite","@id":"https:\/\/gironaprosport.com\/en\/#website","url":"https:\/\/gironaprosport.com\/en\/","name":"Girona ProSport","description":"Cykloz\u00e1jazdy","publisher":{"@id":"https:\/\/gironaprosport.com\/en\/#organization"},"potentialAction":[{"@type":"SearchAction","target":{"@type":"EntryPoint","urlTemplate":"https:\/\/gironaprosport.com\/en\/?s={search_term_string}"},"query-input":{"@type":"PropertyValueSpecification","valueRequired":true,"valueName":"search_term_string"}}],"inLanguage":"en-US"},{"@type":"Organization","@id":"https:\/\/gironaprosport.com\/en\/#organization","name":"Girona PRO SPORT","url":"https:\/\/gironaprosport.com\/en\/","logo":{"@type":"ImageObject","inLanguage":"en-US","@id":"https:\/\/gironaprosport.com\/en\/#\/schema\/logo\/image\/","url":"https:\/\/gironaprosport.com\/wp-content\/uploads\/logo-gps_64.png","contentUrl":"https:\/\/gironaprosport.com\/wp-content\/uploads\/logo-gps_64.png","width":320,"height":64,"caption":"Girona PRO SPORT"},"image":{"@id":"https:\/\/gironaprosport.com\/en\/#\/schema\/logo\/image\/"},"sameAs":["http:\/\/fb.me\/gironaprosport","http:\/\/instagram.com\/girona_prosport\/","https:\/\/www.youtube.com\/channel\/UCv7gLuh2ONY6kESVj_3aSnA"]}]}},"meta_box":{"gps_dates_event":[{"gps_dates_event_from":"2022-09-19","gps_dates_event_to":"2022-09-25"}],"gps_distance":" ","gps_distance_note":"","gps_camber":" ","gps_difficulty":"none","gps_lasted":["8"],"gps_lasted_note":"","gps_guide":"1","gps_coach":"1","gps_stages":"7","gps_bicycle_rental":"1","gps_date_from":"2022-09-19","gps_date_to":"2022-09-25","gps_map":[]},"_links":{"self":[{"href":"https:\/\/gironaprosport.com\/en\/wp-json\/wp\/v2\/product\/11321","targetHints":{"allow":["GET"]}}],"collection":[{"href":"https:\/\/gironaprosport.com\/en\/wp-json\/wp\/v2\/product"}],"about":[{"href":"https:\/\/gironaprosport.com\/en\/wp-json\/wp\/v2\/types\/product"}],"replies":[{"embeddable":true,"href":"https:\/\/gironaprosport.com\/en\/wp-json\/wp\/v2\/comments?post=11321"}],"wp:featuredmedia":[{"embeddable":true,"href":"https:\/\/gironaprosport.com\/en\/wp-json\/wp\/v2\/media\/10227"}],"wp:attachment":[{"href":"https:\/\/gironaprosport.com\/en\/wp-json\/wp\/v2\/media?parent=11321"}],"wp:term":[{"taxonomy":"product-type","embeddable":true,"href":"https:\/\/gironaprosport.com\/en\/wp-json\/wp\/v2\/product-type?post=11321"},{"taxonomy":"brand","embeddable":true,"href":"https:\/\/gironaprosport.com\/en\/wp-json\/wp\/v2\/etheme_brands?post=11321"},{"taxonomy":"product_brand","embeddable":true,"href":"https:\/\/gironaprosport.com\/en\/wp-json\/wp\/v2\/product_brand?post=11321"},{"taxonomy":"product_cat","embeddable":true,"href":"https:\/\/gironaprosport.com\/en\/wp-json\/wp\/v2\/product_cat?post=11321"},{"taxonomy":"product_tag","embeddable":true,"href":"https:\/\/gironaprosport.com\/en\/wp-json\/wp\/v2\/product_tag?post=11321"}],"curies":[{"name":"wp","href":"https:\/\/api.w.org\/{rel}","templated":true}]}}