{"id":11285,"date":"2022-04-06T11:29:27","date_gmt":"2022-04-06T09:29:27","guid":{"rendered":"https:\/\/gironaprosport.com\/?post_type=product&#038;p=11285"},"modified":"2022-04-06T11:41:48","modified_gmt":"2022-04-06T09:41:48","slug":"gilet-windflex-pink","status":"publish","type":"product","link":"https:\/\/gironaprosport.com\/en\/product\/gilet-windflex-pink\/","title":{"rendered":"GILET WINDFLEX pink"},"content":{"rendered":"<p><strong>Cycling gilet ultra-light pink WINDFLEX<\/strong>, men&#8217;s \/ women&#8217;s (unisex cut). Protects against wind and moisture. <strong>By <a href=\"https:\/\/gironaprosport.com\/tactic\/\" target=\"_blank\" rel=\"noopener noreferrer\">TACTIC<\/a><\/strong><\/p>\n<p><strong>Ergonomic unisex <\/strong>cut, complete adaptation, whatever the position on the bike.<\/p>\n<h2>GILET WINDFLEX PINK Tactic description<\/h2>\n<p>PATTERN &#8211; Adapts perfectly no matter your position on the bicycle.<\/p>\n<p>COLLAR &#8211; High collar to provide better protection against the cold.<\/p>\n<p>SLEEVE &#8211; Sleeveless.<\/p>\n<p>FABRICS &#8211; Light and compressible \u201cWindstop\u201d.<\/p>\n<p>ZIPPER &#8211; Double puller. Metallic zipper pull with silicone. Incorporates the \u201cCamlock\u201d system with blocking position.<\/p>\n<p>ADJUSTABLE WAISTLINE &#8211; Finished with elastic border trim.<\/p>\n<h3>Recommendations<\/h3>\n<p>For the correct size, please see <a href=\"https:\/\/gironaprosport.com\/velkostna-tabulka-oblecenia-tactic\/\" target=\"_blank\" rel=\"noopener noreferrer\">the size chart<\/a>.<\/p>\n<h3>Care and cleaning<\/h3>\n<ul>\n<li>Do not leave in a bag without ventilation (plastic bag, sports bag, etc.) after use.<\/li>\n<li>Turn clothing inside-out before placing in the washing machine.<\/li>\n<li>Zip up all of the zippers to avoid damaging them.<\/li>\n<li>Do not wash with items of clothing that have velcro, as they are liable to permanently damage the fabrics. e.g cycling gloves.<\/li>\n<li>Wash with cold water.<\/li>\n<li>Use natural soap.<\/li>\n<li>It is very important that you do not use fabric softeners.<\/li>\n<li>Do not machine dry.<\/li>\n<\/ul>\n<p><a href=\"https:\/\/gironaprosport.com\/starostlivost-o-sportove-oblecenie-znacky-tactic\/\" target=\"_blank\" rel=\"noopener noreferrer\">Instructions for Care and Cleaning<\/a> is available on our web as well.<\/p>\n<p>&nbsp;<\/p>\n","protected":false},"excerpt":{"rendered":"<p>Cycling gilet ultra-light pink WINDFLEX, men&#8217;s \/ women&#8217;s (unisex cut). Protects against wind and moisture.<\/p>\n","protected":false},"featured_media":11306,"comment_status":"open","ping_status":"closed","template":"","meta":{"_monsterinsights_skip_tracking":false,"_monsterinsights_sitenote_active":false,"_monsterinsights_sitenote_note":"","_monsterinsights_sitenote_category":0},"product-type":[106],"etheme_brands":[{"term_id":169,"name":"TACTIC","slug":"tactic","term_group":0,"term_taxonomy_id":169,"taxonomy":"brand","description":"<strong>Zna\u010dka\u00a0<a href=\"https:\/\/gironaprosport.com\/tactic\/\" target=\"_blank\" rel=\"noopener noreferrer\">TACTIC<\/a><\/strong>\r\n\r\n<strong>Elegancia<\/strong>\u00a0a\u00a0estetika,\u00a0<strong>d\u00f4raz na detaily<\/strong>.\u00a0<strong>Ergonomick\u00fd strih<\/strong>, kompletn\u00e9 prisp\u00f4sobenie telu cyklistu. Nevidite\u013en\u00e9\u00a0<strong>\u0161vy Overlock<\/strong>.","parent":0,"count":14,"filter":"raw","term_order":"0"}],"product_brand":[],"product_cat":[368,378],"product_tag":[509,511,515,665],"class_list":{"0":"post-11285","1":"product","2":"type-product","3":"status-publish","4":"has-post-thumbnail","6":"product-type-product","7":"brand-tactic","8":"product_cat-cycling-vests-woman","9":"product_cat-cycling-vests","10":"product_tag-cycling-clothing","11":"product_tag-damske-en","12":"product_tag-panske-en","13":"product_tag-vest","14":"pa_farba-pink","15":"pa_velkost-l-en","16":"pa_velkost-m-en","17":"pa_velkost-s-en","18":"pa_velkost-xl-en","19":"pa_velkost-xs-en","20":"pa_velkost-xxl-en","22":"first","23":"instock","24":"shipping-taxable","25":"purchasable","26":"product-type-variable"},"supplier_id":null,"supplier_sku":"","barcode":null,"atum_controlled":true,"out_stock_date":null,"out_stock_threshold":null,"inheritable":true,"inbound_stock":null,"stock_on_hold":0,"sold_today":0,"sales_last_days":0,"reserved_stock":null,"customer_returns":null,"warehouse_damage":null,"lost_in_post":null,"other_logs":null,"out_stock_days":0,"lost_sales":0,"has_location":false,"update_date":"2026-05-01T01:02:47","atum_locations":[],"atum_stock_status":"instock","restock_status":false,"low_stock_amount":"","sales_update_date":"2026-05-01T01:02:47","calc_backorders":null,"yoast_head":"<!-- This site is optimized with the Yoast SEO plugin v26.6 - https:\/\/yoast.com\/wordpress\/plugins\/seo\/ -->\n<title>cycling Gilet winflex pink tactic - Girona ProSport<\/title>\n<meta name=\"description\" content=\"Cycling gilet pink WINDFLEX, men&#039;s \/ women&#039;s (unisex cut). Protects against wind and moisture.\" \/>\n<meta name=\"robots\" content=\"index, follow, max-snippet:-1, max-image-preview:large, max-video-preview:-1\" \/>\n<link rel=\"canonical\" href=\"https:\/\/gironaprosport.com\/en\/product\/gilet-windflex-pink\/\" \/>\n<meta property=\"og:locale\" content=\"en_US\" \/>\n<meta property=\"og:type\" content=\"article\" \/>\n<meta property=\"og:title\" content=\"cycling Gilet winflex pink tactic - Girona ProSport\" \/>\n<meta property=\"og:description\" content=\"Cycling gilet pink WINDFLEX, men&#039;s \/ women&#039;s (unisex cut). Protects against wind and moisture.\" \/>\n<meta property=\"og:url\" content=\"https:\/\/gironaprosport.com\/en\/product\/gilet-windflex-pink\/\" \/>\n<meta property=\"og:site_name\" content=\"Girona ProSport\" \/>\n<meta property=\"article:publisher\" content=\"http:\/\/fb.me\/gironaprosport\" \/>\n<meta property=\"article:modified_time\" content=\"2022-04-06T09:41:48+00:00\" \/>\n<meta property=\"og:image\" content=\"https:\/\/gironaprosport.com\/wp-content\/uploads\/cyklsitcka-vesta-ruzova-tactic-1.jpg\" \/>\n\t<meta property=\"og:image:width\" content=\"1000\" \/>\n\t<meta property=\"og:image:height\" content=\"1000\" \/>\n\t<meta property=\"og:image:type\" content=\"image\/jpeg\" \/>\n<meta name=\"twitter:card\" content=\"summary_large_image\" \/>\n<meta name=\"twitter:label1\" content=\"Est. reading time\" \/>\n\t<meta name=\"twitter:data1\" content=\"1 minute\" \/>\n<script type=\"application\/ld+json\" class=\"yoast-schema-graph\">{\"@context\":\"https:\/\/schema.org\",\"@graph\":[{\"@type\":\"WebPage\",\"@id\":\"https:\/\/gironaprosport.com\/en\/product\/gilet-windflex-pink\/\",\"url\":\"https:\/\/gironaprosport.com\/en\/product\/gilet-windflex-pink\/\",\"name\":\"cycling Gilet winflex pink tactic - Girona ProSport\",\"isPartOf\":{\"@id\":\"https:\/\/gironaprosport.com\/en\/#website\"},\"primaryImageOfPage\":{\"@id\":\"https:\/\/gironaprosport.com\/en\/product\/gilet-windflex-pink\/#primaryimage\"},\"image\":{\"@id\":\"https:\/\/gironaprosport.com\/en\/product\/gilet-windflex-pink\/#primaryimage\"},\"thumbnailUrl\":\"https:\/\/gironaprosport.com\/wp-content\/uploads\/cyklsitcka-vesta-ruzova-tactic-1.jpg\",\"datePublished\":\"2022-04-06T09:29:27+00:00\",\"dateModified\":\"2022-04-06T09:41:48+00:00\",\"description\":\"Cycling gilet pink WINDFLEX, men's \/ women's (unisex cut). Protects against wind and moisture.\",\"breadcrumb\":{\"@id\":\"https:\/\/gironaprosport.com\/en\/product\/gilet-windflex-pink\/#breadcrumb\"},\"inLanguage\":\"en-US\",\"potentialAction\":[{\"@type\":\"ReadAction\",\"target\":[\"https:\/\/gironaprosport.com\/en\/product\/gilet-windflex-pink\/\"]}]},{\"@type\":\"ImageObject\",\"inLanguage\":\"en-US\",\"@id\":\"https:\/\/gironaprosport.com\/en\/product\/gilet-windflex-pink\/#primaryimage\",\"url\":\"https:\/\/gironaprosport.com\/wp-content\/uploads\/cyklsitcka-vesta-ruzova-tactic-1.jpg\",\"contentUrl\":\"https:\/\/gironaprosport.com\/wp-content\/uploads\/cyklsitcka-vesta-ruzova-tactic-1.jpg\",\"width\":1000,\"height\":1000,\"caption\":\"cycling gilet pink Tactic\"},{\"@type\":\"BreadcrumbList\",\"@id\":\"https:\/\/gironaprosport.com\/en\/product\/gilet-windflex-pink\/#breadcrumb\",\"itemListElement\":[{\"@type\":\"ListItem\",\"position\":1,\"name\":\"Domovsk\u00e1 str\u00e1nka\",\"item\":\"https:\/\/gironaprosport.com\/en\/\"},{\"@type\":\"ListItem\",\"position\":2,\"name\":\"Shop\",\"item\":\"https:\/\/gironaprosport.com\/en\/shop-en\/\"},{\"@type\":\"ListItem\",\"position\":3,\"name\":\"GILET WINDFLEX pink\"}]},{\"@type\":\"WebSite\",\"@id\":\"https:\/\/gironaprosport.com\/en\/#website\",\"url\":\"https:\/\/gironaprosport.com\/en\/\",\"name\":\"Girona ProSport\",\"description\":\"Cykloz\u00e1jazdy\",\"publisher\":{\"@id\":\"https:\/\/gironaprosport.com\/en\/#organization\"},\"potentialAction\":[{\"@type\":\"SearchAction\",\"target\":{\"@type\":\"EntryPoint\",\"urlTemplate\":\"https:\/\/gironaprosport.com\/en\/?s={search_term_string}\"},\"query-input\":{\"@type\":\"PropertyValueSpecification\",\"valueRequired\":true,\"valueName\":\"search_term_string\"}}],\"inLanguage\":\"en-US\"},{\"@type\":\"Organization\",\"@id\":\"https:\/\/gironaprosport.com\/en\/#organization\",\"name\":\"Girona PRO SPORT\",\"url\":\"https:\/\/gironaprosport.com\/en\/\",\"logo\":{\"@type\":\"ImageObject\",\"inLanguage\":\"en-US\",\"@id\":\"https:\/\/gironaprosport.com\/en\/#\/schema\/logo\/image\/\",\"url\":\"https:\/\/gironaprosport.com\/wp-content\/uploads\/logo-gps_64.png\",\"contentUrl\":\"https:\/\/gironaprosport.com\/wp-content\/uploads\/logo-gps_64.png\",\"width\":320,\"height\":64,\"caption\":\"Girona PRO SPORT\"},\"image\":{\"@id\":\"https:\/\/gironaprosport.com\/en\/#\/schema\/logo\/image\/\"},\"sameAs\":[\"http:\/\/fb.me\/gironaprosport\",\"http:\/\/instagram.com\/girona_prosport\/\",\"https:\/\/www.youtube.com\/channel\/UCv7gLuh2ONY6kESVj_3aSnA\"]}]}<\/script>\n<!-- \/ Yoast SEO plugin. -->","yoast_head_json":{"title":"cycling Gilet winflex pink tactic - Girona ProSport","description":"Cycling gilet pink WINDFLEX, men's \/ women's (unisex cut). Protects against wind and moisture.","robots":{"index":"index","follow":"follow","max-snippet":"max-snippet:-1","max-image-preview":"max-image-preview:large","max-video-preview":"max-video-preview:-1"},"canonical":"https:\/\/gironaprosport.com\/en\/product\/gilet-windflex-pink\/","og_locale":"en_US","og_type":"article","og_title":"cycling Gilet winflex pink tactic - Girona ProSport","og_description":"Cycling gilet pink WINDFLEX, men's \/ women's (unisex cut). Protects against wind and moisture.","og_url":"https:\/\/gironaprosport.com\/en\/product\/gilet-windflex-pink\/","og_site_name":"Girona ProSport","article_publisher":"http:\/\/fb.me\/gironaprosport","article_modified_time":"2022-04-06T09:41:48+00:00","og_image":[{"width":1000,"height":1000,"url":"https:\/\/gironaprosport.com\/wp-content\/uploads\/cyklsitcka-vesta-ruzova-tactic-1.jpg","type":"image\/jpeg"}],"twitter_card":"summary_large_image","twitter_misc":{"Est. reading time":"1 minute"},"schema":{"@context":"https:\/\/schema.org","@graph":[{"@type":"WebPage","@id":"https:\/\/gironaprosport.com\/en\/product\/gilet-windflex-pink\/","url":"https:\/\/gironaprosport.com\/en\/product\/gilet-windflex-pink\/","name":"cycling Gilet winflex pink tactic - Girona ProSport","isPartOf":{"@id":"https:\/\/gironaprosport.com\/en\/#website"},"primaryImageOfPage":{"@id":"https:\/\/gironaprosport.com\/en\/product\/gilet-windflex-pink\/#primaryimage"},"image":{"@id":"https:\/\/gironaprosport.com\/en\/product\/gilet-windflex-pink\/#primaryimage"},"thumbnailUrl":"https:\/\/gironaprosport.com\/wp-content\/uploads\/cyklsitcka-vesta-ruzova-tactic-1.jpg","datePublished":"2022-04-06T09:29:27+00:00","dateModified":"2022-04-06T09:41:48+00:00","description":"Cycling gilet pink WINDFLEX, men's \/ women's (unisex cut). Protects against wind and moisture.","breadcrumb":{"@id":"https:\/\/gironaprosport.com\/en\/product\/gilet-windflex-pink\/#breadcrumb"},"inLanguage":"en-US","potentialAction":[{"@type":"ReadAction","target":["https:\/\/gironaprosport.com\/en\/product\/gilet-windflex-pink\/"]}]},{"@type":"ImageObject","inLanguage":"en-US","@id":"https:\/\/gironaprosport.com\/en\/product\/gilet-windflex-pink\/#primaryimage","url":"https:\/\/gironaprosport.com\/wp-content\/uploads\/cyklsitcka-vesta-ruzova-tactic-1.jpg","contentUrl":"https:\/\/gironaprosport.com\/wp-content\/uploads\/cyklsitcka-vesta-ruzova-tactic-1.jpg","width":1000,"height":1000,"caption":"cycling gilet pink Tactic"},{"@type":"BreadcrumbList","@id":"https:\/\/gironaprosport.com\/en\/product\/gilet-windflex-pink\/#breadcrumb","itemListElement":[{"@type":"ListItem","position":1,"name":"Domovsk\u00e1 str\u00e1nka","item":"https:\/\/gironaprosport.com\/en\/"},{"@type":"ListItem","position":2,"name":"Shop","item":"https:\/\/gironaprosport.com\/en\/shop-en\/"},{"@type":"ListItem","position":3,"name":"GILET WINDFLEX pink"}]},{"@type":"WebSite","@id":"https:\/\/gironaprosport.com\/en\/#website","url":"https:\/\/gironaprosport.com\/en\/","name":"Girona ProSport","description":"Cykloz\u00e1jazdy","publisher":{"@id":"https:\/\/gironaprosport.com\/en\/#organization"},"potentialAction":[{"@type":"SearchAction","target":{"@type":"EntryPoint","urlTemplate":"https:\/\/gironaprosport.com\/en\/?s={search_term_string}"},"query-input":{"@type":"PropertyValueSpecification","valueRequired":true,"valueName":"search_term_string"}}],"inLanguage":"en-US"},{"@type":"Organization","@id":"https:\/\/gironaprosport.com\/en\/#organization","name":"Girona PRO SPORT","url":"https:\/\/gironaprosport.com\/en\/","logo":{"@type":"ImageObject","inLanguage":"en-US","@id":"https:\/\/gironaprosport.com\/en\/#\/schema\/logo\/image\/","url":"https:\/\/gironaprosport.com\/wp-content\/uploads\/logo-gps_64.png","contentUrl":"https:\/\/gironaprosport.com\/wp-content\/uploads\/logo-gps_64.png","width":320,"height":64,"caption":"Girona PRO SPORT"},"image":{"@id":"https:\/\/gironaprosport.com\/en\/#\/schema\/logo\/image\/"},"sameAs":["http:\/\/fb.me\/gironaprosport","http:\/\/instagram.com\/girona_prosport\/","https:\/\/www.youtube.com\/channel\/UCv7gLuh2ONY6kESVj_3aSnA"]}]}},"meta_box":{"gps_dates_event":[],"gps_distance":"","gps_distance_note":"","gps_camber":"","gps_difficulty":"none","gps_lasted":[],"gps_lasted_note":"","gps_guide":"0","gps_coach":"0","gps_stages":"","gps_bicycle_rental":"0","gps_date_from":"","gps_date_to":"","gps_map":[]},"_links":{"self":[{"href":"https:\/\/gironaprosport.com\/en\/wp-json\/wp\/v2\/product\/11285","targetHints":{"allow":["GET"]}}],"collection":[{"href":"https:\/\/gironaprosport.com\/en\/wp-json\/wp\/v2\/product"}],"about":[{"href":"https:\/\/gironaprosport.com\/en\/wp-json\/wp\/v2\/types\/product"}],"replies":[{"embeddable":true,"href":"https:\/\/gironaprosport.com\/en\/wp-json\/wp\/v2\/comments?post=11285"}],"wp:featuredmedia":[{"embeddable":true,"href":"https:\/\/gironaprosport.com\/en\/wp-json\/wp\/v2\/media\/11306"}],"wp:attachment":[{"href":"https:\/\/gironaprosport.com\/en\/wp-json\/wp\/v2\/media?parent=11285"}],"wp:term":[{"taxonomy":"product-type","embeddable":true,"href":"https:\/\/gironaprosport.com\/en\/wp-json\/wp\/v2\/product-type?post=11285"},{"taxonomy":"brand","embeddable":true,"href":"https:\/\/gironaprosport.com\/en\/wp-json\/wp\/v2\/etheme_brands?post=11285"},{"taxonomy":"product_brand","embeddable":true,"href":"https:\/\/gironaprosport.com\/en\/wp-json\/wp\/v2\/product_brand?post=11285"},{"taxonomy":"product_cat","embeddable":true,"href":"https:\/\/gironaprosport.com\/en\/wp-json\/wp\/v2\/product_cat?post=11285"},{"taxonomy":"product_tag","embeddable":true,"href":"https:\/\/gironaprosport.com\/en\/wp-json\/wp\/v2\/product_tag?post=11285"}],"curies":[{"name":"wp","href":"https:\/\/api.w.org\/{rel}","templated":true}]}}