{"id":7390,"date":"2020-04-11T09:23:54","date_gmt":"2020-04-11T07:23:54","guid":{"rendered":"https:\/\/gironaprosport.com\/firemne-zajazdy-teambuilding\/"},"modified":"2021-08-10T13:35:43","modified_gmt":"2021-08-10T11:35:43","slug":"business-trips-teambuilding","status":"publish","type":"page","link":"https:\/\/gironaprosport.com\/en\/services\/business-trips-teambuilding\/","title":{"rendered":"Teambuilding"},"content":{"rendered":"<div class=\"wpb-content-wrapper\"><p>[vc_row et_uniqid=&#8221;et_custom_uniqid_5e5663733546b&#8221; css=&#8221;.vc_custom_1588404878357{margin-right: 1px !important;margin-left: 1px !important;border-top-width: 1px !important;border-right-width: 1px !important;border-bottom-width: 1px !important;border-left-width: 1px !important;padding-top: 4vw !important;padding-right: 2vw !important;padding-bottom: 4vw !important;padding-left: 2vw !important;background-image: url(https:\/\/gironaprosport.com\/wp-content\/uploads\/profil-foto-presvietene4.jpg?id=6145) !important;background-position: center !important;background-repeat: no-repeat !important;background-size: cover !important;border-left-color: #e1e1e1 !important;border-left-style: solid !important;border-right-color: #e1e1e1 !important;border-right-style: solid !important;border-top-color: #e1e1e1 !important;border-top-style: solid !important;border-bottom-color: #e1e1e1 !important;border-bottom-style: solid !important;}&#8221; _et_uniqid=&#8221;et_custom_uniqid_new_5ead1f6d83e50&#8243;][vc_column width=&#8221;1\/2&#8243;][vc_custom_heading text=&#8221;Our services&#8221; font_container=&#8221;tag:h4|font_size:14|text_align:left|line_height:40px&#8221; google_fonts=&#8221;font_family:Lato%3A100%2C100italic%2C300%2C300italic%2Cregular%2Citalic%2C700%2C700italic%2C900%2C900italic|font_style:900%20bold%20regular%3A900%3Anormal&#8221;][vc_custom_heading text=&#8221;Teambulding&#8221; font_container=&#8221;tag:h2|font_size:36|text_align:left|line_height:50px&#8221; google_fonts=&#8221;font_family:Lato%3A100%2C100italic%2C300%2C300italic%2Cregular%2Citalic%2C700%2C700italic%2C900%2C900italic|font_style:900%20bold%20regular%3A900%3Anormal&#8221;][vc_column_text]Do you have enthusiastic cyclists in the team? Triathletes? Or a sports company team? Include cycling in Girona as a bonus for fulfilling company goals, as a motivational reward, offer your employees a unique experience that they will definitely not forget. We will be happy to help with the organization of corporate teambuilding.[\/vc_column_text][\/vc_column][vc_column width=&#8221;1\/2&#8243;][\/vc_column][\/vc_row][vc_row gap=&#8221;30&#8243; equal_height=&#8221;yes&#8221; et_uniqid=&#8221;et_custom_uniqid_5e916cfe550ae&#8221;][vc_column width=&#8221;1\/2&#8243;][vc_gallery interval=&#8221;3&#8243; images=&#8221;5612,5614,5613,5611,5610&#8243; img_size=&#8221;500&#215;300&#8243;][\/vc_column][vc_column width=&#8221;1\/2&#8243; et_uniqid=&#8221;et_custom_uniqid_5e916eaa55254&#8243;][vc_column_text]Examples of activities for your team &#8211; cycling on the Costa Brave with a guide, an amateur training camp focused on cycling, running, swimming or triathlon, Via Ferrata, or hiking in the Pyrenees.<\/p>\n<p>In addition to standard services such as accommodation and transport, we can provide a wide range of additional services such as sports massage, physiotherapist, visit to Romanesque baths, tour of Girona, visit to wine cellars, kayaking, horseback riding, air ballooning, boat trip on the Costa Brava, golf, pitch and putt, paintball &#8211; the offer of additional activities in Girona and on the Costa Brave is really wide, we will be happy to help with the selection and reservation.[\/vc_column_text]\n<div class=\"wpcf7 no-js\" id=\"wpcf7-f5487-o1\" lang=\"sk-SK\" dir=\"ltr\" data-wpcf7-id=\"5487\">\n<div class=\"screen-reader-response\"><p role=\"status\" aria-live=\"polite\" aria-atomic=\"true\"><\/p> <ul><\/ul><\/div>\n<form action=\"\/en\/wp-json\/wp\/v2\/pages\/7390#wpcf7-f5487-o1\" method=\"post\" class=\"wpcf7-form init\" aria-label=\"Kontaktn\u00fd formul\u00e1r\" novalidate=\"novalidate\" data-status=\"init\">\n<fieldset class=\"hidden-fields-container\"><input type=\"hidden\" name=\"_wpcf7\" value=\"5487\" \/><input type=\"hidden\" name=\"_wpcf7_version\" value=\"6.1.4\" \/><input type=\"hidden\" name=\"_wpcf7_locale\" value=\"sk_SK\" \/><input type=\"hidden\" name=\"_wpcf7_unit_tag\" value=\"wpcf7-f5487-o1\" \/><input type=\"hidden\" name=\"_wpcf7_container_post\" value=\"0\" \/><input type=\"hidden\" name=\"_wpcf7_posted_data_hash\" value=\"\" \/>\n<\/fieldset>\n<div class=\"row\">\n\t<div class=\"col-sm-6 col-left\" style=\"margin-bottom: 1em;\">\n\t\t<p><span class=\"wpcf7-form-control-wrap\" data-name=\"your-name\"><input size=\"40\" maxlength=\"400\" class=\"wpcf7-form-control wpcf7-text wpcf7-validates-as-required\" aria-required=\"true\" aria-invalid=\"false\" placeholder=\"Va\u0161e meno\" value=\"\" type=\"text\" name=\"your-name\" \/><\/span>\n\t\t<\/p>\n\t<\/div>\n\t<div class=\"col-sm-6 col-right\" style=\"margin-bottom: 1em;\">\n\t\t<p><span class=\"wpcf7-form-control-wrap\" data-name=\"your-email\"><input size=\"40\" maxlength=\"400\" class=\"wpcf7-form-control wpcf7-email wpcf7-validates-as-required wpcf7-text wpcf7-validates-as-email\" aria-required=\"true\" aria-invalid=\"false\" placeholder=\"V\u00e1\u0161 email\" value=\"\" type=\"email\" name=\"your-email\" \/><\/span>\n\t\t<\/p>\n\t<\/div>\n<\/div>\n<div class=\"row\">\n\t<div class=\"col-sm-12\">\n\t\t<p><span class=\"wpcf7-form-control-wrap\" data-name=\"your-message\"><textarea cols=\"40\" rows=\"3\" maxlength=\"2000\" class=\"wpcf7-form-control wpcf7-textarea\" aria-invalid=\"false\" placeholder=\"Va\u0161a spr\u00e1va\" name=\"your-message\"><\/textarea><\/span>\n\t\t<\/p>\n\t<\/div>\n<\/div>\n<p><span class=\"wpcf7-form-control-wrap\" data-name=\"your-acceptance\"><span class=\"wpcf7-form-control wpcf7-acceptance\"><span class=\"wpcf7-list-item\"><label><input type=\"checkbox\" name=\"your-acceptance\" value=\"1\" aria-invalid=\"false\" \/><span class=\"wpcf7-list-item-label\">S\u00fahlas\u00edm s podmienkami sprac\u00favania osobn\u00fdch \u00fadajov pod\u013ea <a href=\"\/ochrana-osobnych-udajov\/\" target=\"_blank\">Z\u00e1sad ochrany osobn\u00fdch \u00fadajov<\/a><\/span><\/label><\/span><\/span><\/span><br \/>\n<input class=\"wpcf7-form-control wpcf7-submit has-spinner\" type=\"submit\" value=\"Odosla\u0165 dopyt\" \/>\n<\/p><div class=\"wpcf7-response-output\" aria-hidden=\"true\"><\/div>\n<\/form>\n<\/div>\n[\/vc_column][\/vc_row]<\/p>\n<\/div>","protected":false},"excerpt":{"rendered":"<p>[vc_row et_uniqid=&#8221;et_custom_uniqid_5e5663733546b&#8221; css=&#8221;.vc_custom_1588404878357{margin-right: 1px !important;margin-left: 1px !important;border-top-width: 1px !important;border-right-width: 1px !important;border-bottom-width: 1px !important;border-left-width: 1px !important;padding-top: 4vw !important;padding-right: 2vw !important;padding-bottom: 4vw !important;padding-left: 2vw !important;background-image: url(https:\/\/gironaprosport.com\/wp-content\/uploads\/profil-foto-presvietene4.jpg?id=6145) !important;background-position:&#8230;<\/p>\n","protected":false},"author":2,"featured_media":0,"parent":7420,"menu_order":85,"comment_status":"closed","ping_status":"closed","template":"","meta":{"_monsterinsights_skip_tracking":false,"_monsterinsights_sitenote_active":false,"_monsterinsights_sitenote_note":"","_monsterinsights_sitenote_category":0,"footnotes":""},"class_list":["post-7390","page","type-page","status-publish","hentry"],"yoast_head":"<!-- This site is optimized with the Yoast SEO plugin v26.6 - https:\/\/yoast.com\/wordpress\/plugins\/seo\/ -->\n<title>Teambuilding on bike - Girona Spain - Girona ProSport<\/title>\n<meta name=\"description\" content=\"Do you have enthusiastic cyclists in the team? Triathletes? Or a sports company team? We offer cycling and other bike tours for your company teambuilding in Girona.\" \/>\n<meta name=\"robots\" content=\"index, follow, max-snippet:-1, max-image-preview:large, max-video-preview:-1\" \/>\n<link rel=\"canonical\" href=\"https:\/\/gironaprosport.com\/en\/services\/business-trips-teambuilding\/\" \/>\n<meta property=\"og:locale\" content=\"en_US\" \/>\n<meta property=\"og:type\" content=\"article\" \/>\n<meta property=\"og:title\" content=\"Teambuilding on bike - Girona Spain - Girona ProSport\" \/>\n<meta property=\"og:description\" content=\"Do you have enthusiastic cyclists in the team? Triathletes? Or a sports company team? We offer cycling and other bike tours for your company teambuilding in Girona.\" \/>\n<meta property=\"og:url\" content=\"https:\/\/gironaprosport.com\/en\/services\/business-trips-teambuilding\/\" \/>\n<meta property=\"og:site_name\" content=\"Girona ProSport\" \/>\n<meta property=\"article:publisher\" content=\"http:\/\/fb.me\/gironaprosport\" \/>\n<meta property=\"article:modified_time\" content=\"2021-08-10T11:35:43+00:00\" \/>\n<meta name=\"twitter:card\" content=\"summary_large_image\" \/>\n<meta name=\"twitter:label1\" content=\"Est. reading time\" \/>\n\t<meta name=\"twitter:data1\" content=\"2 minutes\" \/>\n<script type=\"application\/ld+json\" class=\"yoast-schema-graph\">{\"@context\":\"https:\/\/schema.org\",\"@graph\":[{\"@type\":\"WebPage\",\"@id\":\"https:\/\/gironaprosport.com\/en\/services\/business-trips-teambuilding\/\",\"url\":\"https:\/\/gironaprosport.com\/en\/services\/business-trips-teambuilding\/\",\"name\":\"Teambuilding on bike - Girona Spain - Girona ProSport\",\"isPartOf\":{\"@id\":\"https:\/\/gironaprosport.com\/en\/#website\"},\"datePublished\":\"2020-04-11T07:23:54+00:00\",\"dateModified\":\"2021-08-10T11:35:43+00:00\",\"description\":\"Do you have enthusiastic cyclists in the team? Triathletes? Or a sports company team? We offer cycling and other bike tours for your company teambuilding in Girona.\",\"breadcrumb\":{\"@id\":\"https:\/\/gironaprosport.com\/en\/services\/business-trips-teambuilding\/#breadcrumb\"},\"inLanguage\":\"en-US\",\"potentialAction\":[{\"@type\":\"ReadAction\",\"target\":[\"https:\/\/gironaprosport.com\/en\/services\/business-trips-teambuilding\/\"]}]},{\"@type\":\"BreadcrumbList\",\"@id\":\"https:\/\/gironaprosport.com\/en\/services\/business-trips-teambuilding\/#breadcrumb\",\"itemListElement\":[{\"@type\":\"ListItem\",\"position\":1,\"name\":\"Domovsk\u00e1 str\u00e1nka\",\"item\":\"https:\/\/gironaprosport.com\/en\/\"},{\"@type\":\"ListItem\",\"position\":2,\"name\":\"Services\",\"item\":\"https:\/\/gironaprosport.com\/en\/services\/\"},{\"@type\":\"ListItem\",\"position\":3,\"name\":\"Teambuilding\"}]},{\"@type\":\"WebSite\",\"@id\":\"https:\/\/gironaprosport.com\/en\/#website\",\"url\":\"https:\/\/gironaprosport.com\/en\/\",\"name\":\"Girona ProSport\",\"description\":\"Cykloz\u00e1jazdy\",\"publisher\":{\"@id\":\"https:\/\/gironaprosport.com\/en\/#organization\"},\"potentialAction\":[{\"@type\":\"SearchAction\",\"target\":{\"@type\":\"EntryPoint\",\"urlTemplate\":\"https:\/\/gironaprosport.com\/en\/?s={search_term_string}\"},\"query-input\":{\"@type\":\"PropertyValueSpecification\",\"valueRequired\":true,\"valueName\":\"search_term_string\"}}],\"inLanguage\":\"en-US\"},{\"@type\":\"Organization\",\"@id\":\"https:\/\/gironaprosport.com\/en\/#organization\",\"name\":\"Girona PRO SPORT\",\"url\":\"https:\/\/gironaprosport.com\/en\/\",\"logo\":{\"@type\":\"ImageObject\",\"inLanguage\":\"en-US\",\"@id\":\"https:\/\/gironaprosport.com\/en\/#\/schema\/logo\/image\/\",\"url\":\"https:\/\/gironaprosport.com\/wp-content\/uploads\/logo-gps_64.png\",\"contentUrl\":\"https:\/\/gironaprosport.com\/wp-content\/uploads\/logo-gps_64.png\",\"width\":320,\"height\":64,\"caption\":\"Girona PRO SPORT\"},\"image\":{\"@id\":\"https:\/\/gironaprosport.com\/en\/#\/schema\/logo\/image\/\"},\"sameAs\":[\"http:\/\/fb.me\/gironaprosport\",\"http:\/\/instagram.com\/girona_prosport\/\",\"https:\/\/www.youtube.com\/channel\/UCv7gLuh2ONY6kESVj_3aSnA\"]}]}<\/script>\n<!-- \/ Yoast SEO plugin. -->","yoast_head_json":{"title":"Teambuilding on bike - Girona Spain - Girona ProSport","description":"Do you have enthusiastic cyclists in the team? Triathletes? Or a sports company team? We offer cycling and other bike tours for your company teambuilding in Girona.","robots":{"index":"index","follow":"follow","max-snippet":"max-snippet:-1","max-image-preview":"max-image-preview:large","max-video-preview":"max-video-preview:-1"},"canonical":"https:\/\/gironaprosport.com\/en\/services\/business-trips-teambuilding\/","og_locale":"en_US","og_type":"article","og_title":"Teambuilding on bike - Girona Spain - Girona ProSport","og_description":"Do you have enthusiastic cyclists in the team? Triathletes? Or a sports company team? We offer cycling and other bike tours for your company teambuilding in Girona.","og_url":"https:\/\/gironaprosport.com\/en\/services\/business-trips-teambuilding\/","og_site_name":"Girona ProSport","article_publisher":"http:\/\/fb.me\/gironaprosport","article_modified_time":"2021-08-10T11:35:43+00:00","twitter_card":"summary_large_image","twitter_misc":{"Est. reading time":"2 minutes"},"schema":{"@context":"https:\/\/schema.org","@graph":[{"@type":"WebPage","@id":"https:\/\/gironaprosport.com\/en\/services\/business-trips-teambuilding\/","url":"https:\/\/gironaprosport.com\/en\/services\/business-trips-teambuilding\/","name":"Teambuilding on bike - Girona Spain - Girona ProSport","isPartOf":{"@id":"https:\/\/gironaprosport.com\/en\/#website"},"datePublished":"2020-04-11T07:23:54+00:00","dateModified":"2021-08-10T11:35:43+00:00","description":"Do you have enthusiastic cyclists in the team? Triathletes? Or a sports company team? We offer cycling and other bike tours for your company teambuilding in Girona.","breadcrumb":{"@id":"https:\/\/gironaprosport.com\/en\/services\/business-trips-teambuilding\/#breadcrumb"},"inLanguage":"en-US","potentialAction":[{"@type":"ReadAction","target":["https:\/\/gironaprosport.com\/en\/services\/business-trips-teambuilding\/"]}]},{"@type":"BreadcrumbList","@id":"https:\/\/gironaprosport.com\/en\/services\/business-trips-teambuilding\/#breadcrumb","itemListElement":[{"@type":"ListItem","position":1,"name":"Domovsk\u00e1 str\u00e1nka","item":"https:\/\/gironaprosport.com\/en\/"},{"@type":"ListItem","position":2,"name":"Services","item":"https:\/\/gironaprosport.com\/en\/services\/"},{"@type":"ListItem","position":3,"name":"Teambuilding"}]},{"@type":"WebSite","@id":"https:\/\/gironaprosport.com\/en\/#website","url":"https:\/\/gironaprosport.com\/en\/","name":"Girona ProSport","description":"Cykloz\u00e1jazdy","publisher":{"@id":"https:\/\/gironaprosport.com\/en\/#organization"},"potentialAction":[{"@type":"SearchAction","target":{"@type":"EntryPoint","urlTemplate":"https:\/\/gironaprosport.com\/en\/?s={search_term_string}"},"query-input":{"@type":"PropertyValueSpecification","valueRequired":true,"valueName":"search_term_string"}}],"inLanguage":"en-US"},{"@type":"Organization","@id":"https:\/\/gironaprosport.com\/en\/#organization","name":"Girona PRO SPORT","url":"https:\/\/gironaprosport.com\/en\/","logo":{"@type":"ImageObject","inLanguage":"en-US","@id":"https:\/\/gironaprosport.com\/en\/#\/schema\/logo\/image\/","url":"https:\/\/gironaprosport.com\/wp-content\/uploads\/logo-gps_64.png","contentUrl":"https:\/\/gironaprosport.com\/wp-content\/uploads\/logo-gps_64.png","width":320,"height":64,"caption":"Girona PRO SPORT"},"image":{"@id":"https:\/\/gironaprosport.com\/en\/#\/schema\/logo\/image\/"},"sameAs":["http:\/\/fb.me\/gironaprosport","http:\/\/instagram.com\/girona_prosport\/","https:\/\/www.youtube.com\/channel\/UCv7gLuh2ONY6kESVj_3aSnA"]}]}},"meta_box":[],"_links":{"self":[{"href":"https:\/\/gironaprosport.com\/en\/wp-json\/wp\/v2\/pages\/7390","targetHints":{"allow":["GET"]}}],"collection":[{"href":"https:\/\/gironaprosport.com\/en\/wp-json\/wp\/v2\/pages"}],"about":[{"href":"https:\/\/gironaprosport.com\/en\/wp-json\/wp\/v2\/types\/page"}],"author":[{"embeddable":true,"href":"https:\/\/gironaprosport.com\/en\/wp-json\/wp\/v2\/users\/2"}],"replies":[{"embeddable":true,"href":"https:\/\/gironaprosport.com\/en\/wp-json\/wp\/v2\/comments?post=7390"}],"version-history":[{"count":0,"href":"https:\/\/gironaprosport.com\/en\/wp-json\/wp\/v2\/pages\/7390\/revisions"}],"up":[{"embeddable":true,"href":"https:\/\/gironaprosport.com\/en\/wp-json\/wp\/v2\/pages\/7420"}],"wp:attachment":[{"href":"https:\/\/gironaprosport.com\/en\/wp-json\/wp\/v2\/media?parent=7390"}],"curies":[{"name":"wp","href":"https:\/\/api.w.org\/{rel}","templated":true}]}}