{"id":7360,"date":"2020-06-07T15:48:51","date_gmt":"2020-06-07T13:48:51","guid":{"rendered":"https:\/\/gironaprosport.com\/ochrana-osobnych-udajov\/"},"modified":"2021-05-05T18:41:47","modified_gmt":"2021-05-05T16:41:47","slug":"privacy-policy","status":"publish","type":"page","link":"https:\/\/gironaprosport.com\/en\/privacy-policy\/","title":{"rendered":"Privacy Policy"},"content":{"rendered":"<p>Ochrana osobn\u00fdch \u00fadajov<\/p>\n<p>V\u0161etky osobn\u00e9 \u00fadaje, ktor\u00e9 s\u00fa z\u00edskavan\u00e9 po\u010das va\u0161ej n\u00e1v\u0161tevy na na\u0161ej str\u00e1nke www.gironaprosport.com , s\u00fa \u00a0spracov\u00e1van\u00e9 v s\u00falade s NARIADEN\u00cdM EUR\u00d3PSKEHO PARLAMENTU A RADY (E\u00da) 2016\/679 z 27. apr\u00edla 2016 o ochrane fyzick\u00fdch os\u00f4b pri sprac\u00favan\u00ed osobn\u00fdch \u00fadajov a o vo\u013enom pohybe tak\u00fdchto \u00fadajov, ktor\u00fdm sa ru\u0161\u00ed smernica 95\/46\/ES (v\u0161eobecn\u00e9 nariadenia o ochrane \u00fadajov GDPR) a v s\u00falade so z\u00e1konom \u010d. 18\/2018 Z. z. o ochrane osobn\u00fdch \u00fadajov a o zmene a doplnen\u00ed niektor\u00fdch z\u00e1konov v znen\u00ed platnom a \u00fa\u010dinnom od 25.05.2018.<\/p>\n<p>Va\u0161e osobn\u00e9 \u00fadaje sprac\u00favame v s\u00falade s nasledovn\u00fdmi z\u00e1sadami:<\/p>\n<p>1) Prev\u00e1dzkovate\u013e osobn\u00fdch \u00fadajov:<\/p>\n<p>Jana Kunecov\u00e1, NIF: X5428277R, adresa El Viver, Carrer Sant Antoni 1, 17190 \u2013 Salt (Girona), \u0160panielsko, s obchodn\u00fdm menom GIRONAPROSPORT (\u010falej len \u201ePrev\u00e1dzkovate\u013e\u201c)<\/p>\n<p>2) Kontaktn\u00e9 \u00fadaje Prev\u00e1dzkovate\u013ea:<\/p>\n<p>Kontaktn\u00e1 adresa: El Viver, Carrer Sant Antoni 1, 17190 \u2013 Salt (Girona), \u0160panielsko<\/p>\n<p>Telefonick\u00fd kontakt: +34 690 248632, +421 950 668430<\/p>\n<p>Emailov\u00fd kontakt: info@gironaprosport.com<\/p>\n<p>webov\u00e9 s\u00eddlo: www.gironaprosport.com<\/p>\n<p>Vyhlasujeme, \u017ee ako spr\u00e1vca va\u0161ich osobn\u00fdch \u00fadajov spl\u0148ujeme v\u0161etky z\u00e1konn\u00e9 povinnosti vy\u017eadovan\u00e9 platnou legislat\u00edvou, obzvl\u00e1\u0161\u0165 Z\u00e1konom o ochrane osobn\u00fdch \u00fadajov a GDPR, a teda \u017ee :<\/p>\n<p>Budeme spracov\u00e1va\u0165 va\u0161e osobn\u00e9 \u00fadaje len na z\u00e1klade platn\u00e9ho pr\u00e1vneho d\u00f4vodu, a to predov\u0161etk\u00fdm opr\u00e1vnen\u00e9ho z\u00e1ujmu, plnen\u00edm zmluvy (vybavenie objedn\u00e1vky), z\u00e1konnej povinnosti \u010di udelen\u00e9ho s\u00fahlasu. Pln\u00edme informa\u010dn\u00fa povinnos\u0165 e\u0161te pred zah\u00e1jen\u00edm spracovania osobn\u00fdch \u00fadajov.<\/p>\n<p>Umo\u017en\u00edme v\u00e1m a budeme v\u00e1s podporova\u0165 v uplat\u0148ovan\u00ed a plnen\u00ed va\u0161ich pr\u00e1v pod\u013ea z\u00e1kona o ochrane osobn\u00fdch \u00fadajov a GDPR.<\/p>\n<p>3) \u00da\u010del sprac\u00favania osobn\u00fdch \u00fadajov klientov:<\/p>\n<ol>\n<li>vybavenie Va\u0161ej objedn\u00e1vky a v\u00fdkon pr\u00e1v a povinnost\u00ed vypl\u00fdvaj\u00facich so zmluvn\u00e9ho vz\u0165ahu medzi Vami a spr\u00e1vcom; pri objedn\u00e1vke s\u00fa vy\u017eadovan\u00e9 osobn\u00e9 \u00fadaje, ktor\u00e9 s\u00fa nutn\u00e9 pre \u00faspe\u0161n\u00e9 vybavenie objedn\u00e1vky (meno a adresa, kontakt). Poskytnutie osobn\u00fdch \u00fadajov je nutnou po\u017eiadavkou pre uzatvorenie a plnenie zmluvy, bez poskytnut\u00ed osobn\u00fdch \u00fadajov nie je mo\u017en\u00e9 zmluvu uzavrie\u0165 alebo ju plni\u0165 zo strany spr\u00e1vcu.<\/li>\n<li>poskytovanie slu\u017eieb cestovn\u00e9ho ruchu prostredn\u00edctvom plnenia Zmluvy o obstaran\u00ed z\u00e1jazdu pre objedn\u00e1vate\u013ea ako cestuj\u00faceho a pr\u00edpadn\u00fdch spolucestuj\u00facich a uplat\u0148ovanie opr\u00e1vnen\u00fdch z\u00e1ujmov Prev\u00e1dzkovate\u013ea zo Zmluvy o obstaran\u00ed z\u00e1jazdu,<\/li>\n<li>vybavovanie pr\u00edpadn\u00fdch reklam\u00e1ci\u00ed,<\/li>\n<li>vedenie \u00fa\u010dtovnej agendy a plnenie archiva\u010dn\u00fdch povinnost\u00ed,<\/li>\n<li>marketingov\u00e9 \u00fa\u010dely, a to zasielanie newsletrov a \u00fa\u010das\u0165 v spotrebite\u013esk\u00fdch s\u00fa\u0165a\u017eiach na soci\u00e1lnych sie\u0165ach,<\/li>\n<\/ol>\n<p>Pr\u00e1vny z\u00e1klad: s\u00fahlas udelen\u00fd klientom na marketingov\u00e9 \u00fa\u010dely, ktor\u00fd m\u00f4\u017ee klient kedyko\u013evek odvola\u0165<\/p>\n<p>4) Kateg\u00f3rie dotknut\u00fdch osobn\u00fdch \u00fadajov klienta:<\/p>\n<p>\u2013\u00a0\u00a0\u00a0\u00a0\u00a0\u00a0\u00a0\u00a0\u00a0 meno a priezvisko klienta (pr\u00edpadne spolucestuj\u00facich),<\/p>\n<p>\u2013\u00a0\u00a0\u00a0\u00a0\u00a0\u00a0\u00a0\u00a0\u00a0 e-mailov\u00e1 adresa klienta (pr\u00edpadne spolucestuj\u00facich),<\/p>\n<p>\u2013\u00a0\u00a0\u00a0\u00a0\u00a0\u00a0\u00a0\u00a0\u00a0 telef\u00f3n klienta (pr\u00edpadne spolucestuj\u00facich),<\/p>\n<p>\u2013\u00a0\u00a0\u00a0\u00a0\u00a0\u00a0\u00a0\u00a0\u00a0 d\u00e1tum narodenia klienta (pr\u00edpadne spolucestuj\u00facich),<\/p>\n<p>\u2013\u00a0\u00a0\u00a0\u00a0\u00a0\u00a0\u00a0\u00a0\u00a0 adresa bydliska klienta (pr\u00edpadne spolucestuj\u00facich),<\/p>\n<p>\u2013\u00a0\u00a0\u00a0\u00a0\u00a0\u00a0\u00a0\u00a0\u00a0 \u010d\u00edslo bankov\u00e9ho \u00fa\u010dtu.<\/p>\n<p>V pr\u00edpade, ak to je nevyhnutne nutn\u00e9 pre dosiahnutie \u00fa\u010delu pod\u013ea bodu 3 p\u00edsm. B vy\u0161\u0161ie (t.j. pre poskytovanie slu\u017eieb cestovn\u00e9ho ruchu), m\u00f4\u017eeme V\u00e1s po\u017eiada\u0165 aj o poskytnutie nasledovn\u00fdch osobn\u00fdch \u00fadajov:<\/p>\n<p>\u2013\u00a0\u00a0\u00a0\u00a0\u00a0\u00a0\u00a0\u00a0\u00a0 \u010d\u00edslo ob\u010dianskeho preukazu alebo pasu,<\/p>\n<p>\u2013\u00a0\u00a0\u00a0\u00a0\u00a0\u00a0\u00a0\u00a0\u00a0 osobitn\u00fdch zdravotn\u00fdch obmedzen\u00ed a potreby asistencie,<\/p>\n<p>\u2013\u00a0\u00a0\u00a0\u00a0\u00a0\u00a0\u00a0\u00a0\u00a0 rodn\u00e9 \u010d\u00edslo (v pr\u00edpade sprostredkovania poistenia)<\/p>\n<p>\u2013\u00a0\u00a0\u00a0\u00a0\u00a0\u00a0\u00a0\u00a0\u00a0 \u00fadaje o zdravotnom stave, poskytnutom o\u0161etren\u00ed a lie\u010den\u00ed (v pr\u00edpade likvid\u00e1cie poistnej udalosti)<\/p>\n<p>Pre marketingov\u00e9 aktivity a spotrebite\u013esk\u00e9 s\u00fa\u0165a\u017ee m\u00f4\u017eeme sprac\u00fava\u0165 nasledovn\u00e9 \u00fadaje:<\/p>\n<p>\u2013\u00a0\u00a0\u00a0\u00a0\u00a0\u00a0\u00a0\u00a0\u00a0 emailov\u00e1 adresa,<\/p>\n<p>\u2013\u00a0\u00a0\u00a0\u00a0\u00a0\u00a0\u00a0\u00a0\u00a0 meno a priezvisko,<\/p>\n<p>\u2013\u00a0\u00a0\u00a0\u00a0\u00a0\u00a0\u00a0\u00a0\u00a0 po\u0161tov\u00e1 adresa.<\/p>\n<p>5) Pr\u00edjemcovia osobn\u00fdch \u00fadajov klienta s\u00fa:<\/p>\n<p>Firmy podie\u013eaj\u00face sa na dodan\u00ed tovaru\/slu\u017eieb\/realiz\u00e1cii platieb na z\u00e1klade zmluvy, zais\u0165uj\u00face slu\u017eby prev\u00e1dzkovania e-shopu a \u010fal\u0161ie slu\u017eby v s\u00favislosti s prev\u00e1dzkovan\u00edm e-shopu, zais\u0165uj\u00face marketingov\u00e9 slu\u017eby, dod\u00e1vatelia slu\u017eieb cestovn\u00e9ho ruchu (pre z\u00e1jazdy \u2013 cestovn\u00e9 kancel\u00e1rie, pre letenky \u2013 IATA agent\u00fary, pre poistn\u00e9 slu\u017eby \u2013 pois\u0165ovne, pre zabezpe\u010denie dopravn\u00fdch slu\u017eieb \u2013\u00a0 poistn\u00fdch dopravcovia, pre zabezpe\u010denie ubytovac\u00edch slu\u017eieb \u2013 cestovn\u00e9 kancel\u00e1rie alebo ubytovatelia) s ktor\u00fdmi m\u00e1me uzatvoren\u00fd zmluvn\u00fd vz\u0165ah na z\u00e1klade vz\u00e1jomn\u00fdch zml\u00fav a ktor\u00ed poskytuj\u00fa minim\u00e1lne rovnak\u00fa \u00farove\u0148 ochrany osobn\u00fdch \u00fadajov, ako zabezpe\u010duje Prev\u00e1dzkovate\u013e.<\/p>\n<p>Spr\u00e1vca nem\u00e1 v \u00famysle poskytn\u00fa\u0165 osobn\u00e9 \u00fadaje do tretej zeme (mimo EU) alebo medzin\u00e1rodnej organiz\u00e1cii. Pr\u00edjemcovia osobn\u00fdch \u00fadajov v tret\u00edch zemiach s\u00fa poskytovatelia cloudov\u00fdch slu\u017eieb.<\/p>\n<p>6) Doba uchov\u00e1vania osobn\u00fdch \u00fadajov klienta<\/p>\n<p>Va\u0161e osobn\u00e9 \u00fadaje sprac\u00favame minim\u00e1lne po dobu dvoch (2) rokov, \u010do zodpoved\u00e1 preml\u010dacej dobe v zmysle pr\u00edslu\u0161n\u00fdch pr\u00e1vnych predpisov, maxim\u00e1lne v\u0161ak po dobu po\u017eadovan\u00fa pr\u00e1vnymi predpismi hlavne pre potreby da\u0148ovej kontroly, kontroly v oblasti ochrany spotrebite\u013ea a kontroly v oblasti ochrany osobn\u00fdch \u00fadajov, \u010di\u017ee p\u00e4\u0165 (5) a\u017e desa\u0165 (10) rokov pod\u013ea po\u017eiadaviek pr\u00edslu\u0161n\u00fdch pr\u00e1vnych predpisov.<\/p>\n<p>V pr\u00edpade udelenia s\u00fahlasu so spracovan\u00edm Va\u0161ich osobn\u00fdch \u00fadajov na marketingov\u00e9 \u00fa\u010dely spracov\u00e1vame tieto p\u00e4\u0165 (5) rokov resp. do odvolania V\u00e1\u0161ho s\u00fahlasu.<\/p>\n<p>8) Pr\u00e1va dotknutej osoby = pr\u00e1va klienta:<\/p>\n<p>V zmysle Z\u00e1kona a Nariadenia m\u00e1te najm\u00e4 tieto pr\u00e1va:<\/p>\n<p>\u2013\u00a0\u00a0\u00a0\u00a0\u00a0\u00a0 pr\u00e1vo na pr\u00edstup k Va\u0161im osobn\u00fdm \u00fadajom, ktor\u00e9 sa v\u00e1s t\u00fdkaj\u00fa,<\/p>\n<p>\u2013\u00a0\u00a0\u00a0\u00a0\u00a0\u00a0 pr\u00e1vo na potvrdenie, \u010di Va\u0161e osobn\u00e9 \u00fadaje s\u00fa alebo nie s\u00fa sprac\u00favan\u00e9 a na poskytnutie k\u00f3pi\u00ed sprac\u00favan\u00fdch osobn\u00fdch \u00fadajov,<\/p>\n<p>\u2013\u00a0\u00a0\u00a0\u00a0\u00a0\u00a0 pr\u00e1vo na opravu nespr\u00e1vnych osobn\u00fdch \u00fadajov, ktor\u00e9 sa v\u00e1s t\u00fdkaj\u00fa,<\/p>\n<p>\u2013\u00a0\u00a0\u00a0\u00a0\u00a0\u00a0 pr\u00e1vo na v\u00fdmaz osobn\u00fdch \u00fadajov, ktor\u00e9 sa v\u00e1s t\u00fdkaj\u00fa, v pr\u00edpade, \u017ee s\u00fa splnen\u00e9 podmienky na ich v\u00fdmaz a \u010falej neexistuje z\u00e1konn\u00e1 povinnos\u0165 resp. opr\u00e1vnen\u00fd z\u00e1ujem na ich \u010fal\u0161ie sprac\u00favanie,<\/p>\n<p>\u2013\u00a0\u00a0\u00a0\u00a0\u00a0\u00a0 pr\u00e1vo na obmedzenie sprac\u00favania osobn\u00fdch \u00fadajov,<\/p>\n<p>\u2013\u00a0\u00a0\u00a0\u00a0\u00a0\u00a0 pr\u00e1vo namieta\u0165 proti sprac\u00favaniu osobn\u00fdch \u00fadajov, ktor\u00e9 sa v\u00e1s t\u00fdkaj\u00fa, a to na \u00fa\u010dely marketingu alebo spotrebite\u013esk\u00fdch s\u00fa\u0165a\u017e\u00ed,<\/p>\n<p>\u2013\u00a0\u00a0\u00a0\u00a0\u00a0\u00a0 pr\u00e1vo na prenos osobn\u00fdch \u00fadajov in\u00e9mu prev\u00e1dzkovate\u013eovi, ak tomu nebr\u00e1nia \u017eiadne z\u00e1konn\u00e9 prek\u00e1\u017eky,<\/p>\n<p>\u2013\u00a0\u00a0\u00a0\u00a0\u00a0\u00a0 pr\u00e1vo kedyko\u013evek odvola\u0165 svoj udelen\u00fd s\u00fahlas na sprac\u00favanie osobn\u00fdch \u00fadajov,<\/p>\n<p>Ak m\u00e1te pocit, \u017ee s va\u0161imi \u00fadajmi nezaobch\u00e1dzame v s\u00falade so z\u00e1konom, m\u00e1te pr\u00e1vo sa so svojou s\u0165a\u017enos\u0165ou kedyko\u013evek obr\u00e1ti\u0165 na \u00darad na ochranu osobn\u00fdch \u00fadajov. Budeme v\u010fa\u010dn\u00ed, ak o svojom podozren\u00ed budete najsk\u00f4r informova\u0165 n\u00e1s, aby sme s t\u00fdm mohli nie\u010do urobi\u0165 a pr\u00edpadne mohli na\u0161e pochybenie napravi\u0165.<\/p>\n<p>Va\u0161e pr\u00e1va vymenovan\u00e9 vy\u0161\u0161ie m\u00f4\u017eete uplatni\u0165 \u00fastne, p\u00edsomne alebo elektronicky prostredn\u00edctvom kontaktn\u00fdch \u00fadajov Prev\u00e1dzkovate\u013ea.<\/p>\n<p>Ak po\u017eiadate o poskytnutie inform\u00e1ci\u00ed alebo budete uplat\u0148ova\u0165 pr\u00e1va vo vz\u0165ahu k osobn\u00fdm \u00fadajom \u00fastne, sme opr\u00e1vnen\u00fd odmietnu\u0165 V\u00e1m tak\u00e9to inform\u00e1cie alebo uplat\u0148ovanie pr\u00e1v bez preuk\u00e1zania Va\u0161ej toto\u017enosti.<\/p>\n<p>Je vo Va\u0161om z\u00e1ujme, aby ste n\u00e1s informovali o pr\u00edpadnej zmene Va\u0161ich osobn\u00fdch \u00fadajov, aby sme V\u00e1m vedeli v\u017edy poskytova\u0165 kvalitn\u00e9 slu\u017eby.<\/p>\n<p>9) Z\u00edskanie osobn\u00fdch \u00fadajov klienta<\/p>\n<p>Va\u0161e osobn\u00e9 \u00fadaje z\u00edskavame v\u00fdlu\u010dne pri uzatv\u00e1ran\u00ed K\u00fapnej zmluvy alebo Zmluvy o obstaran\u00ed z\u00e1jazdu alebo pri uzatv\u00e1ran\u00ed inej zmluvy. Ak z ak\u00e9hoko\u013evek d\u00f4vodu ned\u00f4jde k uzatvoreniu Zmluvy, pr\u00edpadn\u00e9 Vami poskytnut\u00e9 osobn\u00e9 \u00fadaje hne\u010f vyma\u017eeme.<\/p>\n<p>Va\u0161e osobn\u00e9 \u00fadaje m\u00f4\u017eu tie\u017e poch\u00e1dza\u0165 z verejne dostupn\u00fdch zdrojov, registrov a evidenci\u00ed, napr\u00edklad z obchodn\u00e9ho registra alebo od tret\u00edch os\u00f4b, ktor\u00e9 s\u00fa s nimi opr\u00e1vnen\u00e9 naklada\u0165.<\/p>\n<p>10) Cookies<\/p>\n<p>Na na\u0161ej str\u00e1nke pou\u017e\u00edvame cookies pre meranie n\u00e1v\u0161tevnosti webu a prisp\u00f4sobenie zobrazenia webov\u00fdch str\u00e1nok vn\u00edmame ako svoj opr\u00e1vnen\u00fd z\u00e1ujem spr\u00e1vcu, preto\u017ee ver\u00edme, \u017ee v\u010faka tomu v\u00e1m m\u00f4\u017eeme pon\u00faknu\u0165 e\u0161te lep\u0161ie slu\u017eby.<\/p>\n<p>Webov\u00e9 str\u00e1nky je mo\u017en\u00e9 pou\u017e\u00edva\u0165 aj v re\u017eime, ktor\u00fd neumo\u017e\u0148uje zbieranie \u00fadajov o spr\u00e1van\u00ed n\u00e1v\u0161tevn\u00edkov webu &#8211; tento re\u017eim je mo\u017en\u00fd bu\u010f nastavi\u0165 v r\u00e1mci nastavenia v\u00e1\u0161ho prehliada\u010da. Pou\u017e\u00edvanie cookies m\u00f4\u017eete na svojom po\u010d\u00edta\u010di zak\u00e1za\u0165 nastaven\u00edm vo va\u0161om prehliada\u010di.<\/p>\n<p>11) Odvolanie s\u00fahlasu so sprac\u00favan\u00edm Va\u0161ich osobn\u00fdch \u00fadajov na marketingov\u00e9 \u00fa\u010dely<\/p>\n<p>V\u00e1\u0161 s\u00fahlas so sprac\u00favan\u00edm Va\u0161ich osobn\u00fdch \u00fadajov na marketingov\u00e9 \u00fa\u010dely m\u00f4\u017eete kedyko\u013evek odvola\u0165 p\u00edsomne zaslan\u00edm dokumentu s vetou:<\/p>\n<p>Odvol\u00e1vam svoj s\u00fahlas so spracovan\u00edm mojich osobn\u00fdch \u00fadajov pre marketingov\u00e9 \u00fa\u010dely spolo\u010dnos\u0165ou Girona Pro Sport<\/p>\n<p>elektronicky na adresu:\u00a0\u00a0\u00a0\u00a0\u00a0\u00a0 info@gironaprosport.com<\/p>\n<p>12) Z\u00e1vere\u010dn\u00e9 ustanovenia<\/p>\n<p>Odoslan\u00edm objedn\u00e1vky z internetov\u00e9ho objedn\u00e1vkov\u00e9ho formul\u00e1ra potvrdzujete, \u017ee ste zozn\u00e1men\u00fd s podmienkami ochrany osobn\u00fdch \u00fadajov a \u017ee ich v celom rozsahu prij\u00edmate.<\/p>\n<p>S t\u00fdmito podmienkami s\u00fahlas\u00edte za\u0161krtnut\u00edm s\u00fahlasu prostredn\u00edctvom internetov\u00e9ho formul\u00e1ra. Za\u0161krtnut\u00edm s\u00fahlasu potvrdzujete, \u017ee ste zozn\u00e1men\u00fd s podmienkami ochrany osobn\u00fdch \u00fadajov a \u017ee ich v celom rozsahu akceptujete.<\/p>\n<p>Spr\u00e1vca je opr\u00e1vnen\u00fd tieto podmienky zmeni\u0165. Nov\u00fa verziu podmienok ochrany osobn\u00fdch \u00fadajov zverejn\u00ed na svojich internetov\u00fdch str\u00e1nkach a z\u00e1rove\u0148 V\u00e1m za\u0161le nov\u00fa verziu t\u00fdchto podmienok na Va\u0161u e-mailovou adresu, ktor\u00fa ste spr\u00e1vcovi poskytli.<\/p>\n","protected":false},"excerpt":{"rendered":"<p>Ochrana osobn\u00fdch \u00fadajov V\u0161etky osobn\u00e9 \u00fadaje, ktor\u00e9 s\u00fa z\u00edskavan\u00e9 po\u010das va\u0161ej n\u00e1v\u0161tevy na na\u0161ej str\u00e1nke www.gironaprosport.com , s\u00fa \u00a0spracov\u00e1van\u00e9 v s\u00falade s NARIADEN\u00cdM EUR\u00d3PSKEHO PARLAMENTU&#8230;<\/p>\n","protected":false},"author":2,"featured_media":0,"parent":0,"menu_order":31,"comment_status":"closed","ping_status":"closed","template":"","meta":{"_monsterinsights_skip_tracking":false,"_monsterinsights_sitenote_active":false,"_monsterinsights_sitenote_note":"","_monsterinsights_sitenote_category":0,"footnotes":""},"class_list":["post-7360","page","type-page","status-publish","hentry"],"yoast_head":"<!-- This site is optimized with the Yoast SEO plugin v26.6 - https:\/\/yoast.com\/wordpress\/plugins\/seo\/ -->\n<title>Privacy Policy - Girona ProSport<\/title>\n<meta name=\"robots\" content=\"index, follow, max-snippet:-1, max-image-preview:large, max-video-preview:-1\" \/>\n<link rel=\"canonical\" href=\"https:\/\/gironaprosport.com\/en\/privacy-policy\/\" \/>\n<meta property=\"og:locale\" content=\"en_US\" \/>\n<meta property=\"og:type\" content=\"article\" \/>\n<meta property=\"og:title\" content=\"Privacy Policy - Girona ProSport\" \/>\n<meta property=\"og:description\" content=\"Ochrana osobn\u00fdch \u00fadajov V\u0161etky osobn\u00e9 \u00fadaje, ktor\u00e9 s\u00fa z\u00edskavan\u00e9 po\u010das va\u0161ej n\u00e1v\u0161tevy na na\u0161ej str\u00e1nke www.gironaprosport.com , s\u00fa \u00a0spracov\u00e1van\u00e9 v s\u00falade s NARIADEN\u00cdM EUR\u00d3PSKEHO PARLAMENTU...\" \/>\n<meta property=\"og:url\" content=\"https:\/\/gironaprosport.com\/en\/privacy-policy\/\" \/>\n<meta property=\"og:site_name\" content=\"Girona ProSport\" \/>\n<meta property=\"article:publisher\" content=\"http:\/\/fb.me\/gironaprosport\" \/>\n<meta property=\"article:modified_time\" content=\"2021-05-05T16:41:47+00:00\" \/>\n<meta name=\"twitter:card\" content=\"summary_large_image\" \/>\n<meta name=\"twitter:label1\" content=\"Est. reading time\" \/>\n\t<meta name=\"twitter:data1\" content=\"8 minutes\" \/>\n<script type=\"application\/ld+json\" class=\"yoast-schema-graph\">{\"@context\":\"https:\/\/schema.org\",\"@graph\":[{\"@type\":\"WebPage\",\"@id\":\"https:\/\/gironaprosport.com\/en\/privacy-policy\/\",\"url\":\"https:\/\/gironaprosport.com\/en\/privacy-policy\/\",\"name\":\"Privacy Policy - Girona ProSport\",\"isPartOf\":{\"@id\":\"https:\/\/gironaprosport.com\/en\/#website\"},\"datePublished\":\"2020-06-07T13:48:51+00:00\",\"dateModified\":\"2021-05-05T16:41:47+00:00\",\"breadcrumb\":{\"@id\":\"https:\/\/gironaprosport.com\/en\/privacy-policy\/#breadcrumb\"},\"inLanguage\":\"en-US\",\"potentialAction\":[{\"@type\":\"ReadAction\",\"target\":[\"https:\/\/gironaprosport.com\/en\/privacy-policy\/\"]}]},{\"@type\":\"BreadcrumbList\",\"@id\":\"https:\/\/gironaprosport.com\/en\/privacy-policy\/#breadcrumb\",\"itemListElement\":[{\"@type\":\"ListItem\",\"position\":1,\"name\":\"Domovsk\u00e1 str\u00e1nka\",\"item\":\"https:\/\/gironaprosport.com\/en\/\"},{\"@type\":\"ListItem\",\"position\":2,\"name\":\"Privacy Policy\"}]},{\"@type\":\"WebSite\",\"@id\":\"https:\/\/gironaprosport.com\/en\/#website\",\"url\":\"https:\/\/gironaprosport.com\/en\/\",\"name\":\"Girona ProSport\",\"description\":\"Cykloz\u00e1jazdy\",\"publisher\":{\"@id\":\"https:\/\/gironaprosport.com\/en\/#organization\"},\"potentialAction\":[{\"@type\":\"SearchAction\",\"target\":{\"@type\":\"EntryPoint\",\"urlTemplate\":\"https:\/\/gironaprosport.com\/en\/?s={search_term_string}\"},\"query-input\":{\"@type\":\"PropertyValueSpecification\",\"valueRequired\":true,\"valueName\":\"search_term_string\"}}],\"inLanguage\":\"en-US\"},{\"@type\":\"Organization\",\"@id\":\"https:\/\/gironaprosport.com\/en\/#organization\",\"name\":\"Girona PRO SPORT\",\"url\":\"https:\/\/gironaprosport.com\/en\/\",\"logo\":{\"@type\":\"ImageObject\",\"inLanguage\":\"en-US\",\"@id\":\"https:\/\/gironaprosport.com\/en\/#\/schema\/logo\/image\/\",\"url\":\"https:\/\/gironaprosport.com\/wp-content\/uploads\/logo-gps_64.png\",\"contentUrl\":\"https:\/\/gironaprosport.com\/wp-content\/uploads\/logo-gps_64.png\",\"width\":320,\"height\":64,\"caption\":\"Girona PRO SPORT\"},\"image\":{\"@id\":\"https:\/\/gironaprosport.com\/en\/#\/schema\/logo\/image\/\"},\"sameAs\":[\"http:\/\/fb.me\/gironaprosport\",\"http:\/\/instagram.com\/girona_prosport\/\",\"https:\/\/www.youtube.com\/channel\/UCv7gLuh2ONY6kESVj_3aSnA\"]}]}<\/script>\n<!-- \/ Yoast SEO plugin. -->","yoast_head_json":{"title":"Privacy Policy - Girona ProSport","robots":{"index":"index","follow":"follow","max-snippet":"max-snippet:-1","max-image-preview":"max-image-preview:large","max-video-preview":"max-video-preview:-1"},"canonical":"https:\/\/gironaprosport.com\/en\/privacy-policy\/","og_locale":"en_US","og_type":"article","og_title":"Privacy Policy - Girona ProSport","og_description":"Ochrana osobn\u00fdch \u00fadajov V\u0161etky osobn\u00e9 \u00fadaje, ktor\u00e9 s\u00fa z\u00edskavan\u00e9 po\u010das va\u0161ej n\u00e1v\u0161tevy na na\u0161ej str\u00e1nke www.gironaprosport.com , s\u00fa \u00a0spracov\u00e1van\u00e9 v s\u00falade s NARIADEN\u00cdM EUR\u00d3PSKEHO PARLAMENTU...","og_url":"https:\/\/gironaprosport.com\/en\/privacy-policy\/","og_site_name":"Girona ProSport","article_publisher":"http:\/\/fb.me\/gironaprosport","article_modified_time":"2021-05-05T16:41:47+00:00","twitter_card":"summary_large_image","twitter_misc":{"Est. reading time":"8 minutes"},"schema":{"@context":"https:\/\/schema.org","@graph":[{"@type":"WebPage","@id":"https:\/\/gironaprosport.com\/en\/privacy-policy\/","url":"https:\/\/gironaprosport.com\/en\/privacy-policy\/","name":"Privacy Policy - Girona ProSport","isPartOf":{"@id":"https:\/\/gironaprosport.com\/en\/#website"},"datePublished":"2020-06-07T13:48:51+00:00","dateModified":"2021-05-05T16:41:47+00:00","breadcrumb":{"@id":"https:\/\/gironaprosport.com\/en\/privacy-policy\/#breadcrumb"},"inLanguage":"en-US","potentialAction":[{"@type":"ReadAction","target":["https:\/\/gironaprosport.com\/en\/privacy-policy\/"]}]},{"@type":"BreadcrumbList","@id":"https:\/\/gironaprosport.com\/en\/privacy-policy\/#breadcrumb","itemListElement":[{"@type":"ListItem","position":1,"name":"Domovsk\u00e1 str\u00e1nka","item":"https:\/\/gironaprosport.com\/en\/"},{"@type":"ListItem","position":2,"name":"Privacy Policy"}]},{"@type":"WebSite","@id":"https:\/\/gironaprosport.com\/en\/#website","url":"https:\/\/gironaprosport.com\/en\/","name":"Girona ProSport","description":"Cykloz\u00e1jazdy","publisher":{"@id":"https:\/\/gironaprosport.com\/en\/#organization"},"potentialAction":[{"@type":"SearchAction","target":{"@type":"EntryPoint","urlTemplate":"https:\/\/gironaprosport.com\/en\/?s={search_term_string}"},"query-input":{"@type":"PropertyValueSpecification","valueRequired":true,"valueName":"search_term_string"}}],"inLanguage":"en-US"},{"@type":"Organization","@id":"https:\/\/gironaprosport.com\/en\/#organization","name":"Girona PRO SPORT","url":"https:\/\/gironaprosport.com\/en\/","logo":{"@type":"ImageObject","inLanguage":"en-US","@id":"https:\/\/gironaprosport.com\/en\/#\/schema\/logo\/image\/","url":"https:\/\/gironaprosport.com\/wp-content\/uploads\/logo-gps_64.png","contentUrl":"https:\/\/gironaprosport.com\/wp-content\/uploads\/logo-gps_64.png","width":320,"height":64,"caption":"Girona PRO SPORT"},"image":{"@id":"https:\/\/gironaprosport.com\/en\/#\/schema\/logo\/image\/"},"sameAs":["http:\/\/fb.me\/gironaprosport","http:\/\/instagram.com\/girona_prosport\/","https:\/\/www.youtube.com\/channel\/UCv7gLuh2ONY6kESVj_3aSnA"]}]}},"meta_box":[],"_links":{"self":[{"href":"https:\/\/gironaprosport.com\/en\/wp-json\/wp\/v2\/pages\/7360","targetHints":{"allow":["GET"]}}],"collection":[{"href":"https:\/\/gironaprosport.com\/en\/wp-json\/wp\/v2\/pages"}],"about":[{"href":"https:\/\/gironaprosport.com\/en\/wp-json\/wp\/v2\/types\/page"}],"author":[{"embeddable":true,"href":"https:\/\/gironaprosport.com\/en\/wp-json\/wp\/v2\/users\/2"}],"replies":[{"embeddable":true,"href":"https:\/\/gironaprosport.com\/en\/wp-json\/wp\/v2\/comments?post=7360"}],"version-history":[{"count":0,"href":"https:\/\/gironaprosport.com\/en\/wp-json\/wp\/v2\/pages\/7360\/revisions"}],"wp:attachment":[{"href":"https:\/\/gironaprosport.com\/en\/wp-json\/wp\/v2\/media?parent=7360"}],"curies":[{"name":"wp","href":"https:\/\/api.w.org\/{rel}","templated":true}]}}