{"id":7337,"date":"2020-12-30T13:27:05","date_gmt":"2020-12-30T12:27:05","guid":{"rendered":"https:\/\/gironaprosport.com\/cestovne-kancelarie\/"},"modified":"2021-08-09T15:39:55","modified_gmt":"2021-08-09T13:39:55","slug":"travel-agencies","status":"publish","type":"page","link":"https:\/\/gironaprosport.com\/en\/b2b-en\/travel-agencies\/","title":{"rendered":"Travel agencies"},"content":{"rendered":"<div class=\"wpb-content-wrapper\"><p>[vc_row et_uniqid=&#8221;et_custom_uniqid_5e5663733546b&#8221; css=&#8221;.vc_custom_1609333188523{margin-right: 1px !important;margin-left: 1px !important;border-top-width: 1px !important;border-right-width: 1px !important;border-bottom-width: 1px !important;border-left-width: 1px !important;padding-top: 4vw !important;padding-right: 2vw !important;padding-bottom: 4vw !important;padding-left: 2vw !important;background-image: url(https:\/\/gironaprosport.com\/wp-content\/uploads\/ubytovanie-bg.jpg?id=5233) !important;background-position: center !important;background-repeat: no-repeat !important;background-size: cover !important;border-left-color: #e1e1e1 !important;border-left-style: solid !important;border-right-color: #e1e1e1 !important;border-right-style: solid !important;border-top-color: #e1e1e1 !important;border-top-style: solid !important;border-bottom-color: #e1e1e1 !important;border-bottom-style: solid !important;}&#8221; _et_uniqid=&#8221;et_custom_uniqid_new_5fec78d10c35e&#8221;][vc_column width=&#8221;1\/2&#8243;][vc_custom_heading text=&#8221;Cooperation&#8221; font_container=&#8221;tag:h4|font_size:14|text_align:left|line_height:40px&#8221; google_fonts=&#8221;font_family:Lato%3A100%2C100italic%2C300%2C300italic%2Cregular%2Citalic%2C700%2C700italic%2C900%2C900italic|font_style:900%20bold%20regular%3A900%3Anormal&#8221;][vc_custom_heading text=&#8221;Travel agencies&#8221; font_container=&#8221;tag:h2|font_size:40|text_align:left|line_height:60px&#8221; google_fonts=&#8221;font_family:Lato%3A100%2C100italic%2C300%2C300italic%2Cregular%2Citalic%2C700%2C700italic%2C900%2C900italic|font_style:900%20bold%20regular%3A900%3Anormal&#8221;][vc_column_text]<strong>Active holiday in Spain<\/strong>. We offer two different ways of cooperation for travel agencies. The first is the <strong>commission sale of our active holiday tours<\/strong>. The second option is cooperation in organizing your own trips for your clients to the region Costa Brava &#8211; Girona &#8211; Pyrenees.<\/p>\n<p>We specialize in active holiday tours, cycling, bike tours, hiking tours on the Costa Brava and in the Pyrenees, stage tours, stays for families with children, team building, weekend stays by the sea, trips for groups, and also holidays for singles.[\/vc_column_text][\/vc_column][vc_column width=&#8221;1\/2&#8243;][\/vc_column][\/vc_row][vc_row][vc_column][vc_column_text]Among the services we offer include<strong> accommodation<\/strong> (tourist apartments, country villas, hotels of various categories adapted to sports tourism), <strong>bicycle rental, coaching and guide services, transfers, visits to wine cellars<\/strong>, assistance in <strong>preparing gastronomic tours<\/strong> (the region is rich in restaurants with Michelin stars ), provision of a cultural program (museums, Dali, architecture, ancient Roman and Iberian excavations, etc.) possible other services related to tourism.<\/p>\n<p>We are members of the <strong><a href=\"https:\/\/en.costabrava.org\/what-to-do\/nature-and-active-tourism\/sports-tourism\/gironaprosport-115632\" target=\"_blank\" rel=\"noopener noreferrer\">patronal <\/a><\/strong><strong>\u00a0of tourism and tourism Costa Brava &#8211; Girona.<\/strong><\/p>\n<p>Contact us and we will be happy to take over any cooperation with you :)[\/vc_column_text][\/vc_column][\/vc_row][vc_row][vc_column]\n<div class=\"wpcf7 no-js\" id=\"wpcf7-f6086-o1\" lang=\"sk-SK\" dir=\"ltr\" data-wpcf7-id=\"6086\">\n<div class=\"screen-reader-response\"><p role=\"status\" aria-live=\"polite\" aria-atomic=\"true\"><\/p> <ul><\/ul><\/div>\n<form action=\"\/en\/wp-json\/wp\/v2\/pages\/7337#wpcf7-f6086-o1\" method=\"post\" class=\"wpcf7-form init\" aria-label=\"Kontaktn\u00fd formul\u00e1r\" novalidate=\"novalidate\" data-status=\"init\">\n<fieldset class=\"hidden-fields-container\"><input type=\"hidden\" name=\"_wpcf7\" value=\"6086\" \/><input type=\"hidden\" name=\"_wpcf7_version\" value=\"6.1.4\" \/><input type=\"hidden\" name=\"_wpcf7_locale\" value=\"sk_SK\" \/><input type=\"hidden\" name=\"_wpcf7_unit_tag\" value=\"wpcf7-f6086-o1\" \/><input type=\"hidden\" name=\"_wpcf7_container_post\" value=\"0\" \/><input type=\"hidden\" name=\"_wpcf7_posted_data_hash\" value=\"\" \/>\n<\/fieldset>\n<div class=\"row\">\n\t<div class=\"col-sm-4 col-left\" style=\"margin-bottom: 1em;\">\n\t\t<p><span class=\"wpcf7-form-control-wrap\" data-name=\"your-name\"><input size=\"40\" maxlength=\"400\" class=\"wpcf7-form-control wpcf7-text wpcf7-validates-as-required\" aria-required=\"true\" aria-invalid=\"false\" placeholder=\"Va\u0161e meno\" value=\"\" type=\"text\" name=\"your-name\" \/><\/span>\n\t\t<\/p>\n\t<\/div>\n\t<div class=\"col-sm-4 col-right\" style=\"margin-bottom: 1em;\">\n\t\t<p><span class=\"wpcf7-form-control-wrap\" data-name=\"your-email\"><input size=\"40\" maxlength=\"400\" class=\"wpcf7-form-control wpcf7-email wpcf7-validates-as-required wpcf7-text wpcf7-validates-as-email\" aria-required=\"true\" aria-invalid=\"false\" placeholder=\"V\u00e1\u0161 email\" value=\"\" type=\"email\" name=\"your-email\" \/><\/span>\n\t\t<\/p>\n\t<\/div>\n\t<div class=\"col-sm-4 col-right\" style=\"margin-bottom: 1em;\">\n\t\t<p><span class=\"wpcf7-form-control-wrap\" data-name=\"your-phone\"><input size=\"40\" maxlength=\"400\" class=\"wpcf7-form-control wpcf7-tel wpcf7-text wpcf7-validates-as-tel\" aria-invalid=\"false\" placeholder=\"Va\u0161e telef\u00f3ne \u010d\u00edslo\" value=\"\" type=\"tel\" name=\"your-phone\" \/><\/span>\n\t\t<\/p>\n\t<\/div>\n<\/div>\n<div class=\"row\">\n\t<div class=\"col-sm-12\">\n\t\t<p><span class=\"wpcf7-form-control-wrap\" data-name=\"your-message\"><textarea cols=\"40\" rows=\"5\" maxlength=\"2000\" class=\"wpcf7-form-control wpcf7-textarea\" aria-invalid=\"false\" placeholder=\"Va\u0161a spr\u00e1va\" name=\"your-message\"><\/textarea><\/span>\n\t\t<\/p>\n\t<\/div>\n<\/div>\n<div class=\"row\">\n\t<div class=\"col-sm-12\">\n\t\t<p><span class=\"wpcf7-form-control-wrap\" data-name=\"your-acceptance\"><span class=\"wpcf7-form-control wpcf7-acceptance\"><span class=\"wpcf7-list-item\"><label><input type=\"checkbox\" name=\"your-acceptance\" value=\"1\" aria-invalid=\"false\" \/><span class=\"wpcf7-list-item-label\">S\u00fahlas\u00edm s podmienkami sprac\u00favania osobn\u00fdch \u00fadajov pod\u013ea <a href=\"\/ochrana-osobnych-udajov\/\" target=\"_blank\">Z\u00e1sad ochrany osobn\u00fdch \u00fadajov<\/a><\/span><\/label><\/span><\/span><\/span>\n\t\t<\/p>\n\t<\/div>\n<\/div>\n<div class=\"row\">\n\t<div class=\"col-sm-12\">\n\t\t<p><input class=\"wpcf7-form-control wpcf7-submit has-spinner\" type=\"submit\" value=\"Odosla\u0165 dopyt\" \/>\n\t\t<\/p>\n\t<\/div>\n<\/div><div class=\"wpcf7-response-output\" aria-hidden=\"true\"><\/div>\n<\/form>\n<\/div>\n[\/vc_column][\/vc_row]<\/p>\n<\/div>","protected":false},"excerpt":{"rendered":"<p>[vc_row et_uniqid=&#8221;et_custom_uniqid_5e5663733546b&#8221; css=&#8221;.vc_custom_1609333188523{margin-right: 1px !important;margin-left: 1px !important;border-top-width: 1px !important;border-right-width: 1px !important;border-bottom-width: 1px !important;border-left-width: 1px !important;padding-top: 4vw !important;padding-right: 2vw !important;padding-bottom: 4vw !important;padding-left: 2vw !important;background-image: url(https:\/\/gironaprosport.com\/wp-content\/uploads\/ubytovanie-bg.jpg?id=5233) !important;background-position:&#8230;<\/p>\n","protected":false},"author":2,"featured_media":0,"parent":7344,"menu_order":5,"comment_status":"closed","ping_status":"closed","template":"","meta":{"_monsterinsights_skip_tracking":false,"_monsterinsights_sitenote_active":false,"_monsterinsights_sitenote_note":"","_monsterinsights_sitenote_category":0,"footnotes":""},"class_list":["post-7337","page","type-page","status-publish","hentry"],"yoast_head":"<!-- This site is optimized with the Yoast SEO plugin v26.6 - https:\/\/yoast.com\/wordpress\/plugins\/seo\/ -->\n<title>Travel agencies - Girona ProSport<\/title>\n<meta name=\"description\" content=\"We offer cooperation in organizing active holidays in Spain for travel agencies. We are a member of the patronage of tourism Costa Brava Girona\" \/>\n<meta name=\"robots\" content=\"index, follow, max-snippet:-1, max-image-preview:large, max-video-preview:-1\" \/>\n<link rel=\"canonical\" href=\"https:\/\/gironaprosport.com\/en\/b2b-en\/travel-agencies\/\" \/>\n<meta property=\"og:locale\" content=\"en_US\" \/>\n<meta property=\"og:type\" content=\"article\" \/>\n<meta property=\"og:title\" content=\"Travel agencies - Girona ProSport\" \/>\n<meta property=\"og:description\" content=\"We offer cooperation in organizing active holidays in Spain for travel agencies. We are a member of the patronage of tourism Costa Brava Girona\" \/>\n<meta property=\"og:url\" content=\"https:\/\/gironaprosport.com\/en\/b2b-en\/travel-agencies\/\" \/>\n<meta property=\"og:site_name\" content=\"Girona ProSport\" \/>\n<meta property=\"article:publisher\" content=\"http:\/\/fb.me\/gironaprosport\" \/>\n<meta property=\"article:modified_time\" content=\"2021-08-09T13:39:55+00:00\" \/>\n<meta name=\"twitter:card\" content=\"summary_large_image\" \/>\n<meta name=\"twitter:label1\" content=\"Est. reading time\" \/>\n\t<meta name=\"twitter:data1\" content=\"2 minutes\" \/>\n<script type=\"application\/ld+json\" class=\"yoast-schema-graph\">{\"@context\":\"https:\/\/schema.org\",\"@graph\":[{\"@type\":\"WebPage\",\"@id\":\"https:\/\/gironaprosport.com\/en\/b2b-en\/travel-agencies\/\",\"url\":\"https:\/\/gironaprosport.com\/en\/b2b-en\/travel-agencies\/\",\"name\":\"Travel agencies - Girona ProSport\",\"isPartOf\":{\"@id\":\"https:\/\/gironaprosport.com\/en\/#website\"},\"datePublished\":\"2020-12-30T12:27:05+00:00\",\"dateModified\":\"2021-08-09T13:39:55+00:00\",\"description\":\"We offer cooperation in organizing active holidays in Spain for travel agencies. We are a member of the patronage of tourism Costa Brava Girona\",\"breadcrumb\":{\"@id\":\"https:\/\/gironaprosport.com\/en\/b2b-en\/travel-agencies\/#breadcrumb\"},\"inLanguage\":\"en-US\",\"potentialAction\":[{\"@type\":\"ReadAction\",\"target\":[\"https:\/\/gironaprosport.com\/en\/b2b-en\/travel-agencies\/\"]}]},{\"@type\":\"BreadcrumbList\",\"@id\":\"https:\/\/gironaprosport.com\/en\/b2b-en\/travel-agencies\/#breadcrumb\",\"itemListElement\":[{\"@type\":\"ListItem\",\"position\":1,\"name\":\"Domovsk\u00e1 str\u00e1nka\",\"item\":\"https:\/\/gironaprosport.com\/en\/\"},{\"@type\":\"ListItem\",\"position\":2,\"name\":\"B2B\",\"item\":\"https:\/\/gironaprosport.com\/en\/b2b-en\/\"},{\"@type\":\"ListItem\",\"position\":3,\"name\":\"Travel agencies\"}]},{\"@type\":\"WebSite\",\"@id\":\"https:\/\/gironaprosport.com\/en\/#website\",\"url\":\"https:\/\/gironaprosport.com\/en\/\",\"name\":\"Girona ProSport\",\"description\":\"Cykloz\u00e1jazdy\",\"publisher\":{\"@id\":\"https:\/\/gironaprosport.com\/en\/#organization\"},\"potentialAction\":[{\"@type\":\"SearchAction\",\"target\":{\"@type\":\"EntryPoint\",\"urlTemplate\":\"https:\/\/gironaprosport.com\/en\/?s={search_term_string}\"},\"query-input\":{\"@type\":\"PropertyValueSpecification\",\"valueRequired\":true,\"valueName\":\"search_term_string\"}}],\"inLanguage\":\"en-US\"},{\"@type\":\"Organization\",\"@id\":\"https:\/\/gironaprosport.com\/en\/#organization\",\"name\":\"Girona PRO SPORT\",\"url\":\"https:\/\/gironaprosport.com\/en\/\",\"logo\":{\"@type\":\"ImageObject\",\"inLanguage\":\"en-US\",\"@id\":\"https:\/\/gironaprosport.com\/en\/#\/schema\/logo\/image\/\",\"url\":\"https:\/\/gironaprosport.com\/wp-content\/uploads\/logo-gps_64.png\",\"contentUrl\":\"https:\/\/gironaprosport.com\/wp-content\/uploads\/logo-gps_64.png\",\"width\":320,\"height\":64,\"caption\":\"Girona PRO SPORT\"},\"image\":{\"@id\":\"https:\/\/gironaprosport.com\/en\/#\/schema\/logo\/image\/\"},\"sameAs\":[\"http:\/\/fb.me\/gironaprosport\",\"http:\/\/instagram.com\/girona_prosport\/\",\"https:\/\/www.youtube.com\/channel\/UCv7gLuh2ONY6kESVj_3aSnA\"]}]}<\/script>\n<!-- \/ Yoast SEO plugin. -->","yoast_head_json":{"title":"Travel agencies - Girona ProSport","description":"We offer cooperation in organizing active holidays in Spain for travel agencies. We are a member of the patronage of tourism Costa Brava Girona","robots":{"index":"index","follow":"follow","max-snippet":"max-snippet:-1","max-image-preview":"max-image-preview:large","max-video-preview":"max-video-preview:-1"},"canonical":"https:\/\/gironaprosport.com\/en\/b2b-en\/travel-agencies\/","og_locale":"en_US","og_type":"article","og_title":"Travel agencies - Girona ProSport","og_description":"We offer cooperation in organizing active holidays in Spain for travel agencies. We are a member of the patronage of tourism Costa Brava Girona","og_url":"https:\/\/gironaprosport.com\/en\/b2b-en\/travel-agencies\/","og_site_name":"Girona ProSport","article_publisher":"http:\/\/fb.me\/gironaprosport","article_modified_time":"2021-08-09T13:39:55+00:00","twitter_card":"summary_large_image","twitter_misc":{"Est. reading time":"2 minutes"},"schema":{"@context":"https:\/\/schema.org","@graph":[{"@type":"WebPage","@id":"https:\/\/gironaprosport.com\/en\/b2b-en\/travel-agencies\/","url":"https:\/\/gironaprosport.com\/en\/b2b-en\/travel-agencies\/","name":"Travel agencies - Girona ProSport","isPartOf":{"@id":"https:\/\/gironaprosport.com\/en\/#website"},"datePublished":"2020-12-30T12:27:05+00:00","dateModified":"2021-08-09T13:39:55+00:00","description":"We offer cooperation in organizing active holidays in Spain for travel agencies. We are a member of the patronage of tourism Costa Brava Girona","breadcrumb":{"@id":"https:\/\/gironaprosport.com\/en\/b2b-en\/travel-agencies\/#breadcrumb"},"inLanguage":"en-US","potentialAction":[{"@type":"ReadAction","target":["https:\/\/gironaprosport.com\/en\/b2b-en\/travel-agencies\/"]}]},{"@type":"BreadcrumbList","@id":"https:\/\/gironaprosport.com\/en\/b2b-en\/travel-agencies\/#breadcrumb","itemListElement":[{"@type":"ListItem","position":1,"name":"Domovsk\u00e1 str\u00e1nka","item":"https:\/\/gironaprosport.com\/en\/"},{"@type":"ListItem","position":2,"name":"B2B","item":"https:\/\/gironaprosport.com\/en\/b2b-en\/"},{"@type":"ListItem","position":3,"name":"Travel agencies"}]},{"@type":"WebSite","@id":"https:\/\/gironaprosport.com\/en\/#website","url":"https:\/\/gironaprosport.com\/en\/","name":"Girona ProSport","description":"Cykloz\u00e1jazdy","publisher":{"@id":"https:\/\/gironaprosport.com\/en\/#organization"},"potentialAction":[{"@type":"SearchAction","target":{"@type":"EntryPoint","urlTemplate":"https:\/\/gironaprosport.com\/en\/?s={search_term_string}"},"query-input":{"@type":"PropertyValueSpecification","valueRequired":true,"valueName":"search_term_string"}}],"inLanguage":"en-US"},{"@type":"Organization","@id":"https:\/\/gironaprosport.com\/en\/#organization","name":"Girona PRO SPORT","url":"https:\/\/gironaprosport.com\/en\/","logo":{"@type":"ImageObject","inLanguage":"en-US","@id":"https:\/\/gironaprosport.com\/en\/#\/schema\/logo\/image\/","url":"https:\/\/gironaprosport.com\/wp-content\/uploads\/logo-gps_64.png","contentUrl":"https:\/\/gironaprosport.com\/wp-content\/uploads\/logo-gps_64.png","width":320,"height":64,"caption":"Girona PRO SPORT"},"image":{"@id":"https:\/\/gironaprosport.com\/en\/#\/schema\/logo\/image\/"},"sameAs":["http:\/\/fb.me\/gironaprosport","http:\/\/instagram.com\/girona_prosport\/","https:\/\/www.youtube.com\/channel\/UCv7gLuh2ONY6kESVj_3aSnA"]}]}},"meta_box":[],"_links":{"self":[{"href":"https:\/\/gironaprosport.com\/en\/wp-json\/wp\/v2\/pages\/7337","targetHints":{"allow":["GET"]}}],"collection":[{"href":"https:\/\/gironaprosport.com\/en\/wp-json\/wp\/v2\/pages"}],"about":[{"href":"https:\/\/gironaprosport.com\/en\/wp-json\/wp\/v2\/types\/page"}],"author":[{"embeddable":true,"href":"https:\/\/gironaprosport.com\/en\/wp-json\/wp\/v2\/users\/2"}],"replies":[{"embeddable":true,"href":"https:\/\/gironaprosport.com\/en\/wp-json\/wp\/v2\/comments?post=7337"}],"version-history":[{"count":0,"href":"https:\/\/gironaprosport.com\/en\/wp-json\/wp\/v2\/pages\/7337\/revisions"}],"up":[{"embeddable":true,"href":"https:\/\/gironaprosport.com\/en\/wp-json\/wp\/v2\/pages\/7344"}],"wp:attachment":[{"href":"https:\/\/gironaprosport.com\/en\/wp-json\/wp\/v2\/media?parent=7337"}],"curies":[{"name":"wp","href":"https:\/\/api.w.org\/{rel}","templated":true}]}}