{"id":9996,"date":"2021-03-18T16:26:21","date_gmt":"2021-03-18T15:26:21","guid":{"rendered":"https:\/\/gironaprosport.com\/produkt\/mollo-trail-run-pyreneje-preteky-horsky-beh\/"},"modified":"2025-07-27T04:10:05","modified_gmt":"2025-07-27T02:10:05","slug":"mollo-trail-run-pyreneje-zavody-horsky-beh","status":"publish","type":"product","link":"https:\/\/gironaprosport.com\/cs\/produkt-cs\/mollo-trail-run-pyreneje-zavody-horsky-beh\/","title":{"rendered":"Mollo Trail Run Pyreneje &#8211; z\u00e1vody horsk\u00fd b\u011bh"},"content":{"rendered":"<div class=\"wpb-content-wrapper\"><p>[vc_row][vc_column][vc_column_text]Z\u00fa\u010dastn\u011bte se s n\u00e1mi<strong> z\u00e1vod\u016f v horsk\u00e9m b\u011bhu<\/strong> Mollo Trail Run Pyreneje v kv\u011btnu. M\u016f\u017eete si vybrat mezi <strong>maratonem<\/strong> a <strong>polmaratonem<\/strong>.<\/p>\n<p>Moll\u00f3 trail run Pyreneje je <strong>p\u0159eshrani\u010dn\u00ed horsk\u00fd b\u011bh<\/strong>, kter\u00fd p\u0159ipom\u00edn\u00e1 (stezkami, lesy a \u0159ekami) cestu mnoha mu\u017e\u016f a \u017een, kte\u0159\u00ed na konci \u0161pan\u011blsk\u00e9 ob\u010dansk\u00e9 v\u00e1lky museli odej\u00edt do exilu do Francie.<\/p>\n<p>Z\u00e1vody se <strong>dv\u011bma trasami<\/strong> v d\u00e9lce <strong>43 km<\/strong> nebo <strong>20 km<\/strong> vedou m\u00edsty Moll\u00f3, Coll d&#8217;Ares, Prats de Moll\u00f3 a Espinavell ve v\u00fdchodn\u00ed \u010d\u00e1sti p\u0159\u00edrodn\u00edho parku \u00a0<a href=\"https:\/\/www.catalunya.com\/parc-natural-de-les-capcaleres-del-ter-i-del-freser-17-17001-18?language=es\" target=\"_blank\" rel=\"noopener\">Cap\u00e7aleres del Ter a Freser<\/a>.<\/p>\n<p>Budete tedy b\u011b\u017eet tak po <strong>\u0161pan\u011blsk\u00e9, jako\u017e i francouzsk\u00e9 stran\u011b Pyrenej\u00ed.<\/strong><\/p>\n<p>Z\u00e1vody jsou<strong> lok\u00e1ln\u011b zam\u011b\u0159eny<\/strong>, po\u0159\u00e1dan\u00e9 m\u00edstn\u00edmi dobrovoln\u00edky, a t\u011b\u0161\u00ed velk\u00e9 popularit\u011b u\u017e n\u011bkolik let. Spolu s z\u00e1vodem jsme p\u0159ipravili men\u0161\u00ed bal\u00ed\u010dek abyste krom\u011b b\u011bhu poznali i <strong>lok\u00e1ln\u00ed prost\u0159ed\u00ed a gastronomii<\/strong>. Tento event je jedine\u010dnou p\u0159\u00edle\u017eitost\u00ed poznat <strong>autenti\u010dnost<\/strong>, n\u00e1dheru <strong>v\u00fdchodn\u00edch Pyrenej\u00ed<\/strong> a lok\u00e1ln\u00ed kulturu.<\/p>\n<h4>Datum: kv\u011bten 2022<\/h4>\n<p><strong>C\u00edlov\u00e1 skupina<\/strong>: nad\u0161enci horsk\u00e9ho b\u011bhu, m\u00edrn\u011b pokro\u010dil\u00ed a\u017e pokro\u010dil\u00ed<\/p>\n<p><strong>M\u00edsto kon\u00e1n\u00ed<\/strong>: Moll\u00f3, v\u00fdchodn\u00ed Pyreneje, \u0160pan\u011blsko<\/p>\n<h3>Moll TRAIL Run Pyreneje 43 KM<\/h3>\n<p><strong>Vzd\u00e1lenost<\/strong>: 43,5km<\/p>\n<p><strong>P\u0159ev\u00fd\u0161en\u00ed stoup\u00e1n\u00edm<\/strong>: 2.392m<\/p>\n<p><strong>Maxim\u00e1ln\u00ed nadmo\u0159sk\u00e1 v\u00fd\u0161ka<\/strong>: 1.674m<\/p>\n<p><a href=\"https:\/\/ca.wikiloc.com\/rutes-outdoor\/cursa-mollo-trail-43-km-45722805\" target=\"_blank\" rel=\"noopener\">Link na trasu 43 km<\/a><\/p>\n<p><a href=\"https:\/\/gironaprosport.com\/wp-content\/uploads\/profil-43-km.png\"><img loading=\"lazy\" decoding=\"async\" class=\"size-large wp-image-7127 aligncenter\" src=\"https:\/\/gironaprosport.com\/wp-content\/uploads\/profil-43-km-1024x205.png\" alt=\"profil 43km mollo\" width=\"1024\" height=\"205\" srcset=\"https:\/\/gironaprosport.com\/wp-content\/uploads\/profil-43-km-1024x205.png 1024w, https:\/\/gironaprosport.com\/wp-content\/uploads\/profil-43-km-300x60.png 300w, https:\/\/gironaprosport.com\/wp-content\/uploads\/profil-43-km-768x154.png 768w, https:\/\/gironaprosport.com\/wp-content\/uploads\/profil-43-km-1x1.png 1w, https:\/\/gironaprosport.com\/wp-content\/uploads\/profil-43-km-10x2.png 10w, https:\/\/gironaprosport.com\/wp-content\/uploads\/profil-43-km-600x120.png 600w, https:\/\/gironaprosport.com\/wp-content\/uploads\/profil-43-km.png 1425w\" sizes=\"auto, (max-width: 1024px) 100vw, 1024px\" \/><\/a><\/p>\n<h3>Moll TRAIL Run Pyreneje 20 KM<\/h3>\n<p><strong>Vzd\u00e1lenost<\/strong>: 20,6km<\/p>\n<p><strong>P\u0159ev\u00fd\u0161en\u00ed stoup\u00e1n\u00edm<\/strong>: 1.115m<\/p>\n<p><strong>Maxim\u00e1ln\u00ed nadmo\u0159sk\u00e1 v\u00fd\u0161ka<\/strong>: 1.642m<\/p>\n<p><a href=\"https:\/\/es.wikiloc.com\/rutas-carrera\/cursa-mollo-trail-20-km-32905308\" target=\"_blank\" rel=\"noopener\">Link na trasu 20 km<\/a><\/p>\n<p><a href=\"https:\/\/gironaprosport.com\/wp-content\/uploads\/profil-20-km.png\"><img loading=\"lazy\" decoding=\"async\" class=\"alignnone size-large wp-image-7128\" src=\"https:\/\/gironaprosport.com\/wp-content\/uploads\/profil-20-km-1024x205.png\" alt=\"profil 20 km mollo\" width=\"1024\" height=\"205\" srcset=\"https:\/\/gironaprosport.com\/wp-content\/uploads\/profil-20-km-1024x205.png 1024w, https:\/\/gironaprosport.com\/wp-content\/uploads\/profil-20-km-300x60.png 300w, https:\/\/gironaprosport.com\/wp-content\/uploads\/profil-20-km-768x154.png 768w, https:\/\/gironaprosport.com\/wp-content\/uploads\/profil-20-km-1x1.png 1w, https:\/\/gironaprosport.com\/wp-content\/uploads\/profil-20-km-10x2.png 10w, https:\/\/gironaprosport.com\/wp-content\/uploads\/profil-20-km-600x120.png 600w, https:\/\/gironaprosport.com\/wp-content\/uploads\/profil-20-km.png 1425w\" sizes=\"auto, (max-width: 1024px) 100vw, 1024px\" \/><\/a><\/p>\n<p>&nbsp;<\/p>\n<p><strong>Cena trail 20km: \u20ac 175<\/strong><\/p>\n<p><strong>Cena trail 43km: \u20ac 199<\/strong><\/p>\n<p>&nbsp;<\/p>\n<p>Cena zahrnuje <strong>ubytov\u00e1n\u00ed 2 noci<\/strong> se sn\u00eddan\u00ed <strong>v horsk\u00e9 chat\u011b<\/strong>, tematickou <strong>ve\u010de\u0159i s degustac\u00ed m\u00edstn\u00edch j\u00eddel<\/strong>, p\u016fl-denn\u00ed <strong>v\u00fdlet s m\u00edstn\u00edm pr\u016fvodcem<\/strong> kter\u00fd n\u00e1m p\u0159ibl\u00ed\u017e\u00ed historii a kulturn\u00ed d\u011bdictv\u00ed lok\u00e1ln\u00edho prost\u0159ed\u00ed, z\u00e1pisn\u00e9 na z\u00e1vody (startovn\u00ed \u010d\u00edslo, bal\u00ed\u010dek s men\u0161\u00edmi suven\u00fdry, mas\u00e1\u017e po z\u00e1vod\u011b , ob\u010derstven\u00ed po trati &#8211; 4 stanice na 20km a 7 stanic na 43km, poji\u0161t\u011bn\u00ed), <strong>slovensk\u00e9ho pr\u016fvodce.<\/strong><\/p>\n<p>V p\u0159\u00edpad\u011b nemo\u017enosti vycestovat z d\u016fvodu restrikc\u00ed u Covid-19, <strong>100% vr\u00e1cen\u00ed z\u00e1lohy<\/strong>. Z\u00e1loha 40 Eur splatn\u00e1 p\u0159i rezervaci, zbytek m\u011bs\u00edc p\u0159ed term\u00ednem eventu.<\/p>\n<p>&nbsp;<\/p>\n<h4>Program:<\/h4>\n<p>P\u0159\u00edchod do Espinavell v p\u00e1tek 4. \u010dervna. Doporu\u010dujeme p\u0159\u00edlet do Barcelony (nebo Girony) a tam pron\u00e1jem auta. Tak let jako\u017e i pron\u00e1jem vozu V\u00e1m m\u016f\u017eeme rezervovat. V p\u00e1tek ve\u010der tematick\u00e1 ve\u010de\u0159e v lok\u00e1ln\u00ed restauraci v Espinavell &#8211; restaurace je hned vedle horsk\u00e9 chaty. V sobotu dopoledne p\u016fl-denn\u00ed v\u00fdlet s m\u00edstn\u00edm pr\u016fvodcem. V ned\u011bli r\u00e1no z\u00e1vody v Moll\u00f3, start je o 8:30.<\/p>\n<h4>Ubytov\u00e1n\u00ed:<\/h4>\n<p>Ubytov\u00e1n\u00ed v bal\u00ed\u010dku je v horsk\u00e9 chat\u011b, v sd\u00edlen\u00fdch pokoj\u00edch. Pokud preferujete v\u011bt\u0161\u00ed pohodl\u00ed, p\u0159\u00edpadn\u011b chcete p\u0159ij\u00edt s rodinou, m\u016f\u017eeme nab\u00eddnout alternativn\u00ed ubytov\u00e1n\u00ed.<\/p>\n<p>Pokud si chcete v\u00fdlet prodlou\u017eit samoz\u0159ejm\u011b nen\u00ed probl\u00e9m, pom\u016f\u017eeme i r\u00e1di pom\u016f\u017eeme s organizac\u00ed \u00a0<span style=\"color: #ffb98e\"><a style=\"color: #ffb98e\" href=\"https:\/\/gironaprosport.com\/cs\/sluzby-cs\/\" target=\"_blank\" rel=\"noopener noreferrer\">dopl\u0148kov\u00e9ho programu<\/a><\/span>\u00a0 a tipy co nav\u0161t\u00edvit. P\u0159\u00edpadn\u011b pokud nechcete pronaj\u00edmat auto, pom\u016f\u017eeme s alternativn\u00ed dopravou (vlak Barcelona &#8211; Ripoll, taxi Ripoll &#8211; Espinavell, p\u0159esun z Espinavell do Mollo na start z\u00e1vodu).<\/p>\n<p>Viz tak\u00e9 ostatn\u00ed\u00a0<a href=\"https:\/\/gironaprosport.com\/kategoria-produktu\/tour\/\" target=\"_blank\" rel=\"noopener\">z\u00e1jezdy kter\u00e9 organizujeme<\/a> \u00a0a rozhodn\u011bte se kter\u00fd V\u00e1m nejv\u00edce vyhovuje.<\/p>\n<p>V\u00edce info o z\u00e1vodech \u00a0<a href=\"https:\/\/www.mollo.cat\/mollotrail\" target=\"_blank\" rel=\"noopener\">\u00a0Mollo Trail<\/a><\/p>\n<p>&nbsp;<\/p>\n<p>Uvid\u00edme se v Pyrenej\u00edch? \ud83d\ude42<\/p>\n<p>[\/vc_column_text][vc_video link=&#8220;https:\/\/www.youtube.com\/watch?v=_oPpiV-iCbM&#8220; el_width=&#8220;70&#8243; align=&#8220;center&#8220;][\/vc_column][\/vc_row]<\/p>\n<\/div>","protected":false},"excerpt":{"rendered":"<p>Z\u00e1vody v horsk\u00e9m b\u011bhu Mollo Trail Pyreneje v kv\u011btnu 2022. Dv\u011b trasy &#8211; horsk\u00fd marat\u00f3n (43 km) a polmarat\u00f3n (20km). Tento event je jedine\u010dnou p\u0159\u00edle\u017eitost\u00ed poznat n\u00e1dheru v\u00fdchodn\u00edch Pyrenej\u00ed a lok\u00e1ln\u00ed kulturu. Autenticita, lok\u00e1ln\u00ed z\u00e1vody.<\/p>\n","protected":false},"featured_media":10009,"comment_status":"open","ping_status":"closed","template":"","meta":{"_monsterinsights_skip_tracking":false,"_monsterinsights_sitenote_active":false,"_monsterinsights_sitenote_note":"","_monsterinsights_sitenote_category":0},"product-type":[108],"etheme_brands":[],"product_brand":[],"product_cat":[353],"product_tag":[580,610,574,654,632],"class_list":{"0":"post-9996","1":"product","2":"type-product","3":"status-publish","4":"has-post-thumbnail","6":"product-type-event","7":"product_cat-horsky-beh-trail-running-cs","8":"product_tag-beh-cs","9":"product_tag-horsky-beh-cs","10":"product_tag-pyreneje-cs","11":"product_tag-trail-run-cs","12":"product_tag-zavody","14":"first","15":"instock","16":"shipping-taxable","17":"purchasable"},"supplier_id":null,"supplier_sku":"","barcode":null,"atum_controlled":true,"out_stock_date":null,"out_stock_threshold":null,"inheritable":false,"inbound_stock":null,"stock_on_hold":0,"sold_today":0,"sales_last_days":0,"reserved_stock":null,"customer_returns":null,"warehouse_damage":null,"lost_in_post":null,"other_logs":null,"out_stock_days":0,"lost_sales":0,"has_location":null,"update_date":"2026-05-01T01:02:49","atum_locations":[],"atum_stock_status":"instock","restock_status":false,"low_stock_amount":"","sales_update_date":"2026-05-01T01:02:49","calc_backorders":null,"yoast_head":"<!-- This site is optimized with the Yoast SEO plugin v26.6 - https:\/\/yoast.com\/wordpress\/plugins\/seo\/ -->\n<title>Mollo Trail Run Pyreneje - z\u00e1vody horsk\u00fd b\u011bh - Girona ProSport<\/title>\n<meta name=\"description\" content=\"Trail Run Pyreneje - z\u00e1vody v horsk\u00e9m b\u011bhu Mollo Trail, kv\u011bten 2022. Dv\u011b trasy - horsk\u00fd marat\u00f3n (43 km) a polmarat\u00f3n (20km). Autenticita, lok\u00e1ln\u00ed z\u00e1vody.\" \/>\n<meta name=\"robots\" content=\"index, follow, max-snippet:-1, max-image-preview:large, max-video-preview:-1\" \/>\n<link rel=\"canonical\" href=\"https:\/\/gironaprosport.com\/cs\/produkt-cs\/mollo-trail-run-pyreneje-zavody-horsky-beh\/\" \/>\n<meta property=\"og:locale\" content=\"cs_CZ\" \/>\n<meta property=\"og:type\" content=\"article\" \/>\n<meta property=\"og:title\" content=\"Mollo Trail Run Pyreneje - z\u00e1vody horsk\u00fd b\u011bh\" \/>\n<meta property=\"og:description\" content=\"Trail Run Pyreneje - z\u00e1vody v horsk\u00e9m b\u011bhu Mollo Trail, \u010derven 2021. Dv\u011b trasy - horsk\u00fd marat\u00f3n (43 km) a polmarat\u00f3n (20km). Autenticita, lok\u00e1ln\u00ed z\u00e1vody.\" \/>\n<meta property=\"og:url\" content=\"https:\/\/gironaprosport.com\/cs\/produkt-cs\/mollo-trail-run-pyreneje-zavody-horsky-beh\/\" \/>\n<meta property=\"og:site_name\" content=\"Girona ProSport\" \/>\n<meta property=\"article:publisher\" content=\"http:\/\/fb.me\/gironaprosport\" \/>\n<meta property=\"article:modified_time\" content=\"2025-07-27T02:10:05+00:00\" \/>\n<meta property=\"og:image\" content=\"https:\/\/gironaprosport.com\/wp-content\/uploads\/mollo-trail-run-1-scaled.jpg\" \/>\n<meta name=\"twitter:card\" content=\"summary_large_image\" \/>\n<meta name=\"twitter:label1\" content=\"Odhadovan\u00e1 doba \u010dten\u00ed\" \/>\n\t<meta name=\"twitter:data1\" content=\"3 minuty\" \/>\n<script type=\"application\/ld+json\" class=\"yoast-schema-graph\">{\"@context\":\"https:\/\/schema.org\",\"@graph\":[{\"@type\":\"WebPage\",\"@id\":\"https:\/\/gironaprosport.com\/cs\/produkt-cs\/mollo-trail-run-pyreneje-zavody-horsky-beh\/\",\"url\":\"https:\/\/gironaprosport.com\/cs\/produkt-cs\/mollo-trail-run-pyreneje-zavody-horsky-beh\/\",\"name\":\"Mollo Trail Run Pyreneje - z\u00e1vody horsk\u00fd b\u011bh - Girona ProSport\",\"isPartOf\":{\"@id\":\"https:\/\/gironaprosport.com\/cs\/#website\"},\"primaryImageOfPage\":{\"@id\":\"https:\/\/gironaprosport.com\/cs\/produkt-cs\/mollo-trail-run-pyreneje-zavody-horsky-beh\/#primaryimage\"},\"image\":{\"@id\":\"https:\/\/gironaprosport.com\/cs\/produkt-cs\/mollo-trail-run-pyreneje-zavody-horsky-beh\/#primaryimage\"},\"thumbnailUrl\":\"https:\/\/gironaprosport.com\/wp-content\/uploads\/mollo-trail-run-scaled.jpg\",\"datePublished\":\"2021-03-18T15:26:21+00:00\",\"dateModified\":\"2025-07-27T02:10:05+00:00\",\"description\":\"Trail Run Pyreneje - z\u00e1vody v horsk\u00e9m b\u011bhu Mollo Trail, kv\u011bten 2022. Dv\u011b trasy - horsk\u00fd marat\u00f3n (43 km) a polmarat\u00f3n (20km). Autenticita, lok\u00e1ln\u00ed z\u00e1vody.\",\"breadcrumb\":{\"@id\":\"https:\/\/gironaprosport.com\/cs\/produkt-cs\/mollo-trail-run-pyreneje-zavody-horsky-beh\/#breadcrumb\"},\"inLanguage\":\"cs\",\"potentialAction\":[{\"@type\":\"ReadAction\",\"target\":[\"https:\/\/gironaprosport.com\/cs\/produkt-cs\/mollo-trail-run-pyreneje-zavody-horsky-beh\/\"]}]},{\"@type\":\"ImageObject\",\"inLanguage\":\"cs\",\"@id\":\"https:\/\/gironaprosport.com\/cs\/produkt-cs\/mollo-trail-run-pyreneje-zavody-horsky-beh\/#primaryimage\",\"url\":\"https:\/\/gironaprosport.com\/wp-content\/uploads\/mollo-trail-run-scaled.jpg\",\"contentUrl\":\"https:\/\/gironaprosport.com\/wp-content\/uploads\/mollo-trail-run-scaled.jpg\",\"width\":2048,\"height\":1363,\"caption\":\"mollo trail run\"},{\"@type\":\"BreadcrumbList\",\"@id\":\"https:\/\/gironaprosport.com\/cs\/produkt-cs\/mollo-trail-run-pyreneje-zavody-horsky-beh\/#breadcrumb\",\"itemListElement\":[{\"@type\":\"ListItem\",\"position\":1,\"name\":\"Domovsk\u00e1 str\u00e1nka\",\"item\":\"https:\/\/gironaprosport.com\/cs\/\"},{\"@type\":\"ListItem\",\"position\":2,\"name\":\"Shop\",\"item\":\"https:\/\/gironaprosport.com\/cs\/shop-cs\/\"},{\"@type\":\"ListItem\",\"position\":3,\"name\":\"Mollo Trail Run Pyreneje &#8211; z\u00e1vody horsk\u00fd b\u011bh\"}]},{\"@type\":\"WebSite\",\"@id\":\"https:\/\/gironaprosport.com\/cs\/#website\",\"url\":\"https:\/\/gironaprosport.com\/cs\/\",\"name\":\"Girona ProSport\",\"description\":\"Cykloz\u00e1jazdy\",\"publisher\":{\"@id\":\"https:\/\/gironaprosport.com\/cs\/#organization\"},\"potentialAction\":[{\"@type\":\"SearchAction\",\"target\":{\"@type\":\"EntryPoint\",\"urlTemplate\":\"https:\/\/gironaprosport.com\/cs\/?s={search_term_string}\"},\"query-input\":{\"@type\":\"PropertyValueSpecification\",\"valueRequired\":true,\"valueName\":\"search_term_string\"}}],\"inLanguage\":\"cs\"},{\"@type\":\"Organization\",\"@id\":\"https:\/\/gironaprosport.com\/cs\/#organization\",\"name\":\"Girona PRO SPORT\",\"url\":\"https:\/\/gironaprosport.com\/cs\/\",\"logo\":{\"@type\":\"ImageObject\",\"inLanguage\":\"cs\",\"@id\":\"https:\/\/gironaprosport.com\/cs\/#\/schema\/logo\/image\/\",\"url\":\"https:\/\/gironaprosport.com\/wp-content\/uploads\/logo-gps_64.png\",\"contentUrl\":\"https:\/\/gironaprosport.com\/wp-content\/uploads\/logo-gps_64.png\",\"width\":320,\"height\":64,\"caption\":\"Girona PRO SPORT\"},\"image\":{\"@id\":\"https:\/\/gironaprosport.com\/cs\/#\/schema\/logo\/image\/\"},\"sameAs\":[\"http:\/\/fb.me\/gironaprosport\",\"http:\/\/instagram.com\/girona_prosport\/\",\"https:\/\/www.youtube.com\/channel\/UCv7gLuh2ONY6kESVj_3aSnA\"]}]}<\/script>\n<!-- \/ Yoast SEO plugin. -->","yoast_head_json":{"title":"Mollo Trail Run Pyreneje - z\u00e1vody horsk\u00fd b\u011bh - Girona ProSport","description":"Trail Run Pyreneje - z\u00e1vody v horsk\u00e9m b\u011bhu Mollo Trail, kv\u011bten 2022. Dv\u011b trasy - horsk\u00fd marat\u00f3n (43 km) a polmarat\u00f3n (20km). Autenticita, lok\u00e1ln\u00ed z\u00e1vody.","robots":{"index":"index","follow":"follow","max-snippet":"max-snippet:-1","max-image-preview":"max-image-preview:large","max-video-preview":"max-video-preview:-1"},"canonical":"https:\/\/gironaprosport.com\/cs\/produkt-cs\/mollo-trail-run-pyreneje-zavody-horsky-beh\/","og_locale":"cs_CZ","og_type":"article","og_title":"Mollo Trail Run Pyreneje - z\u00e1vody horsk\u00fd b\u011bh","og_description":"Trail Run Pyreneje - z\u00e1vody v horsk\u00e9m b\u011bhu Mollo Trail, \u010derven 2021. Dv\u011b trasy - horsk\u00fd marat\u00f3n (43 km) a polmarat\u00f3n (20km). Autenticita, lok\u00e1ln\u00ed z\u00e1vody.","og_url":"https:\/\/gironaprosport.com\/cs\/produkt-cs\/mollo-trail-run-pyreneje-zavody-horsky-beh\/","og_site_name":"Girona ProSport","article_publisher":"http:\/\/fb.me\/gironaprosport","article_modified_time":"2025-07-27T02:10:05+00:00","og_image":[{"url":"https:\/\/gironaprosport.com\/wp-content\/uploads\/mollo-trail-run-1-scaled.jpg","type":"","width":"","height":""}],"twitter_card":"summary_large_image","twitter_misc":{"Odhadovan\u00e1 doba \u010dten\u00ed":"3 minuty"},"schema":{"@context":"https:\/\/schema.org","@graph":[{"@type":"WebPage","@id":"https:\/\/gironaprosport.com\/cs\/produkt-cs\/mollo-trail-run-pyreneje-zavody-horsky-beh\/","url":"https:\/\/gironaprosport.com\/cs\/produkt-cs\/mollo-trail-run-pyreneje-zavody-horsky-beh\/","name":"Mollo Trail Run Pyreneje - z\u00e1vody horsk\u00fd b\u011bh - Girona ProSport","isPartOf":{"@id":"https:\/\/gironaprosport.com\/cs\/#website"},"primaryImageOfPage":{"@id":"https:\/\/gironaprosport.com\/cs\/produkt-cs\/mollo-trail-run-pyreneje-zavody-horsky-beh\/#primaryimage"},"image":{"@id":"https:\/\/gironaprosport.com\/cs\/produkt-cs\/mollo-trail-run-pyreneje-zavody-horsky-beh\/#primaryimage"},"thumbnailUrl":"https:\/\/gironaprosport.com\/wp-content\/uploads\/mollo-trail-run-scaled.jpg","datePublished":"2021-03-18T15:26:21+00:00","dateModified":"2025-07-27T02:10:05+00:00","description":"Trail Run Pyreneje - z\u00e1vody v horsk\u00e9m b\u011bhu Mollo Trail, kv\u011bten 2022. Dv\u011b trasy - horsk\u00fd marat\u00f3n (43 km) a polmarat\u00f3n (20km). Autenticita, lok\u00e1ln\u00ed z\u00e1vody.","breadcrumb":{"@id":"https:\/\/gironaprosport.com\/cs\/produkt-cs\/mollo-trail-run-pyreneje-zavody-horsky-beh\/#breadcrumb"},"inLanguage":"cs","potentialAction":[{"@type":"ReadAction","target":["https:\/\/gironaprosport.com\/cs\/produkt-cs\/mollo-trail-run-pyreneje-zavody-horsky-beh\/"]}]},{"@type":"ImageObject","inLanguage":"cs","@id":"https:\/\/gironaprosport.com\/cs\/produkt-cs\/mollo-trail-run-pyreneje-zavody-horsky-beh\/#primaryimage","url":"https:\/\/gironaprosport.com\/wp-content\/uploads\/mollo-trail-run-scaled.jpg","contentUrl":"https:\/\/gironaprosport.com\/wp-content\/uploads\/mollo-trail-run-scaled.jpg","width":2048,"height":1363,"caption":"mollo trail run"},{"@type":"BreadcrumbList","@id":"https:\/\/gironaprosport.com\/cs\/produkt-cs\/mollo-trail-run-pyreneje-zavody-horsky-beh\/#breadcrumb","itemListElement":[{"@type":"ListItem","position":1,"name":"Domovsk\u00e1 str\u00e1nka","item":"https:\/\/gironaprosport.com\/cs\/"},{"@type":"ListItem","position":2,"name":"Shop","item":"https:\/\/gironaprosport.com\/cs\/shop-cs\/"},{"@type":"ListItem","position":3,"name":"Mollo Trail Run Pyreneje &#8211; z\u00e1vody horsk\u00fd b\u011bh"}]},{"@type":"WebSite","@id":"https:\/\/gironaprosport.com\/cs\/#website","url":"https:\/\/gironaprosport.com\/cs\/","name":"Girona ProSport","description":"Cykloz\u00e1jazdy","publisher":{"@id":"https:\/\/gironaprosport.com\/cs\/#organization"},"potentialAction":[{"@type":"SearchAction","target":{"@type":"EntryPoint","urlTemplate":"https:\/\/gironaprosport.com\/cs\/?s={search_term_string}"},"query-input":{"@type":"PropertyValueSpecification","valueRequired":true,"valueName":"search_term_string"}}],"inLanguage":"cs"},{"@type":"Organization","@id":"https:\/\/gironaprosport.com\/cs\/#organization","name":"Girona PRO SPORT","url":"https:\/\/gironaprosport.com\/cs\/","logo":{"@type":"ImageObject","inLanguage":"cs","@id":"https:\/\/gironaprosport.com\/cs\/#\/schema\/logo\/image\/","url":"https:\/\/gironaprosport.com\/wp-content\/uploads\/logo-gps_64.png","contentUrl":"https:\/\/gironaprosport.com\/wp-content\/uploads\/logo-gps_64.png","width":320,"height":64,"caption":"Girona PRO SPORT"},"image":{"@id":"https:\/\/gironaprosport.com\/cs\/#\/schema\/logo\/image\/"},"sameAs":["http:\/\/fb.me\/gironaprosport","http:\/\/instagram.com\/girona_prosport\/","https:\/\/www.youtube.com\/channel\/UCv7gLuh2ONY6kESVj_3aSnA"]}]}},"meta_box":{"gps_dates_event":[],"gps_distance":"43","gps_distance_note":"","gps_camber":"2392","gps_difficulty":"medium","gps_lasted":["3"],"gps_lasted_note":"","gps_guide":"1","gps_coach":"0","gps_stages":"1","gps_bicycle_rental":"0","gps_date_from":" ","gps_date_to":"","gps_map":[{"width":150,"height":150,"file":"track-mollo.jpg","sizes":{"medium":{"file":"track-mollo-300x216.jpg","width":300,"height":216,"mime-type":"image\/jpeg","url":"https:\/\/gironaprosport.com\/wp-content\/uploads\/track-mollo-300x216.jpg"},"thumbnail":{"file":"track-mollo-150x150.jpg","width":150,"height":150,"mime-type":"image\/jpeg","url":"https:\/\/gironaprosport.com\/wp-content\/uploads\/track-mollo-150x150.jpg"},"medium_large":{"file":"track-mollo-768x552.jpg","width":768,"height":552,"mime-type":"image\/jpeg","url":"https:\/\/gironaprosport.com\/wp-content\/uploads\/track-mollo-768x552.jpg"},"etheme-woocommerce-nimi":{"file":"track-mollo-1x1.jpg","width":1,"height":1,"mime-type":"image\/jpeg","url":"https:\/\/gironaprosport.com\/wp-content\/uploads\/track-mollo-1x1.jpg"},"etheme-nimi":{"file":"track-mollo-10x7.jpg","width":10,"height":7,"mime-type":"image\/jpeg","url":"https:\/\/gironaprosport.com\/wp-content\/uploads\/track-mollo-10x7.jpg"},"shop_catalog_alt":{"file":"track-mollo-600x600.jpg","width":600,"height":600,"mime-type":"image\/jpeg","url":"https:\/\/gironaprosport.com\/wp-content\/uploads\/track-mollo-600x600.jpg"},"woocommerce_thumbnail":{"file":"track-mollo-360x360.jpg","width":360,"height":360,"mime-type":"image\/jpeg","uncropped":false,"url":"https:\/\/gironaprosport.com\/wp-content\/uploads\/track-mollo-360x360.jpg"},"woocommerce_single":{"file":"track-mollo-600x431.jpg","width":600,"height":431,"mime-type":"image\/jpeg","url":"https:\/\/gironaprosport.com\/wp-content\/uploads\/track-mollo-600x431.jpg"},"woocommerce_gallery_thumbnail":{"file":"track-mollo-100x100.jpg","width":100,"height":100,"mime-type":"image\/jpeg","url":"https:\/\/gironaprosport.com\/wp-content\/uploads\/track-mollo-100x100.jpg"},"shop_catalog":{"file":"track-mollo-360x360.jpg","width":360,"height":360,"mime-type":"image\/jpeg","url":"https:\/\/gironaprosport.com\/wp-content\/uploads\/track-mollo-360x360.jpg"},"shop_single":{"file":"track-mollo-600x431.jpg","width":600,"height":431,"mime-type":"image\/jpeg","url":"https:\/\/gironaprosport.com\/wp-content\/uploads\/track-mollo-600x431.jpg"},"shop_thumbnail":{"file":"track-mollo-100x100.jpg","width":100,"height":100,"mime-type":"image\/jpeg","url":"https:\/\/gironaprosport.com\/wp-content\/uploads\/track-mollo-100x100.jpg"}},"image_meta":{"aperture":"0","credit":"","camera":"","caption":"","created_timestamp":"0","copyright":"","focal_length":"0","iso":"0","shutter_speed":"0","title":"","orientation":"0","keywords":[]},"ID":"7129","name":"track-mollo.jpg","path":"\/data\/a\/2\/a23847c4-7a58-48dc-b132-29ebe7618031\/gironaprosport.com\/web\/wp-content\/uploads\/track-mollo.jpg","url":"https:\/\/gironaprosport.com\/wp-content\/uploads\/track-mollo-150x150.jpg","full_url":"https:\/\/gironaprosport.com\/wp-content\/uploads\/track-mollo.jpg","title":"track mollo","caption":"","description":"","alt":"mollo track","srcset":"https:\/\/gironaprosport.com\/wp-content\/uploads\/track-mollo-150x150.jpg 150w, https:\/\/gironaprosport.com\/wp-content\/uploads\/track-mollo-1x1.jpg 1w, https:\/\/gironaprosport.com\/wp-content\/uploads\/track-mollo-600x600.jpg 600w, https:\/\/gironaprosport.com\/wp-content\/uploads\/track-mollo-360x360.jpg 360w, https:\/\/gironaprosport.com\/wp-content\/uploads\/track-mollo-100x100.jpg 100w"}]},"_links":{"self":[{"href":"https:\/\/gironaprosport.com\/cs\/wp-json\/wp\/v2\/product\/9996","targetHints":{"allow":["GET"]}}],"collection":[{"href":"https:\/\/gironaprosport.com\/cs\/wp-json\/wp\/v2\/product"}],"about":[{"href":"https:\/\/gironaprosport.com\/cs\/wp-json\/wp\/v2\/types\/product"}],"replies":[{"embeddable":true,"href":"https:\/\/gironaprosport.com\/cs\/wp-json\/wp\/v2\/comments?post=9996"}],"wp:featuredmedia":[{"embeddable":true,"href":"https:\/\/gironaprosport.com\/cs\/wp-json\/wp\/v2\/media\/10009"}],"wp:attachment":[{"href":"https:\/\/gironaprosport.com\/cs\/wp-json\/wp\/v2\/media?parent=9996"}],"wp:term":[{"taxonomy":"product-type","embeddable":true,"href":"https:\/\/gironaprosport.com\/cs\/wp-json\/wp\/v2\/product-type?post=9996"},{"taxonomy":"brand","embeddable":true,"href":"https:\/\/gironaprosport.com\/cs\/wp-json\/wp\/v2\/etheme_brands?post=9996"},{"taxonomy":"product_brand","embeddable":true,"href":"https:\/\/gironaprosport.com\/cs\/wp-json\/wp\/v2\/product_brand?post=9996"},{"taxonomy":"product_cat","embeddable":true,"href":"https:\/\/gironaprosport.com\/cs\/wp-json\/wp\/v2\/product_cat?post=9996"},{"taxonomy":"product_tag","embeddable":true,"href":"https:\/\/gironaprosport.com\/cs\/wp-json\/wp\/v2\/product_tag?post=9996"}],"curies":[{"name":"wp","href":"https:\/\/api.w.org\/{rel}","templated":true}]}}