{"id":8533,"date":"2020-02-19T21:54:09","date_gmt":"2020-02-19T20:54:09","guid":{"rendered":"https:\/\/gironaprosport.com\/produkt\/cyklozajezdy-girona-cyklozajezd-balicek-pro\/"},"modified":"2025-10-07T15:17:24","modified_gmt":"2025-10-07T13:17:24","slug":"cyklozajezdy-girona-cyklozajezd-balicek-pro","status":"publish","type":"product","link":"https:\/\/gironaprosport.com\/cs\/produkt-cs\/cyklozajezdy-girona-cyklozajezd-balicek-pro\/","title":{"rendered":"Cykloz\u00e1jezdy Girona &#8211; cykloz\u00e1jezd bal\u00ed\u010dek PRO"},"content":{"rendered":"<p>Cykloz\u00e1jezdy PRO &#8211; Cyklistika v <a style=\"color: #ffb98e\" href=\"https:\/\/gironaprosport.com\/cs\/proc-girona\/\" target=\"_blank\" rel=\"noopener noreferrer\">Girone<\/a> pod dohledem zku\u0161en\u00fdch profesion\u00e1ln\u00edch pr\u016fvodc\u016f kte\u0159\u00ed s v\u00e1mi budou jezdit, pomohou profi tipy, uk\u00e1\u017e\u00ed V\u00e1m v\u0161e, co v\u011bd\u00ed lok\u00e1ln\u00ed cyklist\u00e9.<\/p>\n<h3><strong>Cykloz\u00e1jezd<\/strong> \u0160pan\u011blsko PRO obsahuje:<\/h3>\n<ul>\n<li><strong>ubytov\u00e1n\u00ed<\/strong> (bez stravy) v hotelu *** \/ apartm\u00e1nu *** v Giron\u011b<\/li>\n<li><strong>pron\u00e1jem st\u0159edn\u00ed t\u0159\u00eddy silni\u010dn\u00edho kola<\/strong> (RIDLEY FENIX 105, Cannondale Synapse Shimano 105 Disc, Bianchi Intenso, Bowman PalaceR alu Shimano 105 compact)<\/li>\n<li>sportovn\u00ed <strong>mas\u00e1\u017e<\/strong><\/li>\n<li><strong>profi cyklistick\u00e9 kalhoty<\/strong> zna\u010dky <a style=\"color: #ffb98e\" href=\"https:\/\/gironaprosport.com\/cs\/tactic-cs\/\" target=\"_blank\" rel=\"noopener noreferrer\">TACTIC<\/a><\/li>\n<li>profesion\u00e1ln\u00ed <strong>cyklo-pr\u016fvodce<\/strong> na\u00a0polovinu pobytu (2 dny p\u0159i pobytu na 5 dn\u00ed, 4 dny p\u0159i pobytu na 8 dn\u00ed)<\/li>\n<li>z\u00e1kladn\u00ed bal\u00ed\u010dek sportovn\u00edch gel\u016f a ty\u010dinek<\/li>\n<li><strong>trasy na cyklistiku<\/strong> v okol\u00ed Girony ve form\u00e1tu GPX<\/li>\n<li>n\u00e1v\u0161t\u011bva fabriky na v\u00fdrobu profesion\u00e1ln\u00edch sportovn\u00edch dres\u016f<\/li>\n<li>vstup do <strong>rom\u00e1nsk\u00fdch l\u00e1zn\u00ed<\/strong><\/li>\n<li><strong>info o <a href=\"https:\/\/nomadisbeautiful.com\/travel-blogs\/cycling-in-costa-brava\/\" target=\"_blank\" rel=\"noopener noreferrer\"><span style=\"color: #ffb98e\">cyklistice<\/span><\/a><span style=\"color: #ffb98e\">\u00a0Costa Brava<\/span><\/strong>, Girona<\/li>\n<li>mo\u017enost p\u0159idat se zdarma k <strong>hromadn\u00fdm amat\u00e9rsk\u00fdm v\u00fdjezdem<\/strong> kter\u00e9 se po\u0159\u00e1daj\u00ed ka\u017ed\u00fd t\u00fdden v Giron\u011b a info o jejich \u0159\u00edzen\u00ed.<\/li>\n<\/ul>\n<h3>CENA:<\/h3>\n<p><strong>Cena 735 EUR\/za osobu<\/strong>\u00a0za 5 dn\u00ed (<strong>4 noci, <\/strong>4 dn\u00ed pron\u00e1jmu kola) \u00a0min. 2 osoby<br \/>\n<strong>Cena 570 EUR\/za osobu<\/strong> za 5 dn\u00ed (<strong>4 noci, <\/strong>4 dn\u00ed pron\u00e1jmu kola) min. 6 os\u00f4b<br \/>\n<strong>Cena 1065 EUR\/za osobu<\/strong> za 8 dn\u00ed (<strong>7 noc\u00ed, <\/strong>7 dn\u00ed pron\u00e1jmu kola) min. 2 osoby<br \/>\n<strong>Cena 755 EUR\/za osobu<\/strong> za 8 dn\u00ed (<strong>7 noc\u00ed, <\/strong>7 dn\u00ed pron\u00e1jmu kola) min. 6 os\u00f4b<\/p>\n<p><span class=\"\">* Mo\u017enost upgrade:<\/span><br \/>\n<strong><span class=\"\">p\u0159\u00edprava tras GPX na m\u00edru\u00a0<\/span><\/strong><span class=\"\"><strong>10EUR<\/strong> \/ den,\u00a0<\/span><strong><span class=\"\">p\u0159\u00edprava tr\u00e9ninkov\u00e9ho pl\u00e1nu\u00a0<\/span><\/strong><span class=\"\"><strong>25eur<\/strong> \/ den, hotel **** + sn\u00eddan\u011b 15EUR \/ den, wattmetr 15EUR \/ den, GPS za\u0159\u00edzen\u00ed 15EUR \/ den, komplet sportovn\u00ed v\u00fd\u017eiva (gely, iso, proteinov\u00e9 ty\u010dinky) 12eur \/ den<\/span><\/p>\n<p>Ceny jsou uvedeny\u00a0 <strong>na <\/strong><strong>OSOBU<\/strong> pro skupiny 2 nebo 6 \u00fa\u010dastn\u00edk\u016f a d\u00e9lku pobytu 5 nebo 8 dn\u00ed.\u00a0Nicm\u00e9n\u011b pokud byste m\u011bli z\u00e1jem o jin\u00fd po\u010det osob (nap\u0159. Chcete p\u0159ij\u00edt s\u00e1m)\u00a0nebo jin\u00fd po\u010det dn\u00ed, \u017e\u00e1dn\u00fd probl\u00e9m,\u00a0kontaktujte n\u00e1s a za\u0161leme V\u00e1m upravenou cenu.\u00a0Rovn\u011b\u017e se r\u00e1di postar\u00e1me o rezervaci dopravy, transfer\u016f nebo jin\u00fdch slu\u017eeb kter\u00e9 m\u016f\u017eete pot\u0159ebovat.<\/p>\n<p><strong>Cykloz\u00e1jezd PRO<\/strong> V\u00e1m zajist\u00edme b\u011bhem cel\u00e9ho roku, klimatick\u00e9 podm\u00ednky pro cyklistiku v Giron\u011b jsou vhodn\u00e9 v jak\u00e9mkoliv ro\u010dn\u00edm obdob\u00ed &#8211; v jara si vychutn\u00e1te n\u00e1dhernou os\u00e1zenou p\u0159\u00edrodu, v l\u00e9t\u011b se m\u016f\u017eete vykoupat v mo\u0159i, na podzim se kochat kr\u00e1sn\u011b zbarven\u00fdmi kopci v okol\u00ed Girony a vychutnat si Costa Bravu s minimem turist\u016f, v zim\u011b se zase t\u011b\u0161it kr\u00e1sn\u00e9mu slune\u010dn\u00e9mu po\u010das\u00ed.<\/p>\n<p>Pokud\u00a0p\u0159ijdete\u00a0i\u00a0s\u00a0rodinou\u00a0,\u00a0r\u00e1di\u00a0pom\u016f\u017eeme\u00a0s\u00a0organizac\u00ed \u00a0<span style=\"color: #ffb98e\"><a style=\"color: #ffb98e\" href=\"https:\/\/gironaprosport.com\/cs\/sluzby-cs\/\" target=\"_blank\" rel=\"noopener noreferrer\">dopl\u0148kov\u00e9ho programu<\/a><\/span>\u00a0.\u00a0\u00a0<a href=\"https:\/\/translate.google.com\/translate?hl=es&amp;prev=_t&amp;sl=auto&amp;tl=cs&amp;u=https:\/\/gironaprosport.com\/sluzby\/\" target=\"_blank\" rel=\"noopener\">\u00a0<\/a><\/p>\n<p><a style=\"color: #ffb98e\" href=\"https:\/\/www.cyclingweekly.com\/routes\/cycling-in-girona-377321\" target=\"_blank\" rel=\"noopener noreferrer\">Cyklistika v Girone <\/a>a\u00a0na\u00a0Costa Brave je jedine\u010dn\u00fdm\u00a0z\u00e1\u017eitkem\u00a0,\u00a0pom\u016f\u017eeme\u00a0V\u00e1m\u00a0z\u00a0Va\u0161eho\u00a0v\u00fdletu\u00a0vyt\u011b\u017eit\u00a0maximum.<\/p>\n<p>T\u011b\u0161\u00edme\u00a0se\u00a0na\u00a0V\u00e1s\u00a0!<\/p>\n","protected":false},"excerpt":{"rendered":"<p>Cykloz\u00e1jezd PRO &#8211; Cyklistika v Giron\u011b pod dohledem zku\u0161en\u00fdch profesion\u00e1ln\u00edch pr\u016fvodc\u016f kte\u0159\u00ed s v\u00e1mi budou jezdit, pomohou profi tipy, uk\u00e1\u017e\u00ed V\u00e1m v\u0161e, co v\u011bd\u00ed lok\u00e1ln\u00ed cyklist\u00e9.<\/p>\n","protected":false},"featured_media":8468,"comment_status":"open","ping_status":"closed","template":"","meta":{"_monsterinsights_skip_tracking":false,"_monsterinsights_sitenote_active":false,"_monsterinsights_sitenote_note":"","_monsterinsights_sitenote_category":0},"product-type":[107,144],"etheme_brands":[],"product_brand":[],"product_cat":[405,399,401],"product_tag":[562,686,596,598,626,648,582,650],"class_list":{"0":"post-8533","1":"product","2":"type-product","3":"status-publish","4":"has-post-thumbnail","6":"product-type-tour","7":"product-type-tour-cycling-trip","8":"product_cat-cyklozajezdy-balicky","9":"product_cat-cyklozajezdy-girona","10":"product_cat-silnicni-cyklistika-cyklozajezdy-girona","11":"product_tag-5-dni-cs","12":"product_tag-8-dni-cs","13":"product_tag-cykloturistika-cs","14":"product_tag-cyklozajezdy","15":"product_tag-narocne-cs","16":"product_tag-pruvodce","17":"product_tag-silnicni-cyklistika","18":"product_tag-stredne-narocne-cs","20":"first","21":"instock","22":"shipping-taxable","23":"purchasable"},"supplier_id":null,"supplier_sku":"","barcode":null,"atum_controlled":false,"out_stock_date":null,"out_stock_threshold":null,"inheritable":false,"inbound_stock":null,"stock_on_hold":0,"sold_today":0,"sales_last_days":0,"reserved_stock":null,"customer_returns":null,"warehouse_damage":null,"lost_in_post":null,"other_logs":null,"out_stock_days":0,"lost_sales":0,"has_location":false,"update_date":"2026-04-25T00:57:38","atum_locations":[],"atum_stock_status":"instock","restock_status":false,"low_stock_amount":"","sales_update_date":"2026-04-25T00:57:38","calc_backorders":null,"yoast_head":"<!-- This site is optimized with the Yoast SEO plugin v26.6 - https:\/\/yoast.com\/wordpress\/plugins\/seo\/ -->\n<title>Cykloz\u00e1jezdy Girona - cykloz\u00e1jezd bal\u00ed\u010dek PRO - Girona ProSport<\/title>\n<meta name=\"description\" content=\"Cykloz\u00e1jezd PRO - Cyklistika v Giron\u011b pod dohledem zku\u0161en\u00fdch profesion\u00e1ln\u00edch tren\u00e9r\u016f kte\u0159\u00ed s v\u00e1mi budou jezdit ka\u017ed\u00fd den Va\u0161eho pobytu.\" \/>\n<meta name=\"robots\" content=\"index, follow, max-snippet:-1, max-image-preview:large, max-video-preview:-1\" \/>\n<link rel=\"canonical\" href=\"https:\/\/gironaprosport.com\/cs\/produkt-cs\/cyklozajezdy-girona-cyklozajezd-balicek-pro\/\" \/>\n<meta property=\"og:locale\" content=\"cs_CZ\" \/>\n<meta property=\"og:type\" content=\"article\" \/>\n<meta property=\"og:title\" content=\"Cykloz\u00e1jezdy Girona - bal\u00ed\u010dek PRO\" \/>\n<meta property=\"og:description\" content=\"Cykloz\u00e1jezdy PRO - Cyklistika v Giron\u011b pod dohledem zku\u0161en\u00fdch profesion\u00e1ln\u00edch tren\u00e9r\u016f kte\u0159\u00ed s v\u00e1mi budou jezdit ka\u017ed\u00fd den Va\u0161eho pobytu, pomohou profi tipy, uk\u00e1\u017e\u00ed rozli\u010dn\u00e9 techniky j\u00edzdy, pomohou V\u00e1m dos\u00e1hnout stanoven\u00fdch c\u00edl\u016f a zlep\u0161it celkovou v\u00fdkonnost.\" \/>\n<meta property=\"og:url\" content=\"https:\/\/gironaprosport.com\/cs\/produkt-cs\/cyklozajezdy-girona-cyklozajezd-balicek-pro\/\" \/>\n<meta property=\"og:site_name\" content=\"Girona ProSport\" \/>\n<meta property=\"article:publisher\" content=\"http:\/\/fb.me\/gironaprosport\" \/>\n<meta property=\"article:modified_time\" content=\"2025-10-07T13:17:24+00:00\" \/>\n<meta property=\"og:image\" content=\"https:\/\/gironaprosport.com\/wp-content\/uploads\/D47A2237-1.jpg\" \/>\n<meta name=\"twitter:card\" content=\"summary_large_image\" \/>\n<meta name=\"twitter:label1\" content=\"Odhadovan\u00e1 doba \u010dten\u00ed\" \/>\n\t<meta name=\"twitter:data1\" content=\"2 minuty\" \/>\n<script type=\"application\/ld+json\" class=\"yoast-schema-graph\">{\"@context\":\"https:\/\/schema.org\",\"@graph\":[{\"@type\":\"WebPage\",\"@id\":\"https:\/\/gironaprosport.com\/cs\/produkt-cs\/cyklozajezdy-girona-cyklozajezd-balicek-pro\/\",\"url\":\"https:\/\/gironaprosport.com\/cs\/produkt-cs\/cyklozajezdy-girona-cyklozajezd-balicek-pro\/\",\"name\":\"Cykloz\u00e1jezdy Girona - cykloz\u00e1jezd bal\u00ed\u010dek PRO - Girona ProSport\",\"isPartOf\":{\"@id\":\"https:\/\/gironaprosport.com\/cs\/#website\"},\"primaryImageOfPage\":{\"@id\":\"https:\/\/gironaprosport.com\/cs\/produkt-cs\/cyklozajezdy-girona-cyklozajezd-balicek-pro\/#primaryimage\"},\"image\":{\"@id\":\"https:\/\/gironaprosport.com\/cs\/produkt-cs\/cyklozajezdy-girona-cyklozajezd-balicek-pro\/#primaryimage\"},\"thumbnailUrl\":\"https:\/\/gironaprosport.com\/wp-content\/uploads\/PRO-cycling-package.jpg\",\"datePublished\":\"2020-02-19T20:54:09+00:00\",\"dateModified\":\"2025-10-07T13:17:24+00:00\",\"description\":\"Cykloz\u00e1jezd PRO - Cyklistika v Giron\u011b pod dohledem zku\u0161en\u00fdch profesion\u00e1ln\u00edch tren\u00e9r\u016f kte\u0159\u00ed s v\u00e1mi budou jezdit ka\u017ed\u00fd den Va\u0161eho pobytu.\",\"breadcrumb\":{\"@id\":\"https:\/\/gironaprosport.com\/cs\/produkt-cs\/cyklozajezdy-girona-cyklozajezd-balicek-pro\/#breadcrumb\"},\"inLanguage\":\"cs\",\"potentialAction\":[{\"@type\":\"ReadAction\",\"target\":[\"https:\/\/gironaprosport.com\/cs\/produkt-cs\/cyklozajezdy-girona-cyklozajezd-balicek-pro\/\"]}]},{\"@type\":\"ImageObject\",\"inLanguage\":\"cs\",\"@id\":\"https:\/\/gironaprosport.com\/cs\/produkt-cs\/cyklozajezdy-girona-cyklozajezd-balicek-pro\/#primaryimage\",\"url\":\"https:\/\/gironaprosport.com\/wp-content\/uploads\/PRO-cycling-package.jpg\",\"contentUrl\":\"https:\/\/gironaprosport.com\/wp-content\/uploads\/PRO-cycling-package.jpg\",\"width\":1080,\"height\":1080,\"caption\":\"cykloz\u00e1jezd PRO\"},{\"@type\":\"BreadcrumbList\",\"@id\":\"https:\/\/gironaprosport.com\/cs\/produkt-cs\/cyklozajezdy-girona-cyklozajezd-balicek-pro\/#breadcrumb\",\"itemListElement\":[{\"@type\":\"ListItem\",\"position\":1,\"name\":\"Domovsk\u00e1 str\u00e1nka\",\"item\":\"https:\/\/gironaprosport.com\/cs\/\"},{\"@type\":\"ListItem\",\"position\":2,\"name\":\"Shop\",\"item\":\"https:\/\/gironaprosport.com\/cs\/shop-cs\/\"},{\"@type\":\"ListItem\",\"position\":3,\"name\":\"Cykloz\u00e1jezdy Girona &#8211; cykloz\u00e1jezd bal\u00ed\u010dek PRO\"}]},{\"@type\":\"WebSite\",\"@id\":\"https:\/\/gironaprosport.com\/cs\/#website\",\"url\":\"https:\/\/gironaprosport.com\/cs\/\",\"name\":\"Girona ProSport\",\"description\":\"Cykloz\u00e1jazdy\",\"publisher\":{\"@id\":\"https:\/\/gironaprosport.com\/cs\/#organization\"},\"potentialAction\":[{\"@type\":\"SearchAction\",\"target\":{\"@type\":\"EntryPoint\",\"urlTemplate\":\"https:\/\/gironaprosport.com\/cs\/?s={search_term_string}\"},\"query-input\":{\"@type\":\"PropertyValueSpecification\",\"valueRequired\":true,\"valueName\":\"search_term_string\"}}],\"inLanguage\":\"cs\"},{\"@type\":\"Organization\",\"@id\":\"https:\/\/gironaprosport.com\/cs\/#organization\",\"name\":\"Girona PRO SPORT\",\"url\":\"https:\/\/gironaprosport.com\/cs\/\",\"logo\":{\"@type\":\"ImageObject\",\"inLanguage\":\"cs\",\"@id\":\"https:\/\/gironaprosport.com\/cs\/#\/schema\/logo\/image\/\",\"url\":\"https:\/\/gironaprosport.com\/wp-content\/uploads\/logo-gps_64.png\",\"contentUrl\":\"https:\/\/gironaprosport.com\/wp-content\/uploads\/logo-gps_64.png\",\"width\":320,\"height\":64,\"caption\":\"Girona PRO SPORT\"},\"image\":{\"@id\":\"https:\/\/gironaprosport.com\/cs\/#\/schema\/logo\/image\/\"},\"sameAs\":[\"http:\/\/fb.me\/gironaprosport\",\"http:\/\/instagram.com\/girona_prosport\/\",\"https:\/\/www.youtube.com\/channel\/UCv7gLuh2ONY6kESVj_3aSnA\"]}]}<\/script>\n<!-- \/ Yoast SEO plugin. -->","yoast_head_json":{"title":"Cykloz\u00e1jezdy Girona - cykloz\u00e1jezd bal\u00ed\u010dek PRO - Girona ProSport","description":"Cykloz\u00e1jezd PRO - Cyklistika v Giron\u011b pod dohledem zku\u0161en\u00fdch profesion\u00e1ln\u00edch tren\u00e9r\u016f kte\u0159\u00ed s v\u00e1mi budou jezdit ka\u017ed\u00fd den Va\u0161eho pobytu.","robots":{"index":"index","follow":"follow","max-snippet":"max-snippet:-1","max-image-preview":"max-image-preview:large","max-video-preview":"max-video-preview:-1"},"canonical":"https:\/\/gironaprosport.com\/cs\/produkt-cs\/cyklozajezdy-girona-cyklozajezd-balicek-pro\/","og_locale":"cs_CZ","og_type":"article","og_title":"Cykloz\u00e1jezdy Girona - bal\u00ed\u010dek PRO","og_description":"Cykloz\u00e1jezdy PRO - Cyklistika v Giron\u011b pod dohledem zku\u0161en\u00fdch profesion\u00e1ln\u00edch tren\u00e9r\u016f kte\u0159\u00ed s v\u00e1mi budou jezdit ka\u017ed\u00fd den Va\u0161eho pobytu, pomohou profi tipy, uk\u00e1\u017e\u00ed rozli\u010dn\u00e9 techniky j\u00edzdy, pomohou V\u00e1m dos\u00e1hnout stanoven\u00fdch c\u00edl\u016f a zlep\u0161it celkovou v\u00fdkonnost.","og_url":"https:\/\/gironaprosport.com\/cs\/produkt-cs\/cyklozajezdy-girona-cyklozajezd-balicek-pro\/","og_site_name":"Girona ProSport","article_publisher":"http:\/\/fb.me\/gironaprosport","article_modified_time":"2025-10-07T13:17:24+00:00","og_image":[{"url":"https:\/\/gironaprosport.com\/wp-content\/uploads\/D47A2237-1.jpg","type":"","width":"","height":""}],"twitter_card":"summary_large_image","twitter_misc":{"Odhadovan\u00e1 doba \u010dten\u00ed":"2 minuty"},"schema":{"@context":"https:\/\/schema.org","@graph":[{"@type":"WebPage","@id":"https:\/\/gironaprosport.com\/cs\/produkt-cs\/cyklozajezdy-girona-cyklozajezd-balicek-pro\/","url":"https:\/\/gironaprosport.com\/cs\/produkt-cs\/cyklozajezdy-girona-cyklozajezd-balicek-pro\/","name":"Cykloz\u00e1jezdy Girona - cykloz\u00e1jezd bal\u00ed\u010dek PRO - Girona ProSport","isPartOf":{"@id":"https:\/\/gironaprosport.com\/cs\/#website"},"primaryImageOfPage":{"@id":"https:\/\/gironaprosport.com\/cs\/produkt-cs\/cyklozajezdy-girona-cyklozajezd-balicek-pro\/#primaryimage"},"image":{"@id":"https:\/\/gironaprosport.com\/cs\/produkt-cs\/cyklozajezdy-girona-cyklozajezd-balicek-pro\/#primaryimage"},"thumbnailUrl":"https:\/\/gironaprosport.com\/wp-content\/uploads\/PRO-cycling-package.jpg","datePublished":"2020-02-19T20:54:09+00:00","dateModified":"2025-10-07T13:17:24+00:00","description":"Cykloz\u00e1jezd PRO - Cyklistika v Giron\u011b pod dohledem zku\u0161en\u00fdch profesion\u00e1ln\u00edch tren\u00e9r\u016f kte\u0159\u00ed s v\u00e1mi budou jezdit ka\u017ed\u00fd den Va\u0161eho pobytu.","breadcrumb":{"@id":"https:\/\/gironaprosport.com\/cs\/produkt-cs\/cyklozajezdy-girona-cyklozajezd-balicek-pro\/#breadcrumb"},"inLanguage":"cs","potentialAction":[{"@type":"ReadAction","target":["https:\/\/gironaprosport.com\/cs\/produkt-cs\/cyklozajezdy-girona-cyklozajezd-balicek-pro\/"]}]},{"@type":"ImageObject","inLanguage":"cs","@id":"https:\/\/gironaprosport.com\/cs\/produkt-cs\/cyklozajezdy-girona-cyklozajezd-balicek-pro\/#primaryimage","url":"https:\/\/gironaprosport.com\/wp-content\/uploads\/PRO-cycling-package.jpg","contentUrl":"https:\/\/gironaprosport.com\/wp-content\/uploads\/PRO-cycling-package.jpg","width":1080,"height":1080,"caption":"cykloz\u00e1jezd PRO"},{"@type":"BreadcrumbList","@id":"https:\/\/gironaprosport.com\/cs\/produkt-cs\/cyklozajezdy-girona-cyklozajezd-balicek-pro\/#breadcrumb","itemListElement":[{"@type":"ListItem","position":1,"name":"Domovsk\u00e1 str\u00e1nka","item":"https:\/\/gironaprosport.com\/cs\/"},{"@type":"ListItem","position":2,"name":"Shop","item":"https:\/\/gironaprosport.com\/cs\/shop-cs\/"},{"@type":"ListItem","position":3,"name":"Cykloz\u00e1jezdy Girona &#8211; cykloz\u00e1jezd bal\u00ed\u010dek PRO"}]},{"@type":"WebSite","@id":"https:\/\/gironaprosport.com\/cs\/#website","url":"https:\/\/gironaprosport.com\/cs\/","name":"Girona ProSport","description":"Cykloz\u00e1jazdy","publisher":{"@id":"https:\/\/gironaprosport.com\/cs\/#organization"},"potentialAction":[{"@type":"SearchAction","target":{"@type":"EntryPoint","urlTemplate":"https:\/\/gironaprosport.com\/cs\/?s={search_term_string}"},"query-input":{"@type":"PropertyValueSpecification","valueRequired":true,"valueName":"search_term_string"}}],"inLanguage":"cs"},{"@type":"Organization","@id":"https:\/\/gironaprosport.com\/cs\/#organization","name":"Girona PRO SPORT","url":"https:\/\/gironaprosport.com\/cs\/","logo":{"@type":"ImageObject","inLanguage":"cs","@id":"https:\/\/gironaprosport.com\/cs\/#\/schema\/logo\/image\/","url":"https:\/\/gironaprosport.com\/wp-content\/uploads\/logo-gps_64.png","contentUrl":"https:\/\/gironaprosport.com\/wp-content\/uploads\/logo-gps_64.png","width":320,"height":64,"caption":"Girona PRO SPORT"},"image":{"@id":"https:\/\/gironaprosport.com\/cs\/#\/schema\/logo\/image\/"},"sameAs":["http:\/\/fb.me\/gironaprosport","http:\/\/instagram.com\/girona_prosport\/","https:\/\/www.youtube.com\/channel\/UCv7gLuh2ONY6kESVj_3aSnA"]}]}},"meta_box":{"gps_dates_event":[],"gps_distance":" ","gps_distance_note":"","gps_camber":" ","gps_difficulty":"none","gps_lasted":["5","8"],"gps_lasted_note":"","gps_guide":"1","gps_coach":"0","gps_stages":"","gps_bicycle_rental":"1","gps_date_from":" ","gps_date_to":"","gps_map":[]},"_links":{"self":[{"href":"https:\/\/gironaprosport.com\/cs\/wp-json\/wp\/v2\/product\/8533","targetHints":{"allow":["GET"]}}],"collection":[{"href":"https:\/\/gironaprosport.com\/cs\/wp-json\/wp\/v2\/product"}],"about":[{"href":"https:\/\/gironaprosport.com\/cs\/wp-json\/wp\/v2\/types\/product"}],"replies":[{"embeddable":true,"href":"https:\/\/gironaprosport.com\/cs\/wp-json\/wp\/v2\/comments?post=8533"}],"wp:featuredmedia":[{"embeddable":true,"href":"https:\/\/gironaprosport.com\/cs\/wp-json\/wp\/v2\/media\/8468"}],"wp:attachment":[{"href":"https:\/\/gironaprosport.com\/cs\/wp-json\/wp\/v2\/media?parent=8533"}],"wp:term":[{"taxonomy":"product-type","embeddable":true,"href":"https:\/\/gironaprosport.com\/cs\/wp-json\/wp\/v2\/product-type?post=8533"},{"taxonomy":"brand","embeddable":true,"href":"https:\/\/gironaprosport.com\/cs\/wp-json\/wp\/v2\/etheme_brands?post=8533"},{"taxonomy":"product_brand","embeddable":true,"href":"https:\/\/gironaprosport.com\/cs\/wp-json\/wp\/v2\/product_brand?post=8533"},{"taxonomy":"product_cat","embeddable":true,"href":"https:\/\/gironaprosport.com\/cs\/wp-json\/wp\/v2\/product_cat?post=8533"},{"taxonomy":"product_tag","embeddable":true,"href":"https:\/\/gironaprosport.com\/cs\/wp-json\/wp\/v2\/product_tag?post=8533"}],"curies":[{"name":"wp","href":"https:\/\/api.w.org\/{rel}","templated":true}]}}