{"id":11328,"date":"2022-11-06T16:56:39","date_gmt":"2022-11-06T15:56:39","guid":{"rendered":"https:\/\/gironaprosport.com\/?post_type=product&#038;p=11328"},"modified":"2024-09-27T20:34:29","modified_gmt":"2024-09-27T18:34:29","slug":"pyreneje-od-atlantiku-po-stredozemni-more-cerven-2022","status":"publish","type":"product","link":"https:\/\/gironaprosport.com\/cs\/produkt-cs\/pyreneje-od-atlantiku-po-stredozemni-more-cerven-2022\/","title":{"rendered":"Pyreneje &#8211; od Atlantiku po St\u0159edozemn\u00ed mo\u0159e \u010cerven 2022"},"content":{"rendered":"<p>Cykloz\u00e1jezd Pyreneje &#8211; Jezd\u011bte na kole <strong>p\u0159es cel\u00e9 Pyreneje<\/strong>, od <strong>Atlantiku a\u017e po St\u0159edozemn\u00ed mo\u0159e<\/strong>, Coast to Coast (C2C). B\u011bhem 7 dn\u00ed p\u0159ejdete zn\u00e1m\u00e9 cyklistick\u00e9 kopce, jako Col de Marie BLANQUE, <strong>Col d&#8217;Aubisque<\/strong>, Col de Soulor, Col du <strong>Tourmalet<\/strong>, Hourquette d&#8217;Ancizan, Col de <strong>Peyresourde<\/strong>, Col de Mente, Portet d&#8217;Aspet, Col de la Core, Col de Port, Pas de Souloumbrie, Col de Marmari, Col de Pailh\u00e8res a Col de Jau.<\/p>\n<p>P\u0159ipravte se na ohromuj\u00edc\u00ed scen\u00e9rii, t\u011b\u017ek\u00e9 v\u00fdstupy, velkolep\u00e9 sestupy a n\u00e1dhern\u00e9 dny v sedle. Na tomto z\u00e1jezdu<strong> budete m\u00edt pr\u016fvodce kter\u00fd bude kole s V\u00e1mi a doprovodn\u00fd v\u016fz kter\u00fd pom\u016f\u017ee p\u0159i jak\u00fdchkoliv pot\u00ed\u017e\u00edch.<\/strong><\/p>\n<p>P\u0159i tomto z\u00e1jezdu p\u016fjdeme v mal\u00fdch skupin\u00e1ch. V\u011bt\u0161inu dn\u00ed je mo\u017en\u00e9 vybrat si ze dvou alternativn\u00edch tras &#8211; jedna je krat\u0161\u00ed a leh\u010d\u00ed, druh\u00e1 del\u0161\u00ed s vy\u0161\u0161\u00edm p\u0159ev\u00fd\u0161en\u00edm &#8211; detaily v popisu programu. <strong>Ka\u017ed\u00fd den p\u0159ejdeme cca 120km, a n\u00e1stup pr\u016fm\u011brn\u011b 2300m.<\/strong><\/p>\n<p>Z\u00e1jezd je <strong>ur\u010den zku\u0161en\u00fdm cyklist\u016fm<\/strong>, kte\u0159\u00ed <strong>nemaj\u00ed probl\u00e9m jezdit 100km denn\u011b<\/strong>. St\u0159edn\u011b zku\u0161en\u00ed cyklist\u00e9 mohou z\u00e1jezd absolvovat na elektrick\u00e9m kole. Doporu\u010dujeme tr\u00e9nink p\u0159ed t\u00edmto z\u00e1jezdem.<\/p>\n<h2>Datum: <strong>10.6- 17.6\u00a0 2023<\/strong><\/h2>\n<h3>Program Cykloz\u00e1jezd Pyreneje od Atlantiku po St\u0159edozemn\u00ed mo\u0159e<\/h3>\n<p>Z\u00e1jezd Pyreneje Atlantik &#8211; st\u0159edozemn\u00ed mo\u0159e, Coast to Coast, za\u010d\u00edn\u00e1 v malebn\u00e9 baskick\u00e9 pob\u0159e\u017en\u00ed vesnici Hendaye. Do Hendaye m\u016f\u017eete cestovat spolu s n\u00e1mi z Girony, nebo si tam doprav\u00edte sami. Odpoledne v 1. den absolvujeme kr\u00e1tk\u00e9 setk\u00e1n\u00ed a absolvujeme zah\u0159\u00edvac\u00ed j\u00edzdu.<\/p>\n<p>N\u00e1sleduj\u00edc\u00ed r\u00e1no za\u010d\u00edn\u00e1 cesta p\u0159es Pyreneje, v n\u00ed\u017e v 6 etap\u00e1ch p\u0159ech\u00e1z\u00edme ze z\u00e1padu na v\u00fdchod p\u0159es cel\u00e9 Pyreneje. Ka\u017ed\u00fd den m\u00e1me dv\u011b mo\u017enosti trasy: kr\u00e1tk\u00fd a dlouh\u00fd variant. Ka\u017ed\u00e9 r\u00e1no za\u010d\u00edn\u00e1me rozs\u00e1hl\u00fdm br\u00edfinku o etap\u011b. Ve\u010der b\u011bhem ve\u010de\u0159e si vym\u011bn\u00edme z\u00e1\u017eitky z ujet\u00e9 etapy.<\/p>\n<ol>\n<li><strong>den<\/strong>: 45km zah\u0159\u00edvac\u00ed j\u00edzda, p\u0159ev\u00fd\u0161en\u00ed 600m, br\u00edfink o z\u00e1jezdu.<\/li>\n<li><strong>den<\/strong>: Hendaye &#8211; Oloron-Sainte-Marie.\n<ul>\n<li>Trasa: 134 km s p\u0159ev\u00fd\u0161en\u00edm 2 330 metr\u016f<br \/>\nPrvn\u00ed etapa vede p\u0159es francouzsk\u00e9 Baskicko. Je to n\u00e1ro\u010dn\u00e1 prvn\u00ed etapa, kter\u00e1 m\u00e1 t\u0159i kr\u00e1tk\u00e9 stoup\u00e1n\u00ed a kopcovit\u00e9 cesty zelenou krajinou.<\/li>\n<\/ul>\n<\/li>\n<li><strong>den<\/strong>: Oloron-Sainte-Marie &#8211; Argeles Gazost.\n<ul>\n<li>Mo\u017enost A: 83 km s p\u0159ev\u00fd\u0161en\u00edm 2 400 m<\/li>\n<li>Mo\u017enost B: 106 km a 3 095 m<br \/>\nDruh\u00e1 etapa v\u00e1s zavede k prvn\u00edm zn\u00e1m\u00fdm kopcem. Dlouh\u00e1 trasa vede p\u0159es Col de Marie BLANQUI, <a href=\"https:\/\/en.wikipedia.org\/wiki\/Col_d%27Aubisque\" target=\"_blank\" rel=\"noopener\">Col d&#8217;Aubisque<\/a>\u00a0 a Col de Soulor. Kr\u00e1tk\u00e1 trasa p\u0159esko\u010d\u00ed prvn\u00ed zm\u00edn\u011bn\u00fd kopec.<\/li>\n<\/ul>\n<\/li>\n<li><strong>den<\/strong>: Argeles Gazost &#8211; Bagneres de Luchon.\n<ul>\n<li>Mo\u017enost A: 112 km s p\u0159ev\u00fd\u0161en\u00edm 2 530 metr\u016f<\/li>\n<li>Mo\u017enost B: 121 km s p\u0159ev\u00fd\u0161en\u00edm 3 800 metr\u016f<br \/>\nKr\u00e1lovna etapa tohoto z\u00e1jezdu. Dlouh\u00e1 trasa vede p\u0159es \u00a0<a href=\"https:\/\/cs.wikipedia.org\/wiki\/Col_du_Tourmalet\" target=\"_blank\" rel=\"noopener\">Col du Tourmalet<\/a>, Hourquette d&#8217;Ancizan a Col de Peyresourde. Krat\u0161\u00ed trasa vede kolem Tourmalet p\u0159es Lourdes.<\/li>\n<\/ul>\n<\/li>\n<li><strong>den<\/strong>: Bagneres de Luchon &#8211; Biert.\n<ul>\n<li>Mo\u017enost A: 101 km s p\u0159ev\u00fd\u0161en\u00edm 2 400 metr\u016f<\/li>\n<li>Mo\u017enost B: 123 km s p\u0159ev\u00fd\u0161en\u00edm 3 200 metr\u016f.<br \/>\n\u010ctvrt\u00e1 etapa za\u010d\u00edn\u00e1 pro ob\u011b trasy sou\u010dasn\u011b s Col de Mente a Portet d&#8217;Aspet. Dlouh\u00e1 trasa v\u00e1s pak zavede na neobjeven\u00fd Col de la Core.<\/li>\n<\/ul>\n<\/li>\n<li><strong>den<\/strong>: Biert &#8211; Quillan.\n<ul>\n<li>Mo\u017enost A: 114 km s p\u0159ev\u00fd\u0161en\u00edm 2 200 metr\u016f<\/li>\n<li>Mo\u017enost B: 138 km s p\u0159ev\u00fd\u0161en\u00edm 3 000 metr\u016f<br \/>\nOd za\u010d\u00e1tku stoup\u00e1me na Col de Port a Pas de Souloumbrie. Dlouh\u00e1 trasa v\u00e1s pak dovede na vrchol kopc\u016f Col de Marmara a Col de Pailh\u00e8res (2001 metr\u016f).<\/li>\n<\/ul>\n<\/li>\n<li><strong>den<\/strong>: Quillan &#8211; Cerbere.\n<ul>\n<li>Trasa: 140 km s p\u0159ev\u00fd\u0161en\u00edm 2 200 metr\u016f<br \/>\nKopcem dne je Col de Jau, po sjezdu se vezeme po relativn\u011b rovn\u00fdch cest\u00e1ch ke St\u0159edozemn\u00edmu mo\u0159i.<\/li>\n<\/ul>\n<\/li>\n<\/ol>\n<p><strong>CENA: 1.785 EUR \/ osobu<\/strong><\/p>\n<p>Cena zahrnuje: stravu, ubytov\u00e1n\u00ed (7 noc\u00ed v horsk\u00fdch hotelech ve dvoul\u016f\u017ekov\u00fdch pokoj\u00edch), pron\u00e1jem kola Bianchi Sprint, sportovn\u00ed v\u00fd\u017eivu, doprovodn\u00fd v\u016fz a tren\u00e9ra, profi cyklistick\u00e9 oble\u010den\u00ed Tactic).<\/p>\n<p>Samostatn\u00fd pokoj za p\u0159\u00edplatek 250 eur. Mo\u017enost pron\u00e1jmu kola Bianchi Aria nam\u00edsto Bianchi Sprint za p\u0159\u00edplatek 80eur<\/p>\n<p>Cena nezahrnuje: n\u00e1poje, transfer do v\u00fdchoz\u00edho bodu Hendaye &#8211; pokud m\u00e1te z\u00e1jem, m\u016f\u017eete cestovat do Hendaye ze Girony spolu s n\u00e1mi, r\u00e1di poskytneme detaily.<\/p>\n<p><strong>Data<\/strong>: tento v\u00fdlet po\u0159\u00e1d\u00e1me v datech\u00a0<strong>10 &#8211; 17 \u010cerven 2023<\/strong>, av\u0161ak p\u0159i minim\u00e1ln\u011b 8 \u00fa\u010dastn\u00edc\u00edch m\u016f\u017eeme p\u0159ipravit nov\u00fd term\u00edn. Pokud m\u00e1te z\u00e1jem o z\u00e1jezd na jaro-l\u00e9to-podzim 2023, napi\u0161te n\u00e1m, o jak\u00e9 data byste m\u011bli z\u00e1jem.<\/p>\n<p>Viz tak\u00e9 <a href=\"https:\/\/gironaprosport.com\/cs\/kategorie-produktu\/tour-cs\/cyklozajezdy-girona\/\" target=\"_blank\" rel=\"noopener\">cykloz\u00e1jezdy<\/a> kter\u00e9 nab\u00edz\u00edme.<\/p>\n<p>&nbsp;<\/p>\n<p>&nbsp;<\/p>\n<p>&nbsp;<\/p>\n<p>&nbsp;<\/p>\n<p>&nbsp;<\/p>\n","protected":false},"excerpt":{"rendered":"<p>Jezd\u011bte na kole p\u0159es cel\u00e9 Pyreneje, od Atlantiku a\u017e po St\u0159edozemn\u00ed mo\u0159e, Coast to Coast (C2C). B\u011bhem 7 dn\u00ed p\u0159ejdete zn\u00e1m\u00e9 cyklistick\u00e9 kopce, jak, Col d&#8217;Aubisque, Col du Tourmalet \u010di Col de Peyresourde.<\/p>\n<p>Datum: 10 &#8211; 17 \u010cerven 2023<\/p>\n<p>Pripravte sa na ohromuj\u00facu scen\u00e9riu, \u0165a\u017ek\u00e9 v\u00fdstupy,\u00a0 ve\u013ekolep\u00e9 zostupy a n\u00e1dhern\u00e9 dni v sedle. Na tomto z\u00e1jazde budete ma\u0165 sprievodcu ktor\u00fd bude bicyklova\u0165 s Vami a sprievodn\u00fd voz ktor\u00fd pom\u00f4\u017ee pri ak\u00fdchko\u013evek \u0165a\u017ekostiach.<\/p>\n","protected":false},"featured_media":8115,"comment_status":"open","ping_status":"closed","template":"","meta":{"_monsterinsights_skip_tracking":false,"_monsterinsights_sitenote_active":false,"_monsterinsights_sitenote_note":"","_monsterinsights_sitenote_category":0},"product-type":[108],"etheme_brands":[],"product_brand":[],"product_cat":[684,403,332,349,401],"product_tag":[566,596,598,648,574,582],"class_list":{"0":"post-11328","1":"product","2":"type-product","3":"status-publish","4":"has-post-thumbnail","6":"product-type-event","7":"product_cat-cyklo-akce","8":"product_cat-cykloturistika-cs","9":"product_cat-event-en-cs","10":"product_cat-silnicni-cyklistika","11":"product_cat-silnicni-cyklistika-cyklozajezdy-girona","12":"product_tag-7-dni-cs","13":"product_tag-cykloturistika-cs","14":"product_tag-cyklozajezdy","15":"product_tag-pruvodce","16":"product_tag-pyreneje-cs","17":"product_tag-silnicni-cyklistika","19":"first","20":"instock","21":"shipping-taxable","22":"purchasable"},"supplier_id":null,"supplier_sku":"","barcode":null,"atum_controlled":true,"out_stock_date":null,"out_stock_threshold":null,"inheritable":false,"inbound_stock":null,"stock_on_hold":0,"sold_today":0,"sales_last_days":0,"reserved_stock":null,"customer_returns":null,"warehouse_damage":null,"lost_in_post":null,"other_logs":null,"out_stock_days":0,"lost_sales":0,"has_location":false,"update_date":"2026-04-25T00:57:35","atum_locations":[],"atum_stock_status":"instock","restock_status":false,"low_stock_amount":"","sales_update_date":"2026-04-25T00:57:35","calc_backorders":null,"yoast_head":"<!-- This site is optimized with the Yoast SEO plugin v26.6 - https:\/\/yoast.com\/wordpress\/plugins\/seo\/ -->\n<title>Pyreneje - od Atlantiku po St\u0159edozemn\u00ed mo\u0159e \u010cerven 2022 - Cykloz\u00e1jezd Pyreneje<\/title>\n<meta name=\"description\" content=\"Pyreneje - cykloz\u00e1jezd \u010derven 2023. Jezd\u011bte na kole s n\u00e1mi p\u0159es cel\u00e9 Pyreneje, od Atlantiku a\u017e po st\u0159edozemn\u00ed mo\u0159e. B\u011bhem 7 dn\u00ed p\u0159ejdete zn\u00e1m\u00e9 cyklistick\u00e9 kopce\" \/>\n<meta name=\"robots\" content=\"index, follow, max-snippet:-1, max-image-preview:large, max-video-preview:-1\" \/>\n<link rel=\"canonical\" href=\"https:\/\/gironaprosport.com\/cs\/produkt-cs\/pyreneje-od-atlantiku-po-stredozemni-more-cerven-2022\/\" \/>\n<meta property=\"og:locale\" content=\"cs_CZ\" \/>\n<meta property=\"og:type\" content=\"article\" \/>\n<meta property=\"og:title\" content=\"Pyreneje - od Atlantiku po St\u0159edozemn\u00ed mo\u0159e \u010cerven 2022 - Cykloz\u00e1jezd Pyreneje\" \/>\n<meta property=\"og:description\" content=\"Pyreneje - cykloz\u00e1jezd \u010derven 2023. Jezd\u011bte na kole s n\u00e1mi p\u0159es cel\u00e9 Pyreneje, od Atlantiku a\u017e po st\u0159edozemn\u00ed mo\u0159e. B\u011bhem 7 dn\u00ed p\u0159ejdete zn\u00e1m\u00e9 cyklistick\u00e9 kopce\" \/>\n<meta property=\"og:url\" content=\"https:\/\/gironaprosport.com\/cs\/produkt-cs\/pyreneje-od-atlantiku-po-stredozemni-more-cerven-2022\/\" \/>\n<meta property=\"og:site_name\" content=\"Girona ProSport\" \/>\n<meta property=\"article:publisher\" content=\"http:\/\/fb.me\/gironaprosport\" \/>\n<meta property=\"article:modified_time\" content=\"2024-09-27T18:34:29+00:00\" \/>\n<meta property=\"og:image\" content=\"https:\/\/gironaprosport.com\/wp-content\/uploads\/pyreneje-tourmalet-1.jpg\" \/>\n\t<meta property=\"og:image:width\" content=\"1599\" \/>\n\t<meta property=\"og:image:height\" content=\"1200\" \/>\n\t<meta property=\"og:image:type\" content=\"image\/jpeg\" \/>\n<meta name=\"twitter:card\" content=\"summary_large_image\" \/>\n<meta name=\"twitter:label1\" content=\"Odhadovan\u00e1 doba \u010dten\u00ed\" \/>\n\t<meta name=\"twitter:data1\" content=\"4 minuty\" \/>\n<script type=\"application\/ld+json\" class=\"yoast-schema-graph\">{\"@context\":\"https:\/\/schema.org\",\"@graph\":[{\"@type\":\"WebPage\",\"@id\":\"https:\/\/gironaprosport.com\/cs\/produkt-cs\/pyreneje-od-atlantiku-po-stredozemni-more-cerven-2022\/\",\"url\":\"https:\/\/gironaprosport.com\/cs\/produkt-cs\/pyreneje-od-atlantiku-po-stredozemni-more-cerven-2022\/\",\"name\":\"Pyreneje - od Atlantiku po St\u0159edozemn\u00ed mo\u0159e \u010cerven 2022 - Cykloz\u00e1jezd Pyreneje\",\"isPartOf\":{\"@id\":\"https:\/\/gironaprosport.com\/cs\/#website\"},\"primaryImageOfPage\":{\"@id\":\"https:\/\/gironaprosport.com\/cs\/produkt-cs\/pyreneje-od-atlantiku-po-stredozemni-more-cerven-2022\/#primaryimage\"},\"image\":{\"@id\":\"https:\/\/gironaprosport.com\/cs\/produkt-cs\/pyreneje-od-atlantiku-po-stredozemni-more-cerven-2022\/#primaryimage\"},\"thumbnailUrl\":\"https:\/\/gironaprosport.com\/wp-content\/uploads\/pyreneje-tourmalet-1.jpg\",\"datePublished\":\"2022-11-06T15:56:39+00:00\",\"dateModified\":\"2024-09-27T18:34:29+00:00\",\"description\":\"Pyreneje - cykloz\u00e1jezd \u010derven 2023. Jezd\u011bte na kole s n\u00e1mi p\u0159es cel\u00e9 Pyreneje, od Atlantiku a\u017e po st\u0159edozemn\u00ed mo\u0159e. B\u011bhem 7 dn\u00ed p\u0159ejdete zn\u00e1m\u00e9 cyklistick\u00e9 kopce\",\"breadcrumb\":{\"@id\":\"https:\/\/gironaprosport.com\/cs\/produkt-cs\/pyreneje-od-atlantiku-po-stredozemni-more-cerven-2022\/#breadcrumb\"},\"inLanguage\":\"cs\",\"potentialAction\":[{\"@type\":\"ReadAction\",\"target\":[\"https:\/\/gironaprosport.com\/cs\/produkt-cs\/pyreneje-od-atlantiku-po-stredozemni-more-cerven-2022\/\"]}]},{\"@type\":\"ImageObject\",\"inLanguage\":\"cs\",\"@id\":\"https:\/\/gironaprosport.com\/cs\/produkt-cs\/pyreneje-od-atlantiku-po-stredozemni-more-cerven-2022\/#primaryimage\",\"url\":\"https:\/\/gironaprosport.com\/wp-content\/uploads\/pyreneje-tourmalet-1.jpg\",\"contentUrl\":\"https:\/\/gironaprosport.com\/wp-content\/uploads\/pyreneje-tourmalet-1.jpg\",\"width\":1599,\"height\":1200,\"caption\":\"pyreneje coast to coast\"},{\"@type\":\"BreadcrumbList\",\"@id\":\"https:\/\/gironaprosport.com\/cs\/produkt-cs\/pyreneje-od-atlantiku-po-stredozemni-more-cerven-2022\/#breadcrumb\",\"itemListElement\":[{\"@type\":\"ListItem\",\"position\":1,\"name\":\"Domovsk\u00e1 str\u00e1nka\",\"item\":\"https:\/\/gironaprosport.com\/cs\/\"},{\"@type\":\"ListItem\",\"position\":2,\"name\":\"Shop\",\"item\":\"https:\/\/gironaprosport.com\/cs\/shop-cs\/\"},{\"@type\":\"ListItem\",\"position\":3,\"name\":\"Pyreneje &#8211; od Atlantiku po St\u0159edozemn\u00ed mo\u0159e \u010cerven 2022\"}]},{\"@type\":\"WebSite\",\"@id\":\"https:\/\/gironaprosport.com\/cs\/#website\",\"url\":\"https:\/\/gironaprosport.com\/cs\/\",\"name\":\"Girona ProSport\",\"description\":\"Cykloz\u00e1jazdy\",\"publisher\":{\"@id\":\"https:\/\/gironaprosport.com\/cs\/#organization\"},\"potentialAction\":[{\"@type\":\"SearchAction\",\"target\":{\"@type\":\"EntryPoint\",\"urlTemplate\":\"https:\/\/gironaprosport.com\/cs\/?s={search_term_string}\"},\"query-input\":{\"@type\":\"PropertyValueSpecification\",\"valueRequired\":true,\"valueName\":\"search_term_string\"}}],\"inLanguage\":\"cs\"},{\"@type\":\"Organization\",\"@id\":\"https:\/\/gironaprosport.com\/cs\/#organization\",\"name\":\"Girona PRO SPORT\",\"url\":\"https:\/\/gironaprosport.com\/cs\/\",\"logo\":{\"@type\":\"ImageObject\",\"inLanguage\":\"cs\",\"@id\":\"https:\/\/gironaprosport.com\/cs\/#\/schema\/logo\/image\/\",\"url\":\"https:\/\/gironaprosport.com\/wp-content\/uploads\/logo-gps_64.png\",\"contentUrl\":\"https:\/\/gironaprosport.com\/wp-content\/uploads\/logo-gps_64.png\",\"width\":320,\"height\":64,\"caption\":\"Girona PRO SPORT\"},\"image\":{\"@id\":\"https:\/\/gironaprosport.com\/cs\/#\/schema\/logo\/image\/\"},\"sameAs\":[\"http:\/\/fb.me\/gironaprosport\",\"http:\/\/instagram.com\/girona_prosport\/\",\"https:\/\/www.youtube.com\/channel\/UCv7gLuh2ONY6kESVj_3aSnA\"]}]}<\/script>\n<!-- \/ Yoast SEO plugin. -->","yoast_head_json":{"title":"Pyreneje - od Atlantiku po St\u0159edozemn\u00ed mo\u0159e \u010cerven 2022 - Cykloz\u00e1jezd Pyreneje","description":"Pyreneje - cykloz\u00e1jezd \u010derven 2023. Jezd\u011bte na kole s n\u00e1mi p\u0159es cel\u00e9 Pyreneje, od Atlantiku a\u017e po st\u0159edozemn\u00ed mo\u0159e. B\u011bhem 7 dn\u00ed p\u0159ejdete zn\u00e1m\u00e9 cyklistick\u00e9 kopce","robots":{"index":"index","follow":"follow","max-snippet":"max-snippet:-1","max-image-preview":"max-image-preview:large","max-video-preview":"max-video-preview:-1"},"canonical":"https:\/\/gironaprosport.com\/cs\/produkt-cs\/pyreneje-od-atlantiku-po-stredozemni-more-cerven-2022\/","og_locale":"cs_CZ","og_type":"article","og_title":"Pyreneje - od Atlantiku po St\u0159edozemn\u00ed mo\u0159e \u010cerven 2022 - Cykloz\u00e1jezd Pyreneje","og_description":"Pyreneje - cykloz\u00e1jezd \u010derven 2023. Jezd\u011bte na kole s n\u00e1mi p\u0159es cel\u00e9 Pyreneje, od Atlantiku a\u017e po st\u0159edozemn\u00ed mo\u0159e. B\u011bhem 7 dn\u00ed p\u0159ejdete zn\u00e1m\u00e9 cyklistick\u00e9 kopce","og_url":"https:\/\/gironaprosport.com\/cs\/produkt-cs\/pyreneje-od-atlantiku-po-stredozemni-more-cerven-2022\/","og_site_name":"Girona ProSport","article_publisher":"http:\/\/fb.me\/gironaprosport","article_modified_time":"2024-09-27T18:34:29+00:00","og_image":[{"width":1599,"height":1200,"url":"https:\/\/gironaprosport.com\/wp-content\/uploads\/pyreneje-tourmalet-1.jpg","type":"image\/jpeg"}],"twitter_card":"summary_large_image","twitter_misc":{"Odhadovan\u00e1 doba \u010dten\u00ed":"4 minuty"},"schema":{"@context":"https:\/\/schema.org","@graph":[{"@type":"WebPage","@id":"https:\/\/gironaprosport.com\/cs\/produkt-cs\/pyreneje-od-atlantiku-po-stredozemni-more-cerven-2022\/","url":"https:\/\/gironaprosport.com\/cs\/produkt-cs\/pyreneje-od-atlantiku-po-stredozemni-more-cerven-2022\/","name":"Pyreneje - od Atlantiku po St\u0159edozemn\u00ed mo\u0159e \u010cerven 2022 - Cykloz\u00e1jezd Pyreneje","isPartOf":{"@id":"https:\/\/gironaprosport.com\/cs\/#website"},"primaryImageOfPage":{"@id":"https:\/\/gironaprosport.com\/cs\/produkt-cs\/pyreneje-od-atlantiku-po-stredozemni-more-cerven-2022\/#primaryimage"},"image":{"@id":"https:\/\/gironaprosport.com\/cs\/produkt-cs\/pyreneje-od-atlantiku-po-stredozemni-more-cerven-2022\/#primaryimage"},"thumbnailUrl":"https:\/\/gironaprosport.com\/wp-content\/uploads\/pyreneje-tourmalet-1.jpg","datePublished":"2022-11-06T15:56:39+00:00","dateModified":"2024-09-27T18:34:29+00:00","description":"Pyreneje - cykloz\u00e1jezd \u010derven 2023. Jezd\u011bte na kole s n\u00e1mi p\u0159es cel\u00e9 Pyreneje, od Atlantiku a\u017e po st\u0159edozemn\u00ed mo\u0159e. B\u011bhem 7 dn\u00ed p\u0159ejdete zn\u00e1m\u00e9 cyklistick\u00e9 kopce","breadcrumb":{"@id":"https:\/\/gironaprosport.com\/cs\/produkt-cs\/pyreneje-od-atlantiku-po-stredozemni-more-cerven-2022\/#breadcrumb"},"inLanguage":"cs","potentialAction":[{"@type":"ReadAction","target":["https:\/\/gironaprosport.com\/cs\/produkt-cs\/pyreneje-od-atlantiku-po-stredozemni-more-cerven-2022\/"]}]},{"@type":"ImageObject","inLanguage":"cs","@id":"https:\/\/gironaprosport.com\/cs\/produkt-cs\/pyreneje-od-atlantiku-po-stredozemni-more-cerven-2022\/#primaryimage","url":"https:\/\/gironaprosport.com\/wp-content\/uploads\/pyreneje-tourmalet-1.jpg","contentUrl":"https:\/\/gironaprosport.com\/wp-content\/uploads\/pyreneje-tourmalet-1.jpg","width":1599,"height":1200,"caption":"pyreneje coast to coast"},{"@type":"BreadcrumbList","@id":"https:\/\/gironaprosport.com\/cs\/produkt-cs\/pyreneje-od-atlantiku-po-stredozemni-more-cerven-2022\/#breadcrumb","itemListElement":[{"@type":"ListItem","position":1,"name":"Domovsk\u00e1 str\u00e1nka","item":"https:\/\/gironaprosport.com\/cs\/"},{"@type":"ListItem","position":2,"name":"Shop","item":"https:\/\/gironaprosport.com\/cs\/shop-cs\/"},{"@type":"ListItem","position":3,"name":"Pyreneje &#8211; od Atlantiku po St\u0159edozemn\u00ed mo\u0159e \u010cerven 2022"}]},{"@type":"WebSite","@id":"https:\/\/gironaprosport.com\/cs\/#website","url":"https:\/\/gironaprosport.com\/cs\/","name":"Girona ProSport","description":"Cykloz\u00e1jazdy","publisher":{"@id":"https:\/\/gironaprosport.com\/cs\/#organization"},"potentialAction":[{"@type":"SearchAction","target":{"@type":"EntryPoint","urlTemplate":"https:\/\/gironaprosport.com\/cs\/?s={search_term_string}"},"query-input":{"@type":"PropertyValueSpecification","valueRequired":true,"valueName":"search_term_string"}}],"inLanguage":"cs"},{"@type":"Organization","@id":"https:\/\/gironaprosport.com\/cs\/#organization","name":"Girona PRO SPORT","url":"https:\/\/gironaprosport.com\/cs\/","logo":{"@type":"ImageObject","inLanguage":"cs","@id":"https:\/\/gironaprosport.com\/cs\/#\/schema\/logo\/image\/","url":"https:\/\/gironaprosport.com\/wp-content\/uploads\/logo-gps_64.png","contentUrl":"https:\/\/gironaprosport.com\/wp-content\/uploads\/logo-gps_64.png","width":320,"height":64,"caption":"Girona PRO SPORT"},"image":{"@id":"https:\/\/gironaprosport.com\/cs\/#\/schema\/logo\/image\/"},"sameAs":["http:\/\/fb.me\/gironaprosport","http:\/\/instagram.com\/girona_prosport\/","https:\/\/www.youtube.com\/channel\/UCv7gLuh2ONY6kESVj_3aSnA"]}]}},"meta_box":{"gps_dates_event":[{"gps_dates_event_from":"2023-06-10","gps_dates_event_to":"2023-06-17"}],"gps_distance":"770","gps_distance_note":"","gps_camber":"16500","gps_difficulty":"medium","gps_lasted":["7"],"gps_lasted_note":"","gps_guide":"1","gps_coach":"0","gps_stages":"7","gps_bicycle_rental":"1","gps_date_from":"2023-06-10","gps_date_to":"2023-06-17","gps_map":[{"width":150,"height":150,"file":"mapa-pyreneje-C2C.jpg","sizes":{"medium":{"file":"mapa-pyreneje-C2C-300x192.jpg","width":300,"height":192,"mime-type":"image\/jpeg","url":"https:\/\/gironaprosport.com\/wp-content\/uploads\/mapa-pyreneje-C2C-300x192.jpg"},"large":{"file":"mapa-pyreneje-C2C-1024x656.jpg","width":1024,"height":656,"mime-type":"image\/jpeg","url":"https:\/\/gironaprosport.com\/wp-content\/uploads\/mapa-pyreneje-C2C-1024x656.jpg"},"thumbnail":{"file":"mapa-pyreneje-C2C-150x150.jpg","width":150,"height":150,"mime-type":"image\/jpeg","url":"https:\/\/gironaprosport.com\/wp-content\/uploads\/mapa-pyreneje-C2C-150x150.jpg"},"medium_large":{"file":"mapa-pyreneje-C2C-768x492.jpg","width":768,"height":492,"mime-type":"image\/jpeg","url":"https:\/\/gironaprosport.com\/wp-content\/uploads\/mapa-pyreneje-C2C-768x492.jpg"},"etheme-woocommerce-nimi":{"file":"mapa-pyreneje-C2C-1x1.jpg","width":1,"height":1,"mime-type":"image\/jpeg","url":"https:\/\/gironaprosport.com\/wp-content\/uploads\/mapa-pyreneje-C2C-1x1.jpg"},"etheme-nimi":{"file":"mapa-pyreneje-C2C-10x6.jpg","width":10,"height":6,"mime-type":"image\/jpeg","url":"https:\/\/gironaprosport.com\/wp-content\/uploads\/mapa-pyreneje-C2C-10x6.jpg"},"shop_catalog_alt":{"file":"mapa-pyreneje-C2C-600x600.jpg","width":600,"height":600,"mime-type":"image\/jpeg","url":"https:\/\/gironaprosport.com\/wp-content\/uploads\/mapa-pyreneje-C2C-600x600.jpg"},"woocommerce_thumbnail":{"file":"mapa-pyreneje-C2C-360x360.jpg","width":360,"height":360,"mime-type":"image\/jpeg","uncropped":false,"url":"https:\/\/gironaprosport.com\/wp-content\/uploads\/mapa-pyreneje-C2C-360x360.jpg"},"woocommerce_single":{"file":"mapa-pyreneje-C2C-600x384.jpg","width":600,"height":384,"mime-type":"image\/jpeg","url":"https:\/\/gironaprosport.com\/wp-content\/uploads\/mapa-pyreneje-C2C-600x384.jpg"},"woocommerce_gallery_thumbnail":{"file":"mapa-pyreneje-C2C-100x100.jpg","width":100,"height":100,"mime-type":"image\/jpeg","url":"https:\/\/gironaprosport.com\/wp-content\/uploads\/mapa-pyreneje-C2C-100x100.jpg"},"shop_catalog":{"file":"mapa-pyreneje-C2C-360x360.jpg","width":360,"height":360,"mime-type":"image\/jpeg","url":"https:\/\/gironaprosport.com\/wp-content\/uploads\/mapa-pyreneje-C2C-360x360.jpg"},"shop_single":{"file":"mapa-pyreneje-C2C-600x384.jpg","width":600,"height":384,"mime-type":"image\/jpeg","url":"https:\/\/gironaprosport.com\/wp-content\/uploads\/mapa-pyreneje-C2C-600x384.jpg"},"shop_thumbnail":{"file":"mapa-pyreneje-C2C-100x100.jpg","width":100,"height":100,"mime-type":"image\/jpeg","url":"https:\/\/gironaprosport.com\/wp-content\/uploads\/mapa-pyreneje-C2C-100x100.jpg"}},"image_meta":{"aperture":"0","credit":"","camera":"","caption":"","created_timestamp":"0","copyright":"","focal_length":"0","iso":"0","shutter_speed":"0","title":"","orientation":"0","keywords":[]},"ID":"8147","name":"mapa-pyreneje-C2C.jpg","path":"\/data\/a\/2\/a23847c4-7a58-48dc-b132-29ebe7618031\/gironaprosport.com\/web\/wp-content\/uploads\/mapa-pyreneje-C2C.jpg","url":"https:\/\/gironaprosport.com\/wp-content\/uploads\/mapa-pyreneje-C2C-150x150.jpg","full_url":"https:\/\/gironaprosport.com\/wp-content\/uploads\/mapa-pyreneje-C2C.jpg","title":"mapa pyreneje C2C","caption":"","description":"","alt":"mapa pyreneje coast to coast","srcset":"https:\/\/gironaprosport.com\/wp-content\/uploads\/mapa-pyreneje-C2C-150x150.jpg 150w, https:\/\/gironaprosport.com\/wp-content\/uploads\/mapa-pyreneje-C2C-1x1.jpg 1w, https:\/\/gironaprosport.com\/wp-content\/uploads\/mapa-pyreneje-C2C-600x600.jpg 600w, https:\/\/gironaprosport.com\/wp-content\/uploads\/mapa-pyreneje-C2C-360x360.jpg 360w, https:\/\/gironaprosport.com\/wp-content\/uploads\/mapa-pyreneje-C2C-100x100.jpg 100w"}]},"_links":{"self":[{"href":"https:\/\/gironaprosport.com\/cs\/wp-json\/wp\/v2\/product\/11328","targetHints":{"allow":["GET"]}}],"collection":[{"href":"https:\/\/gironaprosport.com\/cs\/wp-json\/wp\/v2\/product"}],"about":[{"href":"https:\/\/gironaprosport.com\/cs\/wp-json\/wp\/v2\/types\/product"}],"replies":[{"embeddable":true,"href":"https:\/\/gironaprosport.com\/cs\/wp-json\/wp\/v2\/comments?post=11328"}],"wp:featuredmedia":[{"embeddable":true,"href":"https:\/\/gironaprosport.com\/cs\/wp-json\/wp\/v2\/media\/8115"}],"wp:attachment":[{"href":"https:\/\/gironaprosport.com\/cs\/wp-json\/wp\/v2\/media?parent=11328"}],"wp:term":[{"taxonomy":"product-type","embeddable":true,"href":"https:\/\/gironaprosport.com\/cs\/wp-json\/wp\/v2\/product-type?post=11328"},{"taxonomy":"brand","embeddable":true,"href":"https:\/\/gironaprosport.com\/cs\/wp-json\/wp\/v2\/etheme_brands?post=11328"},{"taxonomy":"product_brand","embeddable":true,"href":"https:\/\/gironaprosport.com\/cs\/wp-json\/wp\/v2\/product_brand?post=11328"},{"taxonomy":"product_cat","embeddable":true,"href":"https:\/\/gironaprosport.com\/cs\/wp-json\/wp\/v2\/product_cat?post=11328"},{"taxonomy":"product_tag","embeddable":true,"href":"https:\/\/gironaprosport.com\/cs\/wp-json\/wp\/v2\/product_tag?post=11328"}],"curies":[{"name":"wp","href":"https:\/\/api.w.org\/{rel}","templated":true}]}}