{"id":11320,"date":"2022-04-06T15:18:26","date_gmt":"2022-04-06T13:18:26","guid":{"rendered":"https:\/\/gironaprosport.com\/?post_type=product&#038;p=11320"},"modified":"2022-04-07T09:09:29","modified_gmt":"2022-04-07T07:09:29","slug":"podzimni-treninkovy-kemp-cyklisticky-gravel","status":"publish","type":"product","link":"https:\/\/gironaprosport.com\/cs\/produkt-cs\/podzimni-treninkovy-kemp-cyklisticky-gravel\/","title":{"rendered":"Podzimn\u00ed tr\u00e9ninkov\u00fd kemp &#8211; cyklistick\u00fd GRAVEL"},"content":{"rendered":"<p><strong>Podzimn\u00ed tr\u00e9ninkov\u00fd kemp<\/strong> pro rekrea\u010dn\u00ed GRAVEL <strong>cyklisty<\/strong>. Kemp bude organizov\u00e1n v r\u016fzn\u00fdch skupin\u00e1ch, pro ka\u017ed\u00e9ho najdeme vhodn\u00e9 um\u00edst\u011bn\u00ed. \u0158\u00edzen\u00ed tohoto kempu je spojeno s velk\u00fdm cyklistick\u00fdm akc\u00ed &#8211; <strong>Sea Otter Europe<\/strong> v Giron\u011b.<\/p>\n<p><a href=\"https:\/\/www.seaottereurope.com\/\" target=\"_blank\" rel=\"noopener\"><strong>Sea Otter Europe<\/strong><\/a> je jednou z nejv\u011bt\u0161\u00edch cyklistick\u00fdch show \/ akc\u00ed v Evrop\u011b. B\u011bhem t\u0159\u00ed dn\u016f 23., 24. a 25. z\u00e1\u0159\u00ed bude Girona p\u0159edev\u0161\u00edm o cyklistice. V\u0161echny hlavn\u00ed zna\u010dky (Bianchi, Specialized, Canyon, Trek, atd. Atd.) P\u0159edv\u00e1d\u011bj\u00ed sv\u00e9 nejnov\u011bj\u0161\u00ed vybaven\u00ed a organizuje se n\u011bkolik p\u0159idru\u017een\u00fdch akc\u00ed (z\u00e1vody, MTB, Gravel).<\/p>\n<p>Spojte tr\u00e9ninkov\u00fd kemp s n\u00e1v\u0161t\u011bvou t\u00e9to akce!<\/p>\n<h4>Data: 19. z\u00e1\u0159\u00ed &#8211; 25. z\u00e1\u0159\u00ed 2022<\/h4>\n<p><strong>C\u00edlov\u00e1 skupina:<\/strong> GRAVEL Cyklist\u00e9. Budeme m\u00edt 2 skupiny podle r\u016fzn\u00fdch \u00farovn\u00ed cyklisty.<\/p>\n<p>Sou\u010d\u00e1st\u00ed kempu je \u00fa\u010dast na sportovn\u00edm akc\u00ed\u00a0<a href=\"https:\/\/cicloturista.seaottereurope.com\/ca\/la-ciclobrava-148\/\" target=\"_blank\" rel=\"noopener noreferrer\"><span style=\"color: #0000ff\"><span style=\"color: #ffb98e\">La Ciclobrava<\/span><\/span><\/a> (vstupn\u00e9 nen\u00ed zahrnuto v cen\u011b, \u00fa\u010dast je dobrovoln\u00e1)<\/p>\n<p>&nbsp;<\/p>\n<p><strong>M\u00edsto kon\u00e1n\u00ed<\/strong>: <a style=\"color: #ffb98e\" href=\"https:\/\/www.spain.info\/en\/destination\/girona\/\" target=\"_blank\" rel=\"noopener noreferrer\">\u00a0Girona<\/a>, \u0160pan\u011blsko<\/p>\n<p><strong>Cena: 745 \u20ac<\/strong> (zahrnuje ubytov\u00e1n\u00ed ve dvoul\u016f\u017ekov\u00e9m pokoji v hotelu v centru Girony <strong>(7 noc\u00ed)<\/strong>, sn\u00eddan\u011b, tren\u00e9ra, tr\u00e9ninkov\u00fd program, profi cyklistick\u00e9 kalhoty <a href=\"https:\/\/www.tactic-sport.com\/\" target=\"_blank\" rel=\"noopener\">TACTIC<\/a>, z\u00e1kladn\u00ed bal\u00ed\u010dek sportovn\u00ed v\u00fd\u017eivy)<\/p>\n<p>Cena z\u00e1jezdu nezahrnuje pron\u00e1jem kola, mo\u017enost pronajmut\u00ed.<\/p>\n<p>&nbsp;<\/p>\n<h2>Program podzimn\u00ed tr\u00e9ninkov\u00fd kemp:<\/h2>\n<p>Kemp bude prob\u00edhat v\u00fdjezdy po okol\u00ed Girony, ka\u017ed\u00fd den v\u00e1s bude \u010dekat nov\u00e9 dobrodru\u017estv\u00ed, s n\u00e1dhernou p\u0159\u00edrodou a kr\u00e1sn\u00fdmi v\u00fdhledy. Budeme se soust\u0159edit na techniku \u200b\u200bj\u00edzdy. Posledn\u00ed den se z\u00fa\u010dastn\u00edme sportovn\u00edho podniku La Ciclobrava (\u00fa\u010dast dobrovoln\u00e1).<\/p>\n<p>&nbsp;<\/p>\n<p>Tr\u00e9ninky prob\u00edhaj\u00ed dopoledne (krom\u011b prvn\u00edho dne), po tr\u00e9ninku n\u00e1vrat do <a style=\"color: #ffb98e\" href=\"https:\/\/gironaprosport.com\/cs\/proc-girona\/\" target=\"_blank\" rel=\"noopener noreferrer\">Girony<\/a> (14: 00-15: 00) s mo\u017enost\u00ed skupinov\u00e9ho ob\u011bda s tren\u00e9rem. Odpoledne u cyklist\u016f voln\u00fd program kter\u00fd m\u016f\u017eete vyu\u017e\u00edt na turistiku v okol\u00ed (n\u00e1v\u0161t\u011bva vinn\u00fdch sklep\u016f, v\u00fdlet na pob\u0159e\u017e\u00ed Costa Vep\u0159i, prohl\u00eddka historick\u00e9 Girony, vstup do m\u00edstn\u00edch rom\u00e1nsk\u00fdch l\u00e1zn\u00ed) nebo k posezen\u00ed v lok\u00e1ln\u00edch kav\u00e1rn\u00e1ch kter\u00e9 vedou b\u00fdval\u00ed profesion\u00e1ln\u00ed cyklist\u00e9. U triatlonista budou odpoledne prob\u00edhat plaveck\u00e9 tr\u00e9ninky.<\/p>\n<p>Pokud p\u0159ijdete is rodinou r\u00e1di pom\u016f\u017eeme s organizac\u00ed <a href=\"https:\/\/gironaprosport.com\/cs\/sluzby-cs\/\" target=\"_blank\" rel=\"noopener\">dopl\u0148kov\u00e9ho programu.<\/a><\/p>\n<p>Pokud pot\u0159ebujete p\u0159ij\u00edt &#8211; odej\u00edt d\u0159\u00edve, pomoc s transferem nebo rezervac\u00ed letenky nebo jinou asistenci, obra\u0165te se na n\u00e1s r\u00e1di pom\u016f\u017eeme.<\/p>\n<p>Uvid\u00edme se v Giron\u011b?<\/p>\n<p>Viz tak\u00e9 ostatn\u00ed<a href=\"https:\/\/gironaprosport.com\/cs\/kategorie-produktu\/event-cs\/treninkovy-kemp\/\" target=\"_blank\" rel=\"noopener\"> tr\u00e9ninkov\u00e9 kempy<\/a> kter\u00e9 organizujeme a rozhodn\u011bte se kter\u00fd V\u00e1m nejv\u00edce vyhovuje.<\/p>\n","protected":false},"excerpt":{"rendered":"<p>Podzimn\u00ed tr\u00e9ninkov\u00fd kemp pro rekrea\u010dn\u00ed GRAVEL cyklisty.\u00a0 Pro v\u0161echny \u00farovn\u011b cyklisty &#8211; r\u016fzn\u00e9 skupiny.\u00a0 Datum kon\u00e1n\u00ed: 19. z\u00e1\u0159\u00ed &#8211; 25. z\u00e1\u0159\u00ed 2021<\/p>\n","protected":false},"featured_media":10029,"comment_status":"open","ping_status":"closed","template":"","meta":{"_monsterinsights_skip_tracking":false,"_monsterinsights_sitenote_active":false,"_monsterinsights_sitenote_note":"","_monsterinsights_sitenote_category":0},"product-type":[108],"etheme_brands":[],"product_brand":[],"product_cat":[682,327,351,357],"product_tag":[686,604,668,650,670,660,662],"class_list":{"0":"post-11320","1":"product","2":"type-product","3":"status-publish","4":"has-post-thumbnail","6":"product-type-event","7":"product_cat-cyklokemp-trenuj-s-trenerem","8":"product_cat-event-cs","9":"product_cat-gravel-event-cs","10":"product_cat-treninkovy-kemp","11":"product_tag-8-dni-cs","12":"product_tag-gravel-cs","13":"product_tag-lehke","14":"product_tag-stredne-narocne-cs","15":"product_tag-tezke","16":"product_tag-trener-cs","17":"product_tag-treninkovy-kemp","19":"first","20":"instock","21":"shipping-taxable","22":"purchasable"},"supplier_id":null,"supplier_sku":"","barcode":null,"atum_controlled":true,"out_stock_date":null,"out_stock_threshold":null,"inheritable":false,"inbound_stock":null,"stock_on_hold":0,"sold_today":0,"sales_last_days":0,"reserved_stock":null,"customer_returns":null,"warehouse_damage":null,"lost_in_post":null,"other_logs":null,"out_stock_days":0,"lost_sales":0,"has_location":false,"update_date":"2026-04-25T00:57:35","atum_locations":[],"atum_stock_status":"instock","restock_status":false,"low_stock_amount":"","sales_update_date":"2026-04-25T00:57:35","calc_backorders":null,"yoast_head":"<!-- This site is optimized with the Yoast SEO plugin v26.6 - https:\/\/yoast.com\/wordpress\/plugins\/seo\/ -->\n<title>Podzimn\u00ed tr\u00e9ninkov\u00fd kemp - cyklistick\u00fd GRAVEL - Girona ProSport<\/title>\n<meta name=\"description\" content=\"Podzimn\u00ed tr\u00e9ninkov\u00fd kemp pro rekrea\u010dn\u00ed gravel cyklisty.\" \/>\n<meta name=\"robots\" content=\"index, follow, max-snippet:-1, max-image-preview:large, max-video-preview:-1\" \/>\n<link rel=\"canonical\" href=\"https:\/\/gironaprosport.com\/cs\/produkt-cs\/podzimni-treninkovy-kemp-cyklisticky-gravel\/\" \/>\n<meta property=\"og:locale\" content=\"cs_CZ\" \/>\n<meta property=\"og:type\" content=\"article\" \/>\n<meta property=\"og:title\" content=\"Podzimn\u00ed tr\u00e9ninkov\u00fd kemp - cyklistick\u00fd GRAVEL - Girona ProSport\" \/>\n<meta property=\"og:description\" content=\"Podzimn\u00ed tr\u00e9ninkov\u00fd kemp pro rekrea\u010dn\u00ed gravel cyklisty.\" \/>\n<meta property=\"og:url\" content=\"https:\/\/gironaprosport.com\/cs\/produkt-cs\/podzimni-treninkovy-kemp-cyklisticky-gravel\/\" \/>\n<meta property=\"og:site_name\" content=\"Girona ProSport\" \/>\n<meta property=\"article:publisher\" content=\"http:\/\/fb.me\/gironaprosport\" \/>\n<meta property=\"article:modified_time\" content=\"2022-04-07T07:09:29+00:00\" \/>\n<meta property=\"og:image\" content=\"https:\/\/gironaprosport.com\/wp-content\/uploads\/jesenny-kemp-4.jpg\" \/>\n\t<meta property=\"og:image:width\" content=\"750\" \/>\n\t<meta property=\"og:image:height\" content=\"750\" \/>\n\t<meta property=\"og:image:type\" content=\"image\/jpeg\" \/>\n<meta name=\"twitter:card\" content=\"summary_large_image\" \/>\n<meta name=\"twitter:label1\" content=\"Odhadovan\u00e1 doba \u010dten\u00ed\" \/>\n\t<meta name=\"twitter:data1\" content=\"2 minuty\" \/>\n<script type=\"application\/ld+json\" class=\"yoast-schema-graph\">{\"@context\":\"https:\/\/schema.org\",\"@graph\":[{\"@type\":\"WebPage\",\"@id\":\"https:\/\/gironaprosport.com\/cs\/produkt-cs\/podzimni-treninkovy-kemp-cyklisticky-gravel\/\",\"url\":\"https:\/\/gironaprosport.com\/cs\/produkt-cs\/podzimni-treninkovy-kemp-cyklisticky-gravel\/\",\"name\":\"Podzimn\u00ed tr\u00e9ninkov\u00fd kemp - cyklistick\u00fd GRAVEL - Girona ProSport\",\"isPartOf\":{\"@id\":\"https:\/\/gironaprosport.com\/cs\/#website\"},\"primaryImageOfPage\":{\"@id\":\"https:\/\/gironaprosport.com\/cs\/produkt-cs\/podzimni-treninkovy-kemp-cyklisticky-gravel\/#primaryimage\"},\"image\":{\"@id\":\"https:\/\/gironaprosport.com\/cs\/produkt-cs\/podzimni-treninkovy-kemp-cyklisticky-gravel\/#primaryimage\"},\"thumbnailUrl\":\"https:\/\/gironaprosport.com\/wp-content\/uploads\/jesenny-kemp-4.jpg\",\"datePublished\":\"2022-04-06T13:18:26+00:00\",\"dateModified\":\"2022-04-07T07:09:29+00:00\",\"description\":\"Podzimn\u00ed tr\u00e9ninkov\u00fd kemp pro rekrea\u010dn\u00ed gravel cyklisty.\",\"breadcrumb\":{\"@id\":\"https:\/\/gironaprosport.com\/cs\/produkt-cs\/podzimni-treninkovy-kemp-cyklisticky-gravel\/#breadcrumb\"},\"inLanguage\":\"cs\",\"potentialAction\":[{\"@type\":\"ReadAction\",\"target\":[\"https:\/\/gironaprosport.com\/cs\/produkt-cs\/podzimni-treninkovy-kemp-cyklisticky-gravel\/\"]}]},{\"@type\":\"ImageObject\",\"inLanguage\":\"cs\",\"@id\":\"https:\/\/gironaprosport.com\/cs\/produkt-cs\/podzimni-treninkovy-kemp-cyklisticky-gravel\/#primaryimage\",\"url\":\"https:\/\/gironaprosport.com\/wp-content\/uploads\/jesenny-kemp-4.jpg\",\"contentUrl\":\"https:\/\/gironaprosport.com\/wp-content\/uploads\/jesenny-kemp-4.jpg\",\"width\":750,\"height\":750,\"caption\":\"podzimn\u00ed tr\u00e9ninkov\u00fd kemp\"},{\"@type\":\"BreadcrumbList\",\"@id\":\"https:\/\/gironaprosport.com\/cs\/produkt-cs\/podzimni-treninkovy-kemp-cyklisticky-gravel\/#breadcrumb\",\"itemListElement\":[{\"@type\":\"ListItem\",\"position\":1,\"name\":\"Domovsk\u00e1 str\u00e1nka\",\"item\":\"https:\/\/gironaprosport.com\/cs\/\"},{\"@type\":\"ListItem\",\"position\":2,\"name\":\"Shop\",\"item\":\"https:\/\/gironaprosport.com\/cs\/shop-cs\/\"},{\"@type\":\"ListItem\",\"position\":3,\"name\":\"Podzimn\u00ed tr\u00e9ninkov\u00fd kemp &#8211; cyklistick\u00fd GRAVEL\"}]},{\"@type\":\"WebSite\",\"@id\":\"https:\/\/gironaprosport.com\/cs\/#website\",\"url\":\"https:\/\/gironaprosport.com\/cs\/\",\"name\":\"Girona ProSport\",\"description\":\"Cykloz\u00e1jazdy\",\"publisher\":{\"@id\":\"https:\/\/gironaprosport.com\/cs\/#organization\"},\"potentialAction\":[{\"@type\":\"SearchAction\",\"target\":{\"@type\":\"EntryPoint\",\"urlTemplate\":\"https:\/\/gironaprosport.com\/cs\/?s={search_term_string}\"},\"query-input\":{\"@type\":\"PropertyValueSpecification\",\"valueRequired\":true,\"valueName\":\"search_term_string\"}}],\"inLanguage\":\"cs\"},{\"@type\":\"Organization\",\"@id\":\"https:\/\/gironaprosport.com\/cs\/#organization\",\"name\":\"Girona PRO SPORT\",\"url\":\"https:\/\/gironaprosport.com\/cs\/\",\"logo\":{\"@type\":\"ImageObject\",\"inLanguage\":\"cs\",\"@id\":\"https:\/\/gironaprosport.com\/cs\/#\/schema\/logo\/image\/\",\"url\":\"https:\/\/gironaprosport.com\/wp-content\/uploads\/logo-gps_64.png\",\"contentUrl\":\"https:\/\/gironaprosport.com\/wp-content\/uploads\/logo-gps_64.png\",\"width\":320,\"height\":64,\"caption\":\"Girona PRO SPORT\"},\"image\":{\"@id\":\"https:\/\/gironaprosport.com\/cs\/#\/schema\/logo\/image\/\"},\"sameAs\":[\"http:\/\/fb.me\/gironaprosport\",\"http:\/\/instagram.com\/girona_prosport\/\",\"https:\/\/www.youtube.com\/channel\/UCv7gLuh2ONY6kESVj_3aSnA\"]}]}<\/script>\n<!-- \/ Yoast SEO plugin. -->","yoast_head_json":{"title":"Podzimn\u00ed tr\u00e9ninkov\u00fd kemp - cyklistick\u00fd GRAVEL - Girona ProSport","description":"Podzimn\u00ed tr\u00e9ninkov\u00fd kemp pro rekrea\u010dn\u00ed gravel cyklisty.","robots":{"index":"index","follow":"follow","max-snippet":"max-snippet:-1","max-image-preview":"max-image-preview:large","max-video-preview":"max-video-preview:-1"},"canonical":"https:\/\/gironaprosport.com\/cs\/produkt-cs\/podzimni-treninkovy-kemp-cyklisticky-gravel\/","og_locale":"cs_CZ","og_type":"article","og_title":"Podzimn\u00ed tr\u00e9ninkov\u00fd kemp - cyklistick\u00fd GRAVEL - Girona ProSport","og_description":"Podzimn\u00ed tr\u00e9ninkov\u00fd kemp pro rekrea\u010dn\u00ed gravel cyklisty.","og_url":"https:\/\/gironaprosport.com\/cs\/produkt-cs\/podzimni-treninkovy-kemp-cyklisticky-gravel\/","og_site_name":"Girona ProSport","article_publisher":"http:\/\/fb.me\/gironaprosport","article_modified_time":"2022-04-07T07:09:29+00:00","og_image":[{"width":750,"height":750,"url":"https:\/\/gironaprosport.com\/wp-content\/uploads\/jesenny-kemp-4.jpg","type":"image\/jpeg"}],"twitter_card":"summary_large_image","twitter_misc":{"Odhadovan\u00e1 doba \u010dten\u00ed":"2 minuty"},"schema":{"@context":"https:\/\/schema.org","@graph":[{"@type":"WebPage","@id":"https:\/\/gironaprosport.com\/cs\/produkt-cs\/podzimni-treninkovy-kemp-cyklisticky-gravel\/","url":"https:\/\/gironaprosport.com\/cs\/produkt-cs\/podzimni-treninkovy-kemp-cyklisticky-gravel\/","name":"Podzimn\u00ed tr\u00e9ninkov\u00fd kemp - cyklistick\u00fd GRAVEL - Girona ProSport","isPartOf":{"@id":"https:\/\/gironaprosport.com\/cs\/#website"},"primaryImageOfPage":{"@id":"https:\/\/gironaprosport.com\/cs\/produkt-cs\/podzimni-treninkovy-kemp-cyklisticky-gravel\/#primaryimage"},"image":{"@id":"https:\/\/gironaprosport.com\/cs\/produkt-cs\/podzimni-treninkovy-kemp-cyklisticky-gravel\/#primaryimage"},"thumbnailUrl":"https:\/\/gironaprosport.com\/wp-content\/uploads\/jesenny-kemp-4.jpg","datePublished":"2022-04-06T13:18:26+00:00","dateModified":"2022-04-07T07:09:29+00:00","description":"Podzimn\u00ed tr\u00e9ninkov\u00fd kemp pro rekrea\u010dn\u00ed gravel cyklisty.","breadcrumb":{"@id":"https:\/\/gironaprosport.com\/cs\/produkt-cs\/podzimni-treninkovy-kemp-cyklisticky-gravel\/#breadcrumb"},"inLanguage":"cs","potentialAction":[{"@type":"ReadAction","target":["https:\/\/gironaprosport.com\/cs\/produkt-cs\/podzimni-treninkovy-kemp-cyklisticky-gravel\/"]}]},{"@type":"ImageObject","inLanguage":"cs","@id":"https:\/\/gironaprosport.com\/cs\/produkt-cs\/podzimni-treninkovy-kemp-cyklisticky-gravel\/#primaryimage","url":"https:\/\/gironaprosport.com\/wp-content\/uploads\/jesenny-kemp-4.jpg","contentUrl":"https:\/\/gironaprosport.com\/wp-content\/uploads\/jesenny-kemp-4.jpg","width":750,"height":750,"caption":"podzimn\u00ed tr\u00e9ninkov\u00fd kemp"},{"@type":"BreadcrumbList","@id":"https:\/\/gironaprosport.com\/cs\/produkt-cs\/podzimni-treninkovy-kemp-cyklisticky-gravel\/#breadcrumb","itemListElement":[{"@type":"ListItem","position":1,"name":"Domovsk\u00e1 str\u00e1nka","item":"https:\/\/gironaprosport.com\/cs\/"},{"@type":"ListItem","position":2,"name":"Shop","item":"https:\/\/gironaprosport.com\/cs\/shop-cs\/"},{"@type":"ListItem","position":3,"name":"Podzimn\u00ed tr\u00e9ninkov\u00fd kemp &#8211; cyklistick\u00fd GRAVEL"}]},{"@type":"WebSite","@id":"https:\/\/gironaprosport.com\/cs\/#website","url":"https:\/\/gironaprosport.com\/cs\/","name":"Girona ProSport","description":"Cykloz\u00e1jazdy","publisher":{"@id":"https:\/\/gironaprosport.com\/cs\/#organization"},"potentialAction":[{"@type":"SearchAction","target":{"@type":"EntryPoint","urlTemplate":"https:\/\/gironaprosport.com\/cs\/?s={search_term_string}"},"query-input":{"@type":"PropertyValueSpecification","valueRequired":true,"valueName":"search_term_string"}}],"inLanguage":"cs"},{"@type":"Organization","@id":"https:\/\/gironaprosport.com\/cs\/#organization","name":"Girona PRO SPORT","url":"https:\/\/gironaprosport.com\/cs\/","logo":{"@type":"ImageObject","inLanguage":"cs","@id":"https:\/\/gironaprosport.com\/cs\/#\/schema\/logo\/image\/","url":"https:\/\/gironaprosport.com\/wp-content\/uploads\/logo-gps_64.png","contentUrl":"https:\/\/gironaprosport.com\/wp-content\/uploads\/logo-gps_64.png","width":320,"height":64,"caption":"Girona PRO SPORT"},"image":{"@id":"https:\/\/gironaprosport.com\/cs\/#\/schema\/logo\/image\/"},"sameAs":["http:\/\/fb.me\/gironaprosport","http:\/\/instagram.com\/girona_prosport\/","https:\/\/www.youtube.com\/channel\/UCv7gLuh2ONY6kESVj_3aSnA"]}]}},"meta_box":{"gps_dates_event":[{"gps_dates_event_from":"2022-09-19","gps_dates_event_to":"2022-09-25"}],"gps_distance":" ","gps_distance_note":"","gps_camber":" ","gps_difficulty":"none","gps_lasted":["8"],"gps_lasted_note":"","gps_guide":"1","gps_coach":"1","gps_stages":"7","gps_bicycle_rental":"1","gps_date_from":"2022-09-19","gps_date_to":"2022-09-25","gps_map":[]},"_links":{"self":[{"href":"https:\/\/gironaprosport.com\/cs\/wp-json\/wp\/v2\/product\/11320","targetHints":{"allow":["GET"]}}],"collection":[{"href":"https:\/\/gironaprosport.com\/cs\/wp-json\/wp\/v2\/product"}],"about":[{"href":"https:\/\/gironaprosport.com\/cs\/wp-json\/wp\/v2\/types\/product"}],"replies":[{"embeddable":true,"href":"https:\/\/gironaprosport.com\/cs\/wp-json\/wp\/v2\/comments?post=11320"}],"wp:featuredmedia":[{"embeddable":true,"href":"https:\/\/gironaprosport.com\/cs\/wp-json\/wp\/v2\/media\/10029"}],"wp:attachment":[{"href":"https:\/\/gironaprosport.com\/cs\/wp-json\/wp\/v2\/media?parent=11320"}],"wp:term":[{"taxonomy":"product-type","embeddable":true,"href":"https:\/\/gironaprosport.com\/cs\/wp-json\/wp\/v2\/product-type?post=11320"},{"taxonomy":"brand","embeddable":true,"href":"https:\/\/gironaprosport.com\/cs\/wp-json\/wp\/v2\/etheme_brands?post=11320"},{"taxonomy":"product_brand","embeddable":true,"href":"https:\/\/gironaprosport.com\/cs\/wp-json\/wp\/v2\/product_brand?post=11320"},{"taxonomy":"product_cat","embeddable":true,"href":"https:\/\/gironaprosport.com\/cs\/wp-json\/wp\/v2\/product_cat?post=11320"},{"taxonomy":"product_tag","embeddable":true,"href":"https:\/\/gironaprosport.com\/cs\/wp-json\/wp\/v2\/product_tag?post=11320"}],"curies":[{"name":"wp","href":"https:\/\/api.w.org\/{rel}","templated":true}]}}