{"id":10193,"date":"2020-02-20T08:42:02","date_gmt":"2020-02-20T07:42:02","guid":{"rendered":"https:\/\/gironaprosport.com\/produkt\/girona-costa-brava-a-pyreneje-delux\/"},"modified":"2024-03-03T13:41:03","modified_gmt":"2024-03-03T12:41:03","slug":"girona-costa-brava-a-pyreneje-delux","status":"publish","type":"product","link":"https:\/\/gironaprosport.com\/cs\/produkt-cs\/girona-costa-brava-a-pyreneje-delux\/","title":{"rendered":"Girona, Costa Brava a Pyreneje DELUX"},"content":{"rendered":"<p>Z\u00e1jezd za\u010d\u00edn\u00e1 transferem do horsk\u00e9ho m\u011bste\u010dka Ribes de Freser. Po dvou dnech vysokohorsk\u00e9 cyklistiky se dostanete do st\u0159edov\u011bk\u00e9ho m\u011bsta Besal\u00fa. Vyjdete zn\u00e1m\u00fd kopec Mare de Deu del Mont a n\u00e1dhern\u00fdmi v\u00fdhledy na cel\u00fd region. D\u00e1le se pokra\u010duje do vina\u0159sk\u00e9 vesnice Peralada a odtud k pob\u0159e\u017e\u00ed od Port de la Selva a\u017e do francouzsk\u00e9ho Banyuls sur Mer. Posledn\u00ed etapa vede ji\u017en\u011b do cyklistick\u00e9 Girony.<br \/>\nJako dodatkov\u00fd program nebo program pro partnery kte\u0159\u00ed nejezd\u00ed na kole m\u016f\u017eeme doporu\u010dit p\u011b\u0161\u00ed t\u00fary v Pyrenej\u00edch, pozn\u00e1v\u00e1n\u00ed \u00fadol\u00ed Val de Nuria, ochutn\u00e1vku v\u00edn a gastronomii v Giron\u011b.<\/p>\n<p>Z\u00e1jezd je ur\u010den zku\u0161en\u00fdm cyklist\u016fm, kte\u0159\u00ed nemaj\u00ed probl\u00e9m jezdit 100km denn\u011b. St\u0159edn\u011b zku\u0161en\u00ed cyklist\u00e9 mohou z\u00e1jezd absolvovat na elektrick\u00e9m kole. P\u0159ed t\u00edmto cestovn\u00edmi doporu\u010dujeme tr\u00e9nink.<\/p>\n<h4>Pl\u00e1n cesty:<\/h4>\n<p>1. den &#8211; p\u0159\u00edjezd do Ribes de Freser,<\/p>\n<p>2. den &#8211; Katal\u00e1nsk\u00e9 Pyreneje, 85 km, p\u0159ev\u00fd\u0161en\u00ed 2,100 m, highlights Col de Morella, Pedraforca, Col de Crueta,<\/p>\n<p>3. den &#8211; z hor do Besal\u00fa, 98 km, p\u0159ev\u00fd\u0161en\u00ed 2,220 m, highlights Rocabruna, Castellfollit de Roca,<\/p>\n<p>4. den &#8211; Perelada a vinn\u00e1 oblast Alt Emporda, 72 km, p\u0159ev\u00fd\u0161en\u00ed 1,500 m, highlight Mare de Deu del Mont,<\/p>\n<p>5.den &#8211; pob\u0159e\u017e\u00ed Costa Brava, 95 km, p\u0159ev\u00fd\u0161en\u00ed 1,900 m, highlights: kl\u00e1\u0161ter Sant Pere de Rodes, Col de Banyuls, ob\u011bd na pob\u0159e\u017e\u00ed,<\/p>\n<p>6. den &#8211; j\u00edzda do Girony, 83 km, p\u0159ev\u00fd\u0161en\u00ed 940 m, highlights: \u0159\u00edmsk\u00e9 z\u0159\u00edceniny Empuriabrava, st\u0159edov\u011bk\u00e9 vesni\u010dky v Baix Empord\u00e0, kaple v Els Angels ..<\/p>\n<p><strong>Cena: 1799 EUR \/ osobu (min. 6 osob)<\/strong> Pro jin\u00fd po\u010det osob p\u0159izp\u016fsob\u00edme ceny<\/p>\n<p>Cena zahrnuje: ubytov\u00e1n\u00ed 6 noc\u00ed v 3 a 4 hv\u011bzdi\u010dkov\u00fdch hotel\u00edch, p\u016fl penzi, p\u0159epravu zavazadel mezi hotely, transfer do po\u010d\u00e1te\u010dn\u00edho bodu z\u00e1jezdu, trasy v GPS form\u00e1tu, dodate\u010dn\u00e9 info o trase.<\/p>\n","protected":false},"excerpt":{"rendered":"<p>Prebicyklujte si prav\u00e9 Katal\u00e1nsko, vyzkou\u0161ejte lok\u00e1ln\u00ed speciality a nav\u0161tivte historick\u00e1 m\u011bsta.<\/p>\n","protected":false},"featured_media":10203,"comment_status":"open","ping_status":"closed","template":"","meta":{"_monsterinsights_skip_tracking":false,"_monsterinsights_sitenote_active":false,"_monsterinsights_sitenote_note":"","_monsterinsights_sitenote_category":0},"product-type":[107],"etheme_brands":[],"product_brand":[],"product_cat":[391],"product_tag":[564,587,570,574,582],"class_list":{"0":"post-10193","1":"product","2":"type-product","3":"status-publish","4":"has-post-thumbnail","6":"product-type-tour","7":"product_cat-silnicni-cyklistika-cs","8":"product_tag-6-dni-cs","9":"product_tag-costa-brava-cs","10":"product_tag-dali-cs","11":"product_tag-pyreneje-cs","12":"product_tag-silnicni-cyklistika","14":"first","15":"instock","16":"shipping-taxable","17":"purchasable"},"supplier_id":null,"supplier_sku":"","barcode":null,"atum_controlled":true,"out_stock_date":null,"out_stock_threshold":null,"inheritable":false,"inbound_stock":null,"stock_on_hold":0,"sold_today":0,"sales_last_days":0,"reserved_stock":null,"customer_returns":null,"warehouse_damage":null,"lost_in_post":null,"other_logs":null,"out_stock_days":0,"lost_sales":0,"has_location":null,"update_date":"2026-04-25T00:57:36","atum_locations":[],"atum_stock_status":"instock","restock_status":false,"low_stock_amount":"","sales_update_date":"2026-04-25T00:57:36","calc_backorders":null,"yoast_head":"<!-- This site is optimized with the Yoast SEO plugin v26.6 - https:\/\/yoast.com\/wordpress\/plugins\/seo\/ -->\n<title>Girona, Costa Brava a Pyreneje DELUX - Girona ProSport<\/title>\n<meta name=\"robots\" content=\"index, follow, max-snippet:-1, max-image-preview:large, max-video-preview:-1\" \/>\n<link rel=\"canonical\" href=\"https:\/\/gironaprosport.com\/cs\/produkt-cs\/girona-costa-brava-a-pyreneje-delux\/\" \/>\n<meta property=\"og:locale\" content=\"cs_CZ\" \/>\n<meta property=\"og:type\" content=\"article\" \/>\n<meta property=\"og:title\" content=\"Girona, Costa Brava a Pyreneje DELUX - Girona ProSport\" \/>\n<meta property=\"og:description\" content=\"Prebicyklujte si prav\u00e9 Katal\u00e1nsko, vyzkou\u0161ejte lok\u00e1ln\u00ed speciality a nav\u0161tivte historick\u00e1 m\u011bsta.\" \/>\n<meta property=\"og:url\" content=\"https:\/\/gironaprosport.com\/cs\/produkt-cs\/girona-costa-brava-a-pyreneje-delux\/\" \/>\n<meta property=\"og:site_name\" content=\"Girona ProSport\" \/>\n<meta property=\"article:publisher\" content=\"http:\/\/fb.me\/gironaprosport\" \/>\n<meta property=\"article:modified_time\" content=\"2024-03-03T12:41:03+00:00\" \/>\n<meta property=\"og:image\" content=\"https:\/\/gironaprosport.com\/wp-content\/uploads\/Chapter3_GironaKit_EatSleepCycleLaunch1.jpg\" \/>\n\t<meta property=\"og:image:width\" content=\"1199\" \/>\n\t<meta property=\"og:image:height\" content=\"1199\" \/>\n\t<meta property=\"og:image:type\" content=\"image\/jpeg\" \/>\n<meta name=\"twitter:card\" content=\"summary_large_image\" \/>\n<meta name=\"twitter:label1\" content=\"Odhadovan\u00e1 doba \u010dten\u00ed\" \/>\n\t<meta name=\"twitter:data1\" content=\"2 minuty\" \/>\n<script type=\"application\/ld+json\" class=\"yoast-schema-graph\">{\"@context\":\"https:\/\/schema.org\",\"@graph\":[{\"@type\":\"WebPage\",\"@id\":\"https:\/\/gironaprosport.com\/cs\/produkt-cs\/girona-costa-brava-a-pyreneje-delux\/\",\"url\":\"https:\/\/gironaprosport.com\/cs\/produkt-cs\/girona-costa-brava-a-pyreneje-delux\/\",\"name\":\"Girona, Costa Brava a Pyreneje DELUX - Girona ProSport\",\"isPartOf\":{\"@id\":\"https:\/\/gironaprosport.com\/cs\/#website\"},\"primaryImageOfPage\":{\"@id\":\"https:\/\/gironaprosport.com\/cs\/produkt-cs\/girona-costa-brava-a-pyreneje-delux\/#primaryimage\"},\"image\":{\"@id\":\"https:\/\/gironaprosport.com\/cs\/produkt-cs\/girona-costa-brava-a-pyreneje-delux\/#primaryimage\"},\"thumbnailUrl\":\"https:\/\/gironaprosport.com\/wp-content\/uploads\/Chapter3_GironaKit_EatSleepCycleLaunch1.jpg\",\"datePublished\":\"2020-02-20T07:42:02+00:00\",\"dateModified\":\"2024-03-03T12:41:03+00:00\",\"breadcrumb\":{\"@id\":\"https:\/\/gironaprosport.com\/cs\/produkt-cs\/girona-costa-brava-a-pyreneje-delux\/#breadcrumb\"},\"inLanguage\":\"cs\",\"potentialAction\":[{\"@type\":\"ReadAction\",\"target\":[\"https:\/\/gironaprosport.com\/cs\/produkt-cs\/girona-costa-brava-a-pyreneje-delux\/\"]}]},{\"@type\":\"ImageObject\",\"inLanguage\":\"cs\",\"@id\":\"https:\/\/gironaprosport.com\/cs\/produkt-cs\/girona-costa-brava-a-pyreneje-delux\/#primaryimage\",\"url\":\"https:\/\/gironaprosport.com\/wp-content\/uploads\/Chapter3_GironaKit_EatSleepCycleLaunch1.jpg\",\"contentUrl\":\"https:\/\/gironaprosport.com\/wp-content\/uploads\/Chapter3_GironaKit_EatSleepCycleLaunch1.jpg\",\"width\":1199,\"height\":1199,\"caption\":\"girona\"},{\"@type\":\"BreadcrumbList\",\"@id\":\"https:\/\/gironaprosport.com\/cs\/produkt-cs\/girona-costa-brava-a-pyreneje-delux\/#breadcrumb\",\"itemListElement\":[{\"@type\":\"ListItem\",\"position\":1,\"name\":\"Domovsk\u00e1 str\u00e1nka\",\"item\":\"https:\/\/gironaprosport.com\/cs\/\"},{\"@type\":\"ListItem\",\"position\":2,\"name\":\"Shop\",\"item\":\"https:\/\/gironaprosport.com\/cs\/shop-cs\/\"},{\"@type\":\"ListItem\",\"position\":3,\"name\":\"Girona, Costa Brava a Pyreneje DELUX\"}]},{\"@type\":\"WebSite\",\"@id\":\"https:\/\/gironaprosport.com\/cs\/#website\",\"url\":\"https:\/\/gironaprosport.com\/cs\/\",\"name\":\"Girona ProSport\",\"description\":\"Cykloz\u00e1jazdy\",\"publisher\":{\"@id\":\"https:\/\/gironaprosport.com\/cs\/#organization\"},\"potentialAction\":[{\"@type\":\"SearchAction\",\"target\":{\"@type\":\"EntryPoint\",\"urlTemplate\":\"https:\/\/gironaprosport.com\/cs\/?s={search_term_string}\"},\"query-input\":{\"@type\":\"PropertyValueSpecification\",\"valueRequired\":true,\"valueName\":\"search_term_string\"}}],\"inLanguage\":\"cs\"},{\"@type\":\"Organization\",\"@id\":\"https:\/\/gironaprosport.com\/cs\/#organization\",\"name\":\"Girona PRO SPORT\",\"url\":\"https:\/\/gironaprosport.com\/cs\/\",\"logo\":{\"@type\":\"ImageObject\",\"inLanguage\":\"cs\",\"@id\":\"https:\/\/gironaprosport.com\/cs\/#\/schema\/logo\/image\/\",\"url\":\"https:\/\/gironaprosport.com\/wp-content\/uploads\/logo-gps_64.png\",\"contentUrl\":\"https:\/\/gironaprosport.com\/wp-content\/uploads\/logo-gps_64.png\",\"width\":320,\"height\":64,\"caption\":\"Girona PRO SPORT\"},\"image\":{\"@id\":\"https:\/\/gironaprosport.com\/cs\/#\/schema\/logo\/image\/\"},\"sameAs\":[\"http:\/\/fb.me\/gironaprosport\",\"http:\/\/instagram.com\/girona_prosport\/\",\"https:\/\/www.youtube.com\/channel\/UCv7gLuh2ONY6kESVj_3aSnA\"]}]}<\/script>\n<!-- \/ Yoast SEO plugin. -->","yoast_head_json":{"title":"Girona, Costa Brava a Pyreneje DELUX - Girona ProSport","robots":{"index":"index","follow":"follow","max-snippet":"max-snippet:-1","max-image-preview":"max-image-preview:large","max-video-preview":"max-video-preview:-1"},"canonical":"https:\/\/gironaprosport.com\/cs\/produkt-cs\/girona-costa-brava-a-pyreneje-delux\/","og_locale":"cs_CZ","og_type":"article","og_title":"Girona, Costa Brava a Pyreneje DELUX - Girona ProSport","og_description":"Prebicyklujte si prav\u00e9 Katal\u00e1nsko, vyzkou\u0161ejte lok\u00e1ln\u00ed speciality a nav\u0161tivte historick\u00e1 m\u011bsta.","og_url":"https:\/\/gironaprosport.com\/cs\/produkt-cs\/girona-costa-brava-a-pyreneje-delux\/","og_site_name":"Girona ProSport","article_publisher":"http:\/\/fb.me\/gironaprosport","article_modified_time":"2024-03-03T12:41:03+00:00","og_image":[{"width":1199,"height":1199,"url":"https:\/\/gironaprosport.com\/wp-content\/uploads\/Chapter3_GironaKit_EatSleepCycleLaunch1.jpg","type":"image\/jpeg"}],"twitter_card":"summary_large_image","twitter_misc":{"Odhadovan\u00e1 doba \u010dten\u00ed":"2 minuty"},"schema":{"@context":"https:\/\/schema.org","@graph":[{"@type":"WebPage","@id":"https:\/\/gironaprosport.com\/cs\/produkt-cs\/girona-costa-brava-a-pyreneje-delux\/","url":"https:\/\/gironaprosport.com\/cs\/produkt-cs\/girona-costa-brava-a-pyreneje-delux\/","name":"Girona, Costa Brava a Pyreneje DELUX - Girona ProSport","isPartOf":{"@id":"https:\/\/gironaprosport.com\/cs\/#website"},"primaryImageOfPage":{"@id":"https:\/\/gironaprosport.com\/cs\/produkt-cs\/girona-costa-brava-a-pyreneje-delux\/#primaryimage"},"image":{"@id":"https:\/\/gironaprosport.com\/cs\/produkt-cs\/girona-costa-brava-a-pyreneje-delux\/#primaryimage"},"thumbnailUrl":"https:\/\/gironaprosport.com\/wp-content\/uploads\/Chapter3_GironaKit_EatSleepCycleLaunch1.jpg","datePublished":"2020-02-20T07:42:02+00:00","dateModified":"2024-03-03T12:41:03+00:00","breadcrumb":{"@id":"https:\/\/gironaprosport.com\/cs\/produkt-cs\/girona-costa-brava-a-pyreneje-delux\/#breadcrumb"},"inLanguage":"cs","potentialAction":[{"@type":"ReadAction","target":["https:\/\/gironaprosport.com\/cs\/produkt-cs\/girona-costa-brava-a-pyreneje-delux\/"]}]},{"@type":"ImageObject","inLanguage":"cs","@id":"https:\/\/gironaprosport.com\/cs\/produkt-cs\/girona-costa-brava-a-pyreneje-delux\/#primaryimage","url":"https:\/\/gironaprosport.com\/wp-content\/uploads\/Chapter3_GironaKit_EatSleepCycleLaunch1.jpg","contentUrl":"https:\/\/gironaprosport.com\/wp-content\/uploads\/Chapter3_GironaKit_EatSleepCycleLaunch1.jpg","width":1199,"height":1199,"caption":"girona"},{"@type":"BreadcrumbList","@id":"https:\/\/gironaprosport.com\/cs\/produkt-cs\/girona-costa-brava-a-pyreneje-delux\/#breadcrumb","itemListElement":[{"@type":"ListItem","position":1,"name":"Domovsk\u00e1 str\u00e1nka","item":"https:\/\/gironaprosport.com\/cs\/"},{"@type":"ListItem","position":2,"name":"Shop","item":"https:\/\/gironaprosport.com\/cs\/shop-cs\/"},{"@type":"ListItem","position":3,"name":"Girona, Costa Brava a Pyreneje DELUX"}]},{"@type":"WebSite","@id":"https:\/\/gironaprosport.com\/cs\/#website","url":"https:\/\/gironaprosport.com\/cs\/","name":"Girona ProSport","description":"Cykloz\u00e1jazdy","publisher":{"@id":"https:\/\/gironaprosport.com\/cs\/#organization"},"potentialAction":[{"@type":"SearchAction","target":{"@type":"EntryPoint","urlTemplate":"https:\/\/gironaprosport.com\/cs\/?s={search_term_string}"},"query-input":{"@type":"PropertyValueSpecification","valueRequired":true,"valueName":"search_term_string"}}],"inLanguage":"cs"},{"@type":"Organization","@id":"https:\/\/gironaprosport.com\/cs\/#organization","name":"Girona PRO SPORT","url":"https:\/\/gironaprosport.com\/cs\/","logo":{"@type":"ImageObject","inLanguage":"cs","@id":"https:\/\/gironaprosport.com\/cs\/#\/schema\/logo\/image\/","url":"https:\/\/gironaprosport.com\/wp-content\/uploads\/logo-gps_64.png","contentUrl":"https:\/\/gironaprosport.com\/wp-content\/uploads\/logo-gps_64.png","width":320,"height":64,"caption":"Girona PRO SPORT"},"image":{"@id":"https:\/\/gironaprosport.com\/cs\/#\/schema\/logo\/image\/"},"sameAs":["http:\/\/fb.me\/gironaprosport","http:\/\/instagram.com\/girona_prosport\/","https:\/\/www.youtube.com\/channel\/UCv7gLuh2ONY6kESVj_3aSnA"]}]}},"meta_box":{"gps_dates_event":[],"gps_distance":"430","gps_distance_note":"","gps_camber":"8660","gps_difficulty":"hard","gps_lasted":["6"],"gps_lasted_note":"","gps_guide":"0","gps_coach":"0","gps_stages":"5","gps_bicycle_rental":"0","gps_date_from":"2020-01-01","gps_date_to":"2020-12-31","gps_map":[{"width":150,"height":150,"file":"trasa-Girona-Costa-Brava-a-Pyreneje-DELUX.jpg","sizes":{"woocommerce_thumbnail":{"file":"trasa-Girona-Costa-Brava-a-Pyreneje-DELUX-360x360.jpg","width":360,"height":360,"mime-type":"image\/jpeg","uncropped":false,"url":"https:\/\/gironaprosport.com\/wp-content\/uploads\/trasa-Girona-Costa-Brava-a-Pyreneje-DELUX-360x360.jpg"},"woocommerce_gallery_thumbnail":{"file":"trasa-Girona-Costa-Brava-a-Pyreneje-DELUX-100x100.jpg","width":100,"height":100,"mime-type":"image\/jpeg","url":"https:\/\/gironaprosport.com\/wp-content\/uploads\/trasa-Girona-Costa-Brava-a-Pyreneje-DELUX-100x100.jpg"},"woocommerce_single":{"file":"trasa-Girona-Costa-Brava-a-Pyreneje-DELUX-600x454.jpg","width":600,"height":454,"mime-type":"image\/jpeg","url":"https:\/\/gironaprosport.com\/wp-content\/uploads\/trasa-Girona-Costa-Brava-a-Pyreneje-DELUX-600x454.jpg"},"medium":{"file":"trasa-Girona-Costa-Brava-a-Pyreneje-DELUX-300x227.jpg","width":300,"height":227,"mime-type":"image\/jpeg","url":"https:\/\/gironaprosport.com\/wp-content\/uploads\/trasa-Girona-Costa-Brava-a-Pyreneje-DELUX-300x227.jpg"},"thumbnail":{"file":"trasa-Girona-Costa-Brava-a-Pyreneje-DELUX-150x150.jpg","width":150,"height":150,"mime-type":"image\/jpeg","url":"https:\/\/gironaprosport.com\/wp-content\/uploads\/trasa-Girona-Costa-Brava-a-Pyreneje-DELUX-150x150.jpg"},"medium_large":{"file":"trasa-Girona-Costa-Brava-a-Pyreneje-DELUX-768x581.jpg","width":768,"height":581,"mime-type":"image\/jpeg","url":"https:\/\/gironaprosport.com\/wp-content\/uploads\/trasa-Girona-Costa-Brava-a-Pyreneje-DELUX-768x581.jpg"},"etheme-woocommerce-nimi":{"file":"trasa-Girona-Costa-Brava-a-Pyreneje-DELUX-1x1.jpg","width":1,"height":1,"mime-type":"image\/jpeg","url":"https:\/\/gironaprosport.com\/wp-content\/uploads\/trasa-Girona-Costa-Brava-a-Pyreneje-DELUX-1x1.jpg"},"etheme-nimi":{"file":"trasa-Girona-Costa-Brava-a-Pyreneje-DELUX-10x8.jpg","width":10,"height":8,"mime-type":"image\/jpeg","url":"https:\/\/gironaprosport.com\/wp-content\/uploads\/trasa-Girona-Costa-Brava-a-Pyreneje-DELUX-10x8.jpg"},"shop_catalog_alt":{"file":"trasa-Girona-Costa-Brava-a-Pyreneje-DELUX-600x600.jpg","width":600,"height":600,"mime-type":"image\/jpeg","url":"https:\/\/gironaprosport.com\/wp-content\/uploads\/trasa-Girona-Costa-Brava-a-Pyreneje-DELUX-600x600.jpg"},"shop_catalog":{"file":"trasa-Girona-Costa-Brava-a-Pyreneje-DELUX-360x360.jpg","width":360,"height":360,"mime-type":"image\/jpeg","uncropped":false,"url":"https:\/\/gironaprosport.com\/wp-content\/uploads\/trasa-Girona-Costa-Brava-a-Pyreneje-DELUX-360x360.jpg"},"shop_single":{"file":"trasa-Girona-Costa-Brava-a-Pyreneje-DELUX-600x454.jpg","width":600,"height":454,"mime-type":"image\/jpeg","url":"https:\/\/gironaprosport.com\/wp-content\/uploads\/trasa-Girona-Costa-Brava-a-Pyreneje-DELUX-600x454.jpg"},"shop_thumbnail":{"file":"trasa-Girona-Costa-Brava-a-Pyreneje-DELUX-100x100.jpg","width":100,"height":100,"mime-type":"image\/jpeg","url":"https:\/\/gironaprosport.com\/wp-content\/uploads\/trasa-Girona-Costa-Brava-a-Pyreneje-DELUX-100x100.jpg"}},"image_meta":{"aperture":"0","credit":"","camera":"","caption":"","created_timestamp":"0","copyright":"","focal_length":"0","iso":"0","shutter_speed":"0","title":"","orientation":"0","keywords":[]},"ID":"5014","name":"trasa-Girona-Costa-Brava-a-Pyreneje-DELUX.jpg","path":"\/data\/a\/2\/a23847c4-7a58-48dc-b132-29ebe7618031\/gironaprosport.com\/web\/wp-content\/uploads\/trasa-Girona-Costa-Brava-a-Pyreneje-DELUX.jpg","url":"https:\/\/gironaprosport.com\/wp-content\/uploads\/trasa-Girona-Costa-Brava-a-Pyreneje-DELUX-150x150.jpg","full_url":"https:\/\/gironaprosport.com\/wp-content\/uploads\/trasa-Girona-Costa-Brava-a-Pyreneje-DELUX.jpg","title":"trasa - Girona, Costa Brava a Pyreneje DELUX","caption":"","description":"","alt":"","srcset":"https:\/\/gironaprosport.com\/wp-content\/uploads\/trasa-Girona-Costa-Brava-a-Pyreneje-DELUX-150x150.jpg 150w, https:\/\/gironaprosport.com\/wp-content\/uploads\/trasa-Girona-Costa-Brava-a-Pyreneje-DELUX-360x360.jpg 360w, https:\/\/gironaprosport.com\/wp-content\/uploads\/trasa-Girona-Costa-Brava-a-Pyreneje-DELUX-100x100.jpg 100w, https:\/\/gironaprosport.com\/wp-content\/uploads\/trasa-Girona-Costa-Brava-a-Pyreneje-DELUX-1x1.jpg 1w, https:\/\/gironaprosport.com\/wp-content\/uploads\/trasa-Girona-Costa-Brava-a-Pyreneje-DELUX-600x600.jpg 600w"}]},"_links":{"self":[{"href":"https:\/\/gironaprosport.com\/cs\/wp-json\/wp\/v2\/product\/10193","targetHints":{"allow":["GET"]}}],"collection":[{"href":"https:\/\/gironaprosport.com\/cs\/wp-json\/wp\/v2\/product"}],"about":[{"href":"https:\/\/gironaprosport.com\/cs\/wp-json\/wp\/v2\/types\/product"}],"replies":[{"embeddable":true,"href":"https:\/\/gironaprosport.com\/cs\/wp-json\/wp\/v2\/comments?post=10193"}],"wp:featuredmedia":[{"embeddable":true,"href":"https:\/\/gironaprosport.com\/cs\/wp-json\/wp\/v2\/media\/10203"}],"wp:attachment":[{"href":"https:\/\/gironaprosport.com\/cs\/wp-json\/wp\/v2\/media?parent=10193"}],"wp:term":[{"taxonomy":"product-type","embeddable":true,"href":"https:\/\/gironaprosport.com\/cs\/wp-json\/wp\/v2\/product-type?post=10193"},{"taxonomy":"brand","embeddable":true,"href":"https:\/\/gironaprosport.com\/cs\/wp-json\/wp\/v2\/etheme_brands?post=10193"},{"taxonomy":"product_brand","embeddable":true,"href":"https:\/\/gironaprosport.com\/cs\/wp-json\/wp\/v2\/product_brand?post=10193"},{"taxonomy":"product_cat","embeddable":true,"href":"https:\/\/gironaprosport.com\/cs\/wp-json\/wp\/v2\/product_cat?post=10193"},{"taxonomy":"product_tag","embeddable":true,"href":"https:\/\/gironaprosport.com\/cs\/wp-json\/wp\/v2\/product_tag?post=10193"}],"curies":[{"name":"wp","href":"https:\/\/api.w.org\/{rel}","templated":true}]}}