{"id":10185,"date":"2020-02-20T09:21:10","date_gmt":"2020-02-20T08:21:10","guid":{"rendered":"https:\/\/gironaprosport.com\/produkt\/expres-katalanske-pyreneje\/"},"modified":"2024-03-10T06:01:32","modified_gmt":"2024-03-10T05:01:32","slug":"expres-katalanske-pyreneje","status":"publish","type":"product","link":"https:\/\/gironaprosport.com\/cs\/produkt-cs\/expres-katalanske-pyreneje\/","title":{"rendered":"Expres Katal\u00e1nsk\u00e9 Pyreneje"},"content":{"rendered":"<p>Z\u00e1jezd je ur\u010den zku\u0161en\u00fdm cyklist\u016fm, kte\u0159\u00ed nemaj\u00ed probl\u00e9m jezdit 100km denn\u011b. St\u0159edn\u011b zku\u0161en\u00ed cyklist\u00e9 mohou z\u00e1jezd absolvovat na elektrick\u00e9m kole. Doporu\u010dujeme tr\u00e9nink p\u0159ed t\u00edmto cestovn\u00edmi. Bydlet budete v Pobla La Lillet, v \u00fadol\u00ed Col de Morella &amp; Col de la Crueta, pln\u00e9m historie a pohostinnosti.<\/p>\n<h4>Pl\u00e1n cesty:<\/h4>\n<p>1. den &#8211; Girona &#8211; Pobla La Lillet, 133 km, p\u0159ev\u00fd\u0161en\u00ed 2,500 m, mo\u017enost prodlou\u017eit si cestu p\u0159es Oix and Bege, 152 km, p\u0159ev\u00fd\u0161en\u00ed 2,700 m,<\/p>\n<p>2. den &#8211; Coll de la Crueta &amp; Montgrony, 61 km, p\u0159ev\u00fd\u0161en\u00ed 1,700 m,<\/p>\n<p>3.den &#8211; trasa Pobla La Lillet do Girony, 140 km, p\u0159ev\u00fd\u0161en\u00ed 2,200 m, mo\u017enost zkr\u00e1tit si cestu na 115 km, p\u0159ev\u00fd\u0161en\u00ed 1,500 m<\/p>\n<p>Z\u00e1jezd je ur\u010den zku\u0161en\u00fdm cyklist\u016fm, kte\u0159\u00ed nemaj\u00ed probl\u00e9m jezdit 100km denn\u011b. St\u0159edn\u011b zku\u0161en\u00ed cyklist\u00e9 mohou z\u00e1jezd absolvovat na elektrick\u00e9m kole. Doporu\u010dujeme tr\u00e9nink p\u0159ed t\u00edmto cestovn\u00edmi.<\/p>\n<p><strong>Cena: 599 EUR \/ osobu (min. 6 osob<\/strong>), 899 EUR \/ osobu (2 osoby), 749 EUR \/ osobu (3-5 osob), 999 EUR jednotlivec<\/p>\n<p>Cena zahrnuje ubytov\u00e1n\u00ed v horsk\u00e9 vile (2 noci), polopenzi, transfery zavazadel do a z Pobla La Lillet, trasy v GPS form\u00e1tu, dodate\u010dn\u00e9 info o trase.<\/p>\n","protected":false},"excerpt":{"rendered":"<p>Jezd\u011bte na kole z Girony do katal\u00e1nsk\u00fdch Pyrenej\u00ed a pro\u017eijte tam 2 magick\u00e9 noci a 3 dny. Tento z\u00e1jezd kombinuje \u00fa\u017easnou cyklistiku s vynikaj\u00edc\u00ed katal\u00e1nskou horskou gastronomi\u00ed.<\/p>\n<p>&nbsp;<\/p>\n","protected":false},"featured_media":10192,"comment_status":"open","ping_status":"closed","template":"","meta":{"_monsterinsights_skip_tracking":false,"_monsterinsights_sitenote_active":false,"_monsterinsights_sitenote_note":"","_monsterinsights_sitenote_category":0},"product-type":[107],"etheme_brands":[],"product_brand":[],"product_cat":[403,391],"product_tag":[558,596,598,626,574,582],"class_list":{"0":"post-10185","1":"product","2":"type-product","3":"status-publish","4":"has-post-thumbnail","6":"product-type-tour","7":"product_cat-cykloturistika-cs","8":"product_cat-silnicni-cyklistika-cs","9":"product_tag-3-dny","10":"product_tag-cykloturistika-cs","11":"product_tag-cyklozajezdy","12":"product_tag-narocne-cs","13":"product_tag-pyreneje-cs","14":"product_tag-silnicni-cyklistika","16":"first","17":"instock","18":"shipping-taxable","19":"purchasable"},"supplier_id":null,"supplier_sku":"","barcode":null,"atum_controlled":true,"out_stock_date":null,"out_stock_threshold":null,"inheritable":false,"inbound_stock":null,"stock_on_hold":0,"sold_today":0,"sales_last_days":0,"reserved_stock":null,"customer_returns":null,"warehouse_damage":null,"lost_in_post":null,"other_logs":null,"out_stock_days":0,"lost_sales":0,"has_location":null,"update_date":"2026-04-25T00:57:40","atum_locations":[],"atum_stock_status":"instock","restock_status":false,"low_stock_amount":"","sales_update_date":"2026-04-25T00:57:40","calc_backorders":null,"yoast_head":"<!-- This site is optimized with the Yoast SEO plugin v26.6 - https:\/\/yoast.com\/wordpress\/plugins\/seo\/ -->\n<title>Expres Katal\u00e1nsk\u00e9 Pyreneje - Girona ProSport<\/title>\n<meta name=\"robots\" content=\"index, follow, max-snippet:-1, max-image-preview:large, max-video-preview:-1\" \/>\n<link rel=\"canonical\" href=\"https:\/\/gironaprosport.com\/cs\/produkt-cs\/expres-katalanske-pyreneje\/\" \/>\n<meta property=\"og:locale\" content=\"cs_CZ\" \/>\n<meta property=\"og:type\" content=\"article\" \/>\n<meta property=\"og:title\" content=\"Expres Katal\u00e1nsk\u00e9 Pyreneje - Girona ProSport\" \/>\n<meta property=\"og:description\" content=\"Jezd\u011bte na kole z Girony do katal\u00e1nsk\u00fdch Pyrenej\u00ed a pro\u017eijte tam 2 magick\u00e9 noci a 3 dny. Tento z\u00e1jezd kombinuje \u00fa\u017easnou cyklistiku s vynikaj\u00edc\u00ed katal\u00e1nskou horskou gastronomi\u00ed.  &nbsp;\" \/>\n<meta property=\"og:url\" content=\"https:\/\/gironaprosport.com\/cs\/produkt-cs\/expres-katalanske-pyreneje\/\" \/>\n<meta property=\"og:site_name\" content=\"Girona ProSport\" \/>\n<meta property=\"article:publisher\" content=\"http:\/\/fb.me\/gironaprosport\" \/>\n<meta property=\"article:modified_time\" content=\"2024-03-10T05:01:32+00:00\" \/>\n<meta property=\"og:image\" content=\"https:\/\/gironaprosport.com\/wp-content\/uploads\/Camprodon-Puente-nuevo-de-camprodon.jpeg\" \/>\n\t<meta property=\"og:image:width\" content=\"1200\" \/>\n\t<meta property=\"og:image:height\" content=\"1200\" \/>\n\t<meta property=\"og:image:type\" content=\"image\/jpeg\" \/>\n<meta name=\"twitter:card\" content=\"summary_large_image\" \/>\n<meta name=\"twitter:label1\" content=\"Odhadovan\u00e1 doba \u010dten\u00ed\" \/>\n\t<meta name=\"twitter:data1\" content=\"1 minuta\" \/>\n<script type=\"application\/ld+json\" class=\"yoast-schema-graph\">{\"@context\":\"https:\/\/schema.org\",\"@graph\":[{\"@type\":\"WebPage\",\"@id\":\"https:\/\/gironaprosport.com\/cs\/produkt-cs\/expres-katalanske-pyreneje\/\",\"url\":\"https:\/\/gironaprosport.com\/cs\/produkt-cs\/expres-katalanske-pyreneje\/\",\"name\":\"Expres Katal\u00e1nsk\u00e9 Pyreneje - Girona ProSport\",\"isPartOf\":{\"@id\":\"https:\/\/gironaprosport.com\/cs\/#website\"},\"primaryImageOfPage\":{\"@id\":\"https:\/\/gironaprosport.com\/cs\/produkt-cs\/expres-katalanske-pyreneje\/#primaryimage\"},\"image\":{\"@id\":\"https:\/\/gironaprosport.com\/cs\/produkt-cs\/expres-katalanske-pyreneje\/#primaryimage\"},\"thumbnailUrl\":\"https:\/\/gironaprosport.com\/wp-content\/uploads\/Camprodon-Puente-nuevo-de-camprodon.jpeg\",\"datePublished\":\"2020-02-20T08:21:10+00:00\",\"dateModified\":\"2024-03-10T05:01:32+00:00\",\"breadcrumb\":{\"@id\":\"https:\/\/gironaprosport.com\/cs\/produkt-cs\/expres-katalanske-pyreneje\/#breadcrumb\"},\"inLanguage\":\"cs\",\"potentialAction\":[{\"@type\":\"ReadAction\",\"target\":[\"https:\/\/gironaprosport.com\/cs\/produkt-cs\/expres-katalanske-pyreneje\/\"]}]},{\"@type\":\"ImageObject\",\"inLanguage\":\"cs\",\"@id\":\"https:\/\/gironaprosport.com\/cs\/produkt-cs\/expres-katalanske-pyreneje\/#primaryimage\",\"url\":\"https:\/\/gironaprosport.com\/wp-content\/uploads\/Camprodon-Puente-nuevo-de-camprodon.jpeg\",\"contentUrl\":\"https:\/\/gironaprosport.com\/wp-content\/uploads\/Camprodon-Puente-nuevo-de-camprodon.jpeg\",\"width\":1200,\"height\":1200,\"caption\":\"camprodon\"},{\"@type\":\"BreadcrumbList\",\"@id\":\"https:\/\/gironaprosport.com\/cs\/produkt-cs\/expres-katalanske-pyreneje\/#breadcrumb\",\"itemListElement\":[{\"@type\":\"ListItem\",\"position\":1,\"name\":\"Domovsk\u00e1 str\u00e1nka\",\"item\":\"https:\/\/gironaprosport.com\/cs\/\"},{\"@type\":\"ListItem\",\"position\":2,\"name\":\"Shop\",\"item\":\"https:\/\/gironaprosport.com\/cs\/shop-cs\/\"},{\"@type\":\"ListItem\",\"position\":3,\"name\":\"Expres Katal\u00e1nsk\u00e9 Pyreneje\"}]},{\"@type\":\"WebSite\",\"@id\":\"https:\/\/gironaprosport.com\/cs\/#website\",\"url\":\"https:\/\/gironaprosport.com\/cs\/\",\"name\":\"Girona ProSport\",\"description\":\"Cykloz\u00e1jazdy\",\"publisher\":{\"@id\":\"https:\/\/gironaprosport.com\/cs\/#organization\"},\"potentialAction\":[{\"@type\":\"SearchAction\",\"target\":{\"@type\":\"EntryPoint\",\"urlTemplate\":\"https:\/\/gironaprosport.com\/cs\/?s={search_term_string}\"},\"query-input\":{\"@type\":\"PropertyValueSpecification\",\"valueRequired\":true,\"valueName\":\"search_term_string\"}}],\"inLanguage\":\"cs\"},{\"@type\":\"Organization\",\"@id\":\"https:\/\/gironaprosport.com\/cs\/#organization\",\"name\":\"Girona PRO SPORT\",\"url\":\"https:\/\/gironaprosport.com\/cs\/\",\"logo\":{\"@type\":\"ImageObject\",\"inLanguage\":\"cs\",\"@id\":\"https:\/\/gironaprosport.com\/cs\/#\/schema\/logo\/image\/\",\"url\":\"https:\/\/gironaprosport.com\/wp-content\/uploads\/logo-gps_64.png\",\"contentUrl\":\"https:\/\/gironaprosport.com\/wp-content\/uploads\/logo-gps_64.png\",\"width\":320,\"height\":64,\"caption\":\"Girona PRO SPORT\"},\"image\":{\"@id\":\"https:\/\/gironaprosport.com\/cs\/#\/schema\/logo\/image\/\"},\"sameAs\":[\"http:\/\/fb.me\/gironaprosport\",\"http:\/\/instagram.com\/girona_prosport\/\",\"https:\/\/www.youtube.com\/channel\/UCv7gLuh2ONY6kESVj_3aSnA\"]}]}<\/script>\n<!-- \/ Yoast SEO plugin. -->","yoast_head_json":{"title":"Expres Katal\u00e1nsk\u00e9 Pyreneje - Girona ProSport","robots":{"index":"index","follow":"follow","max-snippet":"max-snippet:-1","max-image-preview":"max-image-preview:large","max-video-preview":"max-video-preview:-1"},"canonical":"https:\/\/gironaprosport.com\/cs\/produkt-cs\/expres-katalanske-pyreneje\/","og_locale":"cs_CZ","og_type":"article","og_title":"Expres Katal\u00e1nsk\u00e9 Pyreneje - Girona ProSport","og_description":"Jezd\u011bte na kole z Girony do katal\u00e1nsk\u00fdch Pyrenej\u00ed a pro\u017eijte tam 2 magick\u00e9 noci a 3 dny. Tento z\u00e1jezd kombinuje \u00fa\u017easnou cyklistiku s vynikaj\u00edc\u00ed katal\u00e1nskou horskou gastronomi\u00ed.  &nbsp;","og_url":"https:\/\/gironaprosport.com\/cs\/produkt-cs\/expres-katalanske-pyreneje\/","og_site_name":"Girona ProSport","article_publisher":"http:\/\/fb.me\/gironaprosport","article_modified_time":"2024-03-10T05:01:32+00:00","og_image":[{"width":1200,"height":1200,"url":"https:\/\/gironaprosport.com\/wp-content\/uploads\/Camprodon-Puente-nuevo-de-camprodon.jpeg","type":"image\/jpeg"}],"twitter_card":"summary_large_image","twitter_misc":{"Odhadovan\u00e1 doba \u010dten\u00ed":"1 minuta"},"schema":{"@context":"https:\/\/schema.org","@graph":[{"@type":"WebPage","@id":"https:\/\/gironaprosport.com\/cs\/produkt-cs\/expres-katalanske-pyreneje\/","url":"https:\/\/gironaprosport.com\/cs\/produkt-cs\/expres-katalanske-pyreneje\/","name":"Expres Katal\u00e1nsk\u00e9 Pyreneje - Girona ProSport","isPartOf":{"@id":"https:\/\/gironaprosport.com\/cs\/#website"},"primaryImageOfPage":{"@id":"https:\/\/gironaprosport.com\/cs\/produkt-cs\/expres-katalanske-pyreneje\/#primaryimage"},"image":{"@id":"https:\/\/gironaprosport.com\/cs\/produkt-cs\/expres-katalanske-pyreneje\/#primaryimage"},"thumbnailUrl":"https:\/\/gironaprosport.com\/wp-content\/uploads\/Camprodon-Puente-nuevo-de-camprodon.jpeg","datePublished":"2020-02-20T08:21:10+00:00","dateModified":"2024-03-10T05:01:32+00:00","breadcrumb":{"@id":"https:\/\/gironaprosport.com\/cs\/produkt-cs\/expres-katalanske-pyreneje\/#breadcrumb"},"inLanguage":"cs","potentialAction":[{"@type":"ReadAction","target":["https:\/\/gironaprosport.com\/cs\/produkt-cs\/expres-katalanske-pyreneje\/"]}]},{"@type":"ImageObject","inLanguage":"cs","@id":"https:\/\/gironaprosport.com\/cs\/produkt-cs\/expres-katalanske-pyreneje\/#primaryimage","url":"https:\/\/gironaprosport.com\/wp-content\/uploads\/Camprodon-Puente-nuevo-de-camprodon.jpeg","contentUrl":"https:\/\/gironaprosport.com\/wp-content\/uploads\/Camprodon-Puente-nuevo-de-camprodon.jpeg","width":1200,"height":1200,"caption":"camprodon"},{"@type":"BreadcrumbList","@id":"https:\/\/gironaprosport.com\/cs\/produkt-cs\/expres-katalanske-pyreneje\/#breadcrumb","itemListElement":[{"@type":"ListItem","position":1,"name":"Domovsk\u00e1 str\u00e1nka","item":"https:\/\/gironaprosport.com\/cs\/"},{"@type":"ListItem","position":2,"name":"Shop","item":"https:\/\/gironaprosport.com\/cs\/shop-cs\/"},{"@type":"ListItem","position":3,"name":"Expres Katal\u00e1nsk\u00e9 Pyreneje"}]},{"@type":"WebSite","@id":"https:\/\/gironaprosport.com\/cs\/#website","url":"https:\/\/gironaprosport.com\/cs\/","name":"Girona ProSport","description":"Cykloz\u00e1jazdy","publisher":{"@id":"https:\/\/gironaprosport.com\/cs\/#organization"},"potentialAction":[{"@type":"SearchAction","target":{"@type":"EntryPoint","urlTemplate":"https:\/\/gironaprosport.com\/cs\/?s={search_term_string}"},"query-input":{"@type":"PropertyValueSpecification","valueRequired":true,"valueName":"search_term_string"}}],"inLanguage":"cs"},{"@type":"Organization","@id":"https:\/\/gironaprosport.com\/cs\/#organization","name":"Girona PRO SPORT","url":"https:\/\/gironaprosport.com\/cs\/","logo":{"@type":"ImageObject","inLanguage":"cs","@id":"https:\/\/gironaprosport.com\/cs\/#\/schema\/logo\/image\/","url":"https:\/\/gironaprosport.com\/wp-content\/uploads\/logo-gps_64.png","contentUrl":"https:\/\/gironaprosport.com\/wp-content\/uploads\/logo-gps_64.png","width":320,"height":64,"caption":"Girona PRO SPORT"},"image":{"@id":"https:\/\/gironaprosport.com\/cs\/#\/schema\/logo\/image\/"},"sameAs":["http:\/\/fb.me\/gironaprosport","http:\/\/instagram.com\/girona_prosport\/","https:\/\/www.youtube.com\/channel\/UCv7gLuh2ONY6kESVj_3aSnA"]}]}},"meta_box":{"gps_dates_event":[],"gps_distance":"335","gps_distance_note":"","gps_camber":"6400","gps_difficulty":"hard","gps_lasted":["3"],"gps_lasted_note":"","gps_guide":"0","gps_coach":"0","gps_stages":"3","gps_bicycle_rental":"0","gps_date_from":"2020-01-01","gps_date_to":"2020-12-31","gps_map":[{"width":150,"height":150,"file":"trasa-Expres-Katalanske-Pyreneje.jpg","sizes":{"woocommerce_thumbnail":{"file":"trasa-Expres-Katalanske-Pyreneje-360x360.jpg","width":360,"height":360,"mime-type":"image\/jpeg","uncropped":false,"url":"https:\/\/gironaprosport.com\/wp-content\/uploads\/trasa-Expres-Katalanske-Pyreneje-360x360.jpg"},"woocommerce_gallery_thumbnail":{"file":"trasa-Expres-Katalanske-Pyreneje-100x100.jpg","width":100,"height":100,"mime-type":"image\/jpeg","url":"https:\/\/gironaprosport.com\/wp-content\/uploads\/trasa-Expres-Katalanske-Pyreneje-100x100.jpg"},"woocommerce_single":{"file":"trasa-Expres-Katalanske-Pyreneje-600x450.jpg","width":600,"height":450,"mime-type":"image\/jpeg","url":"https:\/\/gironaprosport.com\/wp-content\/uploads\/trasa-Expres-Katalanske-Pyreneje-600x450.jpg"},"medium":{"file":"trasa-Expres-Katalanske-Pyreneje-300x225.jpg","width":300,"height":225,"mime-type":"image\/jpeg","url":"https:\/\/gironaprosport.com\/wp-content\/uploads\/trasa-Expres-Katalanske-Pyreneje-300x225.jpg"},"thumbnail":{"file":"trasa-Expres-Katalanske-Pyreneje-150x150.jpg","width":150,"height":150,"mime-type":"image\/jpeg","url":"https:\/\/gironaprosport.com\/wp-content\/uploads\/trasa-Expres-Katalanske-Pyreneje-150x150.jpg"},"medium_large":{"file":"trasa-Expres-Katalanske-Pyreneje-768x576.jpg","width":768,"height":576,"mime-type":"image\/jpeg","url":"https:\/\/gironaprosport.com\/wp-content\/uploads\/trasa-Expres-Katalanske-Pyreneje-768x576.jpg"},"etheme-woocommerce-nimi":{"file":"trasa-Expres-Katalanske-Pyreneje-1x1.jpg","width":1,"height":1,"mime-type":"image\/jpeg","url":"https:\/\/gironaprosport.com\/wp-content\/uploads\/trasa-Expres-Katalanske-Pyreneje-1x1.jpg"},"etheme-nimi":{"file":"trasa-Expres-Katalanske-Pyreneje-10x8.jpg","width":10,"height":8,"mime-type":"image\/jpeg","url":"https:\/\/gironaprosport.com\/wp-content\/uploads\/trasa-Expres-Katalanske-Pyreneje-10x8.jpg"},"shop_catalog_alt":{"file":"trasa-Expres-Katalanske-Pyreneje-600x600.jpg","width":600,"height":600,"mime-type":"image\/jpeg","url":"https:\/\/gironaprosport.com\/wp-content\/uploads\/trasa-Expres-Katalanske-Pyreneje-600x600.jpg"},"shop_catalog":{"file":"trasa-Expres-Katalanske-Pyreneje-360x360.jpg","width":360,"height":360,"mime-type":"image\/jpeg","uncropped":false,"url":"https:\/\/gironaprosport.com\/wp-content\/uploads\/trasa-Expres-Katalanske-Pyreneje-360x360.jpg"},"shop_single":{"file":"trasa-Expres-Katalanske-Pyreneje-600x450.jpg","width":600,"height":450,"mime-type":"image\/jpeg","url":"https:\/\/gironaprosport.com\/wp-content\/uploads\/trasa-Expres-Katalanske-Pyreneje-600x450.jpg"},"shop_thumbnail":{"file":"trasa-Expres-Katalanske-Pyreneje-100x100.jpg","width":100,"height":100,"mime-type":"image\/jpeg","url":"https:\/\/gironaprosport.com\/wp-content\/uploads\/trasa-Expres-Katalanske-Pyreneje-100x100.jpg"}},"image_meta":{"aperture":"0","credit":"","camera":"","caption":"","created_timestamp":"0","copyright":"","focal_length":"0","iso":"0","shutter_speed":"0","title":"","orientation":"0","keywords":[]},"ID":"5018","name":"trasa-Expres-Katalanske-Pyreneje.jpg","path":"\/data\/a\/2\/a23847c4-7a58-48dc-b132-29ebe7618031\/gironaprosport.com\/web\/wp-content\/uploads\/trasa-Expres-Katalanske-Pyreneje.jpg","url":"https:\/\/gironaprosport.com\/wp-content\/uploads\/trasa-Expres-Katalanske-Pyreneje-150x150.jpg","full_url":"https:\/\/gironaprosport.com\/wp-content\/uploads\/trasa-Expres-Katalanske-Pyreneje.jpg","title":"trasa - Expres Katalanske Pyreneje","caption":"","description":"","alt":"","srcset":"https:\/\/gironaprosport.com\/wp-content\/uploads\/trasa-Expres-Katalanske-Pyreneje-150x150.jpg 150w, https:\/\/gironaprosport.com\/wp-content\/uploads\/trasa-Expres-Katalanske-Pyreneje-360x360.jpg 360w, https:\/\/gironaprosport.com\/wp-content\/uploads\/trasa-Expres-Katalanske-Pyreneje-100x100.jpg 100w, https:\/\/gironaprosport.com\/wp-content\/uploads\/trasa-Expres-Katalanske-Pyreneje-1x1.jpg 1w, https:\/\/gironaprosport.com\/wp-content\/uploads\/trasa-Expres-Katalanske-Pyreneje-600x600.jpg 600w"}]},"_links":{"self":[{"href":"https:\/\/gironaprosport.com\/cs\/wp-json\/wp\/v2\/product\/10185","targetHints":{"allow":["GET"]}}],"collection":[{"href":"https:\/\/gironaprosport.com\/cs\/wp-json\/wp\/v2\/product"}],"about":[{"href":"https:\/\/gironaprosport.com\/cs\/wp-json\/wp\/v2\/types\/product"}],"replies":[{"embeddable":true,"href":"https:\/\/gironaprosport.com\/cs\/wp-json\/wp\/v2\/comments?post=10185"}],"wp:featuredmedia":[{"embeddable":true,"href":"https:\/\/gironaprosport.com\/cs\/wp-json\/wp\/v2\/media\/10192"}],"wp:attachment":[{"href":"https:\/\/gironaprosport.com\/cs\/wp-json\/wp\/v2\/media?parent=10185"}],"wp:term":[{"taxonomy":"product-type","embeddable":true,"href":"https:\/\/gironaprosport.com\/cs\/wp-json\/wp\/v2\/product-type?post=10185"},{"taxonomy":"brand","embeddable":true,"href":"https:\/\/gironaprosport.com\/cs\/wp-json\/wp\/v2\/etheme_brands?post=10185"},{"taxonomy":"product_brand","embeddable":true,"href":"https:\/\/gironaprosport.com\/cs\/wp-json\/wp\/v2\/product_brand?post=10185"},{"taxonomy":"product_cat","embeddable":true,"href":"https:\/\/gironaprosport.com\/cs\/wp-json\/wp\/v2\/product_cat?post=10185"},{"taxonomy":"product_tag","embeddable":true,"href":"https:\/\/gironaprosport.com\/cs\/wp-json\/wp\/v2\/product_tag?post=10185"}],"curies":[{"name":"wp","href":"https:\/\/api.w.org\/{rel}","templated":true}]}}