{"id":10162,"date":"2020-02-20T09:47:58","date_gmt":"2020-02-20T08:47:58","guid":{"rendered":"https:\/\/gironaprosport.com\/produkt\/costa-brava-tour\/"},"modified":"2020-02-20T09:47:58","modified_gmt":"2020-02-20T08:47:58","slug":"costa-brava-tour","status":"publish","type":"product","link":"https:\/\/gironaprosport.com\/cs\/produkt-cs\/costa-brava-tour\/","title":{"rendered":"COSTA BRAVA Tour"},"content":{"rendered":"<p>Costa Brava mimo hlavn\u00ed sez\u00f3nu je jedine\u010dn\u00e1 &#8211; pr\u00e1zdn\u00e9 cesty, \u010dlenit\u00e9 pob\u0159e\u017e\u00ed, \u010derstv\u00fd vzduch a pr\u00e1zdn\u00e9 pl\u00e1\u017ee. Vychutnejte si cyklistiku vhodnou pro v\u0161echny typy cyklisty proto\u017ee v tomto z\u00e1jezdu nab\u00edz\u00edme i mo\u017enost prodlou\u017eit si jednotliv\u00e9 trasy. Ubytov\u00e1n\u00ed je ve 4 r\u016fzn\u00fdch hotelech na pob\u0159e\u017e\u00ed.<\/p>\n<h4>Pl\u00e1n cesty:<\/h4>\n<p>1. den &#8211; Girona &#8211; Tossa de Mar, 50 km, p\u0159ev\u00fd\u0161en\u00ed 700 m, mo\u017enost prodlou\u017een\u00ed trasy o Els Angels &amp; Santa Pela,<br \/>\n2. den &#8211; Tossa de Mar &#8211; Llafranc 50 km, p\u0159ev\u00fd\u0161en\u00ed 800 m, mo\u017enost prodlou\u017een\u00ed o Calonge &amp; Romanya,<br \/>\n3. den &#8211; Llafranc &#8211; Sant Marti d&#8217;Empuries, 58 km, p\u0159ev\u00fd\u0161en\u00ed 900 m, mo\u017enost prodlou\u017een\u00ed o st\u0159edov\u011bk\u00e9 vesni\u010dky Pals &amp; P\u00fabol,<br \/>\n4. den &#8211; Sant Marti &#8211; Cadaques, 56 km, p\u0159ev\u00fd\u0161en\u00ed 800 m, mo\u017enost prodlou\u017een\u00ed o Col du Banyuls,<br \/>\n5. den &#8211; Cadaques &#8211; Girona, 91 km, p\u0159ev\u00fd\u0161en\u00ed 1,000 m, transfer do Girony.<\/p>\n<p><strong>Cena: 999 EUR \/ osobu (min. 6 osob)<\/strong><br \/>\nPro jin\u00fd po\u010det osob p\u0159izp\u016fsob\u00edme ceny<\/p>\n<p>Cena zahrnuje ubytov\u00e1n\u00ed 3 a 4-hv\u011bzdi\u010dkov\u00fdch hotel\u00edch na pob\u0159e\u017e\u00ed (4 noci), sn\u00eddan\u011b + 2 kr\u00e1t ve\u010de\u0159e, transfer zavazadel, trasy v GPS form\u00e1tu, dodate\u010dn\u00e9 info o trase.<\/p>\n","protected":false},"excerpt":{"rendered":"<p>Costa Brava mimo hlavn\u00ed sez\u00f3nu je jedine\u010dn\u00e1 &#8211; pr\u00e1zdn\u00e9 cesty, \u010dlenit\u00e9 pob\u0159e\u017e\u00ed, \u010derstv\u00fd vzduch a pr\u00e1zdn\u00e9 pl\u00e1\u017ee. Vychutnejte si cyklistiku vhodnou pro v\u0161echny typy cyklisty proto\u017ee v tomto z\u00e1jezdu nab\u00edz\u00edme i mo\u017enost prodlou\u017eit si jednotliv\u00e9 trasy.<\/p>\n","protected":false},"featured_media":10172,"comment_status":"open","ping_status":"closed","template":"","meta":{"_monsterinsights_skip_tracking":false,"_monsterinsights_sitenote_active":false,"_monsterinsights_sitenote_note":"","_monsterinsights_sitenote_category":0},"product-type":[107],"etheme_brands":[],"product_brand":[],"product_cat":[403,391],"product_tag":[562,587,596,598,570,602,582,650],"class_list":{"0":"post-10162","1":"product","2":"type-product","3":"status-publish","4":"has-post-thumbnail","6":"product-type-tour","7":"product_cat-cykloturistika-cs","8":"product_cat-silnicni-cyklistika-cs","9":"product_tag-5-dni-cs","10":"product_tag-costa-brava-cs","11":"product_tag-cykloturistika-cs","12":"product_tag-cyklozajezdy","13":"product_tag-dali-cs","14":"product_tag-gastronomie","15":"product_tag-silnicni-cyklistika","16":"product_tag-stredne-narocne-cs","18":"first","19":"instock","20":"shipping-taxable","21":"purchasable"},"supplier_id":null,"supplier_sku":"","barcode":null,"atum_controlled":true,"out_stock_date":null,"out_stock_threshold":null,"inheritable":false,"inbound_stock":null,"stock_on_hold":0,"sold_today":0,"sales_last_days":0,"reserved_stock":null,"customer_returns":null,"warehouse_damage":null,"lost_in_post":null,"other_logs":null,"out_stock_days":0,"lost_sales":0,"has_location":null,"update_date":"2026-04-25T00:57:37","atum_locations":[],"atum_stock_status":"instock","restock_status":false,"low_stock_amount":"","sales_update_date":"2026-04-25T00:57:37","calc_backorders":null,"yoast_head":"<!-- This site is optimized with the Yoast SEO plugin v26.6 - https:\/\/yoast.com\/wordpress\/plugins\/seo\/ -->\n<title>COSTA BRAVA Tour - Girona ProSport<\/title>\n<meta name=\"robots\" content=\"index, follow, max-snippet:-1, max-image-preview:large, max-video-preview:-1\" \/>\n<link rel=\"canonical\" href=\"https:\/\/gironaprosport.com\/cs\/produkt-cs\/costa-brava-tour\/\" \/>\n<meta property=\"og:locale\" content=\"cs_CZ\" \/>\n<meta property=\"og:type\" content=\"article\" \/>\n<meta property=\"og:title\" content=\"COSTA BRAVA Tour - Girona ProSport\" \/>\n<meta property=\"og:description\" content=\"Costa Brava mimo hlavn\u00ed sez\u00f3nu je jedine\u010dn\u00e1 - pr\u00e1zdn\u00e9 cesty, \u010dlenit\u00e9 pob\u0159e\u017e\u00ed, \u010derstv\u00fd vzduch a pr\u00e1zdn\u00e9 pl\u00e1\u017ee. Vychutnejte si cyklistiku vhodnou pro v\u0161echny typy cyklisty proto\u017ee v tomto z\u00e1jezdu nab\u00edz\u00edme i mo\u017enost prodlou\u017eit si jednotliv\u00e9 trasy.\" \/>\n<meta property=\"og:url\" content=\"https:\/\/gironaprosport.com\/cs\/produkt-cs\/costa-brava-tour\/\" \/>\n<meta property=\"og:site_name\" content=\"Girona ProSport\" \/>\n<meta property=\"article:publisher\" content=\"http:\/\/fb.me\/gironaprosport\" \/>\n<meta property=\"og:image\" content=\"https:\/\/gironaprosport.com\/wp-content\/uploads\/playadearo-1.jpg\" \/>\n\t<meta property=\"og:image:width\" content=\"799\" \/>\n\t<meta property=\"og:image:height\" content=\"800\" \/>\n\t<meta property=\"og:image:type\" content=\"image\/jpeg\" \/>\n<meta name=\"twitter:card\" content=\"summary_large_image\" \/>\n<meta name=\"twitter:label1\" content=\"Odhadovan\u00e1 doba \u010dten\u00ed\" \/>\n\t<meta name=\"twitter:data1\" content=\"1 minuta\" \/>\n<script type=\"application\/ld+json\" class=\"yoast-schema-graph\">{\"@context\":\"https:\/\/schema.org\",\"@graph\":[{\"@type\":\"WebPage\",\"@id\":\"https:\/\/gironaprosport.com\/cs\/produkt-cs\/costa-brava-tour\/\",\"url\":\"https:\/\/gironaprosport.com\/cs\/produkt-cs\/costa-brava-tour\/\",\"name\":\"COSTA BRAVA Tour - Girona ProSport\",\"isPartOf\":{\"@id\":\"https:\/\/gironaprosport.com\/cs\/#website\"},\"primaryImageOfPage\":{\"@id\":\"https:\/\/gironaprosport.com\/cs\/produkt-cs\/costa-brava-tour\/#primaryimage\"},\"image\":{\"@id\":\"https:\/\/gironaprosport.com\/cs\/produkt-cs\/costa-brava-tour\/#primaryimage\"},\"thumbnailUrl\":\"https:\/\/gironaprosport.com\/wp-content\/uploads\/playadearo-1.jpg\",\"datePublished\":\"2020-02-20T08:47:58+00:00\",\"breadcrumb\":{\"@id\":\"https:\/\/gironaprosport.com\/cs\/produkt-cs\/costa-brava-tour\/#breadcrumb\"},\"inLanguage\":\"cs\",\"potentialAction\":[{\"@type\":\"ReadAction\",\"target\":[\"https:\/\/gironaprosport.com\/cs\/produkt-cs\/costa-brava-tour\/\"]}]},{\"@type\":\"ImageObject\",\"inLanguage\":\"cs\",\"@id\":\"https:\/\/gironaprosport.com\/cs\/produkt-cs\/costa-brava-tour\/#primaryimage\",\"url\":\"https:\/\/gironaprosport.com\/wp-content\/uploads\/playadearo-1.jpg\",\"contentUrl\":\"https:\/\/gironaprosport.com\/wp-content\/uploads\/playadearo-1.jpg\",\"width\":799,\"height\":800,\"caption\":\"costa brava\"},{\"@type\":\"BreadcrumbList\",\"@id\":\"https:\/\/gironaprosport.com\/cs\/produkt-cs\/costa-brava-tour\/#breadcrumb\",\"itemListElement\":[{\"@type\":\"ListItem\",\"position\":1,\"name\":\"Domovsk\u00e1 str\u00e1nka\",\"item\":\"https:\/\/gironaprosport.com\/cs\/\"},{\"@type\":\"ListItem\",\"position\":2,\"name\":\"Shop\",\"item\":\"https:\/\/gironaprosport.com\/cs\/shop-cs\/\"},{\"@type\":\"ListItem\",\"position\":3,\"name\":\"COSTA BRAVA Tour\"}]},{\"@type\":\"WebSite\",\"@id\":\"https:\/\/gironaprosport.com\/cs\/#website\",\"url\":\"https:\/\/gironaprosport.com\/cs\/\",\"name\":\"Girona ProSport\",\"description\":\"Cykloz\u00e1jazdy\",\"publisher\":{\"@id\":\"https:\/\/gironaprosport.com\/cs\/#organization\"},\"potentialAction\":[{\"@type\":\"SearchAction\",\"target\":{\"@type\":\"EntryPoint\",\"urlTemplate\":\"https:\/\/gironaprosport.com\/cs\/?s={search_term_string}\"},\"query-input\":{\"@type\":\"PropertyValueSpecification\",\"valueRequired\":true,\"valueName\":\"search_term_string\"}}],\"inLanguage\":\"cs\"},{\"@type\":\"Organization\",\"@id\":\"https:\/\/gironaprosport.com\/cs\/#organization\",\"name\":\"Girona PRO SPORT\",\"url\":\"https:\/\/gironaprosport.com\/cs\/\",\"logo\":{\"@type\":\"ImageObject\",\"inLanguage\":\"cs\",\"@id\":\"https:\/\/gironaprosport.com\/cs\/#\/schema\/logo\/image\/\",\"url\":\"https:\/\/gironaprosport.com\/wp-content\/uploads\/logo-gps_64.png\",\"contentUrl\":\"https:\/\/gironaprosport.com\/wp-content\/uploads\/logo-gps_64.png\",\"width\":320,\"height\":64,\"caption\":\"Girona PRO SPORT\"},\"image\":{\"@id\":\"https:\/\/gironaprosport.com\/cs\/#\/schema\/logo\/image\/\"},\"sameAs\":[\"http:\/\/fb.me\/gironaprosport\",\"http:\/\/instagram.com\/girona_prosport\/\",\"https:\/\/www.youtube.com\/channel\/UCv7gLuh2ONY6kESVj_3aSnA\"]}]}<\/script>\n<!-- \/ Yoast SEO plugin. -->","yoast_head_json":{"title":"COSTA BRAVA Tour - Girona ProSport","robots":{"index":"index","follow":"follow","max-snippet":"max-snippet:-1","max-image-preview":"max-image-preview:large","max-video-preview":"max-video-preview:-1"},"canonical":"https:\/\/gironaprosport.com\/cs\/produkt-cs\/costa-brava-tour\/","og_locale":"cs_CZ","og_type":"article","og_title":"COSTA BRAVA Tour - Girona ProSport","og_description":"Costa Brava mimo hlavn\u00ed sez\u00f3nu je jedine\u010dn\u00e1 - pr\u00e1zdn\u00e9 cesty, \u010dlenit\u00e9 pob\u0159e\u017e\u00ed, \u010derstv\u00fd vzduch a pr\u00e1zdn\u00e9 pl\u00e1\u017ee. Vychutnejte si cyklistiku vhodnou pro v\u0161echny typy cyklisty proto\u017ee v tomto z\u00e1jezdu nab\u00edz\u00edme i mo\u017enost prodlou\u017eit si jednotliv\u00e9 trasy.","og_url":"https:\/\/gironaprosport.com\/cs\/produkt-cs\/costa-brava-tour\/","og_site_name":"Girona ProSport","article_publisher":"http:\/\/fb.me\/gironaprosport","og_image":[{"width":799,"height":800,"url":"https:\/\/gironaprosport.com\/wp-content\/uploads\/playadearo-1.jpg","type":"image\/jpeg"}],"twitter_card":"summary_large_image","twitter_misc":{"Odhadovan\u00e1 doba \u010dten\u00ed":"1 minuta"},"schema":{"@context":"https:\/\/schema.org","@graph":[{"@type":"WebPage","@id":"https:\/\/gironaprosport.com\/cs\/produkt-cs\/costa-brava-tour\/","url":"https:\/\/gironaprosport.com\/cs\/produkt-cs\/costa-brava-tour\/","name":"COSTA BRAVA Tour - Girona ProSport","isPartOf":{"@id":"https:\/\/gironaprosport.com\/cs\/#website"},"primaryImageOfPage":{"@id":"https:\/\/gironaprosport.com\/cs\/produkt-cs\/costa-brava-tour\/#primaryimage"},"image":{"@id":"https:\/\/gironaprosport.com\/cs\/produkt-cs\/costa-brava-tour\/#primaryimage"},"thumbnailUrl":"https:\/\/gironaprosport.com\/wp-content\/uploads\/playadearo-1.jpg","datePublished":"2020-02-20T08:47:58+00:00","breadcrumb":{"@id":"https:\/\/gironaprosport.com\/cs\/produkt-cs\/costa-brava-tour\/#breadcrumb"},"inLanguage":"cs","potentialAction":[{"@type":"ReadAction","target":["https:\/\/gironaprosport.com\/cs\/produkt-cs\/costa-brava-tour\/"]}]},{"@type":"ImageObject","inLanguage":"cs","@id":"https:\/\/gironaprosport.com\/cs\/produkt-cs\/costa-brava-tour\/#primaryimage","url":"https:\/\/gironaprosport.com\/wp-content\/uploads\/playadearo-1.jpg","contentUrl":"https:\/\/gironaprosport.com\/wp-content\/uploads\/playadearo-1.jpg","width":799,"height":800,"caption":"costa brava"},{"@type":"BreadcrumbList","@id":"https:\/\/gironaprosport.com\/cs\/produkt-cs\/costa-brava-tour\/#breadcrumb","itemListElement":[{"@type":"ListItem","position":1,"name":"Domovsk\u00e1 str\u00e1nka","item":"https:\/\/gironaprosport.com\/cs\/"},{"@type":"ListItem","position":2,"name":"Shop","item":"https:\/\/gironaprosport.com\/cs\/shop-cs\/"},{"@type":"ListItem","position":3,"name":"COSTA BRAVA Tour"}]},{"@type":"WebSite","@id":"https:\/\/gironaprosport.com\/cs\/#website","url":"https:\/\/gironaprosport.com\/cs\/","name":"Girona ProSport","description":"Cykloz\u00e1jazdy","publisher":{"@id":"https:\/\/gironaprosport.com\/cs\/#organization"},"potentialAction":[{"@type":"SearchAction","target":{"@type":"EntryPoint","urlTemplate":"https:\/\/gironaprosport.com\/cs\/?s={search_term_string}"},"query-input":{"@type":"PropertyValueSpecification","valueRequired":true,"valueName":"search_term_string"}}],"inLanguage":"cs"},{"@type":"Organization","@id":"https:\/\/gironaprosport.com\/cs\/#organization","name":"Girona PRO SPORT","url":"https:\/\/gironaprosport.com\/cs\/","logo":{"@type":"ImageObject","inLanguage":"cs","@id":"https:\/\/gironaprosport.com\/cs\/#\/schema\/logo\/image\/","url":"https:\/\/gironaprosport.com\/wp-content\/uploads\/logo-gps_64.png","contentUrl":"https:\/\/gironaprosport.com\/wp-content\/uploads\/logo-gps_64.png","width":320,"height":64,"caption":"Girona PRO SPORT"},"image":{"@id":"https:\/\/gironaprosport.com\/cs\/#\/schema\/logo\/image\/"},"sameAs":["http:\/\/fb.me\/gironaprosport","http:\/\/instagram.com\/girona_prosport\/","https:\/\/www.youtube.com\/channel\/UCv7gLuh2ONY6kESVj_3aSnA"]}]}},"meta_box":{"gps_dates_event":[],"gps_distance":"300","gps_distance_note":"","gps_camber":"4200","gps_difficulty":"medium","gps_lasted":["5"],"gps_lasted_note":"","gps_guide":"0","gps_coach":"0","gps_stages":"5","gps_bicycle_rental":"0","gps_date_from":"2020-01-01","gps_date_to":"2020-12-31","gps_map":[{"width":150,"height":150,"file":"trasa-COSTA-BRAVA-Tour.jpg","sizes":{"woocommerce_thumbnail":{"file":"trasa-COSTA-BRAVA-Tour-360x360.jpg","width":360,"height":360,"mime-type":"image\/jpeg","uncropped":false,"url":"https:\/\/gironaprosport.com\/wp-content\/uploads\/trasa-COSTA-BRAVA-Tour-360x360.jpg"},"woocommerce_gallery_thumbnail":{"file":"trasa-COSTA-BRAVA-Tour-100x100.jpg","width":100,"height":100,"mime-type":"image\/jpeg","url":"https:\/\/gironaprosport.com\/wp-content\/uploads\/trasa-COSTA-BRAVA-Tour-100x100.jpg"},"woocommerce_single":{"file":"trasa-COSTA-BRAVA-Tour-600x450.jpg","width":600,"height":450,"mime-type":"image\/jpeg","url":"https:\/\/gironaprosport.com\/wp-content\/uploads\/trasa-COSTA-BRAVA-Tour-600x450.jpg"},"medium":{"file":"trasa-COSTA-BRAVA-Tour-300x225.jpg","width":300,"height":225,"mime-type":"image\/jpeg","url":"https:\/\/gironaprosport.com\/wp-content\/uploads\/trasa-COSTA-BRAVA-Tour-300x225.jpg"},"thumbnail":{"file":"trasa-COSTA-BRAVA-Tour-150x150.jpg","width":150,"height":150,"mime-type":"image\/jpeg","url":"https:\/\/gironaprosport.com\/wp-content\/uploads\/trasa-COSTA-BRAVA-Tour-150x150.jpg"},"medium_large":{"file":"trasa-COSTA-BRAVA-Tour-768x576.jpg","width":768,"height":576,"mime-type":"image\/jpeg","url":"https:\/\/gironaprosport.com\/wp-content\/uploads\/trasa-COSTA-BRAVA-Tour-768x576.jpg"},"etheme-woocommerce-nimi":{"file":"trasa-COSTA-BRAVA-Tour-1x1.jpg","width":1,"height":1,"mime-type":"image\/jpeg","url":"https:\/\/gironaprosport.com\/wp-content\/uploads\/trasa-COSTA-BRAVA-Tour-1x1.jpg"},"etheme-nimi":{"file":"trasa-COSTA-BRAVA-Tour-10x8.jpg","width":10,"height":8,"mime-type":"image\/jpeg","url":"https:\/\/gironaprosport.com\/wp-content\/uploads\/trasa-COSTA-BRAVA-Tour-10x8.jpg"},"shop_catalog_alt":{"file":"trasa-COSTA-BRAVA-Tour-600x600.jpg","width":600,"height":600,"mime-type":"image\/jpeg","url":"https:\/\/gironaprosport.com\/wp-content\/uploads\/trasa-COSTA-BRAVA-Tour-600x600.jpg"},"shop_catalog":{"file":"trasa-COSTA-BRAVA-Tour-360x360.jpg","width":360,"height":360,"mime-type":"image\/jpeg","uncropped":false,"url":"https:\/\/gironaprosport.com\/wp-content\/uploads\/trasa-COSTA-BRAVA-Tour-360x360.jpg"},"shop_single":{"file":"trasa-COSTA-BRAVA-Tour-600x450.jpg","width":600,"height":450,"mime-type":"image\/jpeg","url":"https:\/\/gironaprosport.com\/wp-content\/uploads\/trasa-COSTA-BRAVA-Tour-600x450.jpg"},"shop_thumbnail":{"file":"trasa-COSTA-BRAVA-Tour-100x100.jpg","width":100,"height":100,"mime-type":"image\/jpeg","url":"https:\/\/gironaprosport.com\/wp-content\/uploads\/trasa-COSTA-BRAVA-Tour-100x100.jpg"}},"image_meta":{"aperture":"0","credit":"","camera":"","caption":"","created_timestamp":"0","copyright":"","focal_length":"0","iso":"0","shutter_speed":"0","title":"","orientation":"0","keywords":[]},"ID":"5024","name":"trasa-COSTA-BRAVA-Tour.jpg","path":"\/data\/a\/2\/a23847c4-7a58-48dc-b132-29ebe7618031\/gironaprosport.com\/web\/wp-content\/uploads\/trasa-COSTA-BRAVA-Tour.jpg","url":"https:\/\/gironaprosport.com\/wp-content\/uploads\/trasa-COSTA-BRAVA-Tour-150x150.jpg","full_url":"https:\/\/gironaprosport.com\/wp-content\/uploads\/trasa-COSTA-BRAVA-Tour.jpg","title":"trasa - COSTA BRAVA Tour","caption":"","description":"","alt":"","srcset":"https:\/\/gironaprosport.com\/wp-content\/uploads\/trasa-COSTA-BRAVA-Tour-150x150.jpg 150w, https:\/\/gironaprosport.com\/wp-content\/uploads\/trasa-COSTA-BRAVA-Tour-360x360.jpg 360w, https:\/\/gironaprosport.com\/wp-content\/uploads\/trasa-COSTA-BRAVA-Tour-100x100.jpg 100w, https:\/\/gironaprosport.com\/wp-content\/uploads\/trasa-COSTA-BRAVA-Tour-1x1.jpg 1w, https:\/\/gironaprosport.com\/wp-content\/uploads\/trasa-COSTA-BRAVA-Tour-600x600.jpg 600w"}]},"_links":{"self":[{"href":"https:\/\/gironaprosport.com\/cs\/wp-json\/wp\/v2\/product\/10162","targetHints":{"allow":["GET"]}}],"collection":[{"href":"https:\/\/gironaprosport.com\/cs\/wp-json\/wp\/v2\/product"}],"about":[{"href":"https:\/\/gironaprosport.com\/cs\/wp-json\/wp\/v2\/types\/product"}],"replies":[{"embeddable":true,"href":"https:\/\/gironaprosport.com\/cs\/wp-json\/wp\/v2\/comments?post=10162"}],"wp:featuredmedia":[{"embeddable":true,"href":"https:\/\/gironaprosport.com\/cs\/wp-json\/wp\/v2\/media\/10172"}],"wp:attachment":[{"href":"https:\/\/gironaprosport.com\/cs\/wp-json\/wp\/v2\/media?parent=10162"}],"wp:term":[{"taxonomy":"product-type","embeddable":true,"href":"https:\/\/gironaprosport.com\/cs\/wp-json\/wp\/v2\/product-type?post=10162"},{"taxonomy":"brand","embeddable":true,"href":"https:\/\/gironaprosport.com\/cs\/wp-json\/wp\/v2\/etheme_brands?post=10162"},{"taxonomy":"product_brand","embeddable":true,"href":"https:\/\/gironaprosport.com\/cs\/wp-json\/wp\/v2\/product_brand?post=10162"},{"taxonomy":"product_cat","embeddable":true,"href":"https:\/\/gironaprosport.com\/cs\/wp-json\/wp\/v2\/product_cat?post=10162"},{"taxonomy":"product_tag","embeddable":true,"href":"https:\/\/gironaprosport.com\/cs\/wp-json\/wp\/v2\/product_tag?post=10162"}],"curies":[{"name":"wp","href":"https:\/\/api.w.org\/{rel}","templated":true}]}}