{"id":10153,"date":"2020-02-20T10:46:05","date_gmt":"2020-02-20T09:46:05","guid":{"rendered":"https:\/\/gironaprosport.com\/produkt\/legendarni-pyrenejske-kopce\/"},"modified":"2026-01-05T06:57:51","modified_gmt":"2026-01-05T05:57:51","slug":"legendarni-pyrenejske-kopce","status":"publish","type":"product","link":"https:\/\/gironaprosport.com\/cs\/produkt-cs\/legendarni-pyrenejske-kopce\/","title":{"rendered":"Legend\u00e1rn\u00ed Pyrenejsk\u00e9 kopce"},"content":{"rendered":"<p>Zdolejte legend\u00e1rn\u00ed Pyrenejsk\u00e9 kopce v tomto all inclusive z\u00e1jezdu. Vychutnejte si impozantn\u00ed v\u00fdstupy, vzru\u0161uj\u00edc\u00ed sestupy a znamenit\u00e9, neust\u00e1le se m\u011bn\u00edc\u00ed scen\u00e9rie. Pyreneje jsou zn\u00e1m\u00fdm m\u00edstem historick\u00fdch souboj\u016f nejlep\u0161\u00edch cyklist\u016f na sv\u011bt\u011b b\u011bhem Tour de France. Otestujte se na jedn\u011bch z nejt\u011b\u017e\u0161\u00edch stoup\u00e1n\u00ed v cyklistice. Tourmalet, Peyresourde, Aspin, the Hautacam, Luz Ardiden a jin\u00e9.<\/p>\n<p>Po celou dobu budete jezdit ve spole\u010dnosti pr\u016fvodc\u016f a s doprovodn\u00fdm vozidlem, je zaji\u0161t\u011bna pln\u00e1 penze v\u010detn\u011b sportovn\u00ed v\u00fd\u017eivy. Ubytov\u00e1n\u00ed je v horsk\u00fdch vil\u00e1ch odpov\u00eddaj\u00edc\u00edm standardu min. 3 hv\u011bzdi\u010dek. P\u0159i tomto z\u00e1jezdu je zaji\u0161t\u011bn transfer z a do francouzsk\u00e9ho Toulouse, proto doporu\u010dujeme zakoupit si letenku tam, p\u0159\u00edpadn\u011b pom\u016f\u017eeme s rezervac\u00ed.<\/p>\n<h4>Pl\u00e1n cesty:<\/h4>\n<p>1.den &#8211; p\u0159\u00edjezd do Bagn\u00e8res-de-Luchon, zah\u0159\u00edvac\u00ed j\u00edzda,<br \/>\n2. den &#8211; Ares, Mente, 102 km, p\u0159ev\u00fd\u0161en\u00ed 2,400 m, mo\u017enost prodlou\u017eit to na Portillon &#8211; 108 km a p\u0159ev\u00fd\u0161en\u00ed 2,700 m,<br \/>\n3. den &#8211; Port de Bales, 70 km, 1,700 m,<br \/>\n4. den &#8211; Bagn\u00e8res de Luchon to Saint Lary Soulan, Peyresourde, Val Louron Azet, 42 km, 1,600 m, mo\u017enost prodlou\u017eit na Lac du Cap du Long &#8211; 89 km a p\u0159ev\u00fd\u0161en\u00ed 3,000 m,<br \/>\n5. den &#8211; Saint Lary Soulan &#8211; Saint Savin, Aspin, Tourmalet, 92 km, 2,500 m, mo\u017enost prodlou\u017eit si na Luz Ardiden &#8211; 119 km a p\u0159ev\u00fd\u0161en\u00ed 3,500 m,<br \/>\n6. den &#8211; Soulour, Aubisque, Spandelles, 84 km, 2,600 m, mo\u017enost prodlou\u017eit si na Hautacam &#8211; 117 km a p\u0159ev\u00fd\u0161en\u00ed 3,900 m,<br \/>\n7. den &#8211; odjezd z Saint Savin<\/p>\n<p>Z\u00e1jezd je ur\u010den zku\u0161en\u00fdm cyklist\u016fm, kte\u0159\u00ed nemaj\u00ed probl\u00e9m jezdit 100km denn\u011b. St\u0159edn\u011b zku\u0161en\u00ed cyklist\u00e9 mohou z\u00e1jezd absolvovat na elektrick\u00e9m kole. Doporu\u010dujeme tr\u00e9nink p\u0159ed t\u00edmto cestovn\u00edmi.<\/p>\n<p><strong>Cena: 2299 EUR \/ osobu<\/strong>, min 2 osoby,<\/p>\n<p>Cena zahrnuje ubytov\u00e1n\u00ed v horsk\u00fdch hotelech (6 noc\u00ed), pr\u016fvodce, transfery zavazadel, plnou penzi v\u010detn\u011b sportovn\u00ed v\u00fd\u017eivy.<\/p>\n","protected":false},"excerpt":{"rendered":"<p>Zdolejte legend\u00e1rn\u00ed Pyrenejsk\u00e9 kopce v tomto all inclusive z\u00e1jezdu. Vychutnejte si impozantn\u00ed v\u00fdstupy, vzru\u0161uj\u00edc\u00ed sestupy a znamenit\u00e9, neust\u00e1le se m\u011bn\u00edc\u00ed scen\u00e9rie.<\/p>\n","protected":false},"featured_media":10161,"comment_status":"open","ping_status":"closed","template":"","meta":{"_monsterinsights_skip_tracking":false,"_monsterinsights_sitenote_active":false,"_monsterinsights_sitenote_note":"","_monsterinsights_sitenote_category":0},"product-type":[107],"etheme_brands":[],"product_brand":[],"product_cat":[403,391],"product_tag":[566,596,598,626,648,574,582],"class_list":{"0":"post-10153","1":"product","2":"type-product","3":"status-publish","4":"has-post-thumbnail","6":"product-type-tour","7":"product_cat-cykloturistika-cs","8":"product_cat-silnicni-cyklistika-cs","9":"product_tag-7-dni-cs","10":"product_tag-cykloturistika-cs","11":"product_tag-cyklozajezdy","12":"product_tag-narocne-cs","13":"product_tag-pruvodce","14":"product_tag-pyreneje-cs","15":"product_tag-silnicni-cyklistika","17":"first","18":"instock","19":"shipping-taxable","20":"purchasable"},"supplier_id":null,"supplier_sku":"","barcode":null,"atum_controlled":true,"out_stock_date":null,"out_stock_threshold":null,"inheritable":false,"inbound_stock":null,"stock_on_hold":0,"sold_today":0,"sales_last_days":0,"reserved_stock":null,"customer_returns":null,"warehouse_damage":null,"lost_in_post":null,"other_logs":null,"out_stock_days":0,"lost_sales":0,"has_location":null,"update_date":"2026-04-25T00:57:40","atum_locations":[],"atum_stock_status":"instock","restock_status":false,"low_stock_amount":"","sales_update_date":"2026-04-25T00:57:40","calc_backorders":null,"yoast_head":"<!-- This site is optimized with the Yoast SEO plugin v26.6 - https:\/\/yoast.com\/wordpress\/plugins\/seo\/ -->\n<title>Legend\u00e1rn\u00ed Pyrenejsk\u00e9 kopce - Girona ProSport<\/title>\n<meta name=\"robots\" content=\"index, follow, max-snippet:-1, max-image-preview:large, max-video-preview:-1\" \/>\n<link rel=\"canonical\" href=\"https:\/\/gironaprosport.com\/cs\/produkt-cs\/legendarni-pyrenejske-kopce\/\" \/>\n<meta property=\"og:locale\" content=\"cs_CZ\" \/>\n<meta property=\"og:type\" content=\"article\" \/>\n<meta property=\"og:title\" content=\"Legend\u00e1rn\u00ed Pyrenejsk\u00e9 kopce - Girona ProSport\" \/>\n<meta property=\"og:description\" content=\"Zdolejte legend\u00e1rn\u00ed Pyrenejsk\u00e9 kopce v tomto all inclusive z\u00e1jezdu. Vychutnejte si impozantn\u00ed v\u00fdstupy, vzru\u0161uj\u00edc\u00ed sestupy a znamenit\u00e9, neust\u00e1le se m\u011bn\u00edc\u00ed scen\u00e9rie.\" \/>\n<meta property=\"og:url\" content=\"https:\/\/gironaprosport.com\/cs\/produkt-cs\/legendarni-pyrenejske-kopce\/\" \/>\n<meta property=\"og:site_name\" content=\"Girona ProSport\" \/>\n<meta property=\"article:publisher\" content=\"http:\/\/fb.me\/gironaprosport\" \/>\n<meta property=\"article:modified_time\" content=\"2026-01-05T05:57:51+00:00\" \/>\n<meta property=\"og:image\" content=\"https:\/\/gironaprosport.com\/wp-content\/uploads\/hlavna-3.jpg\" \/>\n\t<meta property=\"og:image:width\" content=\"900\" \/>\n\t<meta property=\"og:image:height\" content=\"899\" \/>\n\t<meta property=\"og:image:type\" content=\"image\/jpeg\" \/>\n<meta name=\"twitter:card\" content=\"summary_large_image\" \/>\n<meta name=\"twitter:label1\" content=\"Odhadovan\u00e1 doba \u010dten\u00ed\" \/>\n\t<meta name=\"twitter:data1\" content=\"2 minuty\" \/>\n<script type=\"application\/ld+json\" class=\"yoast-schema-graph\">{\"@context\":\"https:\/\/schema.org\",\"@graph\":[{\"@type\":\"WebPage\",\"@id\":\"https:\/\/gironaprosport.com\/cs\/produkt-cs\/legendarni-pyrenejske-kopce\/\",\"url\":\"https:\/\/gironaprosport.com\/cs\/produkt-cs\/legendarni-pyrenejske-kopce\/\",\"name\":\"Legend\u00e1rn\u00ed Pyrenejsk\u00e9 kopce - Girona ProSport\",\"isPartOf\":{\"@id\":\"https:\/\/gironaprosport.com\/cs\/#website\"},\"primaryImageOfPage\":{\"@id\":\"https:\/\/gironaprosport.com\/cs\/produkt-cs\/legendarni-pyrenejske-kopce\/#primaryimage\"},\"image\":{\"@id\":\"https:\/\/gironaprosport.com\/cs\/produkt-cs\/legendarni-pyrenejske-kopce\/#primaryimage\"},\"thumbnailUrl\":\"https:\/\/gironaprosport.com\/wp-content\/uploads\/hlavna-3.jpg\",\"datePublished\":\"2020-02-20T09:46:05+00:00\",\"dateModified\":\"2026-01-05T05:57:51+00:00\",\"breadcrumb\":{\"@id\":\"https:\/\/gironaprosport.com\/cs\/produkt-cs\/legendarni-pyrenejske-kopce\/#breadcrumb\"},\"inLanguage\":\"cs\",\"potentialAction\":[{\"@type\":\"ReadAction\",\"target\":[\"https:\/\/gironaprosport.com\/cs\/produkt-cs\/legendarni-pyrenejske-kopce\/\"]}]},{\"@type\":\"ImageObject\",\"inLanguage\":\"cs\",\"@id\":\"https:\/\/gironaprosport.com\/cs\/produkt-cs\/legendarni-pyrenejske-kopce\/#primaryimage\",\"url\":\"https:\/\/gironaprosport.com\/wp-content\/uploads\/hlavna-3.jpg\",\"contentUrl\":\"https:\/\/gironaprosport.com\/wp-content\/uploads\/hlavna-3.jpg\",\"width\":900,\"height\":899,\"caption\":\"cyklistika pyreneje\"},{\"@type\":\"BreadcrumbList\",\"@id\":\"https:\/\/gironaprosport.com\/cs\/produkt-cs\/legendarni-pyrenejske-kopce\/#breadcrumb\",\"itemListElement\":[{\"@type\":\"ListItem\",\"position\":1,\"name\":\"Domovsk\u00e1 str\u00e1nka\",\"item\":\"https:\/\/gironaprosport.com\/cs\/\"},{\"@type\":\"ListItem\",\"position\":2,\"name\":\"Shop\",\"item\":\"https:\/\/gironaprosport.com\/cs\/shop-cs\/\"},{\"@type\":\"ListItem\",\"position\":3,\"name\":\"Legend\u00e1rn\u00ed Pyrenejsk\u00e9 kopce\"}]},{\"@type\":\"WebSite\",\"@id\":\"https:\/\/gironaprosport.com\/cs\/#website\",\"url\":\"https:\/\/gironaprosport.com\/cs\/\",\"name\":\"Girona ProSport\",\"description\":\"Cykloz\u00e1jazdy\",\"publisher\":{\"@id\":\"https:\/\/gironaprosport.com\/cs\/#organization\"},\"potentialAction\":[{\"@type\":\"SearchAction\",\"target\":{\"@type\":\"EntryPoint\",\"urlTemplate\":\"https:\/\/gironaprosport.com\/cs\/?s={search_term_string}\"},\"query-input\":{\"@type\":\"PropertyValueSpecification\",\"valueRequired\":true,\"valueName\":\"search_term_string\"}}],\"inLanguage\":\"cs\"},{\"@type\":\"Organization\",\"@id\":\"https:\/\/gironaprosport.com\/cs\/#organization\",\"name\":\"Girona PRO SPORT\",\"url\":\"https:\/\/gironaprosport.com\/cs\/\",\"logo\":{\"@type\":\"ImageObject\",\"inLanguage\":\"cs\",\"@id\":\"https:\/\/gironaprosport.com\/cs\/#\/schema\/logo\/image\/\",\"url\":\"https:\/\/gironaprosport.com\/wp-content\/uploads\/logo-gps_64.png\",\"contentUrl\":\"https:\/\/gironaprosport.com\/wp-content\/uploads\/logo-gps_64.png\",\"width\":320,\"height\":64,\"caption\":\"Girona PRO SPORT\"},\"image\":{\"@id\":\"https:\/\/gironaprosport.com\/cs\/#\/schema\/logo\/image\/\"},\"sameAs\":[\"http:\/\/fb.me\/gironaprosport\",\"http:\/\/instagram.com\/girona_prosport\/\",\"https:\/\/www.youtube.com\/channel\/UCv7gLuh2ONY6kESVj_3aSnA\"]}]}<\/script>\n<!-- \/ Yoast SEO plugin. -->","yoast_head_json":{"title":"Legend\u00e1rn\u00ed Pyrenejsk\u00e9 kopce - Girona ProSport","robots":{"index":"index","follow":"follow","max-snippet":"max-snippet:-1","max-image-preview":"max-image-preview:large","max-video-preview":"max-video-preview:-1"},"canonical":"https:\/\/gironaprosport.com\/cs\/produkt-cs\/legendarni-pyrenejske-kopce\/","og_locale":"cs_CZ","og_type":"article","og_title":"Legend\u00e1rn\u00ed Pyrenejsk\u00e9 kopce - Girona ProSport","og_description":"Zdolejte legend\u00e1rn\u00ed Pyrenejsk\u00e9 kopce v tomto all inclusive z\u00e1jezdu. Vychutnejte si impozantn\u00ed v\u00fdstupy, vzru\u0161uj\u00edc\u00ed sestupy a znamenit\u00e9, neust\u00e1le se m\u011bn\u00edc\u00ed scen\u00e9rie.","og_url":"https:\/\/gironaprosport.com\/cs\/produkt-cs\/legendarni-pyrenejske-kopce\/","og_site_name":"Girona ProSport","article_publisher":"http:\/\/fb.me\/gironaprosport","article_modified_time":"2026-01-05T05:57:51+00:00","og_image":[{"width":900,"height":899,"url":"https:\/\/gironaprosport.com\/wp-content\/uploads\/hlavna-3.jpg","type":"image\/jpeg"}],"twitter_card":"summary_large_image","twitter_misc":{"Odhadovan\u00e1 doba \u010dten\u00ed":"2 minuty"},"schema":{"@context":"https:\/\/schema.org","@graph":[{"@type":"WebPage","@id":"https:\/\/gironaprosport.com\/cs\/produkt-cs\/legendarni-pyrenejske-kopce\/","url":"https:\/\/gironaprosport.com\/cs\/produkt-cs\/legendarni-pyrenejske-kopce\/","name":"Legend\u00e1rn\u00ed Pyrenejsk\u00e9 kopce - Girona ProSport","isPartOf":{"@id":"https:\/\/gironaprosport.com\/cs\/#website"},"primaryImageOfPage":{"@id":"https:\/\/gironaprosport.com\/cs\/produkt-cs\/legendarni-pyrenejske-kopce\/#primaryimage"},"image":{"@id":"https:\/\/gironaprosport.com\/cs\/produkt-cs\/legendarni-pyrenejske-kopce\/#primaryimage"},"thumbnailUrl":"https:\/\/gironaprosport.com\/wp-content\/uploads\/hlavna-3.jpg","datePublished":"2020-02-20T09:46:05+00:00","dateModified":"2026-01-05T05:57:51+00:00","breadcrumb":{"@id":"https:\/\/gironaprosport.com\/cs\/produkt-cs\/legendarni-pyrenejske-kopce\/#breadcrumb"},"inLanguage":"cs","potentialAction":[{"@type":"ReadAction","target":["https:\/\/gironaprosport.com\/cs\/produkt-cs\/legendarni-pyrenejske-kopce\/"]}]},{"@type":"ImageObject","inLanguage":"cs","@id":"https:\/\/gironaprosport.com\/cs\/produkt-cs\/legendarni-pyrenejske-kopce\/#primaryimage","url":"https:\/\/gironaprosport.com\/wp-content\/uploads\/hlavna-3.jpg","contentUrl":"https:\/\/gironaprosport.com\/wp-content\/uploads\/hlavna-3.jpg","width":900,"height":899,"caption":"cyklistika pyreneje"},{"@type":"BreadcrumbList","@id":"https:\/\/gironaprosport.com\/cs\/produkt-cs\/legendarni-pyrenejske-kopce\/#breadcrumb","itemListElement":[{"@type":"ListItem","position":1,"name":"Domovsk\u00e1 str\u00e1nka","item":"https:\/\/gironaprosport.com\/cs\/"},{"@type":"ListItem","position":2,"name":"Shop","item":"https:\/\/gironaprosport.com\/cs\/shop-cs\/"},{"@type":"ListItem","position":3,"name":"Legend\u00e1rn\u00ed Pyrenejsk\u00e9 kopce"}]},{"@type":"WebSite","@id":"https:\/\/gironaprosport.com\/cs\/#website","url":"https:\/\/gironaprosport.com\/cs\/","name":"Girona ProSport","description":"Cykloz\u00e1jazdy","publisher":{"@id":"https:\/\/gironaprosport.com\/cs\/#organization"},"potentialAction":[{"@type":"SearchAction","target":{"@type":"EntryPoint","urlTemplate":"https:\/\/gironaprosport.com\/cs\/?s={search_term_string}"},"query-input":{"@type":"PropertyValueSpecification","valueRequired":true,"valueName":"search_term_string"}}],"inLanguage":"cs"},{"@type":"Organization","@id":"https:\/\/gironaprosport.com\/cs\/#organization","name":"Girona PRO SPORT","url":"https:\/\/gironaprosport.com\/cs\/","logo":{"@type":"ImageObject","inLanguage":"cs","@id":"https:\/\/gironaprosport.com\/cs\/#\/schema\/logo\/image\/","url":"https:\/\/gironaprosport.com\/wp-content\/uploads\/logo-gps_64.png","contentUrl":"https:\/\/gironaprosport.com\/wp-content\/uploads\/logo-gps_64.png","width":320,"height":64,"caption":"Girona PRO SPORT"},"image":{"@id":"https:\/\/gironaprosport.com\/cs\/#\/schema\/logo\/image\/"},"sameAs":["http:\/\/fb.me\/gironaprosport","http:\/\/instagram.com\/girona_prosport\/","https:\/\/www.youtube.com\/channel\/UCv7gLuh2ONY6kESVj_3aSnA"]}]}},"meta_box":{"gps_dates_event":[],"gps_distance":"540","gps_distance_note":"","gps_camber":"19400","gps_difficulty":"hard","gps_lasted":["7"],"gps_lasted_note":"","gps_guide":"1","gps_coach":"0","gps_stages":"5","gps_bicycle_rental":"0","gps_date_from":"2020-03-01","gps_date_to":"2020-11-01","gps_map":[{"width":150,"height":150,"file":"trasa-Legendarne-Pyrenejske-kopce.jpg","sizes":{"woocommerce_thumbnail":{"file":"trasa-Legendarne-Pyrenejske-kopce-360x360.jpg","width":360,"height":360,"mime-type":"image\/jpeg","uncropped":false,"url":"https:\/\/gironaprosport.com\/wp-content\/uploads\/trasa-Legendarne-Pyrenejske-kopce-360x360.jpg"},"woocommerce_gallery_thumbnail":{"file":"trasa-Legendarne-Pyrenejske-kopce-100x100.jpg","width":100,"height":100,"mime-type":"image\/jpeg","url":"https:\/\/gironaprosport.com\/wp-content\/uploads\/trasa-Legendarne-Pyrenejske-kopce-100x100.jpg"},"woocommerce_single":{"file":"trasa-Legendarne-Pyrenejske-kopce-600x450.jpg","width":600,"height":450,"mime-type":"image\/jpeg","url":"https:\/\/gironaprosport.com\/wp-content\/uploads\/trasa-Legendarne-Pyrenejske-kopce-600x450.jpg"},"medium":{"file":"trasa-Legendarne-Pyrenejske-kopce-300x225.jpg","width":300,"height":225,"mime-type":"image\/jpeg","url":"https:\/\/gironaprosport.com\/wp-content\/uploads\/trasa-Legendarne-Pyrenejske-kopce-300x225.jpg"},"thumbnail":{"file":"trasa-Legendarne-Pyrenejske-kopce-150x150.jpg","width":150,"height":150,"mime-type":"image\/jpeg","url":"https:\/\/gironaprosport.com\/wp-content\/uploads\/trasa-Legendarne-Pyrenejske-kopce-150x150.jpg"},"medium_large":{"file":"trasa-Legendarne-Pyrenejske-kopce-768x576.jpg","width":768,"height":576,"mime-type":"image\/jpeg","url":"https:\/\/gironaprosport.com\/wp-content\/uploads\/trasa-Legendarne-Pyrenejske-kopce-768x576.jpg"},"etheme-woocommerce-nimi":{"file":"trasa-Legendarne-Pyrenejske-kopce-1x1.jpg","width":1,"height":1,"mime-type":"image\/jpeg","url":"https:\/\/gironaprosport.com\/wp-content\/uploads\/trasa-Legendarne-Pyrenejske-kopce-1x1.jpg"},"etheme-nimi":{"file":"trasa-Legendarne-Pyrenejske-kopce-10x8.jpg","width":10,"height":8,"mime-type":"image\/jpeg","url":"https:\/\/gironaprosport.com\/wp-content\/uploads\/trasa-Legendarne-Pyrenejske-kopce-10x8.jpg"},"shop_catalog_alt":{"file":"trasa-Legendarne-Pyrenejske-kopce-600x600.jpg","width":600,"height":600,"mime-type":"image\/jpeg","url":"https:\/\/gironaprosport.com\/wp-content\/uploads\/trasa-Legendarne-Pyrenejske-kopce-600x600.jpg"},"shop_catalog":{"file":"trasa-Legendarne-Pyrenejske-kopce-360x360.jpg","width":360,"height":360,"mime-type":"image\/jpeg","uncropped":false,"url":"https:\/\/gironaprosport.com\/wp-content\/uploads\/trasa-Legendarne-Pyrenejske-kopce-360x360.jpg"},"shop_single":{"file":"trasa-Legendarne-Pyrenejske-kopce-600x450.jpg","width":600,"height":450,"mime-type":"image\/jpeg","url":"https:\/\/gironaprosport.com\/wp-content\/uploads\/trasa-Legendarne-Pyrenejske-kopce-600x450.jpg"},"shop_thumbnail":{"file":"trasa-Legendarne-Pyrenejske-kopce-100x100.jpg","width":100,"height":100,"mime-type":"image\/jpeg","url":"https:\/\/gironaprosport.com\/wp-content\/uploads\/trasa-Legendarne-Pyrenejske-kopce-100x100.jpg"}},"image_meta":{"aperture":"0","credit":"","camera":"","caption":"","created_timestamp":"0","copyright":"","focal_length":"0","iso":"0","shutter_speed":"0","title":"","orientation":"0","keywords":[]},"ID":"5031","name":"trasa-Legendarne-Pyrenejske-kopce.jpg","path":"\/data\/a\/2\/a23847c4-7a58-48dc-b132-29ebe7618031\/gironaprosport.com\/web\/wp-content\/uploads\/trasa-Legendarne-Pyrenejske-kopce.jpg","url":"https:\/\/gironaprosport.com\/wp-content\/uploads\/trasa-Legendarne-Pyrenejske-kopce-150x150.jpg","full_url":"https:\/\/gironaprosport.com\/wp-content\/uploads\/trasa-Legendarne-Pyrenejske-kopce.jpg","title":"trasa - Legendarne Pyrenejske kopce","caption":"","description":"","alt":"","srcset":"https:\/\/gironaprosport.com\/wp-content\/uploads\/trasa-Legendarne-Pyrenejske-kopce-150x150.jpg 150w, https:\/\/gironaprosport.com\/wp-content\/uploads\/trasa-Legendarne-Pyrenejske-kopce-360x360.jpg 360w, https:\/\/gironaprosport.com\/wp-content\/uploads\/trasa-Legendarne-Pyrenejske-kopce-100x100.jpg 100w, https:\/\/gironaprosport.com\/wp-content\/uploads\/trasa-Legendarne-Pyrenejske-kopce-1x1.jpg 1w, https:\/\/gironaprosport.com\/wp-content\/uploads\/trasa-Legendarne-Pyrenejske-kopce-600x600.jpg 600w"}]},"_links":{"self":[{"href":"https:\/\/gironaprosport.com\/cs\/wp-json\/wp\/v2\/product\/10153","targetHints":{"allow":["GET"]}}],"collection":[{"href":"https:\/\/gironaprosport.com\/cs\/wp-json\/wp\/v2\/product"}],"about":[{"href":"https:\/\/gironaprosport.com\/cs\/wp-json\/wp\/v2\/types\/product"}],"replies":[{"embeddable":true,"href":"https:\/\/gironaprosport.com\/cs\/wp-json\/wp\/v2\/comments?post=10153"}],"wp:featuredmedia":[{"embeddable":true,"href":"https:\/\/gironaprosport.com\/cs\/wp-json\/wp\/v2\/media\/10161"}],"wp:attachment":[{"href":"https:\/\/gironaprosport.com\/cs\/wp-json\/wp\/v2\/media?parent=10153"}],"wp:term":[{"taxonomy":"product-type","embeddable":true,"href":"https:\/\/gironaprosport.com\/cs\/wp-json\/wp\/v2\/product-type?post=10153"},{"taxonomy":"brand","embeddable":true,"href":"https:\/\/gironaprosport.com\/cs\/wp-json\/wp\/v2\/etheme_brands?post=10153"},{"taxonomy":"product_brand","embeddable":true,"href":"https:\/\/gironaprosport.com\/cs\/wp-json\/wp\/v2\/product_brand?post=10153"},{"taxonomy":"product_cat","embeddable":true,"href":"https:\/\/gironaprosport.com\/cs\/wp-json\/wp\/v2\/product_cat?post=10153"},{"taxonomy":"product_tag","embeddable":true,"href":"https:\/\/gironaprosport.com\/cs\/wp-json\/wp\/v2\/product_tag?post=10153"}],"curies":[{"name":"wp","href":"https:\/\/api.w.org\/{rel}","templated":true}]}}