{"id":10133,"date":"2020-03-13T08:58:55","date_gmt":"2020-03-13T07:58:55","guid":{"rendered":"https:\/\/gironaprosport.com\/produkt\/costa-brava-girona-s-detmi-5-dni\/"},"modified":"2024-11-02T02:04:50","modified_gmt":"2024-11-02T01:04:50","slug":"costa-brava-girona-s-detmi-5-dni","status":"publish","type":"product","link":"https:\/\/gironaprosport.com\/cs\/produkt-cs\/costa-brava-girona-s-detmi-5-dni\/","title":{"rendered":"Costa Brava + Girona s d\u011btmi 5 dn\u00ed"},"content":{"rendered":"<p>N\u00e1dhern\u00e9 sjezdy s v\u00fdhledem na pob\u0159e\u017e\u00ed, rovinky, n\u00e1rodn\u00ed parky, p\u0159edh\u016f\u0159\u00ed Pyrenej\u00ed, Costa Bravu, st\u0159edov\u011bk\u00e9 vesni\u010dky, jezera, zelen\u00e9 kopce, a to v\u0161e bez hust\u00e9ho silni\u010dn\u00edho provozu .. Po t\u0159ech noc\u00edch str\u00e1ven\u00fdch na pob\u0159e\u017e\u00ed nav\u0161t\u00edv\u00edte DALI m\u011bsto Figueres a cestu zakon\u010d\u00edte v Giron\u011b . Vhodn\u00e9 pro d\u011bti od 8 let.<\/p>\n<h4>Pl\u00e1n cesty:<\/h4>\n<p>1. den &#8211; 44km a p\u0159ev\u00fd\u0161en\u00ed 340m. Ze Girony p\u016fjdete po b\u00fdval\u00e9 trase \u017eeleznice kter\u00e1 je p\u0159em\u011bn\u011bna na cyklostezku a\u017e k mo\u0159i. B\u00fdval\u00e9 zast\u00e1vky \u017eeleznice se p\u0159em\u011bnily na \u00fatuln\u00e9 restaurace kter\u00e9 m\u016f\u017eete p\u0159i cest\u011b nav\u0161t\u00edvit. Sp\u00e1t budete v Sant Feliu de Guixols.<\/p>\n<p>2. den &#8211; 25km a 250m. J\u00edzd\u011b na kole vedle p\u0159\u00edmo\u0159sk\u00fdch m\u011bste\u010dk\u00e1ch, p\u0159es tich\u00fd horsk\u00fd h\u0159eben se dostanete do regionu Emporda. Vychutn\u00e1te si st\u0159edov\u011bk\u00e9 vesni\u010dky a na z\u00e1v\u011br zam\u00ed\u0159\u00edte op\u011bt k mo\u0159i. Sp\u00e1t budete v perle Costa Vep\u0159i &#8211; Calella de Palafrugell.<\/p>\n<p>3. den &#8211; 44km a 300m. J\u00edzd\u011b na kole p\u0159es \u00fazk\u00e9, p\u0159ev\u00e1\u017en\u011b rovinat\u00e9 a \u010d\u00e1ste\u010dn\u011b nezpevn\u011bn\u00e9 stezky a\u017e do centra kr\u00e1sn\u00e9 vesni\u010dky Pals. Proto\u017ee m\u011bste\u010dko je na kopci, budete m\u00edt kr\u00e1sn\u00fd v\u00fdhled na region, na pob\u0159e\u017e\u00ed a na hrad Montgr\u00ed kter\u00fd se ty\u010d\u00ed jako maj\u00e1k nad regionem Emporda. Sp\u00e1t budete v ryb\u00e1\u0159sk\u00e9 vesni\u010dce L&#8217;Escala.<\/p>\n<p>4. den &#8211; 40km a 100m. Tato \u010d\u00e1st trasy je zcela rovinat\u00e1. J\u00edzd\u011b na kole p\u0159es p\u011bkn\u00e9 vesni\u010dky a p\u0159es n\u00e1rodn\u00ed park Aiguamolls. Den ukon\u010d\u00edte ve m\u011bst\u011b slavn\u00e9ho um\u011blce Salvadora Dal\u00edho, kde se nach\u00e1z\u00ed i jeho muzeum, kter\u00e9 m\u016f\u017eete nav\u0161t\u00edvit.<\/p>\n<p>5. den &#8211; 64km a 240m. N\u00e1vrat do Girony. Prvn\u00ed \u010d\u00e1st cesty je rovinat\u00e1, druh\u00e1 m\u00edrn\u011b kopcovit\u00e1.<\/p>\n<p><strong>Cena 850 EUR \/ dosp\u011blou osobu<\/strong> (extra pr\u00edplatek b\u011bhem \u010cervence, Augusta a sv\u00e1tk\u016f), min 2 dosp\u011bl\u00e9 osoby, slevy pro d\u011bti.<\/p>\n<p>Cena zahrnuje ubytov\u00e1n\u00ed v 3-hv\u011bzdi\u010dkov\u00fdch hotel\u00edch (6 noc\u00ed), sn\u00eddan\u011b, pron\u00e1jem kola Bianchi trekking, pron\u00e1jem Garmin GPS s nahran\u00fdmi trasami, bli\u017e\u0161\u00ed info o trase<\/p>\n","protected":false},"excerpt":{"rendered":"<p>5 dn\u00ed cyklistiky v jedn\u00e9 z nejkr\u00e1sn\u011bj\u0161\u00edch cyklistick\u00fdch oblast\u00ed \u0160pan\u011blska, vhodn\u00e9 pro d\u011bti od 8 let.<\/p>\n","protected":false},"featured_media":10134,"comment_status":"open","ping_status":"closed","template":"","meta":{"_monsterinsights_skip_tracking":false,"_monsterinsights_sitenote_active":false,"_monsterinsights_sitenote_note":"","_monsterinsights_sitenote_category":0},"product-type":[107],"etheme_brands":[],"product_brand":[],"product_cat":[403,393,397],"product_tag":[562,587,594,596,598,570,604,612,668,638,642],"class_list":{"0":"post-10133","1":"product","2":"type-product","3":"status-publish","4":"has-post-thumbnail","6":"product-type-tour","7":"product_cat-cykloturistika-cs","8":"product_cat-horske-kolo-gravel-cyklokros","9":"product_cat-s-detmi-cs","10":"product_tag-5-dni-cs","11":"product_tag-costa-brava-cs","12":"product_tag-cyklokros-cs","13":"product_tag-cykloturistika-cs","14":"product_tag-cyklozajezdy","15":"product_tag-dali-cs","16":"product_tag-gravel-cs","17":"product_tag-horske-kolo","18":"product_tag-lehke","19":"product_tag-rodinny-vylet-cs","20":"product_tag-s-detmi-cs","22":"first","23":"instock","24":"shipping-taxable","25":"purchasable"},"supplier_id":null,"supplier_sku":"","barcode":null,"atum_controlled":true,"out_stock_date":null,"out_stock_threshold":null,"inheritable":false,"inbound_stock":null,"stock_on_hold":0,"sold_today":0,"sales_last_days":0,"reserved_stock":null,"customer_returns":null,"warehouse_damage":null,"lost_in_post":null,"other_logs":null,"out_stock_days":0,"lost_sales":0,"has_location":false,"update_date":"2026-04-25T00:57:37","atum_locations":[],"atum_stock_status":"instock","restock_status":false,"low_stock_amount":"","sales_update_date":"2026-04-25T00:57:37","calc_backorders":null,"yoast_head":"<!-- This site is optimized with the Yoast SEO plugin v26.6 - https:\/\/yoast.com\/wordpress\/plugins\/seo\/ -->\n<title>Costa Brava + Girona s d\u011btmi 5 dn\u00ed - Girona ProSport<\/title>\n<meta name=\"robots\" content=\"index, follow, max-snippet:-1, max-image-preview:large, max-video-preview:-1\" \/>\n<link rel=\"canonical\" href=\"https:\/\/gironaprosport.com\/cs\/produkt-cs\/costa-brava-girona-s-detmi-5-dni\/\" \/>\n<meta property=\"og:locale\" content=\"cs_CZ\" \/>\n<meta property=\"og:type\" content=\"article\" \/>\n<meta property=\"og:title\" content=\"Costa Brava + Girona s d\u011btmi 5 dn\u00ed - Girona ProSport\" \/>\n<meta property=\"og:description\" content=\"5 dn\u00ed cyklistiky v jedn\u00e9 z nejkr\u00e1sn\u011bj\u0161\u00edch cyklistick\u00fdch oblast\u00ed \u0160pan\u011blska, vhodn\u00e9 pro d\u011bti od 8 let.\" \/>\n<meta property=\"og:url\" content=\"https:\/\/gironaprosport.com\/cs\/produkt-cs\/costa-brava-girona-s-detmi-5-dni\/\" \/>\n<meta property=\"og:site_name\" content=\"Girona ProSport\" \/>\n<meta property=\"article:publisher\" content=\"http:\/\/fb.me\/gironaprosport\" \/>\n<meta property=\"article:modified_time\" content=\"2024-11-02T01:04:50+00:00\" \/>\n<meta property=\"og:image\" content=\"https:\/\/gironaprosport.com\/wp-content\/uploads\/hlavna-3-1.jpg\" \/>\n\t<meta property=\"og:image:width\" content=\"1200\" \/>\n\t<meta property=\"og:image:height\" content=\"1200\" \/>\n\t<meta property=\"og:image:type\" content=\"image\/jpeg\" \/>\n<meta name=\"twitter:card\" content=\"summary_large_image\" \/>\n<meta name=\"twitter:label1\" content=\"Odhadovan\u00e1 doba \u010dten\u00ed\" \/>\n\t<meta name=\"twitter:data1\" content=\"2 minuty\" \/>\n<script type=\"application\/ld+json\" class=\"yoast-schema-graph\">{\"@context\":\"https:\/\/schema.org\",\"@graph\":[{\"@type\":\"WebPage\",\"@id\":\"https:\/\/gironaprosport.com\/cs\/produkt-cs\/costa-brava-girona-s-detmi-5-dni\/\",\"url\":\"https:\/\/gironaprosport.com\/cs\/produkt-cs\/costa-brava-girona-s-detmi-5-dni\/\",\"name\":\"Costa Brava + Girona s d\u011btmi 5 dn\u00ed - Girona ProSport\",\"isPartOf\":{\"@id\":\"https:\/\/gironaprosport.com\/cs\/#website\"},\"primaryImageOfPage\":{\"@id\":\"https:\/\/gironaprosport.com\/cs\/produkt-cs\/costa-brava-girona-s-detmi-5-dni\/#primaryimage\"},\"image\":{\"@id\":\"https:\/\/gironaprosport.com\/cs\/produkt-cs\/costa-brava-girona-s-detmi-5-dni\/#primaryimage\"},\"thumbnailUrl\":\"https:\/\/gironaprosport.com\/wp-content\/uploads\/hlavna-3-1.jpg\",\"datePublished\":\"2020-03-13T07:58:55+00:00\",\"dateModified\":\"2024-11-02T01:04:50+00:00\",\"breadcrumb\":{\"@id\":\"https:\/\/gironaprosport.com\/cs\/produkt-cs\/costa-brava-girona-s-detmi-5-dni\/#breadcrumb\"},\"inLanguage\":\"cs\",\"potentialAction\":[{\"@type\":\"ReadAction\",\"target\":[\"https:\/\/gironaprosport.com\/cs\/produkt-cs\/costa-brava-girona-s-detmi-5-dni\/\"]}]},{\"@type\":\"ImageObject\",\"inLanguage\":\"cs\",\"@id\":\"https:\/\/gironaprosport.com\/cs\/produkt-cs\/costa-brava-girona-s-detmi-5-dni\/#primaryimage\",\"url\":\"https:\/\/gironaprosport.com\/wp-content\/uploads\/hlavna-3-1.jpg\",\"contentUrl\":\"https:\/\/gironaprosport.com\/wp-content\/uploads\/hlavna-3-1.jpg\",\"width\":1200,\"height\":1200},{\"@type\":\"BreadcrumbList\",\"@id\":\"https:\/\/gironaprosport.com\/cs\/produkt-cs\/costa-brava-girona-s-detmi-5-dni\/#breadcrumb\",\"itemListElement\":[{\"@type\":\"ListItem\",\"position\":1,\"name\":\"Domovsk\u00e1 str\u00e1nka\",\"item\":\"https:\/\/gironaprosport.com\/cs\/\"},{\"@type\":\"ListItem\",\"position\":2,\"name\":\"Shop\",\"item\":\"https:\/\/gironaprosport.com\/cs\/shop-cs\/\"},{\"@type\":\"ListItem\",\"position\":3,\"name\":\"Costa Brava + Girona s d\u011btmi 5 dn\u00ed\"}]},{\"@type\":\"WebSite\",\"@id\":\"https:\/\/gironaprosport.com\/cs\/#website\",\"url\":\"https:\/\/gironaprosport.com\/cs\/\",\"name\":\"Girona ProSport\",\"description\":\"Cykloz\u00e1jazdy\",\"publisher\":{\"@id\":\"https:\/\/gironaprosport.com\/cs\/#organization\"},\"potentialAction\":[{\"@type\":\"SearchAction\",\"target\":{\"@type\":\"EntryPoint\",\"urlTemplate\":\"https:\/\/gironaprosport.com\/cs\/?s={search_term_string}\"},\"query-input\":{\"@type\":\"PropertyValueSpecification\",\"valueRequired\":true,\"valueName\":\"search_term_string\"}}],\"inLanguage\":\"cs\"},{\"@type\":\"Organization\",\"@id\":\"https:\/\/gironaprosport.com\/cs\/#organization\",\"name\":\"Girona PRO SPORT\",\"url\":\"https:\/\/gironaprosport.com\/cs\/\",\"logo\":{\"@type\":\"ImageObject\",\"inLanguage\":\"cs\",\"@id\":\"https:\/\/gironaprosport.com\/cs\/#\/schema\/logo\/image\/\",\"url\":\"https:\/\/gironaprosport.com\/wp-content\/uploads\/logo-gps_64.png\",\"contentUrl\":\"https:\/\/gironaprosport.com\/wp-content\/uploads\/logo-gps_64.png\",\"width\":320,\"height\":64,\"caption\":\"Girona PRO SPORT\"},\"image\":{\"@id\":\"https:\/\/gironaprosport.com\/cs\/#\/schema\/logo\/image\/\"},\"sameAs\":[\"http:\/\/fb.me\/gironaprosport\",\"http:\/\/instagram.com\/girona_prosport\/\",\"https:\/\/www.youtube.com\/channel\/UCv7gLuh2ONY6kESVj_3aSnA\"]}]}<\/script>\n<!-- \/ Yoast SEO plugin. -->","yoast_head_json":{"title":"Costa Brava + Girona s d\u011btmi 5 dn\u00ed - Girona ProSport","robots":{"index":"index","follow":"follow","max-snippet":"max-snippet:-1","max-image-preview":"max-image-preview:large","max-video-preview":"max-video-preview:-1"},"canonical":"https:\/\/gironaprosport.com\/cs\/produkt-cs\/costa-brava-girona-s-detmi-5-dni\/","og_locale":"cs_CZ","og_type":"article","og_title":"Costa Brava + Girona s d\u011btmi 5 dn\u00ed - Girona ProSport","og_description":"5 dn\u00ed cyklistiky v jedn\u00e9 z nejkr\u00e1sn\u011bj\u0161\u00edch cyklistick\u00fdch oblast\u00ed \u0160pan\u011blska, vhodn\u00e9 pro d\u011bti od 8 let.","og_url":"https:\/\/gironaprosport.com\/cs\/produkt-cs\/costa-brava-girona-s-detmi-5-dni\/","og_site_name":"Girona ProSport","article_publisher":"http:\/\/fb.me\/gironaprosport","article_modified_time":"2024-11-02T01:04:50+00:00","og_image":[{"width":1200,"height":1200,"url":"https:\/\/gironaprosport.com\/wp-content\/uploads\/hlavna-3-1.jpg","type":"image\/jpeg"}],"twitter_card":"summary_large_image","twitter_misc":{"Odhadovan\u00e1 doba \u010dten\u00ed":"2 minuty"},"schema":{"@context":"https:\/\/schema.org","@graph":[{"@type":"WebPage","@id":"https:\/\/gironaprosport.com\/cs\/produkt-cs\/costa-brava-girona-s-detmi-5-dni\/","url":"https:\/\/gironaprosport.com\/cs\/produkt-cs\/costa-brava-girona-s-detmi-5-dni\/","name":"Costa Brava + Girona s d\u011btmi 5 dn\u00ed - Girona ProSport","isPartOf":{"@id":"https:\/\/gironaprosport.com\/cs\/#website"},"primaryImageOfPage":{"@id":"https:\/\/gironaprosport.com\/cs\/produkt-cs\/costa-brava-girona-s-detmi-5-dni\/#primaryimage"},"image":{"@id":"https:\/\/gironaprosport.com\/cs\/produkt-cs\/costa-brava-girona-s-detmi-5-dni\/#primaryimage"},"thumbnailUrl":"https:\/\/gironaprosport.com\/wp-content\/uploads\/hlavna-3-1.jpg","datePublished":"2020-03-13T07:58:55+00:00","dateModified":"2024-11-02T01:04:50+00:00","breadcrumb":{"@id":"https:\/\/gironaprosport.com\/cs\/produkt-cs\/costa-brava-girona-s-detmi-5-dni\/#breadcrumb"},"inLanguage":"cs","potentialAction":[{"@type":"ReadAction","target":["https:\/\/gironaprosport.com\/cs\/produkt-cs\/costa-brava-girona-s-detmi-5-dni\/"]}]},{"@type":"ImageObject","inLanguage":"cs","@id":"https:\/\/gironaprosport.com\/cs\/produkt-cs\/costa-brava-girona-s-detmi-5-dni\/#primaryimage","url":"https:\/\/gironaprosport.com\/wp-content\/uploads\/hlavna-3-1.jpg","contentUrl":"https:\/\/gironaprosport.com\/wp-content\/uploads\/hlavna-3-1.jpg","width":1200,"height":1200},{"@type":"BreadcrumbList","@id":"https:\/\/gironaprosport.com\/cs\/produkt-cs\/costa-brava-girona-s-detmi-5-dni\/#breadcrumb","itemListElement":[{"@type":"ListItem","position":1,"name":"Domovsk\u00e1 str\u00e1nka","item":"https:\/\/gironaprosport.com\/cs\/"},{"@type":"ListItem","position":2,"name":"Shop","item":"https:\/\/gironaprosport.com\/cs\/shop-cs\/"},{"@type":"ListItem","position":3,"name":"Costa Brava + Girona s d\u011btmi 5 dn\u00ed"}]},{"@type":"WebSite","@id":"https:\/\/gironaprosport.com\/cs\/#website","url":"https:\/\/gironaprosport.com\/cs\/","name":"Girona ProSport","description":"Cykloz\u00e1jazdy","publisher":{"@id":"https:\/\/gironaprosport.com\/cs\/#organization"},"potentialAction":[{"@type":"SearchAction","target":{"@type":"EntryPoint","urlTemplate":"https:\/\/gironaprosport.com\/cs\/?s={search_term_string}"},"query-input":{"@type":"PropertyValueSpecification","valueRequired":true,"valueName":"search_term_string"}}],"inLanguage":"cs"},{"@type":"Organization","@id":"https:\/\/gironaprosport.com\/cs\/#organization","name":"Girona PRO SPORT","url":"https:\/\/gironaprosport.com\/cs\/","logo":{"@type":"ImageObject","inLanguage":"cs","@id":"https:\/\/gironaprosport.com\/cs\/#\/schema\/logo\/image\/","url":"https:\/\/gironaprosport.com\/wp-content\/uploads\/logo-gps_64.png","contentUrl":"https:\/\/gironaprosport.com\/wp-content\/uploads\/logo-gps_64.png","width":320,"height":64,"caption":"Girona PRO SPORT"},"image":{"@id":"https:\/\/gironaprosport.com\/cs\/#\/schema\/logo\/image\/"},"sameAs":["http:\/\/fb.me\/gironaprosport","http:\/\/instagram.com\/girona_prosport\/","https:\/\/www.youtube.com\/channel\/UCv7gLuh2ONY6kESVj_3aSnA"]}]}},"meta_box":{"gps_dates_event":[],"gps_distance":"217","gps_distance_note":"","gps_camber":"1000","gps_difficulty":"easy","gps_lasted":["5"],"gps_lasted_note":"","gps_guide":"0","gps_coach":"0","gps_stages":"5","gps_bicycle_rental":"1","gps_date_from":" ","gps_date_to":"","gps_map":[{"width":150,"height":150,"file":"mapa-1.png","sizes":{"woocommerce_thumbnail":{"file":"mapa-1-360x360.png","width":360,"height":360,"mime-type":"image\/png","uncropped":false,"url":"https:\/\/gironaprosport.com\/wp-content\/uploads\/mapa-1-360x360.png"},"woocommerce_gallery_thumbnail":{"file":"mapa-1-100x100.png","width":100,"height":100,"mime-type":"image\/png","url":"https:\/\/gironaprosport.com\/wp-content\/uploads\/mapa-1-100x100.png"},"medium":{"file":"mapa-1-300x284.png","width":300,"height":284,"mime-type":"image\/png","url":"https:\/\/gironaprosport.com\/wp-content\/uploads\/mapa-1-300x284.png"},"thumbnail":{"file":"mapa-1-150x150.png","width":150,"height":150,"mime-type":"image\/png","url":"https:\/\/gironaprosport.com\/wp-content\/uploads\/mapa-1-150x150.png"},"etheme-woocommerce-nimi":{"file":"mapa-1-1x1.png","width":1,"height":1,"mime-type":"image\/png","url":"https:\/\/gironaprosport.com\/wp-content\/uploads\/mapa-1-1x1.png"},"etheme-nimi":{"file":"mapa-1-10x10.png","width":10,"height":10,"mime-type":"image\/png","url":"https:\/\/gironaprosport.com\/wp-content\/uploads\/mapa-1-10x10.png"},"shop_catalog":{"file":"mapa-1-360x360.png","width":360,"height":360,"mime-type":"image\/png","uncropped":false,"url":"https:\/\/gironaprosport.com\/wp-content\/uploads\/mapa-1-360x360.png"},"shop_thumbnail":{"file":"mapa-1-100x100.png","width":100,"height":100,"mime-type":"image\/png","url":"https:\/\/gironaprosport.com\/wp-content\/uploads\/mapa-1-100x100.png"}},"image_meta":{"aperture":"0","credit":"","camera":"","caption":"","created_timestamp":"0","copyright":"","focal_length":"0","iso":"0","shutter_speed":"0","title":"","orientation":"0","keywords":[]},"ID":"5513","name":"mapa-1.png","path":"\/data\/a\/2\/a23847c4-7a58-48dc-b132-29ebe7618031\/gironaprosport.com\/web\/wp-content\/uploads\/mapa-1.png","url":"https:\/\/gironaprosport.com\/wp-content\/uploads\/mapa-1-150x150.png","full_url":"https:\/\/gironaprosport.com\/wp-content\/uploads\/mapa-1.png","title":"mapa","caption":"","description":"","alt":"","srcset":"https:\/\/gironaprosport.com\/wp-content\/uploads\/mapa-1-150x150.png 150w, https:\/\/gironaprosport.com\/wp-content\/uploads\/mapa-1-360x360.png 360w, https:\/\/gironaprosport.com\/wp-content\/uploads\/mapa-1-100x100.png 100w, https:\/\/gironaprosport.com\/wp-content\/uploads\/mapa-1-1x1.png 1w, https:\/\/gironaprosport.com\/wp-content\/uploads\/mapa-1-10x10.png 10w"}]},"_links":{"self":[{"href":"https:\/\/gironaprosport.com\/cs\/wp-json\/wp\/v2\/product\/10133","targetHints":{"allow":["GET"]}}],"collection":[{"href":"https:\/\/gironaprosport.com\/cs\/wp-json\/wp\/v2\/product"}],"about":[{"href":"https:\/\/gironaprosport.com\/cs\/wp-json\/wp\/v2\/types\/product"}],"replies":[{"embeddable":true,"href":"https:\/\/gironaprosport.com\/cs\/wp-json\/wp\/v2\/comments?post=10133"}],"wp:featuredmedia":[{"embeddable":true,"href":"https:\/\/gironaprosport.com\/cs\/wp-json\/wp\/v2\/media\/10134"}],"wp:attachment":[{"href":"https:\/\/gironaprosport.com\/cs\/wp-json\/wp\/v2\/media?parent=10133"}],"wp:term":[{"taxonomy":"product-type","embeddable":true,"href":"https:\/\/gironaprosport.com\/cs\/wp-json\/wp\/v2\/product-type?post=10133"},{"taxonomy":"brand","embeddable":true,"href":"https:\/\/gironaprosport.com\/cs\/wp-json\/wp\/v2\/etheme_brands?post=10133"},{"taxonomy":"product_brand","embeddable":true,"href":"https:\/\/gironaprosport.com\/cs\/wp-json\/wp\/v2\/product_brand?post=10133"},{"taxonomy":"product_cat","embeddable":true,"href":"https:\/\/gironaprosport.com\/cs\/wp-json\/wp\/v2\/product_cat?post=10133"},{"taxonomy":"product_tag","embeddable":true,"href":"https:\/\/gironaprosport.com\/cs\/wp-json\/wp\/v2\/product_tag?post=10133"}],"curies":[{"name":"wp","href":"https:\/\/api.w.org\/{rel}","templated":true}]}}