{"id":10097,"date":"2020-03-12T17:15:44","date_gmt":"2020-03-12T16:15:44","guid":{"rendered":"https:\/\/gironaprosport.com\/produkt\/costa-brava-girona-s-detmi-3-dny\/"},"modified":"2025-07-10T10:09:33","modified_gmt":"2025-07-10T08:09:33","slug":"costa-brava-girona-s-detmi-3-dny","status":"publish","type":"product","link":"https:\/\/gironaprosport.com\/cs\/produkt-cs\/costa-brava-girona-s-detmi-3-dny\/","title":{"rendered":"Costa Brava + Girona s d\u011btmi 3 dny"},"content":{"rendered":"<p>Costa Brava &#8211; Girona s d\u011btmi 3 dny, 4 noci. 3 dn\u016f si vyzkou\u0161\u00edte r\u016fzn\u00e9 typy kopc\u016f, n\u00e1dhern\u00e9 sjezdy s v\u00fdhledem na pob\u0159e\u017e\u00ed, rovinky, n\u00e1rodn\u00ed parky, p\u0159edh\u016f\u0159\u00ed Pyrenej\u00ed, Costa Bravu, st\u0159edov\u011bk\u00e9 vesni\u010dky, jezera, zelen\u00e9 kopce, a to v\u0161e bez hust\u00e9 silni\u010dn\u00edho provozu. Vhodn\u00e9 pro d\u011bti &#8211; od 4 let na vlastn\u00edm kole (r\u00e1m 120), pro men\u0161\u00ed d\u011bti v d\u011btsk\u00e9 seda\u010dce\/voz\u00edku.<\/p>\n<h4>Pl\u00e1n cesty:<\/h4>\n<p>U mlad\u0161\u00edch d\u011bt\u00ed lze trasy upravit na krat\u0161\u00ed vzd\u00e1lenosti:<\/p>\n<p>1. de\u0148 &#8211; 44km a prev\u00fd\u0161enie 340m. Trasa za\u010d\u00edn\u00e1 v Girone, sm\u011brem ku pobre\u017e\u00ed p\u016fjdete po cyklochodn\u00edku vybudovan\u00e9m na trati b\u00fdvalej \u017eeleznice. Trasu zakon\u010d\u00edte p\u0159i mori, ve zn\u00e1m\u00e9m st\u0159edisku Sant Feliu de Guixols.<\/p>\n<p>2. de\u0148 &#8211; 25 km na 200 m. Trasa vede p\u0159es tich\u00e9 zp\u011bvn\u00e9 a nespevnen\u00e9 p\u0159ev\u00e1\u017en\u011b rovinat\u00e9 cesty, cez \u010darovn\u00e9 stredovek\u00e9 pr\u00edmorsk\u00e9 meste\u010dk\u00e1. Den zakon\u010d\u00edte v perle Costa Bravy &#8211; dedinke Calella de Palafrugell. Tuto trasu je mo\u017en\u00e9 prodlou\u017eit na 56 km<\/p>\n<p>3. de\u0148 &#8211; 51 km a 350 m. Posledn\u00fd de\u0148 p\u00f4jdeme v prvej \u010d\u00e1sti po rovinat\u00fdch cest\u00e1ch pod\u00e9l mal\u00fdch dedinek a na z\u00e1v\u011br cez men\u0161\u00ed kopce doraz\u00edte do Girony. Tuto trasu je mo\u017en\u00e9 prodlou\u017eit na 66 km.<\/p>\n<p><strong>Cena 594 EUR \/ dosp\u011blou osobu<\/strong> (649 EUR b\u011bhem \u010cervence, Augusta a sv\u00e1tk\u016f), min 2 osoby, slevy pro d\u011bti<\/p>\n<p>Cena zahrnuje ubytov\u00e1n\u00ed v 3-hv\u011bzdi\u010dkov\u00fdch hotel\u00edch (4 noci), sn\u00eddan\u011b, pron\u00e1jem kola Bianchi Intenso, pron\u00e1jem Garmin GPS s nahran\u00fdmi trasami, p\u0159eprava zavazadel z hotelu do hotelu,\u00a0 bli\u017e\u0161\u00ed info o trase<\/p>\n","protected":false},"excerpt":{"rendered":"<p>Kr\u00e1tk\u00fd rodinn\u00fd v\u00fdlet vhodn\u00fd pro d\u011bti, u\u017eijte si cyklistiku bez provozu s celou rodinou. Vhodn\u00e9 pro d\u011bti &#8211; od 4 let na vlastn\u00edm kole (r\u00e1m 120), pro men\u0161\u00ed d\u011bti v d\u011btsk\u00e9 seda\u010dce\/voz\u00edku.<\/p>\n","protected":false},"featured_media":10098,"comment_status":"open","ping_status":"closed","template":"","meta":{"_monsterinsights_skip_tracking":false,"_monsterinsights_sitenote_active":false,"_monsterinsights_sitenote_note":"","_monsterinsights_sitenote_category":0},"product-type":[107],"etheme_brands":[],"product_brand":[],"product_cat":[403,393,397],"product_tag":[587,594,596,598,604,612,638,642],"class_list":{"0":"post-10097","1":"product","2":"type-product","3":"status-publish","4":"has-post-thumbnail","6":"product-type-tour","7":"product_cat-cykloturistika-cs","8":"product_cat-horske-kolo-gravel-cyklokros","9":"product_cat-s-detmi-cs","10":"product_tag-costa-brava-cs","11":"product_tag-cyklokros-cs","12":"product_tag-cykloturistika-cs","13":"product_tag-cyklozajezdy","14":"product_tag-gravel-cs","15":"product_tag-horske-kolo","16":"product_tag-rodinny-vylet-cs","17":"product_tag-s-detmi-cs","19":"first","20":"instock","21":"shipping-taxable","22":"purchasable"},"supplier_id":null,"supplier_sku":"","barcode":null,"atum_controlled":false,"out_stock_date":null,"out_stock_threshold":null,"inheritable":false,"inbound_stock":null,"stock_on_hold":0,"sold_today":0,"sales_last_days":0,"reserved_stock":null,"customer_returns":null,"warehouse_damage":null,"lost_in_post":null,"other_logs":null,"out_stock_days":0,"lost_sales":0,"has_location":false,"update_date":"2026-04-25T00:57:37","atum_locations":[],"atum_stock_status":"instock","restock_status":false,"low_stock_amount":"","sales_update_date":"2026-04-25T00:57:37","calc_backorders":null,"yoast_head":"<!-- This site is optimized with the Yoast SEO plugin v26.6 - https:\/\/yoast.com\/wordpress\/plugins\/seo\/ -->\n<title>Costa Brava + Girona s d\u011btmi 3 dny - Girona ProSport<\/title>\n<meta name=\"description\" content=\"Costa Brava s d\u011btmi - rodinn\u00fd v\u00fdlet vhodn\u00fd pro d\u011bti, u\u017eite si cyklistiku bez prem\u00e1vky s celou rodinou\" \/>\n<meta name=\"robots\" content=\"index, follow, max-snippet:-1, max-image-preview:large, max-video-preview:-1\" \/>\n<link rel=\"canonical\" href=\"https:\/\/gironaprosport.com\/cs\/produkt-cs\/costa-brava-girona-s-detmi-3-dny\/\" \/>\n<meta property=\"og:locale\" content=\"cs_CZ\" \/>\n<meta property=\"og:type\" content=\"article\" \/>\n<meta property=\"og:title\" content=\"Costa Brava + Girona s d\u011btmi 3 dny - Girona ProSport\" \/>\n<meta property=\"og:description\" content=\"Costa Brava s d\u011btmi - rodinn\u00fd v\u00fdlet vhodn\u00fd pro d\u011bti, u\u017eite si cyklistiku bez prem\u00e1vky s celou rodinou\" \/>\n<meta property=\"og:url\" content=\"https:\/\/gironaprosport.com\/cs\/produkt-cs\/costa-brava-girona-s-detmi-3-dny\/\" \/>\n<meta property=\"og:site_name\" content=\"Girona ProSport\" \/>\n<meta property=\"article:publisher\" content=\"http:\/\/fb.me\/gironaprosport\" \/>\n<meta property=\"article:modified_time\" content=\"2025-07-10T08:09:33+00:00\" \/>\n<meta property=\"og:image\" content=\"https:\/\/gironaprosport.com\/wp-content\/uploads\/hlavna-7.jpg\" \/>\n\t<meta property=\"og:image:width\" content=\"857\" \/>\n\t<meta property=\"og:image:height\" content=\"856\" \/>\n\t<meta property=\"og:image:type\" content=\"image\/jpeg\" \/>\n<meta name=\"twitter:card\" content=\"summary_large_image\" \/>\n<meta name=\"twitter:label1\" content=\"Odhadovan\u00e1 doba \u010dten\u00ed\" \/>\n\t<meta name=\"twitter:data1\" content=\"1 minuta\" \/>\n<script type=\"application\/ld+json\" class=\"yoast-schema-graph\">{\"@context\":\"https:\/\/schema.org\",\"@graph\":[{\"@type\":\"WebPage\",\"@id\":\"https:\/\/gironaprosport.com\/cs\/produkt-cs\/costa-brava-girona-s-detmi-3-dny\/\",\"url\":\"https:\/\/gironaprosport.com\/cs\/produkt-cs\/costa-brava-girona-s-detmi-3-dny\/\",\"name\":\"Costa Brava + Girona s d\u011btmi 3 dny - Girona ProSport\",\"isPartOf\":{\"@id\":\"https:\/\/gironaprosport.com\/cs\/#website\"},\"primaryImageOfPage\":{\"@id\":\"https:\/\/gironaprosport.com\/cs\/produkt-cs\/costa-brava-girona-s-detmi-3-dny\/#primaryimage\"},\"image\":{\"@id\":\"https:\/\/gironaprosport.com\/cs\/produkt-cs\/costa-brava-girona-s-detmi-3-dny\/#primaryimage\"},\"thumbnailUrl\":\"https:\/\/gironaprosport.com\/wp-content\/uploads\/hlavna-7.jpg\",\"datePublished\":\"2020-03-12T16:15:44+00:00\",\"dateModified\":\"2025-07-10T08:09:33+00:00\",\"description\":\"Costa Brava s d\u011btmi - rodinn\u00fd v\u00fdlet vhodn\u00fd pro d\u011bti, u\u017eite si cyklistiku bez prem\u00e1vky s celou rodinou\",\"breadcrumb\":{\"@id\":\"https:\/\/gironaprosport.com\/cs\/produkt-cs\/costa-brava-girona-s-detmi-3-dny\/#breadcrumb\"},\"inLanguage\":\"cs\",\"potentialAction\":[{\"@type\":\"ReadAction\",\"target\":[\"https:\/\/gironaprosport.com\/cs\/produkt-cs\/costa-brava-girona-s-detmi-3-dny\/\"]}]},{\"@type\":\"ImageObject\",\"inLanguage\":\"cs\",\"@id\":\"https:\/\/gironaprosport.com\/cs\/produkt-cs\/costa-brava-girona-s-detmi-3-dny\/#primaryimage\",\"url\":\"https:\/\/gironaprosport.com\/wp-content\/uploads\/hlavna-7.jpg\",\"contentUrl\":\"https:\/\/gironaprosport.com\/wp-content\/uploads\/hlavna-7.jpg\",\"width\":857,\"height\":856},{\"@type\":\"BreadcrumbList\",\"@id\":\"https:\/\/gironaprosport.com\/cs\/produkt-cs\/costa-brava-girona-s-detmi-3-dny\/#breadcrumb\",\"itemListElement\":[{\"@type\":\"ListItem\",\"position\":1,\"name\":\"Domovsk\u00e1 str\u00e1nka\",\"item\":\"https:\/\/gironaprosport.com\/cs\/\"},{\"@type\":\"ListItem\",\"position\":2,\"name\":\"Shop\",\"item\":\"https:\/\/gironaprosport.com\/cs\/shop-cs\/\"},{\"@type\":\"ListItem\",\"position\":3,\"name\":\"Costa Brava + Girona s d\u011btmi 3 dny\"}]},{\"@type\":\"WebSite\",\"@id\":\"https:\/\/gironaprosport.com\/cs\/#website\",\"url\":\"https:\/\/gironaprosport.com\/cs\/\",\"name\":\"Girona ProSport\",\"description\":\"Cykloz\u00e1jazdy\",\"publisher\":{\"@id\":\"https:\/\/gironaprosport.com\/cs\/#organization\"},\"potentialAction\":[{\"@type\":\"SearchAction\",\"target\":{\"@type\":\"EntryPoint\",\"urlTemplate\":\"https:\/\/gironaprosport.com\/cs\/?s={search_term_string}\"},\"query-input\":{\"@type\":\"PropertyValueSpecification\",\"valueRequired\":true,\"valueName\":\"search_term_string\"}}],\"inLanguage\":\"cs\"},{\"@type\":\"Organization\",\"@id\":\"https:\/\/gironaprosport.com\/cs\/#organization\",\"name\":\"Girona PRO SPORT\",\"url\":\"https:\/\/gironaprosport.com\/cs\/\",\"logo\":{\"@type\":\"ImageObject\",\"inLanguage\":\"cs\",\"@id\":\"https:\/\/gironaprosport.com\/cs\/#\/schema\/logo\/image\/\",\"url\":\"https:\/\/gironaprosport.com\/wp-content\/uploads\/logo-gps_64.png\",\"contentUrl\":\"https:\/\/gironaprosport.com\/wp-content\/uploads\/logo-gps_64.png\",\"width\":320,\"height\":64,\"caption\":\"Girona PRO SPORT\"},\"image\":{\"@id\":\"https:\/\/gironaprosport.com\/cs\/#\/schema\/logo\/image\/\"},\"sameAs\":[\"http:\/\/fb.me\/gironaprosport\",\"http:\/\/instagram.com\/girona_prosport\/\",\"https:\/\/www.youtube.com\/channel\/UCv7gLuh2ONY6kESVj_3aSnA\"]}]}<\/script>\n<!-- \/ Yoast SEO plugin. -->","yoast_head_json":{"title":"Costa Brava + Girona s d\u011btmi 3 dny - Girona ProSport","description":"Costa Brava s d\u011btmi - rodinn\u00fd v\u00fdlet vhodn\u00fd pro d\u011bti, u\u017eite si cyklistiku bez prem\u00e1vky s celou rodinou","robots":{"index":"index","follow":"follow","max-snippet":"max-snippet:-1","max-image-preview":"max-image-preview:large","max-video-preview":"max-video-preview:-1"},"canonical":"https:\/\/gironaprosport.com\/cs\/produkt-cs\/costa-brava-girona-s-detmi-3-dny\/","og_locale":"cs_CZ","og_type":"article","og_title":"Costa Brava + Girona s d\u011btmi 3 dny - Girona ProSport","og_description":"Costa Brava s d\u011btmi - rodinn\u00fd v\u00fdlet vhodn\u00fd pro d\u011bti, u\u017eite si cyklistiku bez prem\u00e1vky s celou rodinou","og_url":"https:\/\/gironaprosport.com\/cs\/produkt-cs\/costa-brava-girona-s-detmi-3-dny\/","og_site_name":"Girona ProSport","article_publisher":"http:\/\/fb.me\/gironaprosport","article_modified_time":"2025-07-10T08:09:33+00:00","og_image":[{"width":857,"height":856,"url":"https:\/\/gironaprosport.com\/wp-content\/uploads\/hlavna-7.jpg","type":"image\/jpeg"}],"twitter_card":"summary_large_image","twitter_misc":{"Odhadovan\u00e1 doba \u010dten\u00ed":"1 minuta"},"schema":{"@context":"https:\/\/schema.org","@graph":[{"@type":"WebPage","@id":"https:\/\/gironaprosport.com\/cs\/produkt-cs\/costa-brava-girona-s-detmi-3-dny\/","url":"https:\/\/gironaprosport.com\/cs\/produkt-cs\/costa-brava-girona-s-detmi-3-dny\/","name":"Costa Brava + Girona s d\u011btmi 3 dny - Girona ProSport","isPartOf":{"@id":"https:\/\/gironaprosport.com\/cs\/#website"},"primaryImageOfPage":{"@id":"https:\/\/gironaprosport.com\/cs\/produkt-cs\/costa-brava-girona-s-detmi-3-dny\/#primaryimage"},"image":{"@id":"https:\/\/gironaprosport.com\/cs\/produkt-cs\/costa-brava-girona-s-detmi-3-dny\/#primaryimage"},"thumbnailUrl":"https:\/\/gironaprosport.com\/wp-content\/uploads\/hlavna-7.jpg","datePublished":"2020-03-12T16:15:44+00:00","dateModified":"2025-07-10T08:09:33+00:00","description":"Costa Brava s d\u011btmi - rodinn\u00fd v\u00fdlet vhodn\u00fd pro d\u011bti, u\u017eite si cyklistiku bez prem\u00e1vky s celou rodinou","breadcrumb":{"@id":"https:\/\/gironaprosport.com\/cs\/produkt-cs\/costa-brava-girona-s-detmi-3-dny\/#breadcrumb"},"inLanguage":"cs","potentialAction":[{"@type":"ReadAction","target":["https:\/\/gironaprosport.com\/cs\/produkt-cs\/costa-brava-girona-s-detmi-3-dny\/"]}]},{"@type":"ImageObject","inLanguage":"cs","@id":"https:\/\/gironaprosport.com\/cs\/produkt-cs\/costa-brava-girona-s-detmi-3-dny\/#primaryimage","url":"https:\/\/gironaprosport.com\/wp-content\/uploads\/hlavna-7.jpg","contentUrl":"https:\/\/gironaprosport.com\/wp-content\/uploads\/hlavna-7.jpg","width":857,"height":856},{"@type":"BreadcrumbList","@id":"https:\/\/gironaprosport.com\/cs\/produkt-cs\/costa-brava-girona-s-detmi-3-dny\/#breadcrumb","itemListElement":[{"@type":"ListItem","position":1,"name":"Domovsk\u00e1 str\u00e1nka","item":"https:\/\/gironaprosport.com\/cs\/"},{"@type":"ListItem","position":2,"name":"Shop","item":"https:\/\/gironaprosport.com\/cs\/shop-cs\/"},{"@type":"ListItem","position":3,"name":"Costa Brava + Girona s d\u011btmi 3 dny"}]},{"@type":"WebSite","@id":"https:\/\/gironaprosport.com\/cs\/#website","url":"https:\/\/gironaprosport.com\/cs\/","name":"Girona ProSport","description":"Cykloz\u00e1jazdy","publisher":{"@id":"https:\/\/gironaprosport.com\/cs\/#organization"},"potentialAction":[{"@type":"SearchAction","target":{"@type":"EntryPoint","urlTemplate":"https:\/\/gironaprosport.com\/cs\/?s={search_term_string}"},"query-input":{"@type":"PropertyValueSpecification","valueRequired":true,"valueName":"search_term_string"}}],"inLanguage":"cs"},{"@type":"Organization","@id":"https:\/\/gironaprosport.com\/cs\/#organization","name":"Girona PRO SPORT","url":"https:\/\/gironaprosport.com\/cs\/","logo":{"@type":"ImageObject","inLanguage":"cs","@id":"https:\/\/gironaprosport.com\/cs\/#\/schema\/logo\/image\/","url":"https:\/\/gironaprosport.com\/wp-content\/uploads\/logo-gps_64.png","contentUrl":"https:\/\/gironaprosport.com\/wp-content\/uploads\/logo-gps_64.png","width":320,"height":64,"caption":"Girona PRO SPORT"},"image":{"@id":"https:\/\/gironaprosport.com\/cs\/#\/schema\/logo\/image\/"},"sameAs":["http:\/\/fb.me\/gironaprosport","http:\/\/instagram.com\/girona_prosport\/","https:\/\/www.youtube.com\/channel\/UCv7gLuh2ONY6kESVj_3aSnA"]}]}},"meta_box":{"gps_dates_event":[],"gps_distance":"120","gps_distance_note":"mo\u017eno prodlou\u017eit na 166km","gps_camber":"750","gps_difficulty":"easy","gps_lasted":["4"],"gps_lasted_note":"","gps_guide":"0","gps_coach":"0","gps_stages":"3","gps_bicycle_rental":"1","gps_date_from":" ","gps_date_to":"","gps_map":[{"width":150,"height":150,"file":"map-gravel-3-days-easy.jpg","sizes":{"medium":{"file":"map-gravel-3-days-easy-289x300.jpg","width":289,"height":300,"mime-type":"image\/jpeg","url":"https:\/\/gironaprosport.com\/wp-content\/uploads\/map-gravel-3-days-easy-289x300.jpg"},"thumbnail":{"file":"map-gravel-3-days-easy-150x150.jpg","width":150,"height":150,"mime-type":"image\/jpeg","url":"https:\/\/gironaprosport.com\/wp-content\/uploads\/map-gravel-3-days-easy-150x150.jpg"},"etheme-woocommerce-nimi":{"file":"map-gravel-3-days-easy-1x1.jpg","width":1,"height":1,"mime-type":"image\/jpeg","url":"https:\/\/gironaprosport.com\/wp-content\/uploads\/map-gravel-3-days-easy-1x1.jpg"},"etheme-nimi":{"file":"map-gravel-3-days-easy-10x10.jpg","width":10,"height":10,"mime-type":"image\/jpeg","url":"https:\/\/gironaprosport.com\/wp-content\/uploads\/map-gravel-3-days-easy-10x10.jpg"},"woocommerce_thumbnail":{"file":"map-gravel-3-days-easy-360x360.jpg","width":360,"height":360,"mime-type":"image\/jpeg","uncropped":false,"url":"https:\/\/gironaprosport.com\/wp-content\/uploads\/map-gravel-3-days-easy-360x360.jpg"},"woocommerce_single":{"file":"map-gravel-3-days-easy-600x622.jpg","width":600,"height":622,"mime-type":"image\/jpeg","url":"https:\/\/gironaprosport.com\/wp-content\/uploads\/map-gravel-3-days-easy-600x622.jpg"},"woocommerce_gallery_thumbnail":{"file":"map-gravel-3-days-easy-100x100.jpg","width":100,"height":100,"mime-type":"image\/jpeg","url":"https:\/\/gironaprosport.com\/wp-content\/uploads\/map-gravel-3-days-easy-100x100.jpg"},"shop_catalog":{"file":"map-gravel-3-days-easy-360x360.jpg","width":360,"height":360,"mime-type":"image\/jpeg","url":"https:\/\/gironaprosport.com\/wp-content\/uploads\/map-gravel-3-days-easy-360x360.jpg"},"shop_single":{"file":"map-gravel-3-days-easy-600x622.jpg","width":600,"height":622,"mime-type":"image\/jpeg","url":"https:\/\/gironaprosport.com\/wp-content\/uploads\/map-gravel-3-days-easy-600x622.jpg"},"shop_thumbnail":{"file":"map-gravel-3-days-easy-100x100.jpg","width":100,"height":100,"mime-type":"image\/jpeg","url":"https:\/\/gironaprosport.com\/wp-content\/uploads\/map-gravel-3-days-easy-100x100.jpg"}},"image_meta":{"aperture":"0","credit":"","camera":"","caption":"","created_timestamp":"0","copyright":"","focal_length":"0","iso":"0","shutter_speed":"0","title":"","orientation":"0","keywords":[]},"ID":"10352","name":"map-gravel-3-days-easy.jpg","path":"\/data\/a\/2\/a23847c4-7a58-48dc-b132-29ebe7618031\/gironaprosport.com\/web\/wp-content\/uploads\/map-gravel-3-days-easy.jpg","url":"https:\/\/gironaprosport.com\/wp-content\/uploads\/map-gravel-3-days-easy-150x150.jpg","full_url":"https:\/\/gironaprosport.com\/wp-content\/uploads\/map-gravel-3-days-easy.jpg","title":"map gravel 3 days easy","caption":"","description":"","alt":"","srcset":"https:\/\/gironaprosport.com\/wp-content\/uploads\/map-gravel-3-days-easy-150x150.jpg 150w, https:\/\/gironaprosport.com\/wp-content\/uploads\/map-gravel-3-days-easy-1x1.jpg 1w, https:\/\/gironaprosport.com\/wp-content\/uploads\/map-gravel-3-days-easy-10x10.jpg 10w, https:\/\/gironaprosport.com\/wp-content\/uploads\/map-gravel-3-days-easy-360x360.jpg 360w, https:\/\/gironaprosport.com\/wp-content\/uploads\/map-gravel-3-days-easy-100x100.jpg 100w"}]},"_links":{"self":[{"href":"https:\/\/gironaprosport.com\/cs\/wp-json\/wp\/v2\/product\/10097","targetHints":{"allow":["GET"]}}],"collection":[{"href":"https:\/\/gironaprosport.com\/cs\/wp-json\/wp\/v2\/product"}],"about":[{"href":"https:\/\/gironaprosport.com\/cs\/wp-json\/wp\/v2\/types\/product"}],"replies":[{"embeddable":true,"href":"https:\/\/gironaprosport.com\/cs\/wp-json\/wp\/v2\/comments?post=10097"}],"wp:featuredmedia":[{"embeddable":true,"href":"https:\/\/gironaprosport.com\/cs\/wp-json\/wp\/v2\/media\/10098"}],"wp:attachment":[{"href":"https:\/\/gironaprosport.com\/cs\/wp-json\/wp\/v2\/media?parent=10097"}],"wp:term":[{"taxonomy":"product-type","embeddable":true,"href":"https:\/\/gironaprosport.com\/cs\/wp-json\/wp\/v2\/product-type?post=10097"},{"taxonomy":"brand","embeddable":true,"href":"https:\/\/gironaprosport.com\/cs\/wp-json\/wp\/v2\/etheme_brands?post=10097"},{"taxonomy":"product_brand","embeddable":true,"href":"https:\/\/gironaprosport.com\/cs\/wp-json\/wp\/v2\/product_brand?post=10097"},{"taxonomy":"product_cat","embeddable":true,"href":"https:\/\/gironaprosport.com\/cs\/wp-json\/wp\/v2\/product_cat?post=10097"},{"taxonomy":"product_tag","embeddable":true,"href":"https:\/\/gironaprosport.com\/cs\/wp-json\/wp\/v2\/product_tag?post=10097"}],"curies":[{"name":"wp","href":"https:\/\/api.w.org\/{rel}","templated":true}]}}