{"id":10089,"date":"2020-02-20T11:11:44","date_gmt":"2020-02-20T10:11:44","guid":{"rendered":"https:\/\/gironaprosport.com\/produkt\/girona-costa-brava-garrotxa-5-dny-stredne-narocne\/"},"modified":"2022-04-06T17:50:05","modified_gmt":"2022-04-06T15:50:05","slug":"girona-costa-brava-garrotxa-5-dny-stredne-narocne","status":"publish","type":"product","link":"https:\/\/gironaprosport.com\/cs\/produkt-cs\/girona-costa-brava-garrotxa-5-dny-stredne-narocne\/","title":{"rendered":"Girona + Costa Brava + Garrotxa 5 dny st\u0159edn\u011b n\u00e1ro\u010dn\u00e9"},"content":{"rendered":"<p>Jezd\u011bte na kole b\u011bhem 5 dn\u00ed v jedn\u00e9 z nejkr\u00e1sn\u011bj\u0161\u00edch cyklistick\u00fdch oblast\u00ed \u0160pan\u011blska. Vyzkou\u0161\u00edte si r\u016fzn\u00e9 typy kopc\u016f, n\u00e1dhern\u00e9 sjezdy s v\u00fdhledem na pob\u0159e\u017e\u00ed, rovinky, n\u00e1rodn\u00ed parky, p\u0159edh\u016f\u0159\u00ed Pyrenej\u00ed, Costa Bravu, st\u0159edov\u011bk\u00e9 vesni\u010dky, jezera, zelen\u00e9 kopce, n\u00e1rodn\u00ed park Garrotxa .. B\u011bhem t\u011bchto 5 dn\u00ed zjist\u00edte pro\u010d si tolik profesion\u00e1ln\u00edch cyklist\u016f vybralo Giro za sv\u016fj domov.<\/p>\n<h4>Pl\u00e1n cesty:<\/h4>\n<p>1. den &#8211; 65km a p\u0159ev\u00fd\u0161en\u00ed 950m. Ze Girony vyraz\u00edte do p\u0159\u00edmo\u0159sk\u00e9ho m\u011bste\u010dka Tossa de Mar, potom j\u00edzd\u011b na kole dal\u0161\u00edch 20km po n\u00e1dhern\u00e9m pob\u0159e\u017e\u00ed Costa Vep\u0159i. Nocovat budete v Sant Feliu de Guixols.<\/p>\n<p>2. den &#8211; 83km a 790m. J\u00edzd\u011b na kole p\u0159es klidn\u00fd region Emporda, vychutn\u00e1te si st\u0159edov\u011bk\u00e9 vesni\u010dky a vr\u00e1t\u00edte se na pob\u0159e\u017e\u00ed. Nocovat budete v Escala.<\/p>\n<p>3. den &#8211; 78km a 900m. Prvn\u00ed polvica trasy jsou &#8222;\u0161pan\u011blsk\u00e9 rovinky&#8220;, v druh\u00e9 polovin\u011b jsou to 2 v\u00fdstupy (8km a 5km) a n\u00e1dhern\u00e9 sjezdy, j\u00edzd\u011b na kole v n\u00e1rodn\u00edm parku Cap de Creus a jste obklopen mo\u0159em z obou stran. Nocovat budete v Cadaques<\/p>\n<p>4. den &#8211; 109km a 1600m. Vyraz\u00edte z Cadaques, co\u017e je nejv\u00fdchodn\u011bj\u0161\u00ed bod Pyrenej\u00ed, a za\u010dnete 5km stoup\u00e1n\u00edm p\u0159\u00edmo z hotelu. N\u00e1sleduje kr\u00e1sn\u00fd sjezd do Roses, d\u00e1le p\u0159es olympijsk\u00e9 jezero Banyoles a\u017e do kouzeln\u00e9 vesni\u010dky Santa Pau. Z\u016fst\u00e1v\u00e1te p\u0159es noc ve vulk\u00e1nem obklopen\u00fdm m\u011bst\u011b Olot. Nocovat budete v Olote.<\/p>\n<p>5. den &#8211; 87km a 630m. Za\u010d\u00e1tek je rovinat\u00fd, pak si u\u017e vychutn\u00e1v\u00e1te m\u00edrn\u011b kopce v n\u00e1rodn\u00edm parku Garrotxa. Nocovat budete v Girone.<\/p>\n<p><strong>Cena 850 EUR \/ osobu<\/strong> (extra p\u0159\u00edplatek b\u011bhem \u010cervence, Augusta a sv\u00e1tk\u016f), min 2 osoby<\/p>\n<p>P\u0159i jin\u00e9m po\u010dtu \u00fa\u010dastn\u00edk\u016f ceny uprav\u00edme<\/p>\n<p>Cena zahrnuje ubytov\u00e1n\u00ed v 3-hv\u011bzdi\u010dkov\u00fdch hotel\u00edch (6 noc\u00ed), sn\u00eddan\u011b, pron\u00e1jem kola Bianchi Intenso, pron\u00e1jem Garmin GPS s nahran\u00fdmi trasami, Bli\u017e\u0161\u00ed info o trase.<\/p>\n","protected":false},"excerpt":{"rendered":"<p>Jezd\u011bte na kole b\u011bhem 5 dn\u00ed v jedn\u00e9 z nejkr\u00e1sn\u011bj\u0161\u00edch cyklistick\u00fdch oblast\u00ed \u0160pan\u011blska. Vyzkou\u0161\u00edte si r\u016fzn\u00e9 typy kopc\u016f, n\u00e1dhern\u00e9 sjezdy s v\u00fdhledem na pob\u0159e\u017e\u00ed, rovinky, n\u00e1rodn\u00ed parky, p\u0159edh\u016f\u0159\u00ed Pyrenej\u00ed, Costa Bravu, st\u0159edov\u011bk\u00e9 vesni\u010dky, jezera, zelen\u00e9 kopce, n\u00e1rodn\u00ed park Garrotxa ..<\/p>\n","protected":false},"featured_media":10095,"comment_status":"open","ping_status":"closed","template":"","meta":{"_monsterinsights_skip_tracking":false,"_monsterinsights_sitenote_active":false,"_monsterinsights_sitenote_note":"","_monsterinsights_sitenote_category":0},"product-type":[107],"etheme_brands":[],"product_brand":[],"product_cat":[403,391],"product_tag":[562,587,596,598,570,582,650],"class_list":{"0":"post-10089","1":"product","2":"type-product","3":"status-publish","4":"has-post-thumbnail","6":"product-type-tour","7":"product_cat-cykloturistika-cs","8":"product_cat-silnicni-cyklistika-cs","9":"product_tag-5-dni-cs","10":"product_tag-costa-brava-cs","11":"product_tag-cykloturistika-cs","12":"product_tag-cyklozajezdy","13":"product_tag-dali-cs","14":"product_tag-silnicni-cyklistika","15":"product_tag-stredne-narocne-cs","17":"first","18":"instock","19":"shipping-taxable","20":"purchasable"},"supplier_id":null,"supplier_sku":"","barcode":null,"atum_controlled":true,"out_stock_date":null,"out_stock_threshold":null,"inheritable":false,"inbound_stock":null,"stock_on_hold":0,"sold_today":0,"sales_last_days":0,"reserved_stock":null,"customer_returns":null,"warehouse_damage":null,"lost_in_post":null,"other_logs":null,"out_stock_days":0,"lost_sales":0,"has_location":false,"update_date":"2026-04-25T00:57:42","atum_locations":[],"atum_stock_status":"instock","restock_status":false,"low_stock_amount":"","sales_update_date":"2026-04-25T00:57:42","calc_backorders":null,"yoast_head":"<!-- This site is optimized with the Yoast SEO plugin v26.6 - https:\/\/yoast.com\/wordpress\/plugins\/seo\/ -->\n<title>Girona + Costa Brava + Garrotxa 5 dny st\u0159edn\u011b n\u00e1ro\u010dn\u00e9 - Girona ProSport<\/title>\n<meta name=\"robots\" content=\"index, follow, max-snippet:-1, max-image-preview:large, max-video-preview:-1\" \/>\n<link rel=\"canonical\" href=\"https:\/\/gironaprosport.com\/cs\/produkt-cs\/girona-costa-brava-garrotxa-5-dny-stredne-narocne\/\" \/>\n<meta property=\"og:locale\" content=\"cs_CZ\" \/>\n<meta property=\"og:type\" content=\"article\" \/>\n<meta property=\"og:title\" content=\"Girona + Costa Brava + Garrotxa 5 dny st\u0159edn\u011b n\u00e1ro\u010dn\u00e9 - Girona ProSport\" \/>\n<meta property=\"og:description\" content=\"Jezd\u011bte na kole b\u011bhem 5 dn\u00ed v jedn\u00e9 z nejkr\u00e1sn\u011bj\u0161\u00edch cyklistick\u00fdch oblast\u00ed \u0160pan\u011blska. Vyzkou\u0161\u00edte si r\u016fzn\u00e9 typy kopc\u016f, n\u00e1dhern\u00e9 sjezdy s v\u00fdhledem na pob\u0159e\u017e\u00ed, rovinky, n\u00e1rodn\u00ed parky, p\u0159edh\u016f\u0159\u00ed Pyrenej\u00ed, Costa Bravu, st\u0159edov\u011bk\u00e9 vesni\u010dky, jezera, zelen\u00e9 kopce, n\u00e1rodn\u00ed park Garrotxa ..\" \/>\n<meta property=\"og:url\" content=\"https:\/\/gironaprosport.com\/cs\/produkt-cs\/girona-costa-brava-garrotxa-5-dny-stredne-narocne\/\" \/>\n<meta property=\"og:site_name\" content=\"Girona ProSport\" \/>\n<meta property=\"article:publisher\" content=\"http:\/\/fb.me\/gironaprosport\" \/>\n<meta property=\"article:modified_time\" content=\"2022-04-06T15:50:05+00:00\" \/>\n<meta property=\"og:image\" content=\"https:\/\/gironaprosport.com\/wp-content\/uploads\/Girona-Costa-Brava-Garrotxa-5-dni-stredne-narocne.jpg\" \/>\n\t<meta property=\"og:image:width\" content=\"800\" \/>\n\t<meta property=\"og:image:height\" content=\"800\" \/>\n\t<meta property=\"og:image:type\" content=\"image\/jpeg\" \/>\n<meta name=\"twitter:card\" content=\"summary_large_image\" \/>\n<meta name=\"twitter:label1\" content=\"Odhadovan\u00e1 doba \u010dten\u00ed\" \/>\n\t<meta name=\"twitter:data1\" content=\"2 minuty\" \/>\n<script type=\"application\/ld+json\" class=\"yoast-schema-graph\">{\"@context\":\"https:\/\/schema.org\",\"@graph\":[{\"@type\":\"WebPage\",\"@id\":\"https:\/\/gironaprosport.com\/cs\/produkt-cs\/girona-costa-brava-garrotxa-5-dny-stredne-narocne\/\",\"url\":\"https:\/\/gironaprosport.com\/cs\/produkt-cs\/girona-costa-brava-garrotxa-5-dny-stredne-narocne\/\",\"name\":\"Girona + Costa Brava + Garrotxa 5 dny st\u0159edn\u011b n\u00e1ro\u010dn\u00e9 - Girona ProSport\",\"isPartOf\":{\"@id\":\"https:\/\/gironaprosport.com\/cs\/#website\"},\"primaryImageOfPage\":{\"@id\":\"https:\/\/gironaprosport.com\/cs\/produkt-cs\/girona-costa-brava-garrotxa-5-dny-stredne-narocne\/#primaryimage\"},\"image\":{\"@id\":\"https:\/\/gironaprosport.com\/cs\/produkt-cs\/girona-costa-brava-garrotxa-5-dny-stredne-narocne\/#primaryimage\"},\"thumbnailUrl\":\"https:\/\/gironaprosport.com\/wp-content\/uploads\/Girona-Costa-Brava-Garrotxa-5-dni-stredne-narocne.jpg\",\"datePublished\":\"2020-02-20T10:11:44+00:00\",\"dateModified\":\"2022-04-06T15:50:05+00:00\",\"breadcrumb\":{\"@id\":\"https:\/\/gironaprosport.com\/cs\/produkt-cs\/girona-costa-brava-garrotxa-5-dny-stredne-narocne\/#breadcrumb\"},\"inLanguage\":\"cs\",\"potentialAction\":[{\"@type\":\"ReadAction\",\"target\":[\"https:\/\/gironaprosport.com\/cs\/produkt-cs\/girona-costa-brava-garrotxa-5-dny-stredne-narocne\/\"]}]},{\"@type\":\"ImageObject\",\"inLanguage\":\"cs\",\"@id\":\"https:\/\/gironaprosport.com\/cs\/produkt-cs\/girona-costa-brava-garrotxa-5-dny-stredne-narocne\/#primaryimage\",\"url\":\"https:\/\/gironaprosport.com\/wp-content\/uploads\/Girona-Costa-Brava-Garrotxa-5-dni-stredne-narocne.jpg\",\"contentUrl\":\"https:\/\/gironaprosport.com\/wp-content\/uploads\/Girona-Costa-Brava-Garrotxa-5-dni-stredne-narocne.jpg\",\"width\":800,\"height\":800},{\"@type\":\"BreadcrumbList\",\"@id\":\"https:\/\/gironaprosport.com\/cs\/produkt-cs\/girona-costa-brava-garrotxa-5-dny-stredne-narocne\/#breadcrumb\",\"itemListElement\":[{\"@type\":\"ListItem\",\"position\":1,\"name\":\"Domovsk\u00e1 str\u00e1nka\",\"item\":\"https:\/\/gironaprosport.com\/cs\/\"},{\"@type\":\"ListItem\",\"position\":2,\"name\":\"Shop\",\"item\":\"https:\/\/gironaprosport.com\/cs\/shop-cs\/\"},{\"@type\":\"ListItem\",\"position\":3,\"name\":\"Girona + Costa Brava + Garrotxa 5 dny st\u0159edn\u011b n\u00e1ro\u010dn\u00e9\"}]},{\"@type\":\"WebSite\",\"@id\":\"https:\/\/gironaprosport.com\/cs\/#website\",\"url\":\"https:\/\/gironaprosport.com\/cs\/\",\"name\":\"Girona ProSport\",\"description\":\"Cykloz\u00e1jazdy\",\"publisher\":{\"@id\":\"https:\/\/gironaprosport.com\/cs\/#organization\"},\"potentialAction\":[{\"@type\":\"SearchAction\",\"target\":{\"@type\":\"EntryPoint\",\"urlTemplate\":\"https:\/\/gironaprosport.com\/cs\/?s={search_term_string}\"},\"query-input\":{\"@type\":\"PropertyValueSpecification\",\"valueRequired\":true,\"valueName\":\"search_term_string\"}}],\"inLanguage\":\"cs\"},{\"@type\":\"Organization\",\"@id\":\"https:\/\/gironaprosport.com\/cs\/#organization\",\"name\":\"Girona PRO SPORT\",\"url\":\"https:\/\/gironaprosport.com\/cs\/\",\"logo\":{\"@type\":\"ImageObject\",\"inLanguage\":\"cs\",\"@id\":\"https:\/\/gironaprosport.com\/cs\/#\/schema\/logo\/image\/\",\"url\":\"https:\/\/gironaprosport.com\/wp-content\/uploads\/logo-gps_64.png\",\"contentUrl\":\"https:\/\/gironaprosport.com\/wp-content\/uploads\/logo-gps_64.png\",\"width\":320,\"height\":64,\"caption\":\"Girona PRO SPORT\"},\"image\":{\"@id\":\"https:\/\/gironaprosport.com\/cs\/#\/schema\/logo\/image\/\"},\"sameAs\":[\"http:\/\/fb.me\/gironaprosport\",\"http:\/\/instagram.com\/girona_prosport\/\",\"https:\/\/www.youtube.com\/channel\/UCv7gLuh2ONY6kESVj_3aSnA\"]}]}<\/script>\n<!-- \/ Yoast SEO plugin. -->","yoast_head_json":{"title":"Girona + Costa Brava + Garrotxa 5 dny st\u0159edn\u011b n\u00e1ro\u010dn\u00e9 - Girona ProSport","robots":{"index":"index","follow":"follow","max-snippet":"max-snippet:-1","max-image-preview":"max-image-preview:large","max-video-preview":"max-video-preview:-1"},"canonical":"https:\/\/gironaprosport.com\/cs\/produkt-cs\/girona-costa-brava-garrotxa-5-dny-stredne-narocne\/","og_locale":"cs_CZ","og_type":"article","og_title":"Girona + Costa Brava + Garrotxa 5 dny st\u0159edn\u011b n\u00e1ro\u010dn\u00e9 - Girona ProSport","og_description":"Jezd\u011bte na kole b\u011bhem 5 dn\u00ed v jedn\u00e9 z nejkr\u00e1sn\u011bj\u0161\u00edch cyklistick\u00fdch oblast\u00ed \u0160pan\u011blska. Vyzkou\u0161\u00edte si r\u016fzn\u00e9 typy kopc\u016f, n\u00e1dhern\u00e9 sjezdy s v\u00fdhledem na pob\u0159e\u017e\u00ed, rovinky, n\u00e1rodn\u00ed parky, p\u0159edh\u016f\u0159\u00ed Pyrenej\u00ed, Costa Bravu, st\u0159edov\u011bk\u00e9 vesni\u010dky, jezera, zelen\u00e9 kopce, n\u00e1rodn\u00ed park Garrotxa ..","og_url":"https:\/\/gironaprosport.com\/cs\/produkt-cs\/girona-costa-brava-garrotxa-5-dny-stredne-narocne\/","og_site_name":"Girona ProSport","article_publisher":"http:\/\/fb.me\/gironaprosport","article_modified_time":"2022-04-06T15:50:05+00:00","og_image":[{"width":800,"height":800,"url":"https:\/\/gironaprosport.com\/wp-content\/uploads\/Girona-Costa-Brava-Garrotxa-5-dni-stredne-narocne.jpg","type":"image\/jpeg"}],"twitter_card":"summary_large_image","twitter_misc":{"Odhadovan\u00e1 doba \u010dten\u00ed":"2 minuty"},"schema":{"@context":"https:\/\/schema.org","@graph":[{"@type":"WebPage","@id":"https:\/\/gironaprosport.com\/cs\/produkt-cs\/girona-costa-brava-garrotxa-5-dny-stredne-narocne\/","url":"https:\/\/gironaprosport.com\/cs\/produkt-cs\/girona-costa-brava-garrotxa-5-dny-stredne-narocne\/","name":"Girona + Costa Brava + Garrotxa 5 dny st\u0159edn\u011b n\u00e1ro\u010dn\u00e9 - Girona ProSport","isPartOf":{"@id":"https:\/\/gironaprosport.com\/cs\/#website"},"primaryImageOfPage":{"@id":"https:\/\/gironaprosport.com\/cs\/produkt-cs\/girona-costa-brava-garrotxa-5-dny-stredne-narocne\/#primaryimage"},"image":{"@id":"https:\/\/gironaprosport.com\/cs\/produkt-cs\/girona-costa-brava-garrotxa-5-dny-stredne-narocne\/#primaryimage"},"thumbnailUrl":"https:\/\/gironaprosport.com\/wp-content\/uploads\/Girona-Costa-Brava-Garrotxa-5-dni-stredne-narocne.jpg","datePublished":"2020-02-20T10:11:44+00:00","dateModified":"2022-04-06T15:50:05+00:00","breadcrumb":{"@id":"https:\/\/gironaprosport.com\/cs\/produkt-cs\/girona-costa-brava-garrotxa-5-dny-stredne-narocne\/#breadcrumb"},"inLanguage":"cs","potentialAction":[{"@type":"ReadAction","target":["https:\/\/gironaprosport.com\/cs\/produkt-cs\/girona-costa-brava-garrotxa-5-dny-stredne-narocne\/"]}]},{"@type":"ImageObject","inLanguage":"cs","@id":"https:\/\/gironaprosport.com\/cs\/produkt-cs\/girona-costa-brava-garrotxa-5-dny-stredne-narocne\/#primaryimage","url":"https:\/\/gironaprosport.com\/wp-content\/uploads\/Girona-Costa-Brava-Garrotxa-5-dni-stredne-narocne.jpg","contentUrl":"https:\/\/gironaprosport.com\/wp-content\/uploads\/Girona-Costa-Brava-Garrotxa-5-dni-stredne-narocne.jpg","width":800,"height":800},{"@type":"BreadcrumbList","@id":"https:\/\/gironaprosport.com\/cs\/produkt-cs\/girona-costa-brava-garrotxa-5-dny-stredne-narocne\/#breadcrumb","itemListElement":[{"@type":"ListItem","position":1,"name":"Domovsk\u00e1 str\u00e1nka","item":"https:\/\/gironaprosport.com\/cs\/"},{"@type":"ListItem","position":2,"name":"Shop","item":"https:\/\/gironaprosport.com\/cs\/shop-cs\/"},{"@type":"ListItem","position":3,"name":"Girona + Costa Brava + Garrotxa 5 dny st\u0159edn\u011b n\u00e1ro\u010dn\u00e9"}]},{"@type":"WebSite","@id":"https:\/\/gironaprosport.com\/cs\/#website","url":"https:\/\/gironaprosport.com\/cs\/","name":"Girona ProSport","description":"Cykloz\u00e1jazdy","publisher":{"@id":"https:\/\/gironaprosport.com\/cs\/#organization"},"potentialAction":[{"@type":"SearchAction","target":{"@type":"EntryPoint","urlTemplate":"https:\/\/gironaprosport.com\/cs\/?s={search_term_string}"},"query-input":{"@type":"PropertyValueSpecification","valueRequired":true,"valueName":"search_term_string"}}],"inLanguage":"cs"},{"@type":"Organization","@id":"https:\/\/gironaprosport.com\/cs\/#organization","name":"Girona PRO SPORT","url":"https:\/\/gironaprosport.com\/cs\/","logo":{"@type":"ImageObject","inLanguage":"cs","@id":"https:\/\/gironaprosport.com\/cs\/#\/schema\/logo\/image\/","url":"https:\/\/gironaprosport.com\/wp-content\/uploads\/logo-gps_64.png","contentUrl":"https:\/\/gironaprosport.com\/wp-content\/uploads\/logo-gps_64.png","width":320,"height":64,"caption":"Girona PRO SPORT"},"image":{"@id":"https:\/\/gironaprosport.com\/cs\/#\/schema\/logo\/image\/"},"sameAs":["http:\/\/fb.me\/gironaprosport","http:\/\/instagram.com\/girona_prosport\/","https:\/\/www.youtube.com\/channel\/UCv7gLuh2ONY6kESVj_3aSnA"]}]}},"meta_box":{"gps_dates_event":[],"gps_distance":"422","gps_distance_note":"","gps_camber":"4870","gps_difficulty":"medium","gps_lasted":["6"],"gps_lasted_note":"","gps_guide":"0","gps_coach":"0","gps_stages":"5","gps_bicycle_rental":"1","gps_date_from":"2020-01-01","gps_date_to":"2020-12-31","gps_map":[{"width":150,"height":150,"file":"trasa-Girona-Costa-Brava-Garrotxa-5-dni-stredne-narocne.jpg","sizes":{"woocommerce_thumbnail":{"file":"trasa-Girona-Costa-Brava-Garrotxa-5-dni-stredne-narocne-360x360.jpg","width":360,"height":360,"mime-type":"image\/jpeg","uncropped":false,"url":"https:\/\/gironaprosport.com\/wp-content\/uploads\/trasa-Girona-Costa-Brava-Garrotxa-5-dni-stredne-narocne-360x360.jpg"},"woocommerce_gallery_thumbnail":{"file":"trasa-Girona-Costa-Brava-Garrotxa-5-dni-stredne-narocne-100x100.jpg","width":100,"height":100,"mime-type":"image\/jpeg","url":"https:\/\/gironaprosport.com\/wp-content\/uploads\/trasa-Girona-Costa-Brava-Garrotxa-5-dni-stredne-narocne-100x100.jpg"},"woocommerce_single":{"file":"trasa-Girona-Costa-Brava-Garrotxa-5-dni-stredne-narocne-600x450.jpg","width":600,"height":450,"mime-type":"image\/jpeg","url":"https:\/\/gironaprosport.com\/wp-content\/uploads\/trasa-Girona-Costa-Brava-Garrotxa-5-dni-stredne-narocne-600x450.jpg"},"medium":{"file":"trasa-Girona-Costa-Brava-Garrotxa-5-dni-stredne-narocne-300x225.jpg","width":300,"height":225,"mime-type":"image\/jpeg","url":"https:\/\/gironaprosport.com\/wp-content\/uploads\/trasa-Girona-Costa-Brava-Garrotxa-5-dni-stredne-narocne-300x225.jpg"},"thumbnail":{"file":"trasa-Girona-Costa-Brava-Garrotxa-5-dni-stredne-narocne-150x150.jpg","width":150,"height":150,"mime-type":"image\/jpeg","url":"https:\/\/gironaprosport.com\/wp-content\/uploads\/trasa-Girona-Costa-Brava-Garrotxa-5-dni-stredne-narocne-150x150.jpg"},"medium_large":{"file":"trasa-Girona-Costa-Brava-Garrotxa-5-dni-stredne-narocne-768x576.jpg","width":768,"height":576,"mime-type":"image\/jpeg","url":"https:\/\/gironaprosport.com\/wp-content\/uploads\/trasa-Girona-Costa-Brava-Garrotxa-5-dni-stredne-narocne-768x576.jpg"},"etheme-woocommerce-nimi":{"file":"trasa-Girona-Costa-Brava-Garrotxa-5-dni-stredne-narocne-1x1.jpg","width":1,"height":1,"mime-type":"image\/jpeg","url":"https:\/\/gironaprosport.com\/wp-content\/uploads\/trasa-Girona-Costa-Brava-Garrotxa-5-dni-stredne-narocne-1x1.jpg"},"etheme-nimi":{"file":"trasa-Girona-Costa-Brava-Garrotxa-5-dni-stredne-narocne-10x8.jpg","width":10,"height":8,"mime-type":"image\/jpeg","url":"https:\/\/gironaprosport.com\/wp-content\/uploads\/trasa-Girona-Costa-Brava-Garrotxa-5-dni-stredne-narocne-10x8.jpg"},"shop_catalog_alt":{"file":"trasa-Girona-Costa-Brava-Garrotxa-5-dni-stredne-narocne-600x600.jpg","width":600,"height":600,"mime-type":"image\/jpeg","url":"https:\/\/gironaprosport.com\/wp-content\/uploads\/trasa-Girona-Costa-Brava-Garrotxa-5-dni-stredne-narocne-600x600.jpg"},"shop_catalog":{"file":"trasa-Girona-Costa-Brava-Garrotxa-5-dni-stredne-narocne-360x360.jpg","width":360,"height":360,"mime-type":"image\/jpeg","uncropped":false,"url":"https:\/\/gironaprosport.com\/wp-content\/uploads\/trasa-Girona-Costa-Brava-Garrotxa-5-dni-stredne-narocne-360x360.jpg"},"shop_single":{"file":"trasa-Girona-Costa-Brava-Garrotxa-5-dni-stredne-narocne-600x450.jpg","width":600,"height":450,"mime-type":"image\/jpeg","url":"https:\/\/gironaprosport.com\/wp-content\/uploads\/trasa-Girona-Costa-Brava-Garrotxa-5-dni-stredne-narocne-600x450.jpg"},"shop_thumbnail":{"file":"trasa-Girona-Costa-Brava-Garrotxa-5-dni-stredne-narocne-100x100.jpg","width":100,"height":100,"mime-type":"image\/jpeg","url":"https:\/\/gironaprosport.com\/wp-content\/uploads\/trasa-Girona-Costa-Brava-Garrotxa-5-dni-stredne-narocne-100x100.jpg"}},"image_meta":{"aperture":"0","credit":"","camera":"","caption":"","created_timestamp":"0","copyright":"","focal_length":"0","iso":"0","shutter_speed":"0","title":"","orientation":"0","keywords":[]},"ID":"5044","name":"trasa-Girona-Costa-Brava-Garrotxa-5-dni-stredne-narocne.jpg","path":"\/data\/a\/2\/a23847c4-7a58-48dc-b132-29ebe7618031\/gironaprosport.com\/web\/wp-content\/uploads\/trasa-Girona-Costa-Brava-Garrotxa-5-dni-stredne-narocne.jpg","url":"https:\/\/gironaprosport.com\/wp-content\/uploads\/trasa-Girona-Costa-Brava-Garrotxa-5-dni-stredne-narocne-150x150.jpg","full_url":"https:\/\/gironaprosport.com\/wp-content\/uploads\/trasa-Girona-Costa-Brava-Garrotxa-5-dni-stredne-narocne.jpg","title":"trasa - Girona Costa Brava Garrotxa 5 dni stredne narocne","caption":"","description":"","alt":"","srcset":"https:\/\/gironaprosport.com\/wp-content\/uploads\/trasa-Girona-Costa-Brava-Garrotxa-5-dni-stredne-narocne-150x150.jpg 150w, https:\/\/gironaprosport.com\/wp-content\/uploads\/trasa-Girona-Costa-Brava-Garrotxa-5-dni-stredne-narocne-360x360.jpg 360w, https:\/\/gironaprosport.com\/wp-content\/uploads\/trasa-Girona-Costa-Brava-Garrotxa-5-dni-stredne-narocne-100x100.jpg 100w, https:\/\/gironaprosport.com\/wp-content\/uploads\/trasa-Girona-Costa-Brava-Garrotxa-5-dni-stredne-narocne-1x1.jpg 1w, https:\/\/gironaprosport.com\/wp-content\/uploads\/trasa-Girona-Costa-Brava-Garrotxa-5-dni-stredne-narocne-600x600.jpg 600w"}]},"_links":{"self":[{"href":"https:\/\/gironaprosport.com\/cs\/wp-json\/wp\/v2\/product\/10089","targetHints":{"allow":["GET"]}}],"collection":[{"href":"https:\/\/gironaprosport.com\/cs\/wp-json\/wp\/v2\/product"}],"about":[{"href":"https:\/\/gironaprosport.com\/cs\/wp-json\/wp\/v2\/types\/product"}],"replies":[{"embeddable":true,"href":"https:\/\/gironaprosport.com\/cs\/wp-json\/wp\/v2\/comments?post=10089"}],"wp:featuredmedia":[{"embeddable":true,"href":"https:\/\/gironaprosport.com\/cs\/wp-json\/wp\/v2\/media\/10095"}],"wp:attachment":[{"href":"https:\/\/gironaprosport.com\/cs\/wp-json\/wp\/v2\/media?parent=10089"}],"wp:term":[{"taxonomy":"product-type","embeddable":true,"href":"https:\/\/gironaprosport.com\/cs\/wp-json\/wp\/v2\/product-type?post=10089"},{"taxonomy":"brand","embeddable":true,"href":"https:\/\/gironaprosport.com\/cs\/wp-json\/wp\/v2\/etheme_brands?post=10089"},{"taxonomy":"product_brand","embeddable":true,"href":"https:\/\/gironaprosport.com\/cs\/wp-json\/wp\/v2\/product_brand?post=10089"},{"taxonomy":"product_cat","embeddable":true,"href":"https:\/\/gironaprosport.com\/cs\/wp-json\/wp\/v2\/product_cat?post=10089"},{"taxonomy":"product_tag","embeddable":true,"href":"https:\/\/gironaprosport.com\/cs\/wp-json\/wp\/v2\/product_tag?post=10089"}],"curies":[{"name":"wp","href":"https:\/\/api.w.org\/{rel}","templated":true}]}}