{"id":10077,"date":"2020-02-20T11:47:13","date_gmt":"2020-02-20T10:47:13","guid":{"rendered":"https:\/\/gironaprosport.com\/produkt\/costa-brava-vinne-cesty-gravel\/"},"modified":"2020-02-20T11:47:13","modified_gmt":"2020-02-20T10:47:13","slug":"costa-brava-vinne-cesty-gravel","status":"publish","type":"product","link":"https:\/\/gironaprosport.com\/cs\/produkt-cs\/costa-brava-vinne-cesty-gravel\/","title":{"rendered":"Costa Brava vinn\u00e9 cesty GRAVEL"},"content":{"rendered":"<p>Jedn\u00e1 se o z\u00e1jezd s lehkou cyklistikou pro b\u011b\u017en\u00e9 cyklisty, polovina trasy je na tich\u00fdch vedlej\u0161\u00edch cest\u00e1ch a dal\u0161\u00ed na nezpevn\u011bn\u00fdch ter\u00e9nn\u00edch cest\u00e1ch. Denn\u011b se projde kolem 40km bez v\u011bt\u0161\u00edch stoup\u00e1n\u00ed. Tento z\u00e1jezd zahrnuje 2 n\u00e1v\u0161t\u011bvy vinn\u00fdch sklep\u016f s ochutn\u00e1vkou v\u00edna a lok\u00e1ln\u00edch specialit. Z\u00e1\u017eitek je mo\u017en\u00e9 si roz\u0161\u00ed\u0159it o 2 ve\u010de\u0159e v restaurac\u00edch s hv\u011bzdi\u010dkami Michelin.<\/p>\n<p>Jezd\u011bte na kole se p\u0159es jeden z nejkr\u00e1sn\u011bj\u0161\u00edch \u010d\u00e1st\u00ed Katal\u00e1nska &#8211; Emporda. Objevte lok\u00e1ln\u00ed produkty, nav\u0161tivte lok\u00e1ln\u00ed muzea ryb\u00e1\u0159stv\u00ed, seznamte v\u00fdrobu korku nebo produkci sardel\u00ed, star\u00fd ml\u00fdn na mouku \u010di v\u00fdrobu olivov\u00e9ho oleje. Obdivujte kraj ve kter\u00e9m tvo\u0159il g\u00e9nius surrealismu Salvador Dal\u00ed a nav\u0161tivte jeho slavn\u00e9 muzeum ve Figueres.<\/p>\n<h4>Pl\u00e1n cesty:<\/h4>\n<ul>\n<li>1.den &#8211; Girona &#8211; Sant Feliu de Guixols (45 Km \/ p\u0159ev\u00fd\u0161en\u00ed 280m +), od Girony p\u016fjdete po ter\u00e9nn\u00edm cyklostezce a\u017e ke mo\u0159i<\/li>\n<li>2. den &#8211; Sant Feliu de Guixols &#8211; Calella de Palafrugell (30 Km \/ 271m +) Cesta vede pod\u00e9l pob\u0159e\u017e\u00ed, vedle starov\u011bk\u00fdch ruin\u00e1ch y jeskyni v Playa de Castell, nav\u0161t\u00edv\u00edte perlu Costa Vep\u0159i &#8211; vesni\u010dku Calella de Palafurgell,<\/li>\n<li>3. den &#8211; Calella de Palafrugell &#8211; Torroella de Montgr\u00ed (29 Km \/ 180m +) Mo\u017enost n\u00e1v\u0161t\u011bvy muzea korku, n\u00e1v\u0161t\u011bva vinn\u00e9ho sklepa, budete proch\u00e1zet p\u0159es Pals, jednu z nejkr\u00e1sn\u011bj\u0161\u00edch zachoval\u00fdch st\u0159edov\u011bk\u00fdch vesni\u010dek d\u00e1le pokra\u010dovat p\u0159es p\u00e1smo mok\u0159ad\u016f, s r\u00fd\u017eov\u00fdmi poli a dlouh\u00fdmi p\u00edse\u010dn\u00fdmi pl\u00e1\u017eemi.<\/li>\n<li>4. den &#8211; Torroella de Montgr\u00ed &#8211; Castell\u00f3 d&#8217;Emp\u00faries (36 Km \/ 60m +) Trasa vede po pob\u0159e\u017e\u00ed vedle slavn\u00fdch \u0159\u00edmsk\u00fdch a \u0159eck\u00fdch z\u0159\u00edcenin\u00e1ch Empuries kter\u00e9 mus\u00edte ur\u010dit\u011b nav\u0161t\u00edvit. D\u00e1le budete proch\u00e1zet p\u0159es n\u00e1rodn\u00ed park Aiguamolls, den skon\u010d\u00edte ve vesni\u010dce s n\u00e1dhernou starobylou architekturou &#8211; Castell\u00f3 d&#8217;Emp\u00faries,<\/li>\n<li>5.den &#8211; okruh Castell\u00f3 d&#8217;Emp\u00faries (37 Km \/ 65m +) kole po trase s \u00fachvatn\u00fdm v\u00fdhledem na Pyreneje, mezi 100-let\u00e9 vinice, tento den zahrnuje jednu z n\u00e1v\u0161t\u011bv a ochutn\u00e1vek v\u00edna a lok\u00e1ln\u00edch produkt\u016f,<\/li>\n<li>6. den &#8211; Castell\u00f3 d&#8217;Emp\u00faries &#8211; Figueres (43 Km \/ 370m +) V Perelada nav\u0161t\u00edv\u00edte starobyl\u00e9 centrum a hrad, pokra\u010dujete trasou p\u0159es star\u00e9 vinice a\u017e doraz\u00edte do Figueres, kde m\u00e1te mo\u017enost nav\u0161t\u00edvit slavn\u00e9 muzeum Salvadora Dal\u00edho.<\/li>\n<\/ul>\n<p><strong>Cena: 760 EUR<\/strong> (850 EUR od 20. \u010dervna do 28. srpna) na osobu, min. 2 osoby<\/p>\n<p>Cena zahrnuje ubytov\u00e1n\u00ed (7 noc\u00ed), sn\u00eddan\u011b, 2 n\u00e1v\u0161t\u011bvy vinn\u00fdch sklep\u016f + ochutn\u00e1vky lok\u00e1ln\u00edch specialit, trasy ve form\u00e1tu GPX, transfer zavazadel mezi hotely, bli\u017e\u0161\u00ed info o trase<\/p>\n","protected":false},"excerpt":{"rendered":"<p>Jedn\u00e1 se o z\u00e1jezd s lehkou cyklistikou pro b\u011b\u017en\u00e9 cyklisty, polovina trasy je na tich\u00fdch vedlej\u0161\u00edch cest\u00e1ch a dal\u0161\u00ed na nezpevn\u011bn\u00fdch ter\u00e9nn\u00edch cest\u00e1ch. Denn\u011b se projde kolem 40km bez v\u011bt\u0161\u00edch stoup\u00e1n\u00ed.<\/p>\n","protected":false},"featured_media":10088,"comment_status":"open","ping_status":"closed","template":"","meta":{"_monsterinsights_skip_tracking":false,"_monsterinsights_sitenote_active":false,"_monsterinsights_sitenote_note":"","_monsterinsights_sitenote_category":0},"product-type":[107],"etheme_brands":[],"product_brand":[],"product_cat":[403,393],"product_tag":[564,587,594,596,598,570,602,604,668,650],"class_list":{"0":"post-10077","1":"product","2":"type-product","3":"status-publish","4":"has-post-thumbnail","6":"product-type-tour","7":"product_cat-cykloturistika-cs","8":"product_cat-horske-kolo-gravel-cyklokros","9":"product_tag-6-dni-cs","10":"product_tag-costa-brava-cs","11":"product_tag-cyklokros-cs","12":"product_tag-cykloturistika-cs","13":"product_tag-cyklozajezdy","14":"product_tag-dali-cs","15":"product_tag-gastronomie","16":"product_tag-gravel-cs","17":"product_tag-lehke","18":"product_tag-stredne-narocne-cs","20":"first","21":"instock","22":"shipping-taxable","23":"purchasable"},"supplier_id":null,"supplier_sku":"","barcode":null,"atum_controlled":true,"out_stock_date":null,"out_stock_threshold":null,"inheritable":false,"inbound_stock":null,"stock_on_hold":0,"sold_today":0,"sales_last_days":0,"reserved_stock":null,"customer_returns":null,"warehouse_damage":null,"lost_in_post":null,"other_logs":null,"out_stock_days":0,"lost_sales":0,"has_location":null,"update_date":"2026-04-25T00:57:40","atum_locations":[],"atum_stock_status":"instock","restock_status":false,"low_stock_amount":"","sales_update_date":"2026-04-25T00:57:40","calc_backorders":null,"yoast_head":"<!-- This site is optimized with the Yoast SEO plugin v26.6 - https:\/\/yoast.com\/wordpress\/plugins\/seo\/ -->\n<title>Costa Brava vinn\u00e9 cesty GRAVEL - Girona ProSport<\/title>\n<meta name=\"robots\" content=\"index, follow, max-snippet:-1, max-image-preview:large, max-video-preview:-1\" \/>\n<link rel=\"canonical\" href=\"https:\/\/gironaprosport.com\/cs\/produkt-cs\/costa-brava-vinne-cesty-gravel\/\" \/>\n<meta property=\"og:locale\" content=\"cs_CZ\" \/>\n<meta property=\"og:type\" content=\"article\" \/>\n<meta property=\"og:title\" content=\"Costa Brava vinn\u00e9 cesty GRAVEL - Girona ProSport\" \/>\n<meta property=\"og:description\" content=\"Jedn\u00e1 se o z\u00e1jezd s lehkou cyklistikou pro b\u011b\u017en\u00e9 cyklisty, polovina trasy je na tich\u00fdch vedlej\u0161\u00edch cest\u00e1ch a dal\u0161\u00ed na nezpevn\u011bn\u00fdch ter\u00e9nn\u00edch cest\u00e1ch. Denn\u011b se projde kolem 40km bez v\u011bt\u0161\u00edch stoup\u00e1n\u00ed.\" \/>\n<meta property=\"og:url\" content=\"https:\/\/gironaprosport.com\/cs\/produkt-cs\/costa-brava-vinne-cesty-gravel\/\" \/>\n<meta property=\"og:site_name\" content=\"Girona ProSport\" \/>\n<meta property=\"article:publisher\" content=\"http:\/\/fb.me\/gironaprosport\" \/>\n<meta property=\"og:image\" content=\"https:\/\/gironaprosport.com\/wp-content\/uploads\/77400781_798749243904010_4080601200469213184_o1.jpg\" \/>\n\t<meta property=\"og:image:width\" content=\"960\" \/>\n\t<meta property=\"og:image:height\" content=\"959\" \/>\n\t<meta property=\"og:image:type\" content=\"image\/jpeg\" \/>\n<meta name=\"twitter:card\" content=\"summary_large_image\" \/>\n<meta name=\"twitter:label1\" content=\"Odhadovan\u00e1 doba \u010dten\u00ed\" \/>\n\t<meta name=\"twitter:data1\" content=\"2 minuty\" \/>\n<script type=\"application\/ld+json\" class=\"yoast-schema-graph\">{\"@context\":\"https:\/\/schema.org\",\"@graph\":[{\"@type\":\"WebPage\",\"@id\":\"https:\/\/gironaprosport.com\/cs\/produkt-cs\/costa-brava-vinne-cesty-gravel\/\",\"url\":\"https:\/\/gironaprosport.com\/cs\/produkt-cs\/costa-brava-vinne-cesty-gravel\/\",\"name\":\"Costa Brava vinn\u00e9 cesty GRAVEL - Girona ProSport\",\"isPartOf\":{\"@id\":\"https:\/\/gironaprosport.com\/cs\/#website\"},\"primaryImageOfPage\":{\"@id\":\"https:\/\/gironaprosport.com\/cs\/produkt-cs\/costa-brava-vinne-cesty-gravel\/#primaryimage\"},\"image\":{\"@id\":\"https:\/\/gironaprosport.com\/cs\/produkt-cs\/costa-brava-vinne-cesty-gravel\/#primaryimage\"},\"thumbnailUrl\":\"https:\/\/gironaprosport.com\/wp-content\/uploads\/77400781_798749243904010_4080601200469213184_o1.jpg\",\"datePublished\":\"2020-02-20T10:47:13+00:00\",\"breadcrumb\":{\"@id\":\"https:\/\/gironaprosport.com\/cs\/produkt-cs\/costa-brava-vinne-cesty-gravel\/#breadcrumb\"},\"inLanguage\":\"cs\",\"potentialAction\":[{\"@type\":\"ReadAction\",\"target\":[\"https:\/\/gironaprosport.com\/cs\/produkt-cs\/costa-brava-vinne-cesty-gravel\/\"]}]},{\"@type\":\"ImageObject\",\"inLanguage\":\"cs\",\"@id\":\"https:\/\/gironaprosport.com\/cs\/produkt-cs\/costa-brava-vinne-cesty-gravel\/#primaryimage\",\"url\":\"https:\/\/gironaprosport.com\/wp-content\/uploads\/77400781_798749243904010_4080601200469213184_o1.jpg\",\"contentUrl\":\"https:\/\/gironaprosport.com\/wp-content\/uploads\/77400781_798749243904010_4080601200469213184_o1.jpg\",\"width\":960,\"height\":959,\"caption\":\"cyklistika girona\"},{\"@type\":\"BreadcrumbList\",\"@id\":\"https:\/\/gironaprosport.com\/cs\/produkt-cs\/costa-brava-vinne-cesty-gravel\/#breadcrumb\",\"itemListElement\":[{\"@type\":\"ListItem\",\"position\":1,\"name\":\"Domovsk\u00e1 str\u00e1nka\",\"item\":\"https:\/\/gironaprosport.com\/cs\/\"},{\"@type\":\"ListItem\",\"position\":2,\"name\":\"Shop\",\"item\":\"https:\/\/gironaprosport.com\/cs\/shop-cs\/\"},{\"@type\":\"ListItem\",\"position\":3,\"name\":\"Costa Brava vinn\u00e9 cesty GRAVEL\"}]},{\"@type\":\"WebSite\",\"@id\":\"https:\/\/gironaprosport.com\/cs\/#website\",\"url\":\"https:\/\/gironaprosport.com\/cs\/\",\"name\":\"Girona ProSport\",\"description\":\"Cykloz\u00e1jazdy\",\"publisher\":{\"@id\":\"https:\/\/gironaprosport.com\/cs\/#organization\"},\"potentialAction\":[{\"@type\":\"SearchAction\",\"target\":{\"@type\":\"EntryPoint\",\"urlTemplate\":\"https:\/\/gironaprosport.com\/cs\/?s={search_term_string}\"},\"query-input\":{\"@type\":\"PropertyValueSpecification\",\"valueRequired\":true,\"valueName\":\"search_term_string\"}}],\"inLanguage\":\"cs\"},{\"@type\":\"Organization\",\"@id\":\"https:\/\/gironaprosport.com\/cs\/#organization\",\"name\":\"Girona PRO SPORT\",\"url\":\"https:\/\/gironaprosport.com\/cs\/\",\"logo\":{\"@type\":\"ImageObject\",\"inLanguage\":\"cs\",\"@id\":\"https:\/\/gironaprosport.com\/cs\/#\/schema\/logo\/image\/\",\"url\":\"https:\/\/gironaprosport.com\/wp-content\/uploads\/logo-gps_64.png\",\"contentUrl\":\"https:\/\/gironaprosport.com\/wp-content\/uploads\/logo-gps_64.png\",\"width\":320,\"height\":64,\"caption\":\"Girona PRO SPORT\"},\"image\":{\"@id\":\"https:\/\/gironaprosport.com\/cs\/#\/schema\/logo\/image\/\"},\"sameAs\":[\"http:\/\/fb.me\/gironaprosport\",\"http:\/\/instagram.com\/girona_prosport\/\",\"https:\/\/www.youtube.com\/channel\/UCv7gLuh2ONY6kESVj_3aSnA\"]}]}<\/script>\n<!-- \/ Yoast SEO plugin. -->","yoast_head_json":{"title":"Costa Brava vinn\u00e9 cesty GRAVEL - Girona ProSport","robots":{"index":"index","follow":"follow","max-snippet":"max-snippet:-1","max-image-preview":"max-image-preview:large","max-video-preview":"max-video-preview:-1"},"canonical":"https:\/\/gironaprosport.com\/cs\/produkt-cs\/costa-brava-vinne-cesty-gravel\/","og_locale":"cs_CZ","og_type":"article","og_title":"Costa Brava vinn\u00e9 cesty GRAVEL - Girona ProSport","og_description":"Jedn\u00e1 se o z\u00e1jezd s lehkou cyklistikou pro b\u011b\u017en\u00e9 cyklisty, polovina trasy je na tich\u00fdch vedlej\u0161\u00edch cest\u00e1ch a dal\u0161\u00ed na nezpevn\u011bn\u00fdch ter\u00e9nn\u00edch cest\u00e1ch. Denn\u011b se projde kolem 40km bez v\u011bt\u0161\u00edch stoup\u00e1n\u00ed.","og_url":"https:\/\/gironaprosport.com\/cs\/produkt-cs\/costa-brava-vinne-cesty-gravel\/","og_site_name":"Girona ProSport","article_publisher":"http:\/\/fb.me\/gironaprosport","og_image":[{"width":960,"height":959,"url":"https:\/\/gironaprosport.com\/wp-content\/uploads\/77400781_798749243904010_4080601200469213184_o1.jpg","type":"image\/jpeg"}],"twitter_card":"summary_large_image","twitter_misc":{"Odhadovan\u00e1 doba \u010dten\u00ed":"2 minuty"},"schema":{"@context":"https:\/\/schema.org","@graph":[{"@type":"WebPage","@id":"https:\/\/gironaprosport.com\/cs\/produkt-cs\/costa-brava-vinne-cesty-gravel\/","url":"https:\/\/gironaprosport.com\/cs\/produkt-cs\/costa-brava-vinne-cesty-gravel\/","name":"Costa Brava vinn\u00e9 cesty GRAVEL - Girona ProSport","isPartOf":{"@id":"https:\/\/gironaprosport.com\/cs\/#website"},"primaryImageOfPage":{"@id":"https:\/\/gironaprosport.com\/cs\/produkt-cs\/costa-brava-vinne-cesty-gravel\/#primaryimage"},"image":{"@id":"https:\/\/gironaprosport.com\/cs\/produkt-cs\/costa-brava-vinne-cesty-gravel\/#primaryimage"},"thumbnailUrl":"https:\/\/gironaprosport.com\/wp-content\/uploads\/77400781_798749243904010_4080601200469213184_o1.jpg","datePublished":"2020-02-20T10:47:13+00:00","breadcrumb":{"@id":"https:\/\/gironaprosport.com\/cs\/produkt-cs\/costa-brava-vinne-cesty-gravel\/#breadcrumb"},"inLanguage":"cs","potentialAction":[{"@type":"ReadAction","target":["https:\/\/gironaprosport.com\/cs\/produkt-cs\/costa-brava-vinne-cesty-gravel\/"]}]},{"@type":"ImageObject","inLanguage":"cs","@id":"https:\/\/gironaprosport.com\/cs\/produkt-cs\/costa-brava-vinne-cesty-gravel\/#primaryimage","url":"https:\/\/gironaprosport.com\/wp-content\/uploads\/77400781_798749243904010_4080601200469213184_o1.jpg","contentUrl":"https:\/\/gironaprosport.com\/wp-content\/uploads\/77400781_798749243904010_4080601200469213184_o1.jpg","width":960,"height":959,"caption":"cyklistika girona"},{"@type":"BreadcrumbList","@id":"https:\/\/gironaprosport.com\/cs\/produkt-cs\/costa-brava-vinne-cesty-gravel\/#breadcrumb","itemListElement":[{"@type":"ListItem","position":1,"name":"Domovsk\u00e1 str\u00e1nka","item":"https:\/\/gironaprosport.com\/cs\/"},{"@type":"ListItem","position":2,"name":"Shop","item":"https:\/\/gironaprosport.com\/cs\/shop-cs\/"},{"@type":"ListItem","position":3,"name":"Costa Brava vinn\u00e9 cesty GRAVEL"}]},{"@type":"WebSite","@id":"https:\/\/gironaprosport.com\/cs\/#website","url":"https:\/\/gironaprosport.com\/cs\/","name":"Girona ProSport","description":"Cykloz\u00e1jazdy","publisher":{"@id":"https:\/\/gironaprosport.com\/cs\/#organization"},"potentialAction":[{"@type":"SearchAction","target":{"@type":"EntryPoint","urlTemplate":"https:\/\/gironaprosport.com\/cs\/?s={search_term_string}"},"query-input":{"@type":"PropertyValueSpecification","valueRequired":true,"valueName":"search_term_string"}}],"inLanguage":"cs"},{"@type":"Organization","@id":"https:\/\/gironaprosport.com\/cs\/#organization","name":"Girona PRO SPORT","url":"https:\/\/gironaprosport.com\/cs\/","logo":{"@type":"ImageObject","inLanguage":"cs","@id":"https:\/\/gironaprosport.com\/cs\/#\/schema\/logo\/image\/","url":"https:\/\/gironaprosport.com\/wp-content\/uploads\/logo-gps_64.png","contentUrl":"https:\/\/gironaprosport.com\/wp-content\/uploads\/logo-gps_64.png","width":320,"height":64,"caption":"Girona PRO SPORT"},"image":{"@id":"https:\/\/gironaprosport.com\/cs\/#\/schema\/logo\/image\/"},"sameAs":["http:\/\/fb.me\/gironaprosport","http:\/\/instagram.com\/girona_prosport\/","https:\/\/www.youtube.com\/channel\/UCv7gLuh2ONY6kESVj_3aSnA"]}]}},"meta_box":{"gps_dates_event":[],"gps_distance":"220","gps_distance_note":"","gps_camber":"1230","gps_difficulty":"easy","gps_lasted":["6"],"gps_lasted_note":"","gps_guide":"0","gps_coach":"0","gps_stages":"6","gps_bicycle_rental":"0","gps_date_from":"2020-03-01","gps_date_to":"2020-10-31","gps_map":[{"width":150,"height":150,"file":"trasa-Costa-Brava-vinne-cesty-GRAVEL-Cyklokros.jpg","sizes":{"woocommerce_thumbnail":{"file":"trasa-Costa-Brava-vinne-cesty-GRAVEL-Cyklokros-360x360.jpg","width":360,"height":360,"mime-type":"image\/jpeg","uncropped":false,"url":"https:\/\/gironaprosport.com\/wp-content\/uploads\/trasa-Costa-Brava-vinne-cesty-GRAVEL-Cyklokros-360x360.jpg"},"woocommerce_gallery_thumbnail":{"file":"trasa-Costa-Brava-vinne-cesty-GRAVEL-Cyklokros-100x100.jpg","width":100,"height":100,"mime-type":"image\/jpeg","url":"https:\/\/gironaprosport.com\/wp-content\/uploads\/trasa-Costa-Brava-vinne-cesty-GRAVEL-Cyklokros-100x100.jpg"},"woocommerce_single":{"file":"trasa-Costa-Brava-vinne-cesty-GRAVEL-Cyklokros-600x450.jpg","width":600,"height":450,"mime-type":"image\/jpeg","url":"https:\/\/gironaprosport.com\/wp-content\/uploads\/trasa-Costa-Brava-vinne-cesty-GRAVEL-Cyklokros-600x450.jpg"},"medium":{"file":"trasa-Costa-Brava-vinne-cesty-GRAVEL-Cyklokros-300x225.jpg","width":300,"height":225,"mime-type":"image\/jpeg","url":"https:\/\/gironaprosport.com\/wp-content\/uploads\/trasa-Costa-Brava-vinne-cesty-GRAVEL-Cyklokros-300x225.jpg"},"thumbnail":{"file":"trasa-Costa-Brava-vinne-cesty-GRAVEL-Cyklokros-150x150.jpg","width":150,"height":150,"mime-type":"image\/jpeg","url":"https:\/\/gironaprosport.com\/wp-content\/uploads\/trasa-Costa-Brava-vinne-cesty-GRAVEL-Cyklokros-150x150.jpg"},"medium_large":{"file":"trasa-Costa-Brava-vinne-cesty-GRAVEL-Cyklokros-768x576.jpg","width":768,"height":576,"mime-type":"image\/jpeg","url":"https:\/\/gironaprosport.com\/wp-content\/uploads\/trasa-Costa-Brava-vinne-cesty-GRAVEL-Cyklokros-768x576.jpg"},"etheme-woocommerce-nimi":{"file":"trasa-Costa-Brava-vinne-cesty-GRAVEL-Cyklokros-1x1.jpg","width":1,"height":1,"mime-type":"image\/jpeg","url":"https:\/\/gironaprosport.com\/wp-content\/uploads\/trasa-Costa-Brava-vinne-cesty-GRAVEL-Cyklokros-1x1.jpg"},"etheme-nimi":{"file":"trasa-Costa-Brava-vinne-cesty-GRAVEL-Cyklokros-10x8.jpg","width":10,"height":8,"mime-type":"image\/jpeg","url":"https:\/\/gironaprosport.com\/wp-content\/uploads\/trasa-Costa-Brava-vinne-cesty-GRAVEL-Cyklokros-10x8.jpg"},"shop_catalog_alt":{"file":"trasa-Costa-Brava-vinne-cesty-GRAVEL-Cyklokros-600x600.jpg","width":600,"height":600,"mime-type":"image\/jpeg","url":"https:\/\/gironaprosport.com\/wp-content\/uploads\/trasa-Costa-Brava-vinne-cesty-GRAVEL-Cyklokros-600x600.jpg"},"shop_catalog":{"file":"trasa-Costa-Brava-vinne-cesty-GRAVEL-Cyklokros-360x360.jpg","width":360,"height":360,"mime-type":"image\/jpeg","uncropped":false,"url":"https:\/\/gironaprosport.com\/wp-content\/uploads\/trasa-Costa-Brava-vinne-cesty-GRAVEL-Cyklokros-360x360.jpg"},"shop_single":{"file":"trasa-Costa-Brava-vinne-cesty-GRAVEL-Cyklokros-600x450.jpg","width":600,"height":450,"mime-type":"image\/jpeg","url":"https:\/\/gironaprosport.com\/wp-content\/uploads\/trasa-Costa-Brava-vinne-cesty-GRAVEL-Cyklokros-600x450.jpg"},"shop_thumbnail":{"file":"trasa-Costa-Brava-vinne-cesty-GRAVEL-Cyklokros-100x100.jpg","width":100,"height":100,"mime-type":"image\/jpeg","url":"https:\/\/gironaprosport.com\/wp-content\/uploads\/trasa-Costa-Brava-vinne-cesty-GRAVEL-Cyklokros-100x100.jpg"}},"image_meta":{"aperture":"0","credit":"","camera":"","caption":"","created_timestamp":"0","copyright":"","focal_length":"0","iso":"0","shutter_speed":"0","title":"","orientation":"0","keywords":[]},"ID":"5058","name":"trasa-Costa-Brava-vinne-cesty-GRAVEL-Cyklokros.jpg","path":"\/data\/a\/2\/a23847c4-7a58-48dc-b132-29ebe7618031\/gironaprosport.com\/web\/wp-content\/uploads\/trasa-Costa-Brava-vinne-cesty-GRAVEL-Cyklokros.jpg","url":"https:\/\/gironaprosport.com\/wp-content\/uploads\/trasa-Costa-Brava-vinne-cesty-GRAVEL-Cyklokros-150x150.jpg","full_url":"https:\/\/gironaprosport.com\/wp-content\/uploads\/trasa-Costa-Brava-vinne-cesty-GRAVEL-Cyklokros.jpg","title":"trasa - Costa Brava vinne cesty GRAVEL Cyklokros","caption":"","description":"","alt":"","srcset":"https:\/\/gironaprosport.com\/wp-content\/uploads\/trasa-Costa-Brava-vinne-cesty-GRAVEL-Cyklokros-150x150.jpg 150w, https:\/\/gironaprosport.com\/wp-content\/uploads\/trasa-Costa-Brava-vinne-cesty-GRAVEL-Cyklokros-360x360.jpg 360w, https:\/\/gironaprosport.com\/wp-content\/uploads\/trasa-Costa-Brava-vinne-cesty-GRAVEL-Cyklokros-100x100.jpg 100w, https:\/\/gironaprosport.com\/wp-content\/uploads\/trasa-Costa-Brava-vinne-cesty-GRAVEL-Cyklokros-1x1.jpg 1w, https:\/\/gironaprosport.com\/wp-content\/uploads\/trasa-Costa-Brava-vinne-cesty-GRAVEL-Cyklokros-600x600.jpg 600w"}]},"_links":{"self":[{"href":"https:\/\/gironaprosport.com\/cs\/wp-json\/wp\/v2\/product\/10077","targetHints":{"allow":["GET"]}}],"collection":[{"href":"https:\/\/gironaprosport.com\/cs\/wp-json\/wp\/v2\/product"}],"about":[{"href":"https:\/\/gironaprosport.com\/cs\/wp-json\/wp\/v2\/types\/product"}],"replies":[{"embeddable":true,"href":"https:\/\/gironaprosport.com\/cs\/wp-json\/wp\/v2\/comments?post=10077"}],"wp:featuredmedia":[{"embeddable":true,"href":"https:\/\/gironaprosport.com\/cs\/wp-json\/wp\/v2\/media\/10088"}],"wp:attachment":[{"href":"https:\/\/gironaprosport.com\/cs\/wp-json\/wp\/v2\/media?parent=10077"}],"wp:term":[{"taxonomy":"product-type","embeddable":true,"href":"https:\/\/gironaprosport.com\/cs\/wp-json\/wp\/v2\/product-type?post=10077"},{"taxonomy":"brand","embeddable":true,"href":"https:\/\/gironaprosport.com\/cs\/wp-json\/wp\/v2\/etheme_brands?post=10077"},{"taxonomy":"product_brand","embeddable":true,"href":"https:\/\/gironaprosport.com\/cs\/wp-json\/wp\/v2\/product_brand?post=10077"},{"taxonomy":"product_cat","embeddable":true,"href":"https:\/\/gironaprosport.com\/cs\/wp-json\/wp\/v2\/product_cat?post=10077"},{"taxonomy":"product_tag","embeddable":true,"href":"https:\/\/gironaprosport.com\/cs\/wp-json\/wp\/v2\/product_tag?post=10077"}],"curies":[{"name":"wp","href":"https:\/\/api.w.org\/{rel}","templated":true}]}}