{"id":10050,"date":"2020-03-13T12:00:57","date_gmt":"2020-03-13T11:00:57","guid":{"rendered":"https:\/\/gironaprosport.com\/produkt\/tura-horsky-beh-v-pyrenejach\/"},"modified":"2024-09-24T03:33:59","modified_gmt":"2024-09-24T01:33:59","slug":"tura-horsky-beh-v-pyrenejich","status":"publish","type":"product","link":"https:\/\/gironaprosport.com\/cs\/produkt-cs\/tura-horsky-beh-v-pyrenejich\/","title":{"rendered":"T\u00fara (horsk\u00fd b\u011bh) v Pyrenej\u00edch"},"content":{"rendered":"<p>Jedn\u00e1 se o st\u0159edn\u011b n\u00e1ro\u010dn\u00e9 trasy, pr\u016fm\u011brn\u011b denn\u011b projdete \/ prob\u011bhnete 15km s pr\u016fm\u011brn\u00fdm denn\u00edm p\u0159ev\u00fd\u0161en\u00edm okolo 800m. Objev\u00edte \u00fadol\u00ed \u0159ek Ter a Nuria, jedny z nejkr\u00e1sn\u011bj\u0161\u00edch m\u00edst ve v\u00fdchodn\u00edch Pyrenej\u00edch. Nav\u0161tivte kouzeln\u00e9 horsk\u00e9 vesnice, o objevte jejich st\u0159edov\u011bkou architekturu jako kl\u00e1\u0161tery a mosty, ochutnejte lok\u00e1ln\u00ed horskou gastronomii.<\/p>\n<p>Pl\u00e1n cesty:<\/p>\n<p>1. den &#8211; Camprodon &#8211; Moll\u00f3 (17 Km \/ p\u0159ev\u00fd\u0161en\u00ed 825M +) Trasa vede p\u0159es pastviny, lesy, \u00fadol\u00ed, vedle opu\u0161t\u011bn\u00fdch a reformovan\u00fdch farm\u00e1\u0159sk\u00fdch usedlostech, v Moll\u00f3 si m\u016f\u017eete prohl\u00e9dnout rom\u00e1nsk\u00fd kostel\u00edk z 12. stolet\u00ed<\/p>\n<p>2. den &#8211; Moll\u00f3 &#8211; Setcases (12 Km \/ 743m +) Trasa vede mezi dv\u011bma poho\u0159\u00edmi &#8211; Pyrenejemi po jedn\u00e9 stran\u011b a Garotxou po druh\u00e9,<\/p>\n<p>3.den &#8211; Setcases Vallter 2.000 \/ Bastiments 2.881 Z ly\u017ea\u0159sk\u00e9 stanice Vallter si m\u016f\u017eete zvolit del\u0161\u00ed trasu 15 Km 910m + \/ 1580m nebo krat\u0161\u00ed 7 Km \/ 770m, nebo si tento den m\u016f\u017eete d\u00e1t volno a nav\u0161t\u00edvit vesni\u010dku Setcases a okol\u00ed<\/p>\n<p>4. den &#8211; Setcases &#8211; Camprodon (12,5 Km \/ 430m +) Krat\u0161\u00ed ale kr\u00e1sn\u00e1 trasa, p\u0159ech\u00e1zej\u00edc\u00ed p\u0159es \u00fachvatnou vesni\u010dku La Roca, kter\u00e1 vypad\u00e1 jakoby visela na brale na kter\u00e9m je postavena,<\/p>\n<p>5.den &#8211; Camprodon &#8211; Ribes de Freser (23 Km \/ 925m +) Postupn\u00fd v\u00fdstup p\u0159es divok\u00e9 \u00fadol\u00ed a\u017e do Collado Verda Pass, odtud kles\u00e1n\u00ed zvln\u011bn\u00fdm \u00fadol\u00edm a chodn\u00edky<\/p>\n<p>6. den &#8211; Ribes de Freser \/ Puigmal 2.913m r\u00e1no vystupuje do slavil N\u00faria. Pak m\u016f\u017eete j\u00edt del\u0161\u00ed a n\u00e1ro\u010dnou trasou a vystoupit na Puigmal (2913m.n.m.), Nebo j\u00edt krat\u0161\u00ed trasou 7 Km 260m + \/ 1010m a sjet do \u00fadol\u00ed<\/p>\n<p><strong>Cena od 725 EUR<\/strong> (835 EUR high season) na osobu, min. 2 osoby<\/p>\n<p>Cena zahrnuje ubytov\u00e1n\u00ed (7 noc\u00ed), sn\u00eddan\u011b, mapy a trasy ve form\u00e1tu GPX, transfer zavazadel mezi hotely, bli\u017e\u0161\u00ed info o trase<\/p>\n","protected":false},"excerpt":{"rendered":"<p>P\u0159i tomto z\u00e1jezdu absolvujete st\u0159edn\u011b n\u00e1ro\u010dn\u00e9 trasy, pr\u016fm\u011brn\u011b denn\u011b projdete (prob\u011bhnete) 15km s pr\u016fm\u011brn\u00fdm denn\u00edm p\u0159ev\u00fd\u0161en\u00edm okolo 800m<\/p>\n","protected":false},"featured_media":10051,"comment_status":"open","ping_status":"closed","template":"","meta":{"_monsterinsights_skip_tracking":false,"_monsterinsights_sitenote_active":false,"_monsterinsights_sitenote_note":"","_monsterinsights_sitenote_category":0},"product-type":[107],"etheme_brands":[],"product_brand":[],"product_cat":[389],"product_tag":[566,580,630,574,650,657],"class_list":{"0":"post-10050","1":"product","2":"type-product","3":"status-publish","4":"has-post-thumbnail","6":"product-type-tour","7":"product_cat-beh-pesi-turistika","8":"product_tag-7-dni-cs","9":"product_tag-beh-cs","10":"product_tag-pesi-turistika","11":"product_tag-pyreneje-cs","12":"product_tag-stredne-narocne-cs","13":"product_tag-trekking-cs","15":"first","16":"instock","17":"shipping-taxable","18":"purchasable"},"supplier_id":null,"supplier_sku":"","barcode":null,"atum_controlled":true,"out_stock_date":null,"out_stock_threshold":null,"inheritable":false,"inbound_stock":null,"stock_on_hold":0,"sold_today":0,"sales_last_days":0,"reserved_stock":null,"customer_returns":null,"warehouse_damage":null,"lost_in_post":null,"other_logs":null,"out_stock_days":0,"lost_sales":0,"has_location":false,"update_date":"2026-04-25T00:57:37","atum_locations":[],"atum_stock_status":"instock","restock_status":false,"low_stock_amount":"","sales_update_date":"2026-04-25T00:57:37","calc_backorders":null,"yoast_head":"<!-- This site is optimized with the Yoast SEO plugin v26.6 - https:\/\/yoast.com\/wordpress\/plugins\/seo\/ -->\n<title>T\u00fara (horsk\u00fd b\u011bh) v Pyrenej\u00edch - Girona ProSport<\/title>\n<meta name=\"robots\" content=\"index, follow, max-snippet:-1, max-image-preview:large, max-video-preview:-1\" \/>\n<link rel=\"canonical\" href=\"https:\/\/gironaprosport.com\/cs\/produkt-cs\/tura-horsky-beh-v-pyrenejich\/\" \/>\n<meta property=\"og:locale\" content=\"cs_CZ\" \/>\n<meta property=\"og:type\" content=\"article\" \/>\n<meta property=\"og:title\" content=\"T\u00fara (horsk\u00fd b\u011bh) v Pyrenej\u00edch - Girona ProSport\" \/>\n<meta property=\"og:description\" content=\"P\u0159i tomto z\u00e1jezdu absolvujete st\u0159edn\u011b n\u00e1ro\u010dn\u00e9 trasy, pr\u016fm\u011brn\u011b denn\u011b projdete (prob\u011bhnete) 15km s pr\u016fm\u011brn\u00fdm denn\u00edm p\u0159ev\u00fd\u0161en\u00edm okolo 800m\" \/>\n<meta property=\"og:url\" content=\"https:\/\/gironaprosport.com\/cs\/produkt-cs\/tura-horsky-beh-v-pyrenejich\/\" \/>\n<meta property=\"og:site_name\" content=\"Girona ProSport\" \/>\n<meta property=\"article:publisher\" content=\"http:\/\/fb.me\/gironaprosport\" \/>\n<meta property=\"article:modified_time\" content=\"2024-09-24T01:33:59+00:00\" \/>\n<meta property=\"og:image\" content=\"https:\/\/gironaprosport.com\/wp-content\/uploads\/hlavna-11.jpg\" \/>\n\t<meta property=\"og:image:width\" content=\"709\" \/>\n\t<meta property=\"og:image:height\" content=\"709\" \/>\n\t<meta property=\"og:image:type\" content=\"image\/jpeg\" \/>\n<meta name=\"twitter:card\" content=\"summary_large_image\" \/>\n<meta name=\"twitter:label1\" content=\"Odhadovan\u00e1 doba \u010dten\u00ed\" \/>\n\t<meta name=\"twitter:data1\" content=\"2 minuty\" \/>\n<script type=\"application\/ld+json\" class=\"yoast-schema-graph\">{\"@context\":\"https:\/\/schema.org\",\"@graph\":[{\"@type\":\"WebPage\",\"@id\":\"https:\/\/gironaprosport.com\/cs\/produkt-cs\/tura-horsky-beh-v-pyrenejich\/\",\"url\":\"https:\/\/gironaprosport.com\/cs\/produkt-cs\/tura-horsky-beh-v-pyrenejich\/\",\"name\":\"T\u00fara (horsk\u00fd b\u011bh) v Pyrenej\u00edch - Girona ProSport\",\"isPartOf\":{\"@id\":\"https:\/\/gironaprosport.com\/cs\/#website\"},\"primaryImageOfPage\":{\"@id\":\"https:\/\/gironaprosport.com\/cs\/produkt-cs\/tura-horsky-beh-v-pyrenejich\/#primaryimage\"},\"image\":{\"@id\":\"https:\/\/gironaprosport.com\/cs\/produkt-cs\/tura-horsky-beh-v-pyrenejich\/#primaryimage\"},\"thumbnailUrl\":\"https:\/\/gironaprosport.com\/wp-content\/uploads\/hlavna-11.jpg\",\"datePublished\":\"2020-03-13T11:00:57+00:00\",\"dateModified\":\"2024-09-24T01:33:59+00:00\",\"breadcrumb\":{\"@id\":\"https:\/\/gironaprosport.com\/cs\/produkt-cs\/tura-horsky-beh-v-pyrenejich\/#breadcrumb\"},\"inLanguage\":\"cs\",\"potentialAction\":[{\"@type\":\"ReadAction\",\"target\":[\"https:\/\/gironaprosport.com\/cs\/produkt-cs\/tura-horsky-beh-v-pyrenejich\/\"]}]},{\"@type\":\"ImageObject\",\"inLanguage\":\"cs\",\"@id\":\"https:\/\/gironaprosport.com\/cs\/produkt-cs\/tura-horsky-beh-v-pyrenejich\/#primaryimage\",\"url\":\"https:\/\/gironaprosport.com\/wp-content\/uploads\/hlavna-11.jpg\",\"contentUrl\":\"https:\/\/gironaprosport.com\/wp-content\/uploads\/hlavna-11.jpg\",\"width\":709,\"height\":709,\"caption\":\"pyreneje\"},{\"@type\":\"BreadcrumbList\",\"@id\":\"https:\/\/gironaprosport.com\/cs\/produkt-cs\/tura-horsky-beh-v-pyrenejich\/#breadcrumb\",\"itemListElement\":[{\"@type\":\"ListItem\",\"position\":1,\"name\":\"Domovsk\u00e1 str\u00e1nka\",\"item\":\"https:\/\/gironaprosport.com\/cs\/\"},{\"@type\":\"ListItem\",\"position\":2,\"name\":\"Shop\",\"item\":\"https:\/\/gironaprosport.com\/cs\/shop-cs\/\"},{\"@type\":\"ListItem\",\"position\":3,\"name\":\"T\u00fara (horsk\u00fd b\u011bh) v Pyrenej\u00edch\"}]},{\"@type\":\"WebSite\",\"@id\":\"https:\/\/gironaprosport.com\/cs\/#website\",\"url\":\"https:\/\/gironaprosport.com\/cs\/\",\"name\":\"Girona ProSport\",\"description\":\"Cykloz\u00e1jazdy\",\"publisher\":{\"@id\":\"https:\/\/gironaprosport.com\/cs\/#organization\"},\"potentialAction\":[{\"@type\":\"SearchAction\",\"target\":{\"@type\":\"EntryPoint\",\"urlTemplate\":\"https:\/\/gironaprosport.com\/cs\/?s={search_term_string}\"},\"query-input\":{\"@type\":\"PropertyValueSpecification\",\"valueRequired\":true,\"valueName\":\"search_term_string\"}}],\"inLanguage\":\"cs\"},{\"@type\":\"Organization\",\"@id\":\"https:\/\/gironaprosport.com\/cs\/#organization\",\"name\":\"Girona PRO SPORT\",\"url\":\"https:\/\/gironaprosport.com\/cs\/\",\"logo\":{\"@type\":\"ImageObject\",\"inLanguage\":\"cs\",\"@id\":\"https:\/\/gironaprosport.com\/cs\/#\/schema\/logo\/image\/\",\"url\":\"https:\/\/gironaprosport.com\/wp-content\/uploads\/logo-gps_64.png\",\"contentUrl\":\"https:\/\/gironaprosport.com\/wp-content\/uploads\/logo-gps_64.png\",\"width\":320,\"height\":64,\"caption\":\"Girona PRO SPORT\"},\"image\":{\"@id\":\"https:\/\/gironaprosport.com\/cs\/#\/schema\/logo\/image\/\"},\"sameAs\":[\"http:\/\/fb.me\/gironaprosport\",\"http:\/\/instagram.com\/girona_prosport\/\",\"https:\/\/www.youtube.com\/channel\/UCv7gLuh2ONY6kESVj_3aSnA\"]}]}<\/script>\n<!-- \/ Yoast SEO plugin. -->","yoast_head_json":{"title":"T\u00fara (horsk\u00fd b\u011bh) v Pyrenej\u00edch - Girona ProSport","robots":{"index":"index","follow":"follow","max-snippet":"max-snippet:-1","max-image-preview":"max-image-preview:large","max-video-preview":"max-video-preview:-1"},"canonical":"https:\/\/gironaprosport.com\/cs\/produkt-cs\/tura-horsky-beh-v-pyrenejich\/","og_locale":"cs_CZ","og_type":"article","og_title":"T\u00fara (horsk\u00fd b\u011bh) v Pyrenej\u00edch - Girona ProSport","og_description":"P\u0159i tomto z\u00e1jezdu absolvujete st\u0159edn\u011b n\u00e1ro\u010dn\u00e9 trasy, pr\u016fm\u011brn\u011b denn\u011b projdete (prob\u011bhnete) 15km s pr\u016fm\u011brn\u00fdm denn\u00edm p\u0159ev\u00fd\u0161en\u00edm okolo 800m","og_url":"https:\/\/gironaprosport.com\/cs\/produkt-cs\/tura-horsky-beh-v-pyrenejich\/","og_site_name":"Girona ProSport","article_publisher":"http:\/\/fb.me\/gironaprosport","article_modified_time":"2024-09-24T01:33:59+00:00","og_image":[{"width":709,"height":709,"url":"https:\/\/gironaprosport.com\/wp-content\/uploads\/hlavna-11.jpg","type":"image\/jpeg"}],"twitter_card":"summary_large_image","twitter_misc":{"Odhadovan\u00e1 doba \u010dten\u00ed":"2 minuty"},"schema":{"@context":"https:\/\/schema.org","@graph":[{"@type":"WebPage","@id":"https:\/\/gironaprosport.com\/cs\/produkt-cs\/tura-horsky-beh-v-pyrenejich\/","url":"https:\/\/gironaprosport.com\/cs\/produkt-cs\/tura-horsky-beh-v-pyrenejich\/","name":"T\u00fara (horsk\u00fd b\u011bh) v Pyrenej\u00edch - Girona ProSport","isPartOf":{"@id":"https:\/\/gironaprosport.com\/cs\/#website"},"primaryImageOfPage":{"@id":"https:\/\/gironaprosport.com\/cs\/produkt-cs\/tura-horsky-beh-v-pyrenejich\/#primaryimage"},"image":{"@id":"https:\/\/gironaprosport.com\/cs\/produkt-cs\/tura-horsky-beh-v-pyrenejich\/#primaryimage"},"thumbnailUrl":"https:\/\/gironaprosport.com\/wp-content\/uploads\/hlavna-11.jpg","datePublished":"2020-03-13T11:00:57+00:00","dateModified":"2024-09-24T01:33:59+00:00","breadcrumb":{"@id":"https:\/\/gironaprosport.com\/cs\/produkt-cs\/tura-horsky-beh-v-pyrenejich\/#breadcrumb"},"inLanguage":"cs","potentialAction":[{"@type":"ReadAction","target":["https:\/\/gironaprosport.com\/cs\/produkt-cs\/tura-horsky-beh-v-pyrenejich\/"]}]},{"@type":"ImageObject","inLanguage":"cs","@id":"https:\/\/gironaprosport.com\/cs\/produkt-cs\/tura-horsky-beh-v-pyrenejich\/#primaryimage","url":"https:\/\/gironaprosport.com\/wp-content\/uploads\/hlavna-11.jpg","contentUrl":"https:\/\/gironaprosport.com\/wp-content\/uploads\/hlavna-11.jpg","width":709,"height":709,"caption":"pyreneje"},{"@type":"BreadcrumbList","@id":"https:\/\/gironaprosport.com\/cs\/produkt-cs\/tura-horsky-beh-v-pyrenejich\/#breadcrumb","itemListElement":[{"@type":"ListItem","position":1,"name":"Domovsk\u00e1 str\u00e1nka","item":"https:\/\/gironaprosport.com\/cs\/"},{"@type":"ListItem","position":2,"name":"Shop","item":"https:\/\/gironaprosport.com\/cs\/shop-cs\/"},{"@type":"ListItem","position":3,"name":"T\u00fara (horsk\u00fd b\u011bh) v Pyrenej\u00edch"}]},{"@type":"WebSite","@id":"https:\/\/gironaprosport.com\/cs\/#website","url":"https:\/\/gironaprosport.com\/cs\/","name":"Girona ProSport","description":"Cykloz\u00e1jazdy","publisher":{"@id":"https:\/\/gironaprosport.com\/cs\/#organization"},"potentialAction":[{"@type":"SearchAction","target":{"@type":"EntryPoint","urlTemplate":"https:\/\/gironaprosport.com\/cs\/?s={search_term_string}"},"query-input":{"@type":"PropertyValueSpecification","valueRequired":true,"valueName":"search_term_string"}}],"inLanguage":"cs"},{"@type":"Organization","@id":"https:\/\/gironaprosport.com\/cs\/#organization","name":"Girona PRO SPORT","url":"https:\/\/gironaprosport.com\/cs\/","logo":{"@type":"ImageObject","inLanguage":"cs","@id":"https:\/\/gironaprosport.com\/cs\/#\/schema\/logo\/image\/","url":"https:\/\/gironaprosport.com\/wp-content\/uploads\/logo-gps_64.png","contentUrl":"https:\/\/gironaprosport.com\/wp-content\/uploads\/logo-gps_64.png","width":320,"height":64,"caption":"Girona PRO SPORT"},"image":{"@id":"https:\/\/gironaprosport.com\/cs\/#\/schema\/logo\/image\/"},"sameAs":["http:\/\/fb.me\/gironaprosport","http:\/\/instagram.com\/girona_prosport\/","https:\/\/www.youtube.com\/channel\/UCv7gLuh2ONY6kESVj_3aSnA"]}]}},"meta_box":{"gps_dates_event":[],"gps_distance":"90","gps_distance_note":"","gps_camber":"5799","gps_difficulty":"medium","gps_lasted":["7"],"gps_lasted_note":"","gps_guide":"0","gps_coach":"0","gps_stages":"6","gps_bicycle_rental":"0","gps_date_from":"2020-03-01","gps_date_to":"2020-10-31","gps_map":[{"width":150,"height":150,"file":"mapa-2.jpg","sizes":{"woocommerce_thumbnail":{"file":"mapa-2-360x360.jpg","width":360,"height":360,"mime-type":"image\/jpeg","uncropped":false,"url":"https:\/\/gironaprosport.com\/wp-content\/uploads\/mapa-2-360x360.jpg"},"woocommerce_gallery_thumbnail":{"file":"mapa-2-100x100.jpg","width":100,"height":100,"mime-type":"image\/jpeg","url":"https:\/\/gironaprosport.com\/wp-content\/uploads\/mapa-2-100x100.jpg"},"woocommerce_single":{"file":"mapa-2-600x457.jpg","width":600,"height":457,"mime-type":"image\/jpeg","url":"https:\/\/gironaprosport.com\/wp-content\/uploads\/mapa-2-600x457.jpg"},"medium":{"file":"mapa-2-300x228.jpg","width":300,"height":228,"mime-type":"image\/jpeg","url":"https:\/\/gironaprosport.com\/wp-content\/uploads\/mapa-2-300x228.jpg"},"thumbnail":{"file":"mapa-2-150x150.jpg","width":150,"height":150,"mime-type":"image\/jpeg","url":"https:\/\/gironaprosport.com\/wp-content\/uploads\/mapa-2-150x150.jpg"},"medium_large":{"file":"mapa-2-768x585.jpg","width":768,"height":585,"mime-type":"image\/jpeg","url":"https:\/\/gironaprosport.com\/wp-content\/uploads\/mapa-2-768x585.jpg"},"etheme-woocommerce-nimi":{"file":"mapa-2-1x1.jpg","width":1,"height":1,"mime-type":"image\/jpeg","url":"https:\/\/gironaprosport.com\/wp-content\/uploads\/mapa-2-1x1.jpg"},"etheme-nimi":{"file":"mapa-2-10x8.jpg","width":10,"height":8,"mime-type":"image\/jpeg","url":"https:\/\/gironaprosport.com\/wp-content\/uploads\/mapa-2-10x8.jpg"},"shop_catalog_alt":{"file":"mapa-2-600x600.jpg","width":600,"height":600,"mime-type":"image\/jpeg","url":"https:\/\/gironaprosport.com\/wp-content\/uploads\/mapa-2-600x600.jpg"},"shop_catalog":{"file":"mapa-2-360x360.jpg","width":360,"height":360,"mime-type":"image\/jpeg","uncropped":false,"url":"https:\/\/gironaprosport.com\/wp-content\/uploads\/mapa-2-360x360.jpg"},"shop_single":{"file":"mapa-2-600x457.jpg","width":600,"height":457,"mime-type":"image\/jpeg","url":"https:\/\/gironaprosport.com\/wp-content\/uploads\/mapa-2-600x457.jpg"},"shop_thumbnail":{"file":"mapa-2-100x100.jpg","width":100,"height":100,"mime-type":"image\/jpeg","url":"https:\/\/gironaprosport.com\/wp-content\/uploads\/mapa-2-100x100.jpg"}},"image_meta":{"aperture":"0","credit":"","camera":"","caption":"","created_timestamp":"0","copyright":"","focal_length":"0","iso":"0","shutter_speed":"0","title":"","orientation":"0","keywords":[]},"ID":"5576","name":"mapa-2.jpg","path":"\/data\/a\/2\/a23847c4-7a58-48dc-b132-29ebe7618031\/gironaprosport.com\/web\/wp-content\/uploads\/mapa-2.jpg","url":"https:\/\/gironaprosport.com\/wp-content\/uploads\/mapa-2-150x150.jpg","full_url":"https:\/\/gironaprosport.com\/wp-content\/uploads\/mapa-2.jpg","title":"mapa","caption":"","description":"","alt":"","srcset":"https:\/\/gironaprosport.com\/wp-content\/uploads\/mapa-2-150x150.jpg 150w, https:\/\/gironaprosport.com\/wp-content\/uploads\/mapa-2-360x360.jpg 360w, https:\/\/gironaprosport.com\/wp-content\/uploads\/mapa-2-100x100.jpg 100w, https:\/\/gironaprosport.com\/wp-content\/uploads\/mapa-2-1x1.jpg 1w, https:\/\/gironaprosport.com\/wp-content\/uploads\/mapa-2-600x600.jpg 600w"}]},"_links":{"self":[{"href":"https:\/\/gironaprosport.com\/cs\/wp-json\/wp\/v2\/product\/10050","targetHints":{"allow":["GET"]}}],"collection":[{"href":"https:\/\/gironaprosport.com\/cs\/wp-json\/wp\/v2\/product"}],"about":[{"href":"https:\/\/gironaprosport.com\/cs\/wp-json\/wp\/v2\/types\/product"}],"replies":[{"embeddable":true,"href":"https:\/\/gironaprosport.com\/cs\/wp-json\/wp\/v2\/comments?post=10050"}],"wp:featuredmedia":[{"embeddable":true,"href":"https:\/\/gironaprosport.com\/cs\/wp-json\/wp\/v2\/media\/10051"}],"wp:attachment":[{"href":"https:\/\/gironaprosport.com\/cs\/wp-json\/wp\/v2\/media?parent=10050"}],"wp:term":[{"taxonomy":"product-type","embeddable":true,"href":"https:\/\/gironaprosport.com\/cs\/wp-json\/wp\/v2\/product-type?post=10050"},{"taxonomy":"brand","embeddable":true,"href":"https:\/\/gironaprosport.com\/cs\/wp-json\/wp\/v2\/etheme_brands?post=10050"},{"taxonomy":"product_brand","embeddable":true,"href":"https:\/\/gironaprosport.com\/cs\/wp-json\/wp\/v2\/product_brand?post=10050"},{"taxonomy":"product_cat","embeddable":true,"href":"https:\/\/gironaprosport.com\/cs\/wp-json\/wp\/v2\/product_cat?post=10050"},{"taxonomy":"product_tag","embeddable":true,"href":"https:\/\/gironaprosport.com\/cs\/wp-json\/wp\/v2\/product_tag?post=10050"}],"curies":[{"name":"wp","href":"https:\/\/api.w.org\/{rel}","templated":true}]}}