{"id":7464,"date":"2016-06-19T14:13:22","date_gmt":"2016-06-19T12:13:22","guid":{"rendered":"https:\/\/gironaprosport.com\/o-nas\/"},"modified":"2021-10-01T13:44:21","modified_gmt":"2021-10-01T11:44:21","slug":"o-nas-cs","status":"publish","type":"page","link":"https:\/\/gironaprosport.com\/cs\/o-nas-cs\/","title":{"rendered":"O n\u00e1s"},"content":{"rendered":"<div class=\"wpb-content-wrapper\"><p>[vc_row full_width=&#8220;stretch_row&#8220; et_uniqid=&#8220;et_custom_uniqid_5e5525eab3cb3&#8243; css=&#8220;.vc_custom_1582641003317{margin-top: -40px !important;margin-bottom: -8vh !important;padding-top: 9vw !important;padding-bottom: 7.5vw !important;background-image: url(https:\/\/gironaprosport.com\/wp-content\/uploads\/gps-about-bg.jpg?id=5193) !important;background-position: center !important;background-repeat: no-repeat !important;background-size: cover !important;}&#8220;][vc_column width=&#8220;1\/2&#8243;][vc_custom_heading text=&#8220;Pokud chcete v\u011bd\u011bt kdo jsme&#8220; font_container=&#8220;tag:h4|font_size:14|text_align:center|color:%231c1a19|line_height:60px&#8220; google_fonts=&#8220;font_family:Roboto%3A100%2C100italic%2C300%2C300italic%2Cregular%2Citalic%2C500%2C500italic%2C700%2C700italic%2C900%2C900italic|font_style:900%20bold%20regular%3A900%3Anormal&#8220;][vc_row_inner][vc_column_inner offset=&#8220;vc_hidden-xs&#8220;][vc_custom_heading text=&#8220;O n\u00e1s&#8220; font_container=&#8220;tag:h2|font_size:58|text_align:center|color:%231c1a19|line_height:60px&#8220; google_fonts=&#8220;font_family:Roboto%3A100%2C100italic%2C300%2C300italic%2Cregular%2Citalic%2C500%2C500italic%2C700%2C700italic%2C900%2C900italic|font_style:900%20bold%20regular%3A900%3Anormal&#8220;][\/vc_column_inner][\/vc_row_inner][vc_row_inner][vc_column_inner offset=&#8220;vc_hidden-lg vc_hidden-md vc_hidden-sm&#8220;][vc_custom_heading text=&#8220;O n\u00e1s&#8220; font_container=&#8220;tag:h2|font_size:42|text_align:center|color:%231c1a19|line_height:50px&#8220; google_fonts=&#8220;font_family:Roboto%3A100%2C100italic%2C300%2C300italic%2Cregular%2Citalic%2C500%2C500italic%2C700%2C700italic%2C900%2C900italic|font_style:900%20bold%20regular%3A900%3Anormal&#8220;][\/vc_column_inner][\/vc_row_inner][vc_column_text css=&#8220;.vc_custom_1609340842221{margin-right: 90px !important;margin-left: 90px !important;}&#8220;]<\/p>\n<p style=\"text-align: center\">P\u016fsob\u00edme a s\u00eddl\u00edme v Giron\u011b ji\u017e p\u0159es 15 let, specializujeme se na organizaci<strong> <a href=\"https:\/\/gironaprosport.com\/cs\/kategorie-produktu\/tour-cs\/aktivni-dovolena\/\" target=\"_blank\" rel=\"noopener\">pobyt\u016f aktivn\u00ed dovolen\u00e9<\/a><\/strong>, sportovn\u00ed turistiky a organizaci <a href=\"https:\/\/gironaprosport.com\/cs\/treninkove-kempy\/\"><strong>tr\u00e9ninkov\u00fdch kemp\u016f<\/strong>.<\/a> Tak\u00e9 jsme import\u00e9rem kvalitn\u00edch \u0161pan\u011blsk\u00fdch sportovn\u00edch zna\u010dek pro slovensk\u00fd a \u010desk\u00fd trh.<\/p>\n<p style=\"text-align: center\">Uplat\u0148ujeme princip <strong>udr\u017eiteln\u00e9ho turismu<\/strong>, odpov\u011bdn\u00e9ho cestov\u00e1n\u00ed, sni\u017eov\u00e1n\u00ed z\u00e1t\u011b\u017ee \u017eivotn\u00edho prost\u0159ed\u00ed, dodr\u017eov\u00e1n\u00ed m\u00edstn\u00edch kultur, a osobnostn\u00ed rozvoj. Na\u0161\u00edm c\u00edlem je <strong>skloubit pozn\u00e1v\u00e1n\u00ed nov\u00fdch m\u00edst a kultur, p\u0159\u00edrody, historie, architektury, gastronomie p\u0159es aktivn\u00ed turistiku a sport.<\/strong><\/p>\n<p style=\"text-align: center\">Nab\u00edz\u00edme z\u00e1jezdy pro skupiny, pro rodiny s d\u011btmi, dovolenou pro singles nebo teambuilding.<\/p>\n<p>[\/vc_column_text]\n        <div class=\"et-follow-buttons buttons-size-large justify-content-start follow-884\">\n\n                                    <a href=\"https:\/\/www.facebook.com\/gironaprosport\" class=\"follow-facebook\" target=\"_blank\" rel=\"nofollow\">\n                            <i class=\"et-icon et-facebook\"><\/i>\n                                                            <span class=\"screen-reader-text\">Facebook<\/span>\n                                                    <\/a>\n                                            <a href=\"https:\/\/www.instagram.com\/girona_prosport\/\" class=\"follow-instagram\" target=\"_blank\" rel=\"nofollow\">\n                            <i class=\"et-icon et-instagram\"><\/i>\n                                                            <span class=\"screen-reader-text\">Instagram<\/span>\n                                                    <\/a>\n                                            <a href=\"https:\/\/www.youtube.com\/channel\/UCv7gLuh2ONY6kESVj_3aSnA\" class=\"follow-youtube\" target=\"_blank\" rel=\"nofollow\">\n                            <i class=\"et-icon et-youtube\"><\/i>\n                                                            <span class=\"screen-reader-text\">Youtube<\/span>\n                                                    <\/a>\n                    \n        <\/div>\n\n        [\/vc_column][vc_column width=&#8220;1\/2&#8243;][\/vc_column][\/vc_row][vc_row][vc_column offset=&#8220;vc_hidden-lg vc_hidden-md&#8220;][vc_empty_space][\/vc_column][\/vc_row][vc_row equal_height=&#8220;yes&#8220; content_placement=&#8220;middle&#8220; css=&#8220;.vc_custom_1512045197254{margin-bottom: -6vh !important;}&#8220;][vc_column width=&#8220;1\/2&#8243;][vc_single_image image=&#8220;5896&#8243; img_size=&#8220;full&#8220; alignment=&#8220;center&#8220;][\/vc_column][vc_column width=&#8220;1\/2&#8243; css=&#8220;.vc_custom_1468415010667{padding-top: 30px !important;padding-right: 1vw !important;padding-bottom: 30px !important;padding-left: 1vw !important;}&#8220;][vc_custom_heading text=&#8220;Pro\u010d p\u0159ij\u00edt do Girony s n\u00e1mi?&#8220; font_container=&#8220;tag:h4|font_size:14|text_align:center|color:%231c1a19&#8243; google_fonts=&#8220;font_family:Roboto%3A100%2C100italic%2C300%2C300italic%2Cregular%2Citalic%2C500%2C500italic%2C700%2C700italic%2C900%2C900italic|font_style:900%20bold%20regular%3A900%3Anormal&#8220; css=&#8220;.vc_custom_1583164877446{margin-bottom: 10px !important;}&#8220;][vc_custom_heading text=&#8220;Zn\u00e1me Gironu&#8220; font_container=&#8220;tag:h2|font_size:36|text_align:center|color:%231c1a19|line_height:60px&#8220; google_fonts=&#8220;font_family:Roboto%3A100%2C100italic%2C300%2C300italic%2Cregular%2Citalic%2C500%2C500italic%2C700%2C700italic%2C900%2C900italic|font_style:900%20bold%20regular%3A900%3Anormal&#8220; css=&#8220;.vc_custom_1583164895122{margin-bottom: 20px !important;}&#8220;][vc_column_text el_class=&#8220;m-left-right-d90-m40&#8243;]<\/p>\n<p style=\"text-align: center\">Jsme \u010dlenem <a href=\"https:\/\/trainingcamps.costabrava.org\/en\/\"><strong>patron\u00e1tu sportovn\u00ed turistiky Costa Brava Girona<\/strong> <\/a>kterou tvo\u0159\u00ed 60 organizaci, kter\u00e9 p\u0159isp\u00edvaj\u00ed k bezchybn\u00e9mu pr\u016fb\u011bhu tr\u00e9ninkov\u00fdch kemp\u016f. Tyto organizace nab\u00edzej\u00edc\u00ed ubytov\u00e1n\u00ed a stravu adaptovanou pro sportovce, plov\u00e1rny, medic\u00ednsk\u00e9 centra, fyzioterapeuti, tren\u00e9\u0159i, logistika, posilovny, mas\u00e9\u0159i, sportovn\u00ed stadiony.<\/p>\n<p style=\"text-align: center\">Zn\u00e1me lok\u00e1ln\u00ed prost\u0159ed\u00ed, spolupracujeme s vybran\u00fdmi a ov\u011b\u0159en\u00fdmi dodavateli, vybrali jsme pro V\u00e1s nejlep\u0161\u00ed slu\u017eby v pom\u011bru cena a kvalita, <strong>u\u0161et\u0159\u00edme V\u00e1\u0161 \u010das<\/strong> p\u0159i pl\u00e1nov\u00e1n\u00ed dovolen\u00e9, jeliko\u017e v\u00edme postarat o v\u0161e od ubytov\u00e1n\u00ed, pron\u00e1jmu kol, pr\u016fvodc\u016f, tren\u00e9ry, transfer\u016f. T\u00edm, \u017ee s\u00eddl\u00edme p\u0159\u00edmo v Giron\u011b, v\u00edme osobn\u011b asistovat v p\u0159\u00edpad\u011b jak\u00e9hokoliv probl\u00e9mu kter\u00fd m\u016f\u017ee nastat b\u011bhem Va\u0161eho pobytu, mluv\u00edme i slovensky\/\u010desky a tedy odpad\u00e1 jazykov\u00e1 bari\u00e9ra.<\/p>\n<p>[\/vc_column_text][\/vc_column][\/vc_row][vc_row][vc_column offset=&#8220;vc_hidden-lg vc_hidden-md&#8220;][vc_empty_space][\/vc_column][\/vc_row][vc_row equal_height=&#8220;yes&#8220; content_placement=&#8220;middle&#8220; css=&#8220;.vc_custom_1512045187843{margin-bottom: 5vh !important;}&#8220;][vc_column width=&#8220;1\/2&#8243; css=&#8220;.vc_custom_1468415018243{padding-top: 30px !important;padding-right: 1vw !important;padding-bottom: 30px !important;padding-left: 1vw !important;}&#8220;][vc_custom_heading text=&#8220;Pro\u010d p\u0159ij\u00edt do Girony s n\u00e1mi?&#8220; font_container=&#8220;tag:h4|font_size:14|text_align:center|color:%231c1a19&#8243; google_fonts=&#8220;font_family:Roboto%3A100%2C100italic%2C300%2C300italic%2Cregular%2Citalic%2C500%2C500italic%2C700%2C700italic%2C900%2C900italic|font_style:900%20bold%20regular%3A900%3Anormal&#8220; css=&#8220;.vc_custom_1583164911699{margin-bottom: 10px !important;}&#8220;][vc_custom_heading text=&#8220;Osobn\u00ed p\u0159\u00edstup&#8220; font_container=&#8220;tag:h2|font_size:36|text_align:center|color:%231c1a19|line_height:60px&#8220; google_fonts=&#8220;font_family:Roboto%3A100%2C100italic%2C300%2C300italic%2Cregular%2Citalic%2C500%2C500italic%2C700%2C700italic%2C900%2C900italic|font_style:900%20bold%20regular%3A900%3Anormal&#8220; css=&#8220;.vc_custom_1583164929648{margin-bottom: 20px !important;}&#8220;][vc_column_text el_class=&#8220;m-left-right-d90-m40&#8243;]<\/p>\n<p style=\"text-align: center\">Nab\u00edz\u00edme \u0161irokou \u0161k\u00e1lu<a href=\"https:\/\/gironaprosport.com\/cs\/sluzby-cs\/\"><strong> slu\u017eeb<\/strong><\/a>, kvalitu, osobn\u00ed p\u0159\u00edstup, flexibilitu. S partnersk\u00fdmi dodavateli slu\u017eeb m\u00e1me dohodnut\u00e9 speci\u00e1ln\u00ed podm\u00ednky a tedy neplat\u00edte v\u00edce ne\u017e kdyby jste si cel\u00fd pobyt zorganizovali sami. Nab\u00edz\u00edme r\u016fzn\u00e9 typy z\u00e1jezd\u016f pro v\u0161echny rozpo\u010dty, od kategorie BUDGET a\u017e po DELUX, sami si vyberete co V\u00e1m nejv\u00edce vyhovuje.<\/p>\n<p>[\/vc_column_text][\/vc_column][vc_column width=&#8220;1\/2&#8243;][vc_single_image image=&#8220;5897&#8243; img_size=&#8220;full&#8220; alignment=&#8220;center&#8220;][\/vc_column][\/vc_row][vc_row full_width=&#8220;stretch_row&#8220; et_uniqid=&#8220;et_custom_uniqid_5e554c7c63643&#8243; css=&#8220;.vc_custom_1582648490094{margin-bottom: -100px !important;padding-top: 2.2vw !important;padding-bottom: 3.2vw !important;background-color: #f7f7f7 !important;}&#8220;][vc_column][vc_row_inner gap=&#8220;30&#8243;][vc_column_inner width=&#8220;1\/2&#8243;][vc_custom_heading text=&#8220;Odm\u011b\u0148ujeme v\u011brn\u00e9 z\u00e1kazn\u00edky&#8220; font_container=&#8220;tag:h2|font_size:20|text_align:center|color:%231c1a19|line_height:40px&#8220; google_fonts=&#8220;font_family:Roboto%3A100%2C100italic%2C300%2C300italic%2Cregular%2Citalic%2C500%2C500italic%2C700%2C700italic%2C900%2C900italic|font_style:900%20bold%20regular%3A900%3Anormal&#8220; css=&#8220;.vc_custom_1583164945891{margin-bottom: 10px !important;}&#8220;][vc_column_text]<\/p>\n<p style=\"text-align: center\">Odm\u011b\u0148ujeme v\u011brn\u00e9 z\u00e1kazn\u00edky, vracej\u00edc\u00ed se z\u00e1kazn\u00edci dostanou zdarma funk\u010dn\u00ed oble\u010den\u00ed zna\u010dky TACTIC a slevu na budouc\u00ed n\u00e1kupy p\u0159i doporu\u010den\u00ed na\u0161ich slu\u017eeb nov\u00fdm z\u00e1kazn\u00edk\u016fm. Jsme v\u00fdhradn\u00ed dovozce funk\u010dn\u00edho oble\u010den\u00ed <a href=\"https:\/\/www.tactic-sport.com\/en\"><strong>TACTIC<\/strong><\/a> pro \u010desk\u00fd a slovensk\u00fd trh, jeho kolekci m\u016f\u017eete zakoupit i p\u0159\u00edmo v na\u0161em <a href=\"https:\/\/gironaprosport.com\/cs\/kategorie-produktu\/produkty-cs\/\"><strong>e-shopu<\/strong><\/a>.<\/p>\n<p>[\/vc_column_text][\/vc_column_inner][vc_column_inner width=&#8220;1\/2&#8243;][vc_custom_heading text=&#8220;Podporujeme charitativn\u00ed projekty&#8220; font_container=&#8220;tag:h2|font_size:20|text_align:center|color:%231c1a19|line_height:40px&#8220; google_fonts=&#8220;font_family:Roboto%3A100%2C100italic%2C300%2C300italic%2Cregular%2Citalic%2C500%2C500italic%2C700%2C700italic%2C900%2C900italic|font_style:900%20bold%20regular%3A900%3Anormal&#8220; css=&#8220;.vc_custom_1583164962214{margin-bottom: 10px !important;}&#8220;][vc_column_text]<\/p>\n<p style=\"text-align: center\">Podporujeme charitativn\u00ed projekty zam\u011b\u0159en\u00e9 na ochranu p\u0159\u00edrody a \u017eivotn\u00edho prost\u0159ed\u00ed a na vzd\u011bl\u00e1v\u00e1n\u00ed d\u011bt\u00ed.<\/p>\n<p>[\/vc_column_text][\/vc_column_inner][\/vc_row_inner][vc_row_inner][vc_column_inner][vc_custom_heading text=&#8220;Napsali o n\u00e1s&#8220; font_container=&#8220;tag:h2|font_size:36|text_align:left|color:%23333333&#8243; google_fonts=&#8220;font_family:Roboto%3A100%2C100italic%2C300%2C300italic%2Cregular%2Citalic%2C500%2C500italic%2C700%2C700italic%2C900%2C900italic|font_style:900%20bold%20regular%3A900%3Anormal&#8220;][\/vc_column_inner][\/vc_row_inner][vc_row_inner][vc_column_inner][vc_column_text]<a href=\"https:\/\/www.cyklonews.sk\/cyklozajazdy-2021\/\" target=\"_blank\" rel=\"noopener\">https:\/\/www.cyklonews.sk\/cyklozajazdy-2021\/<\/a><\/p>\n<p><a href=\"https:\/\/www.epicroadrides.com\/cycling-blog\/easy-cycling-routes-girona\/\" target=\"_blank\" rel=\"noopener\">https:\/\/www.epicroadrides.com\/cycling-blog\/easy-cycling-routes-girona\/<\/a><\/p>\n<p><a href=\"https:\/\/www.cycling-info.sk\/9281-treningove-cyklokempy-co-vsetko-ponukaju-na-co-nezabudnut-pri-ich-organizacii\" target=\"_blank\" rel=\"noopener\">https:\/\/www.cycling-info.sk\/9281-treningove-cyklokempy-co-vsetko-ponukaju-na-co-nezabudnut-pri-ich-organizacii<\/a><\/p>\n<p><a href=\"https:\/\/www.cycling-info.sk\/9131-katalansko-cyklistom-ponuka-rozmanity-teren-navstiit-mozete-aj-kaviaren-roryho-sutherlanda\" target=\"_blank\" rel=\"noopener\">https:\/\/www.cycling-info.sk\/9131-katalansko-cyklistom-ponuka-rozmanity-teren-navstiit-mozete-aj-kaviaren-roryho-sutherlanda<\/a><\/p>\n<p><a href=\"https:\/\/www.cyclist.co.uk\/sponsored\/10074\/a-cyclist-s-guide-to-the-costa-brava\" target=\"_blank\" rel=\"noopener\">https:\/\/www.cyclist.co.uk\/sponsored\/10074\/a-cyclist-s-guide-to-the-costa-brava<\/a><\/p>\n<p>[\/vc_column_text][\/vc_column_inner][\/vc_row_inner][\/vc_column][\/vc_row]<\/p>\n<\/div>","protected":false},"excerpt":{"rendered":"<p>[vc_row full_width=&#8220;stretch_row&#8220; et_uniqid=&#8220;et_custom_uniqid_5e5525eab3cb3&#8243; css=&#8220;.vc_custom_1582641003317{margin-top: -40px !important;margin-bottom: -8vh !important;padding-top: 9vw !important;padding-bottom: 7.5vw !important;background-image: url(https:\/\/gironaprosport.com\/wp-content\/uploads\/gps-about-bg.jpg?id=5193) !important;background-position: center !important;background-repeat: no-repeat !important;background-size: cover !important;}&#8220;][vc_column width=&#8220;1\/2&#8243;][vc_custom_heading text=&#8220;Pokud chcete v\u011bd\u011bt kdo&#8230;<\/p>\n","protected":false},"author":1,"featured_media":0,"parent":0,"menu_order":60,"comment_status":"closed","ping_status":"closed","template":"","meta":{"_monsterinsights_skip_tracking":false,"_monsterinsights_sitenote_active":false,"_monsterinsights_sitenote_note":"","_monsterinsights_sitenote_category":0,"footnotes":""},"class_list":["post-7464","page","type-page","status-publish","hentry"],"yoast_head":"<!-- This site is optimized with the Yoast SEO plugin v26.6 - https:\/\/yoast.com\/wordpress\/plugins\/seo\/ -->\n<title>O n\u00e1s - Girona ProSport<\/title>\n<meta name=\"description\" content=\"Aktivn\u00ed dovolen\u00e1, sportovn\u00ed turistika, tr\u00e9ninkov\u00e9 kempy. Dovozce kvalitn\u00edch \u0161pan\u011blsk\u00fdch sportovn\u00edch zna\u010dek pro slovensk\u00fd a \u010desk\u00fd trh.\" \/>\n<meta name=\"robots\" content=\"index, follow, max-snippet:-1, max-image-preview:large, max-video-preview:-1\" \/>\n<link rel=\"canonical\" href=\"https:\/\/gironaprosport.com\/cs\/o-nas-cs\/\" \/>\n<meta property=\"og:locale\" content=\"cs_CZ\" \/>\n<meta property=\"og:type\" content=\"article\" \/>\n<meta property=\"og:title\" content=\"O n\u00e1s - Girona ProSport\" \/>\n<meta property=\"og:description\" content=\"Aktivn\u00ed dovolen\u00e1, sportovn\u00ed turistika, tr\u00e9ninkov\u00e9 kempy. Dovozce kvalitn\u00edch \u0161pan\u011blsk\u00fdch sportovn\u00edch zna\u010dek pro slovensk\u00fd a \u010desk\u00fd trh.\" \/>\n<meta property=\"og:url\" content=\"https:\/\/gironaprosport.com\/cs\/o-nas-cs\/\" \/>\n<meta property=\"og:site_name\" content=\"Girona ProSport\" \/>\n<meta property=\"article:publisher\" content=\"http:\/\/fb.me\/gironaprosport\" \/>\n<meta property=\"article:modified_time\" content=\"2021-10-01T11:44:21+00:00\" \/>\n<meta name=\"twitter:card\" content=\"summary_large_image\" \/>\n<meta name=\"twitter:label1\" content=\"Odhadovan\u00e1 doba \u010dten\u00ed\" \/>\n\t<meta name=\"twitter:data1\" content=\"2 minuty\" \/>\n<script type=\"application\/ld+json\" class=\"yoast-schema-graph\">{\"@context\":\"https:\/\/schema.org\",\"@graph\":[{\"@type\":\"WebPage\",\"@id\":\"https:\/\/gironaprosport.com\/cs\/o-nas-cs\/\",\"url\":\"https:\/\/gironaprosport.com\/cs\/o-nas-cs\/\",\"name\":\"O n\u00e1s - Girona ProSport\",\"isPartOf\":{\"@id\":\"https:\/\/gironaprosport.com\/cs\/#website\"},\"datePublished\":\"2016-06-19T12:13:22+00:00\",\"dateModified\":\"2021-10-01T11:44:21+00:00\",\"description\":\"Aktivn\u00ed dovolen\u00e1, sportovn\u00ed turistika, tr\u00e9ninkov\u00e9 kempy. Dovozce kvalitn\u00edch \u0161pan\u011blsk\u00fdch sportovn\u00edch zna\u010dek pro slovensk\u00fd a \u010desk\u00fd trh.\",\"breadcrumb\":{\"@id\":\"https:\/\/gironaprosport.com\/cs\/o-nas-cs\/#breadcrumb\"},\"inLanguage\":\"cs\",\"potentialAction\":[{\"@type\":\"ReadAction\",\"target\":[\"https:\/\/gironaprosport.com\/cs\/o-nas-cs\/\"]}]},{\"@type\":\"BreadcrumbList\",\"@id\":\"https:\/\/gironaprosport.com\/cs\/o-nas-cs\/#breadcrumb\",\"itemListElement\":[{\"@type\":\"ListItem\",\"position\":1,\"name\":\"Domovsk\u00e1 str\u00e1nka\",\"item\":\"https:\/\/gironaprosport.com\/cs\/\"},{\"@type\":\"ListItem\",\"position\":2,\"name\":\"O n\u00e1s\"}]},{\"@type\":\"WebSite\",\"@id\":\"https:\/\/gironaprosport.com\/cs\/#website\",\"url\":\"https:\/\/gironaprosport.com\/cs\/\",\"name\":\"Girona ProSport\",\"description\":\"Cykloz\u00e1jazdy\",\"publisher\":{\"@id\":\"https:\/\/gironaprosport.com\/cs\/#organization\"},\"potentialAction\":[{\"@type\":\"SearchAction\",\"target\":{\"@type\":\"EntryPoint\",\"urlTemplate\":\"https:\/\/gironaprosport.com\/cs\/?s={search_term_string}\"},\"query-input\":{\"@type\":\"PropertyValueSpecification\",\"valueRequired\":true,\"valueName\":\"search_term_string\"}}],\"inLanguage\":\"cs\"},{\"@type\":\"Organization\",\"@id\":\"https:\/\/gironaprosport.com\/cs\/#organization\",\"name\":\"Girona PRO SPORT\",\"url\":\"https:\/\/gironaprosport.com\/cs\/\",\"logo\":{\"@type\":\"ImageObject\",\"inLanguage\":\"cs\",\"@id\":\"https:\/\/gironaprosport.com\/cs\/#\/schema\/logo\/image\/\",\"url\":\"https:\/\/gironaprosport.com\/wp-content\/uploads\/logo-gps_64.png\",\"contentUrl\":\"https:\/\/gironaprosport.com\/wp-content\/uploads\/logo-gps_64.png\",\"width\":320,\"height\":64,\"caption\":\"Girona PRO SPORT\"},\"image\":{\"@id\":\"https:\/\/gironaprosport.com\/cs\/#\/schema\/logo\/image\/\"},\"sameAs\":[\"http:\/\/fb.me\/gironaprosport\",\"http:\/\/instagram.com\/girona_prosport\/\",\"https:\/\/www.youtube.com\/channel\/UCv7gLuh2ONY6kESVj_3aSnA\"]}]}<\/script>\n<!-- \/ Yoast SEO plugin. -->","yoast_head_json":{"title":"O n\u00e1s - Girona ProSport","description":"Aktivn\u00ed dovolen\u00e1, sportovn\u00ed turistika, tr\u00e9ninkov\u00e9 kempy. Dovozce kvalitn\u00edch \u0161pan\u011blsk\u00fdch sportovn\u00edch zna\u010dek pro slovensk\u00fd a \u010desk\u00fd trh.","robots":{"index":"index","follow":"follow","max-snippet":"max-snippet:-1","max-image-preview":"max-image-preview:large","max-video-preview":"max-video-preview:-1"},"canonical":"https:\/\/gironaprosport.com\/cs\/o-nas-cs\/","og_locale":"cs_CZ","og_type":"article","og_title":"O n\u00e1s - Girona ProSport","og_description":"Aktivn\u00ed dovolen\u00e1, sportovn\u00ed turistika, tr\u00e9ninkov\u00e9 kempy. Dovozce kvalitn\u00edch \u0161pan\u011blsk\u00fdch sportovn\u00edch zna\u010dek pro slovensk\u00fd a \u010desk\u00fd trh.","og_url":"https:\/\/gironaprosport.com\/cs\/o-nas-cs\/","og_site_name":"Girona ProSport","article_publisher":"http:\/\/fb.me\/gironaprosport","article_modified_time":"2021-10-01T11:44:21+00:00","twitter_card":"summary_large_image","twitter_misc":{"Odhadovan\u00e1 doba \u010dten\u00ed":"2 minuty"},"schema":{"@context":"https:\/\/schema.org","@graph":[{"@type":"WebPage","@id":"https:\/\/gironaprosport.com\/cs\/o-nas-cs\/","url":"https:\/\/gironaprosport.com\/cs\/o-nas-cs\/","name":"O n\u00e1s - Girona ProSport","isPartOf":{"@id":"https:\/\/gironaprosport.com\/cs\/#website"},"datePublished":"2016-06-19T12:13:22+00:00","dateModified":"2021-10-01T11:44:21+00:00","description":"Aktivn\u00ed dovolen\u00e1, sportovn\u00ed turistika, tr\u00e9ninkov\u00e9 kempy. Dovozce kvalitn\u00edch \u0161pan\u011blsk\u00fdch sportovn\u00edch zna\u010dek pro slovensk\u00fd a \u010desk\u00fd trh.","breadcrumb":{"@id":"https:\/\/gironaprosport.com\/cs\/o-nas-cs\/#breadcrumb"},"inLanguage":"cs","potentialAction":[{"@type":"ReadAction","target":["https:\/\/gironaprosport.com\/cs\/o-nas-cs\/"]}]},{"@type":"BreadcrumbList","@id":"https:\/\/gironaprosport.com\/cs\/o-nas-cs\/#breadcrumb","itemListElement":[{"@type":"ListItem","position":1,"name":"Domovsk\u00e1 str\u00e1nka","item":"https:\/\/gironaprosport.com\/cs\/"},{"@type":"ListItem","position":2,"name":"O n\u00e1s"}]},{"@type":"WebSite","@id":"https:\/\/gironaprosport.com\/cs\/#website","url":"https:\/\/gironaprosport.com\/cs\/","name":"Girona ProSport","description":"Cykloz\u00e1jazdy","publisher":{"@id":"https:\/\/gironaprosport.com\/cs\/#organization"},"potentialAction":[{"@type":"SearchAction","target":{"@type":"EntryPoint","urlTemplate":"https:\/\/gironaprosport.com\/cs\/?s={search_term_string}"},"query-input":{"@type":"PropertyValueSpecification","valueRequired":true,"valueName":"search_term_string"}}],"inLanguage":"cs"},{"@type":"Organization","@id":"https:\/\/gironaprosport.com\/cs\/#organization","name":"Girona PRO SPORT","url":"https:\/\/gironaprosport.com\/cs\/","logo":{"@type":"ImageObject","inLanguage":"cs","@id":"https:\/\/gironaprosport.com\/cs\/#\/schema\/logo\/image\/","url":"https:\/\/gironaprosport.com\/wp-content\/uploads\/logo-gps_64.png","contentUrl":"https:\/\/gironaprosport.com\/wp-content\/uploads\/logo-gps_64.png","width":320,"height":64,"caption":"Girona PRO SPORT"},"image":{"@id":"https:\/\/gironaprosport.com\/cs\/#\/schema\/logo\/image\/"},"sameAs":["http:\/\/fb.me\/gironaprosport","http:\/\/instagram.com\/girona_prosport\/","https:\/\/www.youtube.com\/channel\/UCv7gLuh2ONY6kESVj_3aSnA"]}]}},"meta_box":[],"_links":{"self":[{"href":"https:\/\/gironaprosport.com\/cs\/wp-json\/wp\/v2\/pages\/7464","targetHints":{"allow":["GET"]}}],"collection":[{"href":"https:\/\/gironaprosport.com\/cs\/wp-json\/wp\/v2\/pages"}],"about":[{"href":"https:\/\/gironaprosport.com\/cs\/wp-json\/wp\/v2\/types\/page"}],"author":[{"embeddable":true,"href":"https:\/\/gironaprosport.com\/cs\/wp-json\/wp\/v2\/users\/1"}],"replies":[{"embeddable":true,"href":"https:\/\/gironaprosport.com\/cs\/wp-json\/wp\/v2\/comments?post=7464"}],"version-history":[{"count":0,"href":"https:\/\/gironaprosport.com\/cs\/wp-json\/wp\/v2\/pages\/7464\/revisions"}],"wp:attachment":[{"href":"https:\/\/gironaprosport.com\/cs\/wp-json\/wp\/v2\/media?parent=7464"}],"curies":[{"name":"wp","href":"https:\/\/api.w.org\/{rel}","templated":true}]}}