{"id":7461,"date":"2016-06-22T13:09:48","date_gmt":"2016-06-22T11:09:48","guid":{"rendered":"https:\/\/gironaprosport.com\/kontakt\/"},"modified":"2021-09-23T09:29:37","modified_gmt":"2021-09-23T07:29:37","slug":"kontakt-cs","status":"publish","type":"page","link":"https:\/\/gironaprosport.com\/cs\/kontakt-cs\/","title":{"rendered":"Kontakt"},"content":{"rendered":"<div class=\"wpb-content-wrapper\"><p>[vc_row et_uniqid=&#8220;et_custom_uniqid_5e557769c0677&#8243; css=&#8220;.vc_custom_1582659438690{margin-bottom: 30px !important;}&#8220;][vc_column][vc_custom_heading text=&#8220;Pot\u0159ebujete v\u00edce informac\u00ed?&#8220; font_container=&#8220;tag:h3|font_size:14px|text_align:center|color:%23222222|line_height:30px&#8220; google_fonts=&#8220;font_family:Roboto%3A100%2C100italic%2C300%2C300italic%2Cregular%2Citalic%2C500%2C500italic%2C700%2C700italic%2C900%2C900italic|font_style:900%20bold%20regular%3A900%3Anormal&#8220;][vc_custom_heading text=&#8220;Kontaktn\u00ed informace&#8220; font_container=&#8220;tag:h4|font_size:40px|text_align:center|color:%23222222|line_height:60px&#8220; google_fonts=&#8220;font_family:Roboto%3A100%2C100italic%2C300%2C300italic%2Cregular%2Citalic%2C500%2C500italic%2C700%2C700italic%2C900%2C900italic|font_style:900%20bold%20regular%3A900%3Anormal&#8220;][vc_custom_heading text=&#8220;R\u00e1di s v\u00e1mi prokonzultujeme va\u0161e po\u017eadavky&#8220; font_container=&#8220;tag:h4|font_size:16px|text_align:center|color:%23222222|line_height:30px&#8220; google_fonts=&#8220;font_family:Roboto%3A100%2C100italic%2C300%2C300italic%2Cregular%2Citalic%2C500%2C500italic%2C700%2C700italic%2C900%2C900italic|font_style:900%20bold%20regular%3A900%3Anormal&#8220;][\/vc_column][\/vc_row][vc_row][vc_column css=&#8220;.vc_custom_1540016394221{margin-bottom: -35px !important;}&#8220;]<div id=\"map_69f1d09bd4eb9\" data-instance=\"wwp_gmaps_map_69f1d09bd4eb9\" class=\"wwp-vc-gmaps-map wpb_content_element\" style=\"height: 500px; width: 100%; \"><div class=\"map_lock\"><\/div><\/div><div id=\"wwp-gmaps-locations-map_69f1d09bd4eb9\"><\/div>[\/vc_column][\/vc_row][vc_row][vc_column width=&#8220;1\/2&#8243; css=&#8220;.vc_custom_1540016403803{margin-top: 35px !important;}&#8220;][vc_custom_heading text=&#8220;Adresa &amp; Kontakt&#8220; font_container=&#8220;tag:h2|font_size:24px|text_align:left|color:%231a1a1a|line_height:30px&#8220; use_theme_fonts=&#8220;yes&#8220;][vc_separator][vc_column_text css=&#8220;.vc_custom_1582711134160{margin-bottom: 20px !important;}&#8220;]Nab\u00edz\u00edme \u0161irokou \u0161k\u00e1lu <a href=\"https:\/\/gironaprosport.com\/cs\/sluzby-cs\/\">slu\u017eeb<\/a>, kvalitu, osobn\u00ed p\u0159\u00edstup, flexibilitu. V p\u0159\u00edpad\u011b jak\u00fdchkoliv dotaz\u016f nebo nejasnost\u00ed n\u00e1s nev\u00e1hejte kontaktovat. R\u00e1di s v\u00e1mi prokonzultujeme a najdeme pro v\u00e1s to nejvhodn\u011bj\u0161\u00ed \u0159e\u0161en\u00ed.[\/vc_column_text][vc_column_text css=&#8220;.vc_custom_1632381158758{border-top-width: 1px !important;border-bottom-width: 1px !important;padding-top: 20px !important;padding-bottom: 20px !important;border-top-color: #e9e9e9 !important;border-top-style: solid !important;border-bottom-color: #e9e9e9 !important;border-bottom-style: solid !important;}&#8220;]<\/p>\n<h4><strong>Girona PRO SPORT<\/strong><\/h4>\n<p><strong>Adresa<\/strong>: El Viver, Carrer Sant Antoni 1, 17190 \u2013 Salt (Girona), \u0160panielsko<br \/>\n<strong>GPS<\/strong>: 41.977830, 2.796501<br \/>\n<strong>Email<\/strong>: <a href=\"mailto:info@gironaprosport.com\">info@gironaprosport.com<\/a><br \/>\n<strong>Telef\u00f3n<\/strong>: <a href=\"tel:+421 950 668430\">+421 950 668430<\/a>, <a href=\"tel:+34690248632\">+34 690 24 86 32<\/a><br \/>\n<strong><a href=\"https:\/\/wa.me\/message\/EG7PUKLTRXEGG1?src=qr\" target=\"_blank\" rel=\"noopener\">WhatsApp<\/a>\u00a0:\u00a0<\/strong>+34 690 24 86 32 \u00a0<strong>Viber\u00a0<\/strong>: +34 690 24 86 32 \u00a0<a href=\"https:\/\/t.me\/gironaprosport\" target=\"_blank\" rel=\"noopener\"><strong>Telegram<\/strong><\/a>: @gironaprosport[\/vc_column_text][vc_single_image image=&#8220;10726&#8243; img_size=&#8220;medium&#8220; onclick=&#8220;custom_link&#8220; link=&#8220;https:%2F%2Fwa.me%2Fmessage%2FEG7PUKLTRXEGG1%3Fsrc%3Dqr|&#8220;][\/vc_column][vc_column width=&#8220;1\/2&#8243; css=&#8220;.vc_custom_1540016399226{margin-top: 35px !important;}&#8220;]\n<div class=\"wpcf7 no-js\" id=\"wpcf7-f5223-o1\" lang=\"sk-SK\" dir=\"ltr\" data-wpcf7-id=\"5223\">\n<div class=\"screen-reader-response\"><p role=\"status\" aria-live=\"polite\" aria-atomic=\"true\"><\/p> <ul><\/ul><\/div>\n<form action=\"\/cs\/wp-json\/wp\/v2\/pages\/7461#wpcf7-f5223-o1\" method=\"post\" class=\"wpcf7-form init\" aria-label=\"Kontaktn\u00fd formul\u00e1r\" novalidate=\"novalidate\" data-status=\"init\">\n<fieldset class=\"hidden-fields-container\"><input type=\"hidden\" name=\"_wpcf7\" value=\"5223\" \/><input type=\"hidden\" name=\"_wpcf7_version\" value=\"6.1.4\" \/><input type=\"hidden\" name=\"_wpcf7_locale\" value=\"sk_SK\" \/><input type=\"hidden\" name=\"_wpcf7_unit_tag\" value=\"wpcf7-f5223-o1\" \/><input type=\"hidden\" name=\"_wpcf7_container_post\" value=\"0\" \/><input type=\"hidden\" name=\"_wpcf7_posted_data_hash\" value=\"\" \/>\n<\/fieldset>\n<p><span class=\"wpcf7-form-control-wrap\" data-name=\"your-name\"><input size=\"40\" maxlength=\"400\" class=\"wpcf7-form-control wpcf7-text wpcf7-validates-as-required\" aria-required=\"true\" aria-invalid=\"false\" placeholder=\"Va\u0161e meno\" value=\"\" type=\"text\" name=\"your-name\" \/><\/span>\n<\/p>\n<p><span class=\"wpcf7-form-control-wrap\" data-name=\"your-email\"><input size=\"40\" maxlength=\"400\" class=\"wpcf7-form-control wpcf7-email wpcf7-validates-as-required wpcf7-text wpcf7-validates-as-email\" aria-required=\"true\" aria-invalid=\"false\" placeholder=\"V\u00e1\u0161 email\" value=\"\" type=\"email\" name=\"your-email\" \/><\/span>\n<\/p>\n<p><span class=\"wpcf7-form-control-wrap\" data-name=\"your-subject\"><input size=\"40\" maxlength=\"400\" class=\"wpcf7-form-control wpcf7-text\" aria-invalid=\"false\" placeholder=\"Predmet\" value=\"\" type=\"text\" name=\"your-subject\" \/><\/span>\n<\/p>\n<p><span class=\"wpcf7-form-control-wrap\" data-name=\"your-message\"><textarea cols=\"40\" rows=\"6\" maxlength=\"2000\" class=\"wpcf7-form-control wpcf7-textarea\" aria-invalid=\"false\" placeholder=\"Va\u0161a spr\u00e1va\" name=\"your-message\"><\/textarea><\/span>\n<\/p>\n<p><span class=\"wpcf7-form-control-wrap\" data-name=\"your-acceptance\"><span class=\"wpcf7-form-control wpcf7-acceptance\"><span class=\"wpcf7-list-item\"><label><input type=\"checkbox\" name=\"your-acceptance\" value=\"1\" aria-invalid=\"false\" \/><span class=\"wpcf7-list-item-label\">S\u00fahlas\u00edm s poskytnut\u00edm a sprac\u00favan\u00edm uveden\u00fdch osobn\u00fdch \u00fadajov pre \u00fa\u010dely marketingu a potvrdzujem, \u017ee som bol pou\u010den\u00fd o pr\u00e1vach a povinnostiach dotknutej osoby, ako aj o podmienkach sprac\u00favania osobn\u00fdch \u00fadajov pod\u013ea <a href=\"\/ochrana-osobnych-udajov\/\" target=\"_blank\">Z\u00e1sad ochrany osobn\u00fdch \u00fadajov<\/a><\/span><\/label><\/span><\/span><\/span>\n<\/p>\n<p><input class=\"wpcf7-form-control wpcf7-submit has-spinner\" type=\"submit\" value=\"Odosla\u0165 spr\u00e1vu\" \/>\n<\/p><div class=\"wpcf7-response-output\" aria-hidden=\"true\"><\/div>\n<\/form>\n<\/div>\n[\/vc_column][\/vc_row]<\/p>\n<\/div>","protected":false},"excerpt":{"rendered":"<p>[vc_row et_uniqid=&#8220;et_custom_uniqid_5e557769c0677&#8243; css=&#8220;.vc_custom_1582659438690{margin-bottom: 30px !important;}&#8220;][vc_column][vc_custom_heading text=&#8220;Pot\u0159ebujete v\u00edce informac\u00ed?&#8220; font_container=&#8220;tag:h3|font_size:14px|text_align:center|color:%23222222|line_height:30px&#8220; google_fonts=&#8220;font_family:Roboto%3A100%2C100italic%2C300%2C300italic%2Cregular%2Citalic%2C500%2C500italic%2C700%2C700italic%2C900%2C900italic|font_style:900%20bold%20regular%3A900%3Anormal&#8220;][vc_custom_heading text=&#8220;Kontaktn\u00ed informace&#8220; font_container=&#8220;tag:h4|font_size:40px|text_align:center|color:%23222222|line_height:60px&#8220; google_fonts=&#8220;font_family:Roboto%3A100%2C100italic%2C300%2C300italic%2Cregular%2Citalic%2C500%2C500italic%2C700%2C700italic%2C900%2C900italic|font_style:900%20bold%20regular%3A900%3Anormal&#8220;][vc_custom_heading text=&#8220;R\u00e1di s v\u00e1mi prokonzultujeme va\u0161e po\u017eadavky&#8220; font_container=&#8220;tag:h4|font_size:16px|text_align:center|color:%23222222|line_height:30px&#8220; google_fonts=&#8220;font_family:Roboto%3A100%2C100italic%2C300%2C300italic%2Cregular%2Citalic%2C500%2C500italic%2C700%2C700italic%2C900%2C900italic|font_style:900%20bold%20regular%3A900%3Anormal&#8220;][\/vc_column][\/vc_row][vc_row][vc_column css=&#8220;.vc_custom_1540016394221{margin-bottom: -35px !important;}&#8220;][\/vc_column][\/vc_row][vc_row][vc_column&#8230;<\/p>\n","protected":false},"author":1,"featured_media":0,"parent":0,"menu_order":50,"comment_status":"closed","ping_status":"closed","template":"","meta":{"_monsterinsights_skip_tracking":false,"_monsterinsights_sitenote_active":false,"_monsterinsights_sitenote_note":"","_monsterinsights_sitenote_category":0,"footnotes":""},"class_list":["post-7461","page","type-page","status-publish","hentry"],"yoast_head":"<!-- This site is optimized with the Yoast SEO plugin v26.6 - https:\/\/yoast.com\/wordpress\/plugins\/seo\/ -->\n<title>Kontakt - Girona ProSport<\/title>\n<meta name=\"robots\" content=\"index, follow, max-snippet:-1, max-image-preview:large, max-video-preview:-1\" \/>\n<link rel=\"canonical\" href=\"https:\/\/gironaprosport.com\/cs\/kontakt-cs\/\" \/>\n<meta property=\"og:locale\" content=\"cs_CZ\" \/>\n<meta property=\"og:type\" content=\"article\" \/>\n<meta property=\"og:title\" content=\"Kontakt - Girona ProSport\" \/>\n<meta property=\"og:description\" content=\"[vc_row et_uniqid=&#8220;et_custom_uniqid_5e557769c0677&#8243; css=&#8220;.vc_custom_1582659438690{margin-bottom: 30px !important;}&#8220;][vc_column][vc_custom_heading text=&#8220;Pot\u0159ebujete v\u00edce informac\u00ed?&#8220; font_container=&#8220;tag:h3|font_size:14px|text_align:center|color:%23222222|line_height:30px&#8220; google_fonts=&#8220;font_family:Roboto%3A100%2C100italic%2C300%2C300italic%2Cregular%2Citalic%2C500%2C500italic%2C700%2C700italic%2C900%2C900italic|font_style:900%20bold%20regular%3A900%3Anormal&#8220;][vc_custom_heading text=&#8220;Kontaktn\u00ed informace&#8220; font_container=&#8220;tag:h4|font_size:40px|text_align:center|color:%23222222|line_height:60px&#8220; google_fonts=&#8220;font_family:Roboto%3A100%2C100italic%2C300%2C300italic%2Cregular%2Citalic%2C500%2C500italic%2C700%2C700italic%2C900%2C900italic|font_style:900%20bold%20regular%3A900%3Anormal&#8220;][vc_custom_heading text=&#8220;R\u00e1di s v\u00e1mi prokonzultujeme va\u0161e po\u017eadavky&#8220; font_container=&#8220;tag:h4|font_size:16px|text_align:center|color:%23222222|line_height:30px&#8220; google_fonts=&#8220;font_family:Roboto%3A100%2C100italic%2C300%2C300italic%2Cregular%2Citalic%2C500%2C500italic%2C700%2C700italic%2C900%2C900italic|font_style:900%20bold%20regular%3A900%3Anormal&#8220;][\/vc_column][\/vc_row][vc_row][vc_column css=&#8220;.vc_custom_1540016394221{margin-bottom: -35px !important;}&#8220;][\/vc_column][\/vc_row][vc_row][vc_column...\" \/>\n<meta property=\"og:url\" content=\"https:\/\/gironaprosport.com\/cs\/kontakt-cs\/\" \/>\n<meta property=\"og:site_name\" content=\"Girona ProSport\" \/>\n<meta property=\"article:publisher\" content=\"http:\/\/fb.me\/gironaprosport\" \/>\n<meta property=\"article:modified_time\" content=\"2021-09-23T07:29:37+00:00\" \/>\n<meta name=\"twitter:card\" content=\"summary_large_image\" \/>\n<meta name=\"twitter:label1\" content=\"Odhadovan\u00e1 doba \u010dten\u00ed\" \/>\n\t<meta name=\"twitter:data1\" content=\"1 minuta\" \/>\n<script type=\"application\/ld+json\" class=\"yoast-schema-graph\">{\"@context\":\"https:\/\/schema.org\",\"@graph\":[{\"@type\":\"WebPage\",\"@id\":\"https:\/\/gironaprosport.com\/cs\/kontakt-cs\/\",\"url\":\"https:\/\/gironaprosport.com\/cs\/kontakt-cs\/\",\"name\":\"Kontakt - Girona ProSport\",\"isPartOf\":{\"@id\":\"https:\/\/gironaprosport.com\/cs\/#website\"},\"datePublished\":\"2016-06-22T11:09:48+00:00\",\"dateModified\":\"2021-09-23T07:29:37+00:00\",\"breadcrumb\":{\"@id\":\"https:\/\/gironaprosport.com\/cs\/kontakt-cs\/#breadcrumb\"},\"inLanguage\":\"cs\",\"potentialAction\":[{\"@type\":\"ReadAction\",\"target\":[\"https:\/\/gironaprosport.com\/cs\/kontakt-cs\/\"]}]},{\"@type\":\"BreadcrumbList\",\"@id\":\"https:\/\/gironaprosport.com\/cs\/kontakt-cs\/#breadcrumb\",\"itemListElement\":[{\"@type\":\"ListItem\",\"position\":1,\"name\":\"Domovsk\u00e1 str\u00e1nka\",\"item\":\"https:\/\/gironaprosport.com\/cs\/\"},{\"@type\":\"ListItem\",\"position\":2,\"name\":\"Kontakt\"}]},{\"@type\":\"WebSite\",\"@id\":\"https:\/\/gironaprosport.com\/cs\/#website\",\"url\":\"https:\/\/gironaprosport.com\/cs\/\",\"name\":\"Girona ProSport\",\"description\":\"Cykloz\u00e1jazdy\",\"publisher\":{\"@id\":\"https:\/\/gironaprosport.com\/cs\/#organization\"},\"potentialAction\":[{\"@type\":\"SearchAction\",\"target\":{\"@type\":\"EntryPoint\",\"urlTemplate\":\"https:\/\/gironaprosport.com\/cs\/?s={search_term_string}\"},\"query-input\":{\"@type\":\"PropertyValueSpecification\",\"valueRequired\":true,\"valueName\":\"search_term_string\"}}],\"inLanguage\":\"cs\"},{\"@type\":\"Organization\",\"@id\":\"https:\/\/gironaprosport.com\/cs\/#organization\",\"name\":\"Girona PRO SPORT\",\"url\":\"https:\/\/gironaprosport.com\/cs\/\",\"logo\":{\"@type\":\"ImageObject\",\"inLanguage\":\"cs\",\"@id\":\"https:\/\/gironaprosport.com\/cs\/#\/schema\/logo\/image\/\",\"url\":\"https:\/\/gironaprosport.com\/wp-content\/uploads\/logo-gps_64.png\",\"contentUrl\":\"https:\/\/gironaprosport.com\/wp-content\/uploads\/logo-gps_64.png\",\"width\":320,\"height\":64,\"caption\":\"Girona PRO SPORT\"},\"image\":{\"@id\":\"https:\/\/gironaprosport.com\/cs\/#\/schema\/logo\/image\/\"},\"sameAs\":[\"http:\/\/fb.me\/gironaprosport\",\"http:\/\/instagram.com\/girona_prosport\/\",\"https:\/\/www.youtube.com\/channel\/UCv7gLuh2ONY6kESVj_3aSnA\"]}]}<\/script>\n<!-- \/ Yoast SEO plugin. -->","yoast_head_json":{"title":"Kontakt - Girona ProSport","robots":{"index":"index","follow":"follow","max-snippet":"max-snippet:-1","max-image-preview":"max-image-preview:large","max-video-preview":"max-video-preview:-1"},"canonical":"https:\/\/gironaprosport.com\/cs\/kontakt-cs\/","og_locale":"cs_CZ","og_type":"article","og_title":"Kontakt - Girona ProSport","og_description":"[vc_row et_uniqid=&#8220;et_custom_uniqid_5e557769c0677&#8243; css=&#8220;.vc_custom_1582659438690{margin-bottom: 30px !important;}&#8220;][vc_column][vc_custom_heading text=&#8220;Pot\u0159ebujete v\u00edce informac\u00ed?&#8220; font_container=&#8220;tag:h3|font_size:14px|text_align:center|color:%23222222|line_height:30px&#8220; google_fonts=&#8220;font_family:Roboto%3A100%2C100italic%2C300%2C300italic%2Cregular%2Citalic%2C500%2C500italic%2C700%2C700italic%2C900%2C900italic|font_style:900%20bold%20regular%3A900%3Anormal&#8220;][vc_custom_heading text=&#8220;Kontaktn\u00ed informace&#8220; font_container=&#8220;tag:h4|font_size:40px|text_align:center|color:%23222222|line_height:60px&#8220; google_fonts=&#8220;font_family:Roboto%3A100%2C100italic%2C300%2C300italic%2Cregular%2Citalic%2C500%2C500italic%2C700%2C700italic%2C900%2C900italic|font_style:900%20bold%20regular%3A900%3Anormal&#8220;][vc_custom_heading text=&#8220;R\u00e1di s v\u00e1mi prokonzultujeme va\u0161e po\u017eadavky&#8220; font_container=&#8220;tag:h4|font_size:16px|text_align:center|color:%23222222|line_height:30px&#8220; google_fonts=&#8220;font_family:Roboto%3A100%2C100italic%2C300%2C300italic%2Cregular%2Citalic%2C500%2C500italic%2C700%2C700italic%2C900%2C900italic|font_style:900%20bold%20regular%3A900%3Anormal&#8220;][\/vc_column][\/vc_row][vc_row][vc_column css=&#8220;.vc_custom_1540016394221{margin-bottom: -35px !important;}&#8220;][\/vc_column][\/vc_row][vc_row][vc_column...","og_url":"https:\/\/gironaprosport.com\/cs\/kontakt-cs\/","og_site_name":"Girona ProSport","article_publisher":"http:\/\/fb.me\/gironaprosport","article_modified_time":"2021-09-23T07:29:37+00:00","twitter_card":"summary_large_image","twitter_misc":{"Odhadovan\u00e1 doba \u010dten\u00ed":"1 minuta"},"schema":{"@context":"https:\/\/schema.org","@graph":[{"@type":"WebPage","@id":"https:\/\/gironaprosport.com\/cs\/kontakt-cs\/","url":"https:\/\/gironaprosport.com\/cs\/kontakt-cs\/","name":"Kontakt - Girona ProSport","isPartOf":{"@id":"https:\/\/gironaprosport.com\/cs\/#website"},"datePublished":"2016-06-22T11:09:48+00:00","dateModified":"2021-09-23T07:29:37+00:00","breadcrumb":{"@id":"https:\/\/gironaprosport.com\/cs\/kontakt-cs\/#breadcrumb"},"inLanguage":"cs","potentialAction":[{"@type":"ReadAction","target":["https:\/\/gironaprosport.com\/cs\/kontakt-cs\/"]}]},{"@type":"BreadcrumbList","@id":"https:\/\/gironaprosport.com\/cs\/kontakt-cs\/#breadcrumb","itemListElement":[{"@type":"ListItem","position":1,"name":"Domovsk\u00e1 str\u00e1nka","item":"https:\/\/gironaprosport.com\/cs\/"},{"@type":"ListItem","position":2,"name":"Kontakt"}]},{"@type":"WebSite","@id":"https:\/\/gironaprosport.com\/cs\/#website","url":"https:\/\/gironaprosport.com\/cs\/","name":"Girona ProSport","description":"Cykloz\u00e1jazdy","publisher":{"@id":"https:\/\/gironaprosport.com\/cs\/#organization"},"potentialAction":[{"@type":"SearchAction","target":{"@type":"EntryPoint","urlTemplate":"https:\/\/gironaprosport.com\/cs\/?s={search_term_string}"},"query-input":{"@type":"PropertyValueSpecification","valueRequired":true,"valueName":"search_term_string"}}],"inLanguage":"cs"},{"@type":"Organization","@id":"https:\/\/gironaprosport.com\/cs\/#organization","name":"Girona PRO SPORT","url":"https:\/\/gironaprosport.com\/cs\/","logo":{"@type":"ImageObject","inLanguage":"cs","@id":"https:\/\/gironaprosport.com\/cs\/#\/schema\/logo\/image\/","url":"https:\/\/gironaprosport.com\/wp-content\/uploads\/logo-gps_64.png","contentUrl":"https:\/\/gironaprosport.com\/wp-content\/uploads\/logo-gps_64.png","width":320,"height":64,"caption":"Girona PRO SPORT"},"image":{"@id":"https:\/\/gironaprosport.com\/cs\/#\/schema\/logo\/image\/"},"sameAs":["http:\/\/fb.me\/gironaprosport","http:\/\/instagram.com\/girona_prosport\/","https:\/\/www.youtube.com\/channel\/UCv7gLuh2ONY6kESVj_3aSnA"]}]}},"meta_box":[],"_links":{"self":[{"href":"https:\/\/gironaprosport.com\/cs\/wp-json\/wp\/v2\/pages\/7461","targetHints":{"allow":["GET"]}}],"collection":[{"href":"https:\/\/gironaprosport.com\/cs\/wp-json\/wp\/v2\/pages"}],"about":[{"href":"https:\/\/gironaprosport.com\/cs\/wp-json\/wp\/v2\/types\/page"}],"author":[{"embeddable":true,"href":"https:\/\/gironaprosport.com\/cs\/wp-json\/wp\/v2\/users\/1"}],"replies":[{"embeddable":true,"href":"https:\/\/gironaprosport.com\/cs\/wp-json\/wp\/v2\/comments?post=7461"}],"version-history":[{"count":0,"href":"https:\/\/gironaprosport.com\/cs\/wp-json\/wp\/v2\/pages\/7461\/revisions"}],"wp:attachment":[{"href":"https:\/\/gironaprosport.com\/cs\/wp-json\/wp\/v2\/media?parent=7461"}],"curies":[{"name":"wp","href":"https:\/\/api.w.org\/{rel}","templated":true}]}}