{"id":7424,"date":"2020-02-20T15:34:31","date_gmt":"2020-02-20T14:34:31","guid":{"rendered":"https:\/\/gironaprosport.com\/preco-girona\/"},"modified":"2021-10-04T13:46:22","modified_gmt":"2021-10-04T11:46:22","slug":"proc-girona","status":"publish","type":"page","link":"https:\/\/gironaprosport.com\/cs\/proc-girona\/","title":{"rendered":"Pro\u010d Girona"},"content":{"rendered":"<div class=\"wpb-content-wrapper\"><p>[vc_row full_width=&#8220;stretch_row&#8220; et_uniqid=&#8220;et_custom_uniqid_5e5525eab3cb3&#8243; css=&#8220;.vc_custom_1582644539669{margin-top: -40px !important;margin-bottom: -8vh !important;padding-top: 6vw !important;padding-bottom: 7.5vw !important;background-image: url(https:\/\/gironaprosport.com\/wp-content\/uploads\/gps-gironat-bg.jpg?id=5198) !important;background-position: center !important;background-repeat: no-repeat !important;background-size: cover !important;}&#8220;][vc_column width=&#8220;1\/2&#8243;][vc_custom_heading text=&#8220;Jedno z nejkr\u00e1sn\u011bj\u0161\u00edch m\u011bst ve \u0160pan\u011blsku&#8220; font_container=&#8220;tag:h4|font_size:14|text_align:center|color:%231c1a19|line_height:40px&#8220; google_fonts=&#8220;font_family:Roboto%3A100%2C100italic%2C300%2C300italic%2Cregular%2Citalic%2C500%2C500italic%2C700%2C700italic%2C900%2C900italic|font_style:900%20bold%20regular%3A900%3Anormal&#8220;][vc_row_inner][vc_column_inner offset=&#8220;vc_hidden-xs&#8220;][vc_custom_heading text=&#8220;Pro\u010d Girona&#8220; font_container=&#8220;tag:h1|font_size:56|text_align:center|color:%231c1a19|line_height:60px&#8220; google_fonts=&#8220;font_family:Roboto%3A100%2C100italic%2C300%2C300italic%2Cregular%2Citalic%2C500%2C500italic%2C700%2C700italic%2C900%2C900italic|font_style:900%20bold%20regular%3A900%3Anormal&#8220;][\/vc_column_inner][\/vc_row_inner][vc_row_inner][vc_column_inner offset=&#8220;vc_hidden-lg vc_hidden-md vc_hidden-sm&#8220;][vc_custom_heading text=&#8220;Pro\u010d Girona&#8220; font_container=&#8220;tag:h2|font_size:42|text_align:center|color:%231c1a19|line_height:50px&#8220; google_fonts=&#8220;font_family:Roboto%3A100%2C100italic%2C300%2C300italic%2Cregular%2Citalic%2C500%2C500italic%2C700%2C700italic%2C900%2C900italic|font_style:900%20bold%20regular%3A900%3Anormal&#8220;][\/vc_column_inner][\/vc_row_inner][vc_column_text css=&#8220;.vc_custom_1598791135767{margin-right: 60px !important;margin-left: 60px !important;}&#8220;]<\/p>\n<p style=\"text-align: center\">Girona je jedn\u00edm z nejkr\u00e1sn\u011bj\u0161\u00edch m\u011bst ve \u0160pan\u011blsku, je to st\u0159edov\u011bk\u00e9 m\u011bste\u010dko st\u0159edn\u00ed velikosti, s n\u00e1dhernou architekturou a pam\u00e1tkami. Spojte si z\u00e1jezd do Barcelony s <strong>n\u00e1v\u0161t\u011bvou cyklistick\u00e9 Girony<\/strong>.<\/p>\n<p>[\/vc_column_text][\/vc_column][vc_column width=&#8220;1\/2&#8243;][\/vc_column][\/vc_row][vc_row][vc_column offset=&#8220;vc_hidden-lg vc_hidden-md&#8220;][vc_empty_space][\/vc_column][\/vc_row][vc_row equal_height=&#8220;yes&#8220; content_placement=&#8220;middle&#8220; et_uniqid=&#8220;et_custom_uniqid_5e553f0a498b9&#8243; css=&#8220;.vc_custom_1582645009709{margin-bottom: -1vh !important;}&#8220;][vc_column width=&#8220;1\/2&#8243;][vc_single_image image=&#8220;5201&#8243; img_size=&#8220;full&#8220; alignment=&#8220;center&#8220;][\/vc_column][vc_column width=&#8220;1\/2&#8243; et_uniqid=&#8220;et_custom_uniqid_5e5542ed96e73&#8243; css=&#8220;.vc_custom_1582646012563{padding-top: 30px !important;padding-right: 1vw !important;padding-bottom: 30px !important;padding-left: 1vw !important;}&#8220;][vc_custom_heading text=&#8220;Mekka profesion\u00e1ln\u00ed cyklistiky&#8220; font_container=&#8220;tag:h2|font_size:20|text_align:left|color:%231c1a19|line_height:40px&#8220; google_fonts=&#8220;font_family:Roboto%3A100%2C100italic%2C300%2C300italic%2Cregular%2Citalic%2C500%2C500italic%2C700%2C700italic%2C900%2C900italic|font_style:900%20bold%20regular%3A900%3Anormal&#8220; css=&#8220;.vc_custom_1583164732459{margin-bottom: 10px !important;}&#8220; el_class=&#8220;m-left-right-d90-m40&#8243;][vc_column_text el_class=&#8220;m-left-right-d90-m40&#8243;]Girona se nach\u00e1z\u00ed 100km severn\u011b od Barcelony, s Barcelonou ji spojuje rychlovlak, trajekt trv\u00e1 jen 38min.<\/p>\n<p>Girona je pova\u017eov\u00e1na <strong>za Mekku profesion\u00e1ln\u00ed cyklistiky<\/strong>. \u017dije zde <strong>kolem 300 profesion\u00e1ln\u00edch cyklist\u016f<\/strong>, triatlonist\u016f, sportovn\u00edch \u0159editel\u016f, mechanik\u016f a fyzioterapeut\u016f, s\u00eddl\u00ed zde profi t\u00fdmy: Cannondale-Garmin, dnes Education First-Drapa\u010d, Mitchelton-Scott, Israel Cycling Academy \u010di \u017eensk\u00fd UCI pro-team Massi Tactic.[\/vc_column_text][\/vc_column][\/vc_row][vc_row disable_element=&#8220;yes&#8220; et_uniqid=&#8220;et_custom_uniqid_5e5543104c08c&#8220;][vc_column offset=&#8220;vc_hidden-lg vc_hidden-md&#8220;][vc_empty_space][\/vc_column][\/vc_row][vc_row][vc_column width=&#8220;1\/6&#8243; et_uniqid=&#8220;et_custom_uniqid_5e553f7465751&#8243; css=&#8220;.vc_custom_1582645114035{padding-right: 1vw !important;padding-left: 1vw !important;}&#8220;][\/vc_column][vc_column width=&#8220;2\/3&#8243;][vc_custom_heading text=&#8220;Zn\u00e1m\u00ed cyklist\u00e9 a triatlonist\u00e9&#8220; font_container=&#8220;tag:h2|font_size:20|text_align:center|color:%231c1a19|line_height:40px&#8220; google_fonts=&#8220;font_family:Roboto%3A100%2C100italic%2C300%2C300italic%2Cregular%2Citalic%2C500%2C500italic%2C700%2C700italic%2C900%2C900italic|font_style:900%20bold%20regular%3A900%3Anormal&#8220; css=&#8220;.vc_custom_1586599509844{margin-bottom: 10px !important;}&#8220;][vc_column_text el_class=&#8220;m-left-right-d90-m40&#8243;]Jedn\u00edm z prvn\u00edch zn\u00e1m\u00fdch cyklist\u016f kte\u0159\u00ed se zde usadili byl <strong>Lance Armstrong<\/strong>, kter\u00fd v Giron\u011b b\u00fdval od roku 2001. Pot\u00e9 za\u010dali p\u0159ich\u00e1zet dal\u0161\u00ed ne\u017e <strong>Daniel Martin<\/strong> nebo <strong>David Millar<\/strong>. Mnoz\u00ed z nich zde z\u016fst\u00e1vaj\u00ed \u017e\u00edt i po skon\u010den\u00ed profesion\u00e1ln\u00ed kari\u00e9ry a zakl\u00e1daj\u00ed si zde r\u016fzn\u00e9 firmy, od sportovn\u00edch venkovsk\u00fdch vil, obchod\u016f s j\u00edzdn\u00edmi koly, poskytuj\u00ed <a href=\"https:\/\/gironaprosport.com\/cs\/sluzby-cs\/profesionalni-cyklo-pruvodci\/\" target=\"_blank\" rel=\"noopener\">pr\u016fvodcovsk\u00e9<\/a> a <a href=\"https:\/\/gironaprosport.com\/cs\/sluzby-cs\/trenerske-sluzby-cs\/\" target=\"_blank\" rel=\"noopener\">tren\u00e9rsk\u00e9 slu\u017eby<\/a>, \u010di otev\u00edraj\u00ed ve m\u011bst\u011b kav\u00e1rny a restaurace. To je i p\u0159\u00edpad <strong>Christiana Meiera<\/strong> kter\u00fd vede slavnou kav\u00e1rnu La Fabrica nebo Roryho Sutherlanda, kter\u00fd si otev\u0159el Federal Caf\u00e9. Ze zn\u00e1m\u00fdch triatlonista zde \u017eije nap\u0159\u00edklad <strong>Jan Frodeno<\/strong> nebo <strong>Ewa Komander<\/strong>.<\/p>\n<p>Pro\u010d tito sportovci za\u010dali p\u0159ich\u00e1zet do Girony? Jednak<strong> kv\u016fli klimatu<\/strong> kter\u00e1 umo\u017e\u0148uje tr\u00e9novat b\u011bhem cel\u00e9ho roku, <strong>dobr\u00fdm cest\u00e1m<\/strong> s malou provozem a vodi\u010di kte\u0159\u00ed jsou velmi ohledupln\u00ed k cyklist\u016fm, anonymit\u011b, kterou poskytuje zn\u00e1m\u00fdm cyklistou, kvalit\u011b \u017eivota, <strong>st\u0159edomo\u0159sk\u00e9 gastronomii, rozmanit\u00e9m ter\u00e9nu,<\/strong> kter\u00fd umo\u017e\u0148uje kole tak na dlouh\u00fdch rovink\u00e1ch, jako\u017e i v prudk\u00fdch stoup\u00e1n\u00edch v kopc\u00edch, v kr\u00e1sn\u00e9 scen\u00e9rii pod\u00e9l pob\u0159e\u017e\u00ed Costa Vep\u0159i nebo v bl\u00edzk\u00fdch Pyrenej\u00edch.<\/p>\n<p>Krom\u011b toho se Girona t\u011b\u0161\u00ed rostouc\u00ed oblib\u011b <strong>ter\u00e9nn\u00edch a horsk\u00fdch b\u011bh\u016f,<\/strong> p\u0159\u00edroda mezi pob\u0159e\u017e\u00edm a horami je na to jako stvo\u0159en\u00e1.<\/p>\n<p>No a samoz\u0159ejm\u011b <strong>je tu mo\u0159e<\/strong>. Jeliko\u017e se jedn\u00e1 o klidn\u00e9, tepl\u00e9 st\u0159edozemn\u00ed mo\u0159e, sportovci ho vyu\u017e\u00edvaj\u00ed tak na plav\u00e1n\u00ed, tak na <strong>kajak kter\u00fd je zde velmi obl\u00edben\u00fd<\/strong>. P\u016fj\u010dovny kajak\u016f jsou ve v\u00edce m\u011bste\u010dk\u00e1ch na pob\u0159e\u017e\u00ed.<\/p>\n<p>U\u017eito\u010dn\u00e9 info o cyklistike v Girone n\u00e1jdete aj v\u00a0<a href=\"https:\/\/www.mtbiker.sk\/clanky\/124577\/tip-na-vylet-mesto-girona-spanielsky-raj-pre-cyklistov.html\" target=\"_blank\" rel=\"noopener\">tejto report\u00e1\u017ei od MTBiker.sk<\/a>[\/vc_column_text][\/vc_column][vc_column width=&#8220;1\/6&#8243;][\/vc_column][\/vc_row][vc_row][vc_column][vc_column_text]Slovensk\u00fd cyklista <strong>Tom\u00e1\u0161 Cepka<\/strong> nav\u0161t\u00edvil cyklistickou Giro a p\u0159ipravil o tom n\u00e1sleduj\u00edc\u00ed <strong>report\u00e1\u017e<\/strong>, kde popisuje, jak\u00e1 je cyklistika v Giron\u011b, jak\u00e9 jsou jej\u00ed v\u00fdhody oproti jin\u00fdm destinac\u00edm, sd\u00edl\u00ed sv\u00e9 <strong>obl\u00edben\u00e9 trasy<\/strong>, a poskytuje <strong>praktick\u00e9 rady<\/strong> pro ka\u017ed\u00e9ho cyklistu kter\u00fd si chce zkusit cyklistiku v Giron\u011b .[\/vc_column_text][vc_video link=&#8220;https:\/\/www.youtube.com\/watch?v=lhH6DMf1LMQ&#8220; align=&#8220;center&#8220;][\/vc_column][\/vc_row]<\/p>\n<\/div>","protected":false},"excerpt":{"rendered":"<p>[vc_row full_width=&#8220;stretch_row&#8220; et_uniqid=&#8220;et_custom_uniqid_5e5525eab3cb3&#8243; css=&#8220;.vc_custom_1582644539669{margin-top: -40px !important;margin-bottom: -8vh !important;padding-top: 6vw !important;padding-bottom: 7.5vw !important;background-image: url(https:\/\/gironaprosport.com\/wp-content\/uploads\/gps-gironat-bg.jpg?id=5198) !important;background-position: center !important;background-repeat: no-repeat !important;background-size: cover !important;}&#8220;][vc_column width=&#8220;1\/2&#8243;][vc_custom_heading text=&#8220;Jedno z nejkr\u00e1sn\u011bj\u0161\u00edch m\u011bst&#8230;<\/p>\n","protected":false},"author":1,"featured_media":0,"parent":0,"menu_order":74,"comment_status":"closed","ping_status":"closed","template":"","meta":{"_monsterinsights_skip_tracking":false,"_monsterinsights_sitenote_active":false,"_monsterinsights_sitenote_note":"","_monsterinsights_sitenote_category":0,"footnotes":""},"class_list":["post-7424","page","type-page","status-publish","hentry"],"yoast_head":"<!-- This site is optimized with the Yoast SEO plugin v26.6 - https:\/\/yoast.com\/wordpress\/plugins\/seo\/ -->\n<title>Pro\u010d Girona - mekka profesion\u00e1ln\u00ed cyklistiky - Girona ProSport<\/title>\n<meta name=\"robots\" content=\"index, follow, max-snippet:-1, max-image-preview:large, max-video-preview:-1\" \/>\n<link rel=\"canonical\" href=\"https:\/\/gironaprosport.com\/cs\/proc-girona\/\" \/>\n<meta property=\"og:locale\" content=\"cs_CZ\" \/>\n<meta property=\"og:type\" content=\"article\" \/>\n<meta property=\"og:title\" content=\"Pro\u010d Girona - mekka profesion\u00e1ln\u00ed cyklistiky - Girona ProSport\" \/>\n<meta property=\"og:description\" content=\"[vc_row full_width=&#8220;stretch_row&#8220; et_uniqid=&#8220;et_custom_uniqid_5e5525eab3cb3&#8243; css=&#8220;.vc_custom_1582644539669{margin-top: -40px !important;margin-bottom: -8vh !important;padding-top: 6vw !important;padding-bottom: 7.5vw !important;background-image: url(https:\/\/gironaprosport.com\/wp-content\/uploads\/gps-gironat-bg.jpg?id=5198) !important;background-position: center !important;background-repeat: no-repeat !important;background-size: cover !important;}&#8220;][vc_column width=&#8220;1\/2&#8243;][vc_custom_heading text=&#8220;Jedno z nejkr\u00e1sn\u011bj\u0161\u00edch m\u011bst...\" \/>\n<meta property=\"og:url\" content=\"https:\/\/gironaprosport.com\/cs\/proc-girona\/\" \/>\n<meta property=\"og:site_name\" content=\"Girona ProSport\" \/>\n<meta property=\"article:publisher\" content=\"http:\/\/fb.me\/gironaprosport\" \/>\n<meta property=\"article:modified_time\" content=\"2021-10-04T11:46:22+00:00\" \/>\n<meta name=\"twitter:card\" content=\"summary_large_image\" \/>\n<meta name=\"twitter:label1\" content=\"Odhadovan\u00e1 doba \u010dten\u00ed\" \/>\n\t<meta name=\"twitter:data1\" content=\"5 minut\" \/>\n<script type=\"application\/ld+json\" class=\"yoast-schema-graph\">{\"@context\":\"https:\/\/schema.org\",\"@graph\":[{\"@type\":\"WebPage\",\"@id\":\"https:\/\/gironaprosport.com\/cs\/proc-girona\/\",\"url\":\"https:\/\/gironaprosport.com\/cs\/proc-girona\/\",\"name\":\"Pro\u010d Girona - mekka profesion\u00e1ln\u00ed cyklistiky - Girona ProSport\",\"isPartOf\":{\"@id\":\"https:\/\/gironaprosport.com\/cs\/#website\"},\"datePublished\":\"2020-02-20T14:34:31+00:00\",\"dateModified\":\"2021-10-04T11:46:22+00:00\",\"breadcrumb\":{\"@id\":\"https:\/\/gironaprosport.com\/cs\/proc-girona\/#breadcrumb\"},\"inLanguage\":\"cs\",\"potentialAction\":[{\"@type\":\"ReadAction\",\"target\":[\"https:\/\/gironaprosport.com\/cs\/proc-girona\/\"]}]},{\"@type\":\"BreadcrumbList\",\"@id\":\"https:\/\/gironaprosport.com\/cs\/proc-girona\/#breadcrumb\",\"itemListElement\":[{\"@type\":\"ListItem\",\"position\":1,\"name\":\"Domovsk\u00e1 str\u00e1nka\",\"item\":\"https:\/\/gironaprosport.com\/cs\/\"},{\"@type\":\"ListItem\",\"position\":2,\"name\":\"Pro\u010d Girona\"}]},{\"@type\":\"WebSite\",\"@id\":\"https:\/\/gironaprosport.com\/cs\/#website\",\"url\":\"https:\/\/gironaprosport.com\/cs\/\",\"name\":\"Girona ProSport\",\"description\":\"Cykloz\u00e1jazdy\",\"publisher\":{\"@id\":\"https:\/\/gironaprosport.com\/cs\/#organization\"},\"potentialAction\":[{\"@type\":\"SearchAction\",\"target\":{\"@type\":\"EntryPoint\",\"urlTemplate\":\"https:\/\/gironaprosport.com\/cs\/?s={search_term_string}\"},\"query-input\":{\"@type\":\"PropertyValueSpecification\",\"valueRequired\":true,\"valueName\":\"search_term_string\"}}],\"inLanguage\":\"cs\"},{\"@type\":\"Organization\",\"@id\":\"https:\/\/gironaprosport.com\/cs\/#organization\",\"name\":\"Girona PRO SPORT\",\"url\":\"https:\/\/gironaprosport.com\/cs\/\",\"logo\":{\"@type\":\"ImageObject\",\"inLanguage\":\"cs\",\"@id\":\"https:\/\/gironaprosport.com\/cs\/#\/schema\/logo\/image\/\",\"url\":\"https:\/\/gironaprosport.com\/wp-content\/uploads\/logo-gps_64.png\",\"contentUrl\":\"https:\/\/gironaprosport.com\/wp-content\/uploads\/logo-gps_64.png\",\"width\":320,\"height\":64,\"caption\":\"Girona PRO SPORT\"},\"image\":{\"@id\":\"https:\/\/gironaprosport.com\/cs\/#\/schema\/logo\/image\/\"},\"sameAs\":[\"http:\/\/fb.me\/gironaprosport\",\"http:\/\/instagram.com\/girona_prosport\/\",\"https:\/\/www.youtube.com\/channel\/UCv7gLuh2ONY6kESVj_3aSnA\"]}]}<\/script>\n<!-- \/ Yoast SEO plugin. -->","yoast_head_json":{"title":"Pro\u010d Girona - mekka profesion\u00e1ln\u00ed cyklistiky - Girona ProSport","robots":{"index":"index","follow":"follow","max-snippet":"max-snippet:-1","max-image-preview":"max-image-preview:large","max-video-preview":"max-video-preview:-1"},"canonical":"https:\/\/gironaprosport.com\/cs\/proc-girona\/","og_locale":"cs_CZ","og_type":"article","og_title":"Pro\u010d Girona - mekka profesion\u00e1ln\u00ed cyklistiky - Girona ProSport","og_description":"[vc_row full_width=&#8220;stretch_row&#8220; et_uniqid=&#8220;et_custom_uniqid_5e5525eab3cb3&#8243; css=&#8220;.vc_custom_1582644539669{margin-top: -40px !important;margin-bottom: -8vh !important;padding-top: 6vw !important;padding-bottom: 7.5vw !important;background-image: url(https:\/\/gironaprosport.com\/wp-content\/uploads\/gps-gironat-bg.jpg?id=5198) !important;background-position: center !important;background-repeat: no-repeat !important;background-size: cover !important;}&#8220;][vc_column width=&#8220;1\/2&#8243;][vc_custom_heading text=&#8220;Jedno z nejkr\u00e1sn\u011bj\u0161\u00edch m\u011bst...","og_url":"https:\/\/gironaprosport.com\/cs\/proc-girona\/","og_site_name":"Girona ProSport","article_publisher":"http:\/\/fb.me\/gironaprosport","article_modified_time":"2021-10-04T11:46:22+00:00","twitter_card":"summary_large_image","twitter_misc":{"Odhadovan\u00e1 doba \u010dten\u00ed":"5 minut"},"schema":{"@context":"https:\/\/schema.org","@graph":[{"@type":"WebPage","@id":"https:\/\/gironaprosport.com\/cs\/proc-girona\/","url":"https:\/\/gironaprosport.com\/cs\/proc-girona\/","name":"Pro\u010d Girona - mekka profesion\u00e1ln\u00ed cyklistiky - Girona ProSport","isPartOf":{"@id":"https:\/\/gironaprosport.com\/cs\/#website"},"datePublished":"2020-02-20T14:34:31+00:00","dateModified":"2021-10-04T11:46:22+00:00","breadcrumb":{"@id":"https:\/\/gironaprosport.com\/cs\/proc-girona\/#breadcrumb"},"inLanguage":"cs","potentialAction":[{"@type":"ReadAction","target":["https:\/\/gironaprosport.com\/cs\/proc-girona\/"]}]},{"@type":"BreadcrumbList","@id":"https:\/\/gironaprosport.com\/cs\/proc-girona\/#breadcrumb","itemListElement":[{"@type":"ListItem","position":1,"name":"Domovsk\u00e1 str\u00e1nka","item":"https:\/\/gironaprosport.com\/cs\/"},{"@type":"ListItem","position":2,"name":"Pro\u010d Girona"}]},{"@type":"WebSite","@id":"https:\/\/gironaprosport.com\/cs\/#website","url":"https:\/\/gironaprosport.com\/cs\/","name":"Girona ProSport","description":"Cykloz\u00e1jazdy","publisher":{"@id":"https:\/\/gironaprosport.com\/cs\/#organization"},"potentialAction":[{"@type":"SearchAction","target":{"@type":"EntryPoint","urlTemplate":"https:\/\/gironaprosport.com\/cs\/?s={search_term_string}"},"query-input":{"@type":"PropertyValueSpecification","valueRequired":true,"valueName":"search_term_string"}}],"inLanguage":"cs"},{"@type":"Organization","@id":"https:\/\/gironaprosport.com\/cs\/#organization","name":"Girona PRO SPORT","url":"https:\/\/gironaprosport.com\/cs\/","logo":{"@type":"ImageObject","inLanguage":"cs","@id":"https:\/\/gironaprosport.com\/cs\/#\/schema\/logo\/image\/","url":"https:\/\/gironaprosport.com\/wp-content\/uploads\/logo-gps_64.png","contentUrl":"https:\/\/gironaprosport.com\/wp-content\/uploads\/logo-gps_64.png","width":320,"height":64,"caption":"Girona PRO SPORT"},"image":{"@id":"https:\/\/gironaprosport.com\/cs\/#\/schema\/logo\/image\/"},"sameAs":["http:\/\/fb.me\/gironaprosport","http:\/\/instagram.com\/girona_prosport\/","https:\/\/www.youtube.com\/channel\/UCv7gLuh2ONY6kESVj_3aSnA"]}]}},"meta_box":[],"_links":{"self":[{"href":"https:\/\/gironaprosport.com\/cs\/wp-json\/wp\/v2\/pages\/7424","targetHints":{"allow":["GET"]}}],"collection":[{"href":"https:\/\/gironaprosport.com\/cs\/wp-json\/wp\/v2\/pages"}],"about":[{"href":"https:\/\/gironaprosport.com\/cs\/wp-json\/wp\/v2\/types\/page"}],"author":[{"embeddable":true,"href":"https:\/\/gironaprosport.com\/cs\/wp-json\/wp\/v2\/users\/1"}],"replies":[{"embeddable":true,"href":"https:\/\/gironaprosport.com\/cs\/wp-json\/wp\/v2\/comments?post=7424"}],"version-history":[{"count":0,"href":"https:\/\/gironaprosport.com\/cs\/wp-json\/wp\/v2\/pages\/7424\/revisions"}],"wp:attachment":[{"href":"https:\/\/gironaprosport.com\/cs\/wp-json\/wp\/v2\/media?parent=7424"}],"curies":[{"name":"wp","href":"https:\/\/api.w.org\/{rel}","templated":true}]}}