{"id":7404,"date":"2020-02-22T10:39:21","date_gmt":"2020-02-22T09:39:21","guid":{"rendered":"https:\/\/gironaprosport.com\/profesionalni-cyklo-sprievodcovia\/"},"modified":"2021-08-10T13:41:07","modified_gmt":"2021-08-10T11:41:07","slug":"profesionalni-cyklo-pruvodci","status":"publish","type":"page","link":"https:\/\/gironaprosport.com\/cs\/sluzby-cs\/profesionalni-cyklo-pruvodci\/","title":{"rendered":"Profesion\u00e1ln\u00ed cyklo pr\u016fvodci"},"content":{"rendered":"<div class=\"wpb-content-wrapper\"><p>[vc_row et_uniqid=&#8220;et_custom_uniqid_5e5663733546b&#8220; css=&#8220;.vc_custom_1582724221506{margin-right: 1px !important;margin-left: 1px !important;border-top-width: 1px !important;border-right-width: 1px !important;border-bottom-width: 1px !important;border-left-width: 1px !important;padding-top: 4vw !important;padding-right: 2vw !important;padding-bottom: 4vw !important;padding-left: 2vw !important;background-image: url(https:\/\/gironaprosport.com\/wp-content\/uploads\/sprievodcovia-bg.jpg?id=5244) !important;background-position: center !important;background-repeat: no-repeat !important;background-size: cover !important;border-left-color: #e1e1e1 !important;border-left-style: solid !important;border-right-color: #e1e1e1 !important;border-right-style: solid !important;border-top-color: #e1e1e1 !important;border-top-style: solid !important;border-bottom-color: #e1e1e1 !important;border-bottom-style: solid !important;}&#8220;][vc_column width=&#8220;1\/2&#8243;][vc_custom_heading text=&#8220;Na\u0161e slu\u017eby&#8220; font_container=&#8220;tag:h4|font_size:14|text_align:left|line_height:40px&#8220; google_fonts=&#8220;font_family:Lato%3A100%2C100italic%2C300%2C300italic%2Cregular%2Citalic%2C700%2C700italic%2C900%2C900italic|font_style:900%20bold%20regular%3A900%3Anormal&#8220;][vc_custom_heading text=&#8220;Profesion\u00e1ln\u00ed cyklo pr\u016fvodci&#8220; font_container=&#8220;tag:h2|font_size:36|text_align:left|line_height:50px&#8220; google_fonts=&#8220;font_family:Lato%3A100%2C100italic%2C300%2C300italic%2Cregular%2Citalic%2C700%2C700italic%2C900%2C900italic|font_style:900%20bold%20regular%3A900%3Anormal&#8220;][vc_column_text]Jedn\u00edm z nejlep\u0161\u00edch zp\u016fsob\u016f jak prozkoumat okol\u00ed Girony je ud\u011blat to ve spole\u010dnosti<strong> lok\u00e1ln\u00edho pr\u016fvodce<\/strong>. Nemus\u00edte si pl\u00e1novat cestu, jednodu\u0161e sedn\u011bte na kolo, a nechte se v\u00e9st Va\u0161im pr\u016fvodcem. Na\u0161i pr\u016fvodci jsou b\u00fdval\u00ed <strong>profesion\u00e1ln\u00ed sportovci<\/strong> kte\u0159\u00ed z\u016fstali \u017e\u00edt v Giron\u011b, a lok\u00e1ln\u00ed profi pr\u016fvodci kte\u0159\u00ed detailn\u011b znaj\u00ed prost\u0159ed\u00ed, uk\u00e1\u017e\u00ed V\u00e1m nejl\u00e9pe trasy, porad\u00ed kde zastavit na k\u00e1vu, ob\u011bd, co po cest\u011b nep\u0159ehl\u00e9dnout, <strong>ud\u011blaj\u00ed z Va\u0161\u00ed trasy unik\u00e1tn\u00ed z\u00e1\u017eitek<\/strong>.[\/vc_column_text][\/vc_column][vc_column width=&#8220;1\/2&#8243;][\/vc_column][\/vc_row][vc_row][vc_column][vc_column_text]Mezi na\u0161e pr\u016fvodc\u016f pat\u0159\u00ed nap\u0159\u00edklad b\u00fdval\u00ed PRO jako Paul Kneppers, Ewa Komander, Edward Greene, Carl PASI, Xavier Villasevil.<\/p>\n<p>Pr\u016fvodce m\u016f\u017ee b\u00fdt s v\u00e1mi tak b\u011bhem cel\u00e9ho v\u00fdletu, nebo si jej m\u016f\u017eete najmout jen na jeden den a zkusit si jak\u00e9 to je. Nab\u00edz\u00edme pr\u016fvodc\u016f i pro horsk\u00fd b\u011bh. Den s profi pr\u016fvodcem vyjde na 150 &#8211; 200 EUR na celou skupinu. N\u00e1\u0161 <a href=\"https:\/\/gironaprosport.com\/cs\/produkt-cs\/cyklozajezdy-girona-cyklozajezd-balicek-standard\/\" target=\"_blank\" rel=\"noopener\"><strong>bal\u00ed\u010dek STANDARD<\/strong><\/a> zahrnuje pr\u016fvodce.[\/vc_column_text][\/vc_column][\/vc_row]<\/p>\n<\/div>","protected":false},"excerpt":{"rendered":"<p>[vc_row et_uniqid=&#8220;et_custom_uniqid_5e5663733546b&#8220; css=&#8220;.vc_custom_1582724221506{margin-right: 1px !important;margin-left: 1px !important;border-top-width: 1px !important;border-right-width: 1px !important;border-bottom-width: 1px !important;border-left-width: 1px !important;padding-top: 4vw !important;padding-right: 2vw !important;padding-bottom: 4vw !important;padding-left: 2vw !important;background-image: url(https:\/\/gironaprosport.com\/wp-content\/uploads\/sprievodcovia-bg.jpg?id=5244) !important;background-position:&#8230;<\/p>\n","protected":false},"author":1,"featured_media":0,"parent":7418,"menu_order":91,"comment_status":"closed","ping_status":"closed","template":"","meta":{"_monsterinsights_skip_tracking":false,"_monsterinsights_sitenote_active":false,"_monsterinsights_sitenote_note":"","_monsterinsights_sitenote_category":0,"footnotes":""},"class_list":["post-7404","page","type-page","status-publish","hentry"],"yoast_head":"<!-- This site is optimized with the Yoast SEO plugin v26.6 - https:\/\/yoast.com\/wordpress\/plugins\/seo\/ -->\n<title>Profesion\u00e1ln\u00ed cyklo pr\u016fvodci Girona - \u0160pan\u011blsko - Girona ProSport<\/title>\n<meta name=\"robots\" content=\"index, follow, max-snippet:-1, max-image-preview:large, max-video-preview:-1\" \/>\n<link rel=\"canonical\" href=\"https:\/\/gironaprosport.com\/cs\/sluzby-cs\/profesionalni-cyklo-pruvodci\/\" \/>\n<meta property=\"og:locale\" content=\"cs_CZ\" \/>\n<meta property=\"og:type\" content=\"article\" \/>\n<meta property=\"og:title\" content=\"Profesion\u00e1ln\u00ed cyklo pr\u016fvodci Girona - \u0160pan\u011blsko - Girona ProSport\" \/>\n<meta property=\"og:description\" content=\"[vc_row et_uniqid=&#8220;et_custom_uniqid_5e5663733546b&#8220; css=&#8220;.vc_custom_1582724221506{margin-right: 1px !important;margin-left: 1px !important;border-top-width: 1px !important;border-right-width: 1px !important;border-bottom-width: 1px !important;border-left-width: 1px !important;padding-top: 4vw !important;padding-right: 2vw !important;padding-bottom: 4vw !important;padding-left: 2vw !important;background-image: url(https:\/\/gironaprosport.com\/wp-content\/uploads\/sprievodcovia-bg.jpg?id=5244) !important;background-position:...\" \/>\n<meta property=\"og:url\" content=\"https:\/\/gironaprosport.com\/cs\/sluzby-cs\/profesionalni-cyklo-pruvodci\/\" \/>\n<meta property=\"og:site_name\" content=\"Girona ProSport\" \/>\n<meta property=\"article:publisher\" content=\"http:\/\/fb.me\/gironaprosport\" \/>\n<meta property=\"article:modified_time\" content=\"2021-08-10T11:41:07+00:00\" \/>\n<meta name=\"twitter:card\" content=\"summary_large_image\" \/>\n<meta name=\"twitter:label1\" content=\"Odhadovan\u00e1 doba \u010dten\u00ed\" \/>\n\t<meta name=\"twitter:data1\" content=\"2 minuty\" \/>\n<script type=\"application\/ld+json\" class=\"yoast-schema-graph\">{\"@context\":\"https:\/\/schema.org\",\"@graph\":[{\"@type\":\"WebPage\",\"@id\":\"https:\/\/gironaprosport.com\/cs\/sluzby-cs\/profesionalni-cyklo-pruvodci\/\",\"url\":\"https:\/\/gironaprosport.com\/cs\/sluzby-cs\/profesionalni-cyklo-pruvodci\/\",\"name\":\"Profesion\u00e1ln\u00ed cyklo pr\u016fvodci Girona - \u0160pan\u011blsko - Girona ProSport\",\"isPartOf\":{\"@id\":\"https:\/\/gironaprosport.com\/cs\/#website\"},\"datePublished\":\"2020-02-22T09:39:21+00:00\",\"dateModified\":\"2021-08-10T11:41:07+00:00\",\"breadcrumb\":{\"@id\":\"https:\/\/gironaprosport.com\/cs\/sluzby-cs\/profesionalni-cyklo-pruvodci\/#breadcrumb\"},\"inLanguage\":\"cs\",\"potentialAction\":[{\"@type\":\"ReadAction\",\"target\":[\"https:\/\/gironaprosport.com\/cs\/sluzby-cs\/profesionalni-cyklo-pruvodci\/\"]}]},{\"@type\":\"BreadcrumbList\",\"@id\":\"https:\/\/gironaprosport.com\/cs\/sluzby-cs\/profesionalni-cyklo-pruvodci\/#breadcrumb\",\"itemListElement\":[{\"@type\":\"ListItem\",\"position\":1,\"name\":\"Domovsk\u00e1 str\u00e1nka\",\"item\":\"https:\/\/gironaprosport.com\/cs\/\"},{\"@type\":\"ListItem\",\"position\":2,\"name\":\"Slu\u017eby\",\"item\":\"https:\/\/gironaprosport.com\/cs\/sluzby-cs\/\"},{\"@type\":\"ListItem\",\"position\":3,\"name\":\"Profesion\u00e1ln\u00ed cyklo pr\u016fvodci\"}]},{\"@type\":\"WebSite\",\"@id\":\"https:\/\/gironaprosport.com\/cs\/#website\",\"url\":\"https:\/\/gironaprosport.com\/cs\/\",\"name\":\"Girona ProSport\",\"description\":\"Cykloz\u00e1jazdy\",\"publisher\":{\"@id\":\"https:\/\/gironaprosport.com\/cs\/#organization\"},\"potentialAction\":[{\"@type\":\"SearchAction\",\"target\":{\"@type\":\"EntryPoint\",\"urlTemplate\":\"https:\/\/gironaprosport.com\/cs\/?s={search_term_string}\"},\"query-input\":{\"@type\":\"PropertyValueSpecification\",\"valueRequired\":true,\"valueName\":\"search_term_string\"}}],\"inLanguage\":\"cs\"},{\"@type\":\"Organization\",\"@id\":\"https:\/\/gironaprosport.com\/cs\/#organization\",\"name\":\"Girona PRO SPORT\",\"url\":\"https:\/\/gironaprosport.com\/cs\/\",\"logo\":{\"@type\":\"ImageObject\",\"inLanguage\":\"cs\",\"@id\":\"https:\/\/gironaprosport.com\/cs\/#\/schema\/logo\/image\/\",\"url\":\"https:\/\/gironaprosport.com\/wp-content\/uploads\/logo-gps_64.png\",\"contentUrl\":\"https:\/\/gironaprosport.com\/wp-content\/uploads\/logo-gps_64.png\",\"width\":320,\"height\":64,\"caption\":\"Girona PRO SPORT\"},\"image\":{\"@id\":\"https:\/\/gironaprosport.com\/cs\/#\/schema\/logo\/image\/\"},\"sameAs\":[\"http:\/\/fb.me\/gironaprosport\",\"http:\/\/instagram.com\/girona_prosport\/\",\"https:\/\/www.youtube.com\/channel\/UCv7gLuh2ONY6kESVj_3aSnA\"]}]}<\/script>\n<!-- \/ Yoast SEO plugin. -->","yoast_head_json":{"title":"Profesion\u00e1ln\u00ed cyklo pr\u016fvodci Girona - \u0160pan\u011blsko - Girona ProSport","robots":{"index":"index","follow":"follow","max-snippet":"max-snippet:-1","max-image-preview":"max-image-preview:large","max-video-preview":"max-video-preview:-1"},"canonical":"https:\/\/gironaprosport.com\/cs\/sluzby-cs\/profesionalni-cyklo-pruvodci\/","og_locale":"cs_CZ","og_type":"article","og_title":"Profesion\u00e1ln\u00ed cyklo pr\u016fvodci Girona - \u0160pan\u011blsko - Girona ProSport","og_description":"[vc_row et_uniqid=&#8220;et_custom_uniqid_5e5663733546b&#8220; css=&#8220;.vc_custom_1582724221506{margin-right: 1px !important;margin-left: 1px !important;border-top-width: 1px !important;border-right-width: 1px !important;border-bottom-width: 1px !important;border-left-width: 1px !important;padding-top: 4vw !important;padding-right: 2vw !important;padding-bottom: 4vw !important;padding-left: 2vw !important;background-image: url(https:\/\/gironaprosport.com\/wp-content\/uploads\/sprievodcovia-bg.jpg?id=5244) !important;background-position:...","og_url":"https:\/\/gironaprosport.com\/cs\/sluzby-cs\/profesionalni-cyklo-pruvodci\/","og_site_name":"Girona ProSport","article_publisher":"http:\/\/fb.me\/gironaprosport","article_modified_time":"2021-08-10T11:41:07+00:00","twitter_card":"summary_large_image","twitter_misc":{"Odhadovan\u00e1 doba \u010dten\u00ed":"2 minuty"},"schema":{"@context":"https:\/\/schema.org","@graph":[{"@type":"WebPage","@id":"https:\/\/gironaprosport.com\/cs\/sluzby-cs\/profesionalni-cyklo-pruvodci\/","url":"https:\/\/gironaprosport.com\/cs\/sluzby-cs\/profesionalni-cyklo-pruvodci\/","name":"Profesion\u00e1ln\u00ed cyklo pr\u016fvodci Girona - \u0160pan\u011blsko - Girona ProSport","isPartOf":{"@id":"https:\/\/gironaprosport.com\/cs\/#website"},"datePublished":"2020-02-22T09:39:21+00:00","dateModified":"2021-08-10T11:41:07+00:00","breadcrumb":{"@id":"https:\/\/gironaprosport.com\/cs\/sluzby-cs\/profesionalni-cyklo-pruvodci\/#breadcrumb"},"inLanguage":"cs","potentialAction":[{"@type":"ReadAction","target":["https:\/\/gironaprosport.com\/cs\/sluzby-cs\/profesionalni-cyklo-pruvodci\/"]}]},{"@type":"BreadcrumbList","@id":"https:\/\/gironaprosport.com\/cs\/sluzby-cs\/profesionalni-cyklo-pruvodci\/#breadcrumb","itemListElement":[{"@type":"ListItem","position":1,"name":"Domovsk\u00e1 str\u00e1nka","item":"https:\/\/gironaprosport.com\/cs\/"},{"@type":"ListItem","position":2,"name":"Slu\u017eby","item":"https:\/\/gironaprosport.com\/cs\/sluzby-cs\/"},{"@type":"ListItem","position":3,"name":"Profesion\u00e1ln\u00ed cyklo pr\u016fvodci"}]},{"@type":"WebSite","@id":"https:\/\/gironaprosport.com\/cs\/#website","url":"https:\/\/gironaprosport.com\/cs\/","name":"Girona ProSport","description":"Cykloz\u00e1jazdy","publisher":{"@id":"https:\/\/gironaprosport.com\/cs\/#organization"},"potentialAction":[{"@type":"SearchAction","target":{"@type":"EntryPoint","urlTemplate":"https:\/\/gironaprosport.com\/cs\/?s={search_term_string}"},"query-input":{"@type":"PropertyValueSpecification","valueRequired":true,"valueName":"search_term_string"}}],"inLanguage":"cs"},{"@type":"Organization","@id":"https:\/\/gironaprosport.com\/cs\/#organization","name":"Girona PRO SPORT","url":"https:\/\/gironaprosport.com\/cs\/","logo":{"@type":"ImageObject","inLanguage":"cs","@id":"https:\/\/gironaprosport.com\/cs\/#\/schema\/logo\/image\/","url":"https:\/\/gironaprosport.com\/wp-content\/uploads\/logo-gps_64.png","contentUrl":"https:\/\/gironaprosport.com\/wp-content\/uploads\/logo-gps_64.png","width":320,"height":64,"caption":"Girona PRO SPORT"},"image":{"@id":"https:\/\/gironaprosport.com\/cs\/#\/schema\/logo\/image\/"},"sameAs":["http:\/\/fb.me\/gironaprosport","http:\/\/instagram.com\/girona_prosport\/","https:\/\/www.youtube.com\/channel\/UCv7gLuh2ONY6kESVj_3aSnA"]}]}},"meta_box":[],"_links":{"self":[{"href":"https:\/\/gironaprosport.com\/cs\/wp-json\/wp\/v2\/pages\/7404","targetHints":{"allow":["GET"]}}],"collection":[{"href":"https:\/\/gironaprosport.com\/cs\/wp-json\/wp\/v2\/pages"}],"about":[{"href":"https:\/\/gironaprosport.com\/cs\/wp-json\/wp\/v2\/types\/page"}],"author":[{"embeddable":true,"href":"https:\/\/gironaprosport.com\/cs\/wp-json\/wp\/v2\/users\/1"}],"replies":[{"embeddable":true,"href":"https:\/\/gironaprosport.com\/cs\/wp-json\/wp\/v2\/comments?post=7404"}],"version-history":[{"count":0,"href":"https:\/\/gironaprosport.com\/cs\/wp-json\/wp\/v2\/pages\/7404\/revisions"}],"up":[{"embeddable":true,"href":"https:\/\/gironaprosport.com\/cs\/wp-json\/wp\/v2\/pages\/7418"}],"wp:attachment":[{"href":"https:\/\/gironaprosport.com\/cs\/wp-json\/wp\/v2\/media?parent=7404"}],"curies":[{"name":"wp","href":"https:\/\/api.w.org\/{rel}","templated":true}]}}