{"id":7392,"date":"2020-04-11T09:23:54","date_gmt":"2020-04-11T07:23:54","guid":{"rendered":"https:\/\/gironaprosport.com\/firemne-zajazdy-teambuilding\/"},"modified":"2021-08-11T11:02:55","modified_gmt":"2021-08-11T09:02:55","slug":"firemni-zajezdy-teambuilding","status":"publish","type":"page","link":"https:\/\/gironaprosport.com\/cs\/sluzby-cs\/firemni-zajezdy-teambuilding\/","title":{"rendered":"Firemn\u00ed z\u00e1jezdy &#8211; teambuilding"},"content":{"rendered":"<div class=\"wpb-content-wrapper\"><p>[vc_row et_uniqid=&#8220;et_custom_uniqid_5e5663733546b&#8220; css=&#8220;.vc_custom_1588404878357{margin-right: 1px !important;margin-left: 1px !important;border-top-width: 1px !important;border-right-width: 1px !important;border-bottom-width: 1px !important;border-left-width: 1px !important;padding-top: 4vw !important;padding-right: 2vw !important;padding-bottom: 4vw !important;padding-left: 2vw !important;background-image: url(https:\/\/gironaprosport.com\/wp-content\/uploads\/profil-foto-presvietene4.jpg?id=6145) !important;background-position: center !important;background-repeat: no-repeat !important;background-size: cover !important;border-left-color: #e1e1e1 !important;border-left-style: solid !important;border-right-color: #e1e1e1 !important;border-right-style: solid !important;border-top-color: #e1e1e1 !important;border-top-style: solid !important;border-bottom-color: #e1e1e1 !important;border-bottom-style: solid !important;}&#8220; _et_uniqid=&#8220;et_custom_uniqid_new_5ead1f6d83e50&#8243;][vc_column width=&#8220;1\/2&#8243;][vc_custom_heading text=&#8220;Na\u0161e slu\u017eby&#8220; font_container=&#8220;tag:h4|font_size:14|text_align:left|line_height:40px&#8220; google_fonts=&#8220;font_family:Lato%3A100%2C100italic%2C300%2C300italic%2Cregular%2Citalic%2C700%2C700italic%2C900%2C900italic|font_style:900%20bold%20regular%3A900%3Anormal&#8220;][vc_custom_heading text=&#8220;Firemn\u00ed z\u00e1jezdy &#8211; teambuilding&#8220; font_container=&#8220;tag:h2|font_size:36|text_align:left|line_height:50px&#8220; google_fonts=&#8220;font_family:Lato%3A100%2C100italic%2C300%2C300italic%2Cregular%2Citalic%2C700%2C700italic%2C900%2C900italic|font_style:900%20bold%20regular%3A900%3Anormal&#8220;][vc_column_text]M\u00e1te v t\u00fdmu nad\u0161en\u00fdch cyklist\u016f? Triatlonista? Nebo sportovn\u00ed firemn\u00ed t\u00fdm? Zahr\u0148te cykloturistiku v Giron\u011b jako bonus za spln\u011bn\u00e9 firemn\u00ed c\u00edle, jako motiva\u010dn\u00ed odm\u011bnu, nab\u00eddn\u011bte Va\u0161im zam\u011bstnanc\u016fm jedine\u010dn\u00fd z\u00e1\u017eitek na kter\u00fd ur\u010dit\u011b nezapomenou. R\u00e1di pom\u016f\u017eeme s organizac\u00ed firemn\u00edho teambuildingu.[\/vc_column_text][\/vc_column][vc_column width=&#8220;1\/2&#8243;][\/vc_column][\/vc_row][vc_row gap=&#8220;30&#8243; equal_height=&#8220;yes&#8220; et_uniqid=&#8220;et_custom_uniqid_5e916cfe550ae&#8220;][vc_column width=&#8220;1\/2&#8243;][vc_gallery interval=&#8220;3&#8243; images=&#8220;5612,5614,5613,5611,5610&#8243; img_size=&#8220;500&#215;300&#8243;][\/vc_column][vc_column width=&#8220;1\/2&#8243; et_uniqid=&#8220;et_custom_uniqid_5e916eaa55254&#8243;][vc_column_text]P\u0159\u00edklady aktivit pro V\u00e1\u0161 kolektiv &#8211; cyklistika na Costa Brave s pr\u016fvodcem, amat\u00e9rsk\u00fd tr\u00e9ninkov\u00fd kemp zam\u011b\u0159en\u00fd na cyklistiku, b\u011bh, plav\u00e1n\u00ed nebo triatlon, Via Ferrata, zda p\u011b\u0161\u00ed turistika v Pyrenej\u00edch.<\/p>\n<p>Krom\u011b standardn\u00edch slu\u017eeb jako ubytov\u00e1n\u00ed a doprava um\u00edme zajistit \u0161irokou \u0161k\u00e1lu dopl\u0148kov\u00fdch slu\u017eeb jako sportovn\u00ed mas\u00e1\u017e, fyzioterapeut, n\u00e1v\u0161t\u011bva rom\u00e1nsk\u00fdch l\u00e1zn\u00ed, prohl\u00eddka Girony, n\u00e1v\u0161t\u011bva vinn\u00fdch sklep\u016f, kajak, j\u00edzda na koni, v\u00fdlet vzdu\u0161n\u00fdm bal\u00f3nem, v\u00fdlet lod\u00ed po Costa Brave, golf, pitch and putt, paintball &#8211; nab\u00eddka dopl\u0148kov\u00fdch aktivit v Giron\u011b a na Costa Brave je opravdu \u0161irok\u00e1, r\u00e1di pom\u016f\u017eeme s v\u00fdb\u011brem a rezervac\u00ed.[\/vc_column_text]\n<div class=\"wpcf7 no-js\" id=\"wpcf7-f7850-o1\" lang=\"sk-SK\" dir=\"ltr\" data-wpcf7-id=\"7850\">\n<div class=\"screen-reader-response\"><p role=\"status\" aria-live=\"polite\" aria-atomic=\"true\"><\/p> <ul><\/ul><\/div>\n<form action=\"\/cs\/wp-json\/wp\/v2\/pages\/7392?doing_wp_cron=1777133248.1853270530700683593750#wpcf7-f7850-o1\" method=\"post\" class=\"wpcf7-form init\" aria-label=\"Kontaktn\u00fd formul\u00e1r\" novalidate=\"novalidate\" data-status=\"init\">\n<fieldset class=\"hidden-fields-container\"><input type=\"hidden\" name=\"_wpcf7\" value=\"7850\" \/><input type=\"hidden\" name=\"_wpcf7_version\" value=\"6.1.4\" \/><input type=\"hidden\" name=\"_wpcf7_locale\" value=\"sk_SK\" \/><input type=\"hidden\" name=\"_wpcf7_unit_tag\" value=\"wpcf7-f7850-o1\" \/><input type=\"hidden\" name=\"_wpcf7_container_post\" value=\"0\" \/><input type=\"hidden\" name=\"_wpcf7_posted_data_hash\" value=\"\" \/>\n<\/fieldset>\n<div class=\"row\">\n\t<div class=\"col-sm-4 col-left\" style=\"margin-bottom: 1em;\">\n\t\t<p><span class=\"wpcf7-form-control-wrap\" data-name=\"your-name\"><input size=\"40\" maxlength=\"400\" class=\"wpcf7-form-control wpcf7-text wpcf7-validates-as-required\" aria-required=\"true\" aria-invalid=\"false\" placeholder=\"Va\u0161e jm\u00e9no\" value=\"\" type=\"text\" name=\"your-name\" \/><\/span>\n\t\t<\/p>\n\t<\/div>\n\t<div class=\"col-sm-4 col-right\" style=\"margin-bottom: 1em;\">\n\t\t<p><span class=\"wpcf7-form-control-wrap\" data-name=\"your-email\"><input size=\"40\" maxlength=\"400\" class=\"wpcf7-form-control wpcf7-email wpcf7-validates-as-required wpcf7-text wpcf7-validates-as-email\" aria-required=\"true\" aria-invalid=\"false\" placeholder=\"V\u00e1\u0161 email\" value=\"\" type=\"email\" name=\"your-email\" \/><\/span>\n\t\t<\/p>\n\t<\/div>\n\t<div class=\"col-sm-4 col-right\" style=\"margin-bottom: 1em;\">\n\t\t<p><span class=\"wpcf7-form-control-wrap\" data-name=\"your-phone\"><input size=\"40\" maxlength=\"400\" class=\"wpcf7-form-control wpcf7-tel wpcf7-text wpcf7-validates-as-tel\" aria-invalid=\"false\" placeholder=\"Va\u0161e telefonn\u00ed \u010d\u00edslo\" value=\"\" type=\"tel\" name=\"your-phone\" \/><\/span>\n\t\t<\/p>\n\t<\/div>\n<\/div>\n<div class=\"row\">\n\t<div class=\"col-sm-12\">\n\t\t<p><span class=\"wpcf7-form-control-wrap\" data-name=\"your-message\"><textarea cols=\"40\" rows=\"5\" maxlength=\"2000\" class=\"wpcf7-form-control wpcf7-textarea\" aria-invalid=\"false\" placeholder=\"Va\u0161e spr\u00e1va\" name=\"your-message\"><\/textarea><\/span>\n\t\t<\/p>\n\t<\/div>\n<\/div>\n<div class=\"row\">\n\t<div class=\"col-sm-12\">\n\t\t<p><span class=\"wpcf7-form-control-wrap\" data-name=\"your-acceptance\"><span class=\"wpcf7-form-control wpcf7-acceptance\"><span class=\"wpcf7-list-item\"><label><input type=\"checkbox\" name=\"your-acceptance\" value=\"1\" aria-invalid=\"false\" \/><span class=\"wpcf7-list-item-label\">Souhlas\u00edm s podm\u00ednkami zpracov\u00e1n\u00ed osobn\u00edch \u00fadaj\u016f podle <a href=\"\/cs\/ochrana-osobnich-udaju\/\" target=\"_blank\">Z\u00e1sad ochrany osobn\u00fdch \u00fadajov<\/a><\/span><\/label><\/span><\/span><\/span>\n\t\t<\/p>\n\t<\/div>\n<\/div>\n<div class=\"row\">\n\t<div class=\"col-sm-12\">\n\t\t<p><input class=\"wpcf7-form-control wpcf7-submit has-spinner\" type=\"submit\" value=\"Odeslat dopyt\" \/>\n\t\t<\/p>\n\t<\/div>\n<\/div><div class=\"wpcf7-response-output\" aria-hidden=\"true\"><\/div>\n<\/form>\n<\/div>\n[\/vc_column][\/vc_row]<\/p>\n<\/div>","protected":false},"excerpt":{"rendered":"<p>[vc_row et_uniqid=&#8220;et_custom_uniqid_5e5663733546b&#8220; css=&#8220;.vc_custom_1588404878357{margin-right: 1px !important;margin-left: 1px !important;border-top-width: 1px !important;border-right-width: 1px !important;border-bottom-width: 1px !important;border-left-width: 1px !important;padding-top: 4vw !important;padding-right: 2vw !important;padding-bottom: 4vw !important;padding-left: 2vw !important;background-image: url(https:\/\/gironaprosport.com\/wp-content\/uploads\/profil-foto-presvietene4.jpg?id=6145) !important;background-position:&#8230;<\/p>\n","protected":false},"author":2,"featured_media":0,"parent":7418,"menu_order":85,"comment_status":"closed","ping_status":"closed","template":"","meta":{"_monsterinsights_skip_tracking":false,"_monsterinsights_sitenote_active":false,"_monsterinsights_sitenote_note":"","_monsterinsights_sitenote_category":0,"footnotes":""},"class_list":["post-7392","page","type-page","status-publish","hentry"],"yoast_head":"<!-- This site is optimized with the Yoast SEO plugin v26.6 - https:\/\/yoast.com\/wordpress\/plugins\/seo\/ -->\n<title>Firemn\u00ed z\u00e1jezdy - teambuilding na kole v zahrani\u010d\u00ed - Girona \u0160pan\u011blsko - Girona ProSport<\/title>\n<meta name=\"description\" content=\"M\u00e1te v t\u00fdmu nad\u0161en\u00fdch cyklist\u016f? Triatlonista? Nebo sportovn\u00ed firemn\u00ed t\u00fdm? Nab\u00edz\u00edme v\u00e1m cykloturistiku a dal\u0161\u00ed cykloz\u00e1jezdy pro va\u0161i firmu v Giron\u011b.\" \/>\n<meta name=\"robots\" content=\"index, follow, max-snippet:-1, max-image-preview:large, max-video-preview:-1\" \/>\n<link rel=\"canonical\" href=\"https:\/\/gironaprosport.com\/cs\/sluzby-cs\/firemni-zajezdy-teambuilding\/\" \/>\n<meta property=\"og:locale\" content=\"cs_CZ\" \/>\n<meta property=\"og:type\" content=\"article\" \/>\n<meta property=\"og:title\" content=\"Firemn\u00ed z\u00e1jezdy - teambuilding na kole v zahrani\u010d\u00ed - Girona \u0160pan\u011blsko - Girona ProSport\" \/>\n<meta property=\"og:description\" content=\"M\u00e1te v t\u00fdmu nad\u0161en\u00fdch cyklist\u016f? Triatlonista? Nebo sportovn\u00ed firemn\u00ed t\u00fdm? Nab\u00edz\u00edme v\u00e1m cykloturistiku a dal\u0161\u00ed cykloz\u00e1jezdy pro va\u0161i firmu v Giron\u011b.\" \/>\n<meta property=\"og:url\" content=\"https:\/\/gironaprosport.com\/cs\/sluzby-cs\/firemni-zajezdy-teambuilding\/\" \/>\n<meta property=\"og:site_name\" content=\"Girona ProSport\" \/>\n<meta property=\"article:publisher\" content=\"http:\/\/fb.me\/gironaprosport\" \/>\n<meta property=\"article:modified_time\" content=\"2021-08-11T09:02:55+00:00\" \/>\n<meta name=\"twitter:card\" content=\"summary_large_image\" \/>\n<meta name=\"twitter:label1\" content=\"Odhadovan\u00e1 doba \u010dten\u00ed\" \/>\n\t<meta name=\"twitter:data1\" content=\"1 minuta\" \/>\n<script type=\"application\/ld+json\" class=\"yoast-schema-graph\">{\"@context\":\"https:\/\/schema.org\",\"@graph\":[{\"@type\":\"WebPage\",\"@id\":\"https:\/\/gironaprosport.com\/cs\/sluzby-cs\/firemni-zajezdy-teambuilding\/\",\"url\":\"https:\/\/gironaprosport.com\/cs\/sluzby-cs\/firemni-zajezdy-teambuilding\/\",\"name\":\"Firemn\u00ed z\u00e1jezdy - teambuilding na kole v zahrani\u010d\u00ed - Girona \u0160pan\u011blsko - Girona ProSport\",\"isPartOf\":{\"@id\":\"https:\/\/gironaprosport.com\/cs\/#website\"},\"datePublished\":\"2020-04-11T07:23:54+00:00\",\"dateModified\":\"2021-08-11T09:02:55+00:00\",\"description\":\"M\u00e1te v t\u00fdmu nad\u0161en\u00fdch cyklist\u016f? Triatlonista? Nebo sportovn\u00ed firemn\u00ed t\u00fdm? Nab\u00edz\u00edme v\u00e1m cykloturistiku a dal\u0161\u00ed cykloz\u00e1jezdy pro va\u0161i firmu v Giron\u011b.\",\"breadcrumb\":{\"@id\":\"https:\/\/gironaprosport.com\/cs\/sluzby-cs\/firemni-zajezdy-teambuilding\/#breadcrumb\"},\"inLanguage\":\"cs\",\"potentialAction\":[{\"@type\":\"ReadAction\",\"target\":[\"https:\/\/gironaprosport.com\/cs\/sluzby-cs\/firemni-zajezdy-teambuilding\/\"]}]},{\"@type\":\"BreadcrumbList\",\"@id\":\"https:\/\/gironaprosport.com\/cs\/sluzby-cs\/firemni-zajezdy-teambuilding\/#breadcrumb\",\"itemListElement\":[{\"@type\":\"ListItem\",\"position\":1,\"name\":\"Domovsk\u00e1 str\u00e1nka\",\"item\":\"https:\/\/gironaprosport.com\/cs\/\"},{\"@type\":\"ListItem\",\"position\":2,\"name\":\"Slu\u017eby\",\"item\":\"https:\/\/gironaprosport.com\/cs\/sluzby-cs\/\"},{\"@type\":\"ListItem\",\"position\":3,\"name\":\"Firemn\u00ed z\u00e1jezdy &#8211; teambuilding\"}]},{\"@type\":\"WebSite\",\"@id\":\"https:\/\/gironaprosport.com\/cs\/#website\",\"url\":\"https:\/\/gironaprosport.com\/cs\/\",\"name\":\"Girona ProSport\",\"description\":\"Cykloz\u00e1jazdy\",\"publisher\":{\"@id\":\"https:\/\/gironaprosport.com\/cs\/#organization\"},\"potentialAction\":[{\"@type\":\"SearchAction\",\"target\":{\"@type\":\"EntryPoint\",\"urlTemplate\":\"https:\/\/gironaprosport.com\/cs\/?s={search_term_string}\"},\"query-input\":{\"@type\":\"PropertyValueSpecification\",\"valueRequired\":true,\"valueName\":\"search_term_string\"}}],\"inLanguage\":\"cs\"},{\"@type\":\"Organization\",\"@id\":\"https:\/\/gironaprosport.com\/cs\/#organization\",\"name\":\"Girona PRO SPORT\",\"url\":\"https:\/\/gironaprosport.com\/cs\/\",\"logo\":{\"@type\":\"ImageObject\",\"inLanguage\":\"cs\",\"@id\":\"https:\/\/gironaprosport.com\/cs\/#\/schema\/logo\/image\/\",\"url\":\"https:\/\/gironaprosport.com\/wp-content\/uploads\/logo-gps_64.png\",\"contentUrl\":\"https:\/\/gironaprosport.com\/wp-content\/uploads\/logo-gps_64.png\",\"width\":320,\"height\":64,\"caption\":\"Girona PRO SPORT\"},\"image\":{\"@id\":\"https:\/\/gironaprosport.com\/cs\/#\/schema\/logo\/image\/\"},\"sameAs\":[\"http:\/\/fb.me\/gironaprosport\",\"http:\/\/instagram.com\/girona_prosport\/\",\"https:\/\/www.youtube.com\/channel\/UCv7gLuh2ONY6kESVj_3aSnA\"]}]}<\/script>\n<!-- \/ Yoast SEO plugin. -->","yoast_head_json":{"title":"Firemn\u00ed z\u00e1jezdy - teambuilding na kole v zahrani\u010d\u00ed - Girona \u0160pan\u011blsko - Girona ProSport","description":"M\u00e1te v t\u00fdmu nad\u0161en\u00fdch cyklist\u016f? Triatlonista? Nebo sportovn\u00ed firemn\u00ed t\u00fdm? Nab\u00edz\u00edme v\u00e1m cykloturistiku a dal\u0161\u00ed cykloz\u00e1jezdy pro va\u0161i firmu v Giron\u011b.","robots":{"index":"index","follow":"follow","max-snippet":"max-snippet:-1","max-image-preview":"max-image-preview:large","max-video-preview":"max-video-preview:-1"},"canonical":"https:\/\/gironaprosport.com\/cs\/sluzby-cs\/firemni-zajezdy-teambuilding\/","og_locale":"cs_CZ","og_type":"article","og_title":"Firemn\u00ed z\u00e1jezdy - teambuilding na kole v zahrani\u010d\u00ed - Girona \u0160pan\u011blsko - Girona ProSport","og_description":"M\u00e1te v t\u00fdmu nad\u0161en\u00fdch cyklist\u016f? Triatlonista? Nebo sportovn\u00ed firemn\u00ed t\u00fdm? Nab\u00edz\u00edme v\u00e1m cykloturistiku a dal\u0161\u00ed cykloz\u00e1jezdy pro va\u0161i firmu v Giron\u011b.","og_url":"https:\/\/gironaprosport.com\/cs\/sluzby-cs\/firemni-zajezdy-teambuilding\/","og_site_name":"Girona ProSport","article_publisher":"http:\/\/fb.me\/gironaprosport","article_modified_time":"2021-08-11T09:02:55+00:00","twitter_card":"summary_large_image","twitter_misc":{"Odhadovan\u00e1 doba \u010dten\u00ed":"1 minuta"},"schema":{"@context":"https:\/\/schema.org","@graph":[{"@type":"WebPage","@id":"https:\/\/gironaprosport.com\/cs\/sluzby-cs\/firemni-zajezdy-teambuilding\/","url":"https:\/\/gironaprosport.com\/cs\/sluzby-cs\/firemni-zajezdy-teambuilding\/","name":"Firemn\u00ed z\u00e1jezdy - teambuilding na kole v zahrani\u010d\u00ed - Girona \u0160pan\u011blsko - Girona ProSport","isPartOf":{"@id":"https:\/\/gironaprosport.com\/cs\/#website"},"datePublished":"2020-04-11T07:23:54+00:00","dateModified":"2021-08-11T09:02:55+00:00","description":"M\u00e1te v t\u00fdmu nad\u0161en\u00fdch cyklist\u016f? Triatlonista? Nebo sportovn\u00ed firemn\u00ed t\u00fdm? Nab\u00edz\u00edme v\u00e1m cykloturistiku a dal\u0161\u00ed cykloz\u00e1jezdy pro va\u0161i firmu v Giron\u011b.","breadcrumb":{"@id":"https:\/\/gironaprosport.com\/cs\/sluzby-cs\/firemni-zajezdy-teambuilding\/#breadcrumb"},"inLanguage":"cs","potentialAction":[{"@type":"ReadAction","target":["https:\/\/gironaprosport.com\/cs\/sluzby-cs\/firemni-zajezdy-teambuilding\/"]}]},{"@type":"BreadcrumbList","@id":"https:\/\/gironaprosport.com\/cs\/sluzby-cs\/firemni-zajezdy-teambuilding\/#breadcrumb","itemListElement":[{"@type":"ListItem","position":1,"name":"Domovsk\u00e1 str\u00e1nka","item":"https:\/\/gironaprosport.com\/cs\/"},{"@type":"ListItem","position":2,"name":"Slu\u017eby","item":"https:\/\/gironaprosport.com\/cs\/sluzby-cs\/"},{"@type":"ListItem","position":3,"name":"Firemn\u00ed z\u00e1jezdy &#8211; teambuilding"}]},{"@type":"WebSite","@id":"https:\/\/gironaprosport.com\/cs\/#website","url":"https:\/\/gironaprosport.com\/cs\/","name":"Girona ProSport","description":"Cykloz\u00e1jazdy","publisher":{"@id":"https:\/\/gironaprosport.com\/cs\/#organization"},"potentialAction":[{"@type":"SearchAction","target":{"@type":"EntryPoint","urlTemplate":"https:\/\/gironaprosport.com\/cs\/?s={search_term_string}"},"query-input":{"@type":"PropertyValueSpecification","valueRequired":true,"valueName":"search_term_string"}}],"inLanguage":"cs"},{"@type":"Organization","@id":"https:\/\/gironaprosport.com\/cs\/#organization","name":"Girona PRO SPORT","url":"https:\/\/gironaprosport.com\/cs\/","logo":{"@type":"ImageObject","inLanguage":"cs","@id":"https:\/\/gironaprosport.com\/cs\/#\/schema\/logo\/image\/","url":"https:\/\/gironaprosport.com\/wp-content\/uploads\/logo-gps_64.png","contentUrl":"https:\/\/gironaprosport.com\/wp-content\/uploads\/logo-gps_64.png","width":320,"height":64,"caption":"Girona PRO SPORT"},"image":{"@id":"https:\/\/gironaprosport.com\/cs\/#\/schema\/logo\/image\/"},"sameAs":["http:\/\/fb.me\/gironaprosport","http:\/\/instagram.com\/girona_prosport\/","https:\/\/www.youtube.com\/channel\/UCv7gLuh2ONY6kESVj_3aSnA"]}]}},"meta_box":[],"_links":{"self":[{"href":"https:\/\/gironaprosport.com\/cs\/wp-json\/wp\/v2\/pages\/7392","targetHints":{"allow":["GET"]}}],"collection":[{"href":"https:\/\/gironaprosport.com\/cs\/wp-json\/wp\/v2\/pages"}],"about":[{"href":"https:\/\/gironaprosport.com\/cs\/wp-json\/wp\/v2\/types\/page"}],"author":[{"embeddable":true,"href":"https:\/\/gironaprosport.com\/cs\/wp-json\/wp\/v2\/users\/2"}],"replies":[{"embeddable":true,"href":"https:\/\/gironaprosport.com\/cs\/wp-json\/wp\/v2\/comments?post=7392"}],"version-history":[{"count":0,"href":"https:\/\/gironaprosport.com\/cs\/wp-json\/wp\/v2\/pages\/7392\/revisions"}],"up":[{"embeddable":true,"href":"https:\/\/gironaprosport.com\/cs\/wp-json\/wp\/v2\/pages\/7418"}],"wp:attachment":[{"href":"https:\/\/gironaprosport.com\/cs\/wp-json\/wp\/v2\/media?parent=7392"}],"curies":[{"name":"wp","href":"https:\/\/api.w.org\/{rel}","templated":true}]}}