{"id":7362,"date":"2020-06-07T15:44:29","date_gmt":"2020-06-07T13:44:29","guid":{"rendered":"https:\/\/gironaprosport.com\/vseobecne-obchodne-podmienky\/"},"modified":"2021-05-05T18:23:42","modified_gmt":"2021-05-05T16:23:42","slug":"vseobecne-obchodni-podminky","status":"publish","type":"page","link":"https:\/\/gironaprosport.com\/cs\/vseobecne-obchodni-podminky\/","title":{"rendered":"V\u0161eobecn\u00e9 obchodn\u00ed podm\u00ednky"},"content":{"rendered":"<p>V\u0161eobecn\u00e9 obchodn\u00e9 podmienky e-shop<\/p>\n<p>Tieto v\u0161eobecn\u00e9 podmienky (VOP) upravuj\u00fa pr\u00e1va a povinnosti zmluvn\u00fdch str\u00e1n vypl\u00fdvaj\u00face z k\u00fapnej zmluvy uzatvorenej medzi pred\u00e1vaj\u00facim, ktor\u00fdm je Jana Kunecov\u00e1, NIF: X5428277R, adresa El Viver, Carrer Sant Antoni 1, 17190 \u2013 Salt (Girona), \u0160panielsko, s\u00a0obchodn\u00fdm menom GIRONAPROSPORT , (\u010falej len &#8222;pred\u00e1vaj\u00faci&#8220;) a kupuj\u00facim &#8211; spotrebite\u013eom, ktorej predmetom je k\u00fapa a predaj tovaru na internetovej str\u00e1nke elektronick\u00e9ho obchodu pred\u00e1vaj\u00faceho.<\/p>\n<p>\u0160pecifik\u00e1cia pred\u00e1vaj\u00faceho a\u00a0vlastn\u00edka str\u00e1nky www.gironaprosport.com:<\/p>\n<p>Obchodn\u00e9 meno GironaProSport, registrovan\u00e9 na Jana Kunecov\u00e1, NIF: X5428277R, adresa El Viver, Carrer Sant Antoni 1, 17190 \u2013 Salt (Girona), \u0160panielsko, Email: info@gironaprosport.com\u00a0 Tel: +421 950 668430,\u00a0 +34 690 248632<\/p>\n<p>Kupuj\u00facim sa v zmysle t\u00fdchto Obchodn\u00fdch podmienok rozumie spotrebite\u013e.<\/p>\n<p>Spotrebite\u013eom sa na \u00fa\u010dely t\u00fdchto Obchodn\u00fdch podmienok rozumie fyzick\u00e1 osoba, ktor\u00e1 pri uzatv\u00e1ran\u00ed a plnen\u00ed k\u00fapnej zmluvy nekon\u00e1 v r\u00e1mci predmetu svojej podnikate\u013eskej \u010dinnosti, zamestnania alebo povolania.<\/p>\n<p>Kupuj\u00faci ako spotrebite\u013e pri zad\u00e1van\u00ed objedn\u00e1vky uvedie svoje meno, priezvisko, adresu bydliska, telef\u00f3nne \u010d\u00edslo, e-mailov\u00fd kontakt.<\/p>\n<p>Zmluvn\u00e9 strany sa dohodli, \u017ee kupuj\u00faci za\u0161krtnut\u00edm pol\u00ed\u010dka pred odoslan\u00edm objedn\u00e1vky pred\u00e1vaj\u00facemu potvrdzuje, \u017ee s\u00fahlas\u00ed s t\u00fdm, \u017ee tieto v\u0161eobecn\u00e9 obchodn\u00e9 podmienky a ich podmienky a ustanovenia sa bud\u00fa vz\u0165ahova\u0165 na v\u0161etky k\u00fapne zmluvy, uzavret\u00e9 na akejko\u013evek internetovej str\u00e1nke elektronick\u00e9ho obchodu, ktor\u00fa prev\u00e1dzkuje pred\u00e1vaj\u00faci, na z\u00e1klade ktorej pred\u00e1vaj\u00faci dod\u00e1 tovar prezentovan\u00fd na predmetnej internetovej str\u00e1nke kupuj\u00facemu (\u010falej len \u201ek\u00fapna zmluva\u201c) a na v\u0161etky vz\u0165ahy medzi pred\u00e1vaj\u00facim a kupuj\u00facim, vzniknut\u00e9 najm\u00e4 pri uzatv\u00e1ran\u00ed k\u00fapnej zmluvy a reklam\u00e1cii tovaru.<\/p>\n<p>V\u0161eobecn\u00e9 obchodn\u00e9 podmienky s\u00fa neoddelite\u013enou s\u00fa\u010das\u0165ou k\u00fapnej zmluvy. V pr\u00edpade, \u017ee pred\u00e1vaj\u00faci a kupuj\u00faci uzatvoria p\u00edsomn\u00fa k\u00fapnu zmluvu, v ktorej si dohodn\u00fa podmienky odli\u0161n\u00e9 od v\u0161eobecn\u00fdch obchodn\u00fdch podmienok, bud\u00fa ustanovenia k\u00fapnej zmluvy uprednostnen\u00e9 pred v\u0161eobecn\u00fdmi obchodn\u00fdmi podmienkami.<\/p>\n<p>Zoznam tovaru na akejko\u013evek internetovej str\u00e1nke elektronick\u00e9ho obchodu, ktor\u00fa prev\u00e1dzkuje pred\u00e1vaj\u00faci, je katal\u00f3gom be\u017ene dod\u00e1van\u00e9ho tovaru a pred\u00e1vaj\u00faci nezaru\u010duje okam\u017eit\u00fa dostupnos\u0165 v\u0161etk\u00fdch uveden\u00fdch tovarov. Dostupnos\u0165 tovaru bude pre kupuj\u00faceho preveren\u00e1 po doru\u010den\u00ed potvrdenia o prijat\u00ed objedn\u00e1vky.<\/p>\n<p>CENY<\/p>\n<p>V\u0161etky ceny uveden\u00e9 na webovej str\u00e1nke www.gironporsport.com zahr\u0148uj\u00fa DPH. Ceny s\u00fa uveden\u00e9 v\u00a0eur\u00e1ch (\u20ac). K\u00a0cen\u00e1m uveden\u00fdm na webe sa pripo\u010d\u00edta cena za dopravu. Inform\u00e1cia o\u00a0cene za dopravu bude kupuj\u00facemu ozn\u00e1men\u00e1 pred uskuto\u010dnen\u00edm k\u00fapy tovaru.<\/p>\n<p>Ceny jednotliv\u00fdch produktov s\u00fa zverejnen\u00e9 vopred, pred objedn\u00e1vkou, pri ka\u017edom produkte zvl\u00e1\u0161\u0165 a s\u00fa pre pred\u00e1vaj\u00faceho a kupuj\u00faceho z\u00e1v\u00e4zn\u00e9.<\/p>\n<p>Pred\u00e1vaj\u00faci si uplat\u0148uje pr\u00e1vo jednostranne meni\u0165 ceny a obsah ponuky produktov, ktor\u00e9 s\u00fa zverejnen\u00e9 na webovej str\u00e1nke www.gironaprosport.com.\u00a0 Upraven\u00e9 ceny sa nevz\u0165ahuj\u00fa na u\u017e kupuj\u00facim objednan\u00e9 produkty.<\/p>\n<p>SP\u00d4SOB UZATV\u00c1RANIA K\u00daPNEJ ZMLUVY<\/p>\n<p>K\u00fapna zmluva je uzavret\u00e1 z\u00e1v\u00e4zn\u00fdm akceptovan\u00edm n\u00e1vrhu na uzatvorenie k\u00fapnej zmluvy kupuj\u00faceho pred\u00e1vaj\u00facim vo forme e-mailovej spr\u00e1vy kupuj\u00faceho zaslanej pred\u00e1vaj\u00facemu a\/alebo vo forme kupuj\u00facim vyplnen\u00e9ho a odoslan\u00e9ho formul\u00e1ra na internetovej str\u00e1nke pred\u00e1vaj\u00faceho.<\/p>\n<p>PR\u00c1VA A\u00a0POVINNOSTI KUPUJ\u00daCEHO<\/p>\n<p>Pred\u00e1vaj\u00faci sa zav\u00e4zuje kupuj\u00facemu doda\u0165 tovar:<\/p>\n<ul>\n<li>Druhu, kvality, mno\u017estva uvedenej v objedn\u00e1vke v k\u00fapnej cene a za platobn\u00fdch podmienok, ktor\u00e9 platia v de\u0148 odoslania objedn\u00e1vky.<\/li>\n<li>Tovar, ktor\u00fd bude vhodne zabalen\u00fd, aby nedo\u0161lo k jeho po\u0161kodeniu po\u010das prepravy.<\/li>\n<li>Platn\u00fd da\u0148ov\u00fd doklad &#8211; fakt\u00faru v elektronickej forme mailom.<\/li>\n<\/ul>\n<p>Pred\u00e1vaj\u00faci nezodpoved\u00e1 za:<\/p>\n<ul>\n<li>Oneskoren\u00e9 dodanie tovaru zavinen\u00e9 po\u0161tou alebo kuri\u00e9rskou slu\u017ebou.<\/li>\n<li>Oneskoren\u00e9 dodanie tovaru zavinen\u00e9 nespr\u00e1vne udanou adresou prij\u00edmate\u013ea.<\/li>\n<li>Za po\u0161kodenie z\u00e1sielky zavinen\u00e9 po\u0161tou alebo kuri\u00e9rskou slu\u017ebou.<\/li>\n<li>Pr\u00edpadn\u00e9 nedodanie tovaru, ku ktor\u00e9mu do\u0161lo vinou v\u00fdrobcu (dod\u00e1vate\u013ea) alebo in\u00fdch nepredv\u00eddate\u013en\u00fdch prek\u00e1\u017eok.<\/li>\n<\/ul>\n<p>V pr\u00edpade, ak objednan\u00fd tovar nie je dostupn\u00fd pod\u013ea \u00fadajov uveden\u00fdch na str\u00e1nke internetov\u00e9ho obchodu, pred\u00e1vaj\u00faci je povinn\u00fd informova\u0165 kupuj\u00faceho o tejto skuto\u010dnosti. Kupuj\u00faci je na z\u00e1klade tejto skuto\u010dnosti opr\u00e1vnen\u00fd odst\u00fapi\u0165 od zmluvy, pr\u00edpadne na z\u00e1klade dohody s pred\u00e1vaj\u00facim upravi\u0165 objedn\u00e1vku.<\/p>\n<p>Povinnosti kupuj\u00faceho &#8211; Kupuj\u00faci sa zav\u00e4zuje:<\/p>\n<ul>\n<li>Kupuj\u00faci je povinn\u00fd presved\u010di\u0165 sa \u017ee tovar je v po\u017eadovanom mno\u017estve, farbe, ve\u013ekosti predt\u00fdm ako uskuto\u010dn\u00ed objedn\u00e1vku.<\/li>\n<li>Pravdivo a \u00faplne vyplni\u0165 objedn\u00e1vkov\u00fd formul\u00e1r na str\u00e1nke predajcu.<\/li>\n<li>Objednan\u00fd tovar prevzia\u0165, skontrolova\u0165 neporu\u0161enos\u0165 obalov a v pr\u00edpade ak\u00fdchko\u013evek z\u00e1vad pred\u00e1vaj\u00faceho bezodkladne kontaktova\u0165 a informova\u0165 ho o zisten\u00fdch nedostatkoch.<\/li>\n<li>Zaplati\u0165 za tovar k\u00fapnu cenu vo v\u00fd\u0161ke a v zmysle platobn\u00fdch podmienok platn\u00fdch v de\u0148 odoslania objedn\u00e1vky a zaplati\u0165 cenu za doru\u010denie tovaru.<\/li>\n<\/ul>\n<p>V pr\u00edpade, ak si kupuj\u00faci tovar neprevezme (na z\u00e1klade objedn\u00e1vky), pred\u00e1vaj\u00faci si vyhradzuje pr\u00e1vo uplatni\u0165 svoj n\u00e1rok na n\u00e1hradu vzniknutej \u0161kody.<\/p>\n<p>Kupuj\u00faci akceptuje da\u0148ov\u00fd doklad (fakt\u00faru) v elektronickej forme.<\/p>\n<p>Pred\u00e1vaj\u00faci nezodpoved\u00e1 za nespr\u00e1vne vyplnen\u00e9 identifika\u010dn\u00e9 \u00fadaje kupuj\u00faceho, z \u010doho m\u00f4\u017ee plyn\u00fa\u0165 nedodanie objednan\u00e9ho produktu.<\/p>\n<p>Pred\u00e1vaj\u00faci si vyhradzuje v ojedinel\u00fdch pr\u00edpadoch pr\u00e1vo na nedodanie objednan\u00e9ho produktu (z\u00e1sahy vy\u0161\u0161ej moci, technick\u00e9 prek\u00e1\u017eky na strane pred\u00e1vaj\u00faceho, podozrenie zo zneu\u017eitia produktov na trestn\u00fa, alebo obdobn\u00fa \u010dinnos\u0165 a pod.). Ak na strane kupuj\u00faceho u\u017e do\u0161lo k zaplateniu objednan\u00fdch produktov a zo strany pred\u00e1vaj\u00faceho nem\u00f4\u017ee d\u00f4js\u0165 k plneniu, pred\u00e1vaj\u00faci vr\u00e1ti sp\u00e4\u0165 zaplaten\u00fa k\u00fapnu cenu kupuj\u00facemu.<\/p>\n<p>Pred\u00e1vaj\u00faci nenesie vo\u010di kupuj\u00facemu, ani vo\u010di akejko\u013evek tretej strane \u017eiadnu zodpovednos\u0165 za ak\u00e9ko\u013evek priame, alebo nepriame \u0161kody (vr\u00e1tane u\u0161l\u00e9ho zisku) sp\u00f4soben\u00e9 nespr\u00e1vnym pou\u017eit\u00edm zak\u00fapen\u00e9ho produktu.<\/p>\n<p>PLATOBN\u00c9 PODMIENKY<\/p>\n<p>Gironaprosport akceptuje tieto platobn\u00e9 met\u00f3dy:<\/p>\n<ul>\n<li>Paypal<\/li>\n<li>Stripe (Visa\/Mastercard)<\/li>\n<li>Platba prevodom na \u00fa\u010det<\/li>\n<\/ul>\n<p>DOBA DORU\u010cENIA \u2013 doba doru\u010denia je 4-5 pracovn\u00fdch dn\u00ed od potvrdenia objedn\u00e1vky pri \u0161tandardom doru\u010den\u00ed, u expresn\u00e9ho doru\u010denia je to 2-3 pracovn\u00fdch dn\u00ed od potvrdenia objedn\u00e1vky.<\/p>\n<p>CENA DOPRAVY \u2013 pri \u0161tandardnom doru\u010den\u00ed 6 EUR , pri objedn\u00e1vkach nad 100 EUR je \u0161tandardn\u00e9 doru\u010denie <strong>zdarma<\/strong>. Pri expresnom doru\u010den\u00ed je to 19 EUR pri bal\u00edkoch do 1 kg a 24 EUR pri bal\u00edkoch od 1kg do 2,5kg<\/p>\n<p>REKLAM\u00c1CIE \/ V\u00ddMENY \/ VR\u00c1TENIE<\/p>\n<p>Kupuj\u00faci je opr\u00e1vnen\u00fd uplat\u0148ova\u0165 vo\u010di pred\u00e1vaj\u00facemu n\u00e1roky z v\u00e1d, ktor\u00e9 mal produkt v \u010dase jeho dodania, a tie\u017e je opr\u00e1vnen\u00fd n\u00e1rokova\u0165 si odstr\u00e1nenie vady.<\/p>\n<p>Ak kupuj\u00faci zist\u00ed vadu produktu, je opr\u00e1vnen\u00fd poda\u0165 p\u00edsomn\u00fa reklam\u00e1ciu zak\u00fapen\u00fdch vzorov dokumentov v\u00fdlu\u010dne na emailovej adrese pred\u00e1vaj\u00faceho, uvedenej v kontaktn\u00fdch \u00fadajoch (konkr\u00e9tne: info@gironaprosport.com). Reklam\u00e1ciu si kupuj\u00faci m\u00f4\u017ee uplatni\u0165 do 3 dn\u00ed od dodania produktu.<\/p>\n<p>Pred\u00e1vaj\u00faci vybav\u00ed reklam\u00e1ciu v lehote do 30 dn\u00ed od uplatnenia reklam\u00e1cie.<\/p>\n<p>Tovar sa m\u00f4\u017ee vymeni\u0165 za in\u00fa ve\u013ekos\u0165 alebo in\u00fd model. Tovar mus\u00ed by\u0165 vr\u00e1ten\u00fd nepou\u017eit\u00fd, v p\u00f4vodnom stave, so v\u0161etk\u00fdmi visa\u010dkami a origin\u00e1lnymi obalmi s k\u00f3piou origin\u00e1lnej fakt\u00fary.<\/p>\n<p>Kupuj\u00faci m\u00e1 mo\u017enos\u0165 vr\u00e1ti\u0165 produkt bez uvedenia d\u00f4vodu do 14 dn\u00ed od jeho doru\u010denia. \u00a0Kupuj\u00faci v tomto pr\u00edpade vr\u00e1ti tovar na ur\u010den\u00e9 miesto (zbern\u00e9 miesto na \u00fazem\u00ed Slovenskej Republiky), je povinn\u00fd pred odoslan\u00edm tovaru p\u00edsomne upovedomi\u0165 pred\u00e1vaj\u00faceho na emailov\u00fa adresu info@gironaprosport.com, a tovar mus\u00ed by\u0165 vr\u00e1ten\u00fd nepou\u017eit\u00fd, v p\u00f4vodnom stave, so v\u0161etk\u00fdmi visa\u010dkami a origin\u00e1lnymi obalmi s k\u00f3piou origin\u00e1lnej fakt\u00fary.<\/p>\n<p>Na uzatvoren\u00e9 obchodn\u00e9 vz\u0165ahy medzi pred\u00e1vaj\u00facim a kupuj\u00facim sa vz\u0165ahuj\u00fa VOP platn\u00e9 a \u00fa\u010dinn\u00e9 v \u010dase dan\u00e9ho obchodn\u00e9ho vz\u0165ahu.<\/p>\n<p>V pr\u00edpade, \u017ee niektor\u00e9 z ustanoven\u00ed VOP s\u00fa neplatn\u00e9 alebo ne\u00fa\u010dinn\u00e9, nem\u00e1 tak\u00e1to neplatnos\u0165 alebo ne\u00fa\u010dinnos\u0165 za n\u00e1sledok neplatnos\u0165 alebo ne\u00fa\u010dinnos\u0165 \u010fal\u0161\u00edch ustanoven\u00ed VOP. V takomto pr\u00edpade pred\u00e1vaj\u00faci bez zbyto\u010dn\u00e9ho odkladu nahrad\u00ed neplatn\u00e9 alebo ne\u00fa\u010dinn\u00e9 ustanovenie nov\u00fdm tak, aby bol zachovan\u00fd \u00fa\u010del, sledovan\u00fd pr\u00edslu\u0161n\u00fdm ustanoven\u00edm v \u010dase jeho prijatia.<\/p>\n<p>Pred\u00e1vaj\u00faci a kupuj\u00faci s\u00fahlasia, \u017ee ak\u00e9ko\u013evek doru\u010dovanie p\u00edsomnosti medzi nimi v s\u00favislosti s plnen\u00edm ich pr\u00e1v a povinnost\u00ed sa bude vykon\u00e1va\u0165 v\u017edy elektronickou po\u0161tou.<\/p>\n<p>Pred\u00e1vaj\u00faci si vyhradzuje pr\u00e1vo zmien a\u00a0\u00faprav vo VOP, tieto zmeny a\u00a0\u00fapravy bud\u00fa spr\u00edstupnen\u00e9 kupuj\u00facim na webe www.gironaprosport.com a\u00a0bud\u00fa aplikovan\u00e9 iba na n\u00e1kupy uskuto\u010dnen\u00e9 po zmene VOP.<\/p>\n<p>Tieto VOP nadob\u00fadaj\u00fa platnos\u0165 a \u00fa\u010dinnos\u0165 d\u0148a 1.2.2020.<\/p>\n","protected":false},"excerpt":{"rendered":"<p>V\u0161eobecn\u00e9 obchodn\u00e9 podmienky e-shop Tieto v\u0161eobecn\u00e9 podmienky (VOP) upravuj\u00fa pr\u00e1va a povinnosti zmluvn\u00fdch str\u00e1n vypl\u00fdvaj\u00face z k\u00fapnej zmluvy uzatvorenej medzi pred\u00e1vaj\u00facim, ktor\u00fdm je Jana Kunecov\u00e1,&#8230;<\/p>\n","protected":false},"author":2,"featured_media":0,"parent":0,"menu_order":35,"comment_status":"closed","ping_status":"closed","template":"","meta":{"_monsterinsights_skip_tracking":false,"_monsterinsights_sitenote_active":false,"_monsterinsights_sitenote_note":"","_monsterinsights_sitenote_category":0,"footnotes":""},"class_list":["post-7362","page","type-page","status-publish","hentry"],"yoast_head":"<!-- This site is optimized with the Yoast SEO plugin v26.6 - https:\/\/yoast.com\/wordpress\/plugins\/seo\/ -->\n<title>V\u0161eobecn\u00e9 obchodn\u00ed podm\u00ednky - Girona ProSport<\/title>\n<meta name=\"robots\" content=\"index, follow, max-snippet:-1, max-image-preview:large, max-video-preview:-1\" \/>\n<link rel=\"canonical\" href=\"https:\/\/gironaprosport.com\/cs\/vseobecne-obchodni-podminky\/\" \/>\n<meta property=\"og:locale\" content=\"cs_CZ\" \/>\n<meta property=\"og:type\" content=\"article\" \/>\n<meta property=\"og:title\" content=\"V\u0161eobecn\u00e9 obchodn\u00ed podm\u00ednky - Girona ProSport\" \/>\n<meta property=\"og:description\" content=\"V\u0161eobecn\u00e9 obchodn\u00e9 podmienky e-shop Tieto v\u0161eobecn\u00e9 podmienky (VOP) upravuj\u00fa pr\u00e1va a povinnosti zmluvn\u00fdch str\u00e1n vypl\u00fdvaj\u00face z k\u00fapnej zmluvy uzatvorenej medzi pred\u00e1vaj\u00facim, ktor\u00fdm je Jana Kunecov\u00e1,...\" \/>\n<meta property=\"og:url\" content=\"https:\/\/gironaprosport.com\/cs\/vseobecne-obchodni-podminky\/\" \/>\n<meta property=\"og:site_name\" content=\"Girona ProSport\" \/>\n<meta property=\"article:publisher\" content=\"http:\/\/fb.me\/gironaprosport\" \/>\n<meta property=\"article:modified_time\" content=\"2021-05-05T16:23:42+00:00\" \/>\n<meta name=\"twitter:card\" content=\"summary_large_image\" \/>\n<meta name=\"twitter:label1\" content=\"Odhadovan\u00e1 doba \u010dten\u00ed\" \/>\n\t<meta name=\"twitter:data1\" content=\"5 minut\" \/>\n<script type=\"application\/ld+json\" class=\"yoast-schema-graph\">{\"@context\":\"https:\/\/schema.org\",\"@graph\":[{\"@type\":\"WebPage\",\"@id\":\"https:\/\/gironaprosport.com\/cs\/vseobecne-obchodni-podminky\/\",\"url\":\"https:\/\/gironaprosport.com\/cs\/vseobecne-obchodni-podminky\/\",\"name\":\"V\u0161eobecn\u00e9 obchodn\u00ed podm\u00ednky - Girona ProSport\",\"isPartOf\":{\"@id\":\"https:\/\/gironaprosport.com\/cs\/#website\"},\"datePublished\":\"2020-06-07T13:44:29+00:00\",\"dateModified\":\"2021-05-05T16:23:42+00:00\",\"breadcrumb\":{\"@id\":\"https:\/\/gironaprosport.com\/cs\/vseobecne-obchodni-podminky\/#breadcrumb\"},\"inLanguage\":\"cs\",\"potentialAction\":[{\"@type\":\"ReadAction\",\"target\":[\"https:\/\/gironaprosport.com\/cs\/vseobecne-obchodni-podminky\/\"]}]},{\"@type\":\"BreadcrumbList\",\"@id\":\"https:\/\/gironaprosport.com\/cs\/vseobecne-obchodni-podminky\/#breadcrumb\",\"itemListElement\":[{\"@type\":\"ListItem\",\"position\":1,\"name\":\"Domovsk\u00e1 str\u00e1nka\",\"item\":\"https:\/\/gironaprosport.com\/cs\/\"},{\"@type\":\"ListItem\",\"position\":2,\"name\":\"V\u0161eobecn\u00e9 obchodn\u00ed podm\u00ednky\"}]},{\"@type\":\"WebSite\",\"@id\":\"https:\/\/gironaprosport.com\/cs\/#website\",\"url\":\"https:\/\/gironaprosport.com\/cs\/\",\"name\":\"Girona ProSport\",\"description\":\"Cykloz\u00e1jazdy\",\"publisher\":{\"@id\":\"https:\/\/gironaprosport.com\/cs\/#organization\"},\"potentialAction\":[{\"@type\":\"SearchAction\",\"target\":{\"@type\":\"EntryPoint\",\"urlTemplate\":\"https:\/\/gironaprosport.com\/cs\/?s={search_term_string}\"},\"query-input\":{\"@type\":\"PropertyValueSpecification\",\"valueRequired\":true,\"valueName\":\"search_term_string\"}}],\"inLanguage\":\"cs\"},{\"@type\":\"Organization\",\"@id\":\"https:\/\/gironaprosport.com\/cs\/#organization\",\"name\":\"Girona PRO SPORT\",\"url\":\"https:\/\/gironaprosport.com\/cs\/\",\"logo\":{\"@type\":\"ImageObject\",\"inLanguage\":\"cs\",\"@id\":\"https:\/\/gironaprosport.com\/cs\/#\/schema\/logo\/image\/\",\"url\":\"https:\/\/gironaprosport.com\/wp-content\/uploads\/logo-gps_64.png\",\"contentUrl\":\"https:\/\/gironaprosport.com\/wp-content\/uploads\/logo-gps_64.png\",\"width\":320,\"height\":64,\"caption\":\"Girona PRO SPORT\"},\"image\":{\"@id\":\"https:\/\/gironaprosport.com\/cs\/#\/schema\/logo\/image\/\"},\"sameAs\":[\"http:\/\/fb.me\/gironaprosport\",\"http:\/\/instagram.com\/girona_prosport\/\",\"https:\/\/www.youtube.com\/channel\/UCv7gLuh2ONY6kESVj_3aSnA\"]}]}<\/script>\n<!-- \/ Yoast SEO plugin. -->","yoast_head_json":{"title":"V\u0161eobecn\u00e9 obchodn\u00ed podm\u00ednky - Girona ProSport","robots":{"index":"index","follow":"follow","max-snippet":"max-snippet:-1","max-image-preview":"max-image-preview:large","max-video-preview":"max-video-preview:-1"},"canonical":"https:\/\/gironaprosport.com\/cs\/vseobecne-obchodni-podminky\/","og_locale":"cs_CZ","og_type":"article","og_title":"V\u0161eobecn\u00e9 obchodn\u00ed podm\u00ednky - Girona ProSport","og_description":"V\u0161eobecn\u00e9 obchodn\u00e9 podmienky e-shop Tieto v\u0161eobecn\u00e9 podmienky (VOP) upravuj\u00fa pr\u00e1va a povinnosti zmluvn\u00fdch str\u00e1n vypl\u00fdvaj\u00face z k\u00fapnej zmluvy uzatvorenej medzi pred\u00e1vaj\u00facim, ktor\u00fdm je Jana Kunecov\u00e1,...","og_url":"https:\/\/gironaprosport.com\/cs\/vseobecne-obchodni-podminky\/","og_site_name":"Girona ProSport","article_publisher":"http:\/\/fb.me\/gironaprosport","article_modified_time":"2021-05-05T16:23:42+00:00","twitter_card":"summary_large_image","twitter_misc":{"Odhadovan\u00e1 doba \u010dten\u00ed":"5 minut"},"schema":{"@context":"https:\/\/schema.org","@graph":[{"@type":"WebPage","@id":"https:\/\/gironaprosport.com\/cs\/vseobecne-obchodni-podminky\/","url":"https:\/\/gironaprosport.com\/cs\/vseobecne-obchodni-podminky\/","name":"V\u0161eobecn\u00e9 obchodn\u00ed podm\u00ednky - Girona ProSport","isPartOf":{"@id":"https:\/\/gironaprosport.com\/cs\/#website"},"datePublished":"2020-06-07T13:44:29+00:00","dateModified":"2021-05-05T16:23:42+00:00","breadcrumb":{"@id":"https:\/\/gironaprosport.com\/cs\/vseobecne-obchodni-podminky\/#breadcrumb"},"inLanguage":"cs","potentialAction":[{"@type":"ReadAction","target":["https:\/\/gironaprosport.com\/cs\/vseobecne-obchodni-podminky\/"]}]},{"@type":"BreadcrumbList","@id":"https:\/\/gironaprosport.com\/cs\/vseobecne-obchodni-podminky\/#breadcrumb","itemListElement":[{"@type":"ListItem","position":1,"name":"Domovsk\u00e1 str\u00e1nka","item":"https:\/\/gironaprosport.com\/cs\/"},{"@type":"ListItem","position":2,"name":"V\u0161eobecn\u00e9 obchodn\u00ed podm\u00ednky"}]},{"@type":"WebSite","@id":"https:\/\/gironaprosport.com\/cs\/#website","url":"https:\/\/gironaprosport.com\/cs\/","name":"Girona ProSport","description":"Cykloz\u00e1jazdy","publisher":{"@id":"https:\/\/gironaprosport.com\/cs\/#organization"},"potentialAction":[{"@type":"SearchAction","target":{"@type":"EntryPoint","urlTemplate":"https:\/\/gironaprosport.com\/cs\/?s={search_term_string}"},"query-input":{"@type":"PropertyValueSpecification","valueRequired":true,"valueName":"search_term_string"}}],"inLanguage":"cs"},{"@type":"Organization","@id":"https:\/\/gironaprosport.com\/cs\/#organization","name":"Girona PRO SPORT","url":"https:\/\/gironaprosport.com\/cs\/","logo":{"@type":"ImageObject","inLanguage":"cs","@id":"https:\/\/gironaprosport.com\/cs\/#\/schema\/logo\/image\/","url":"https:\/\/gironaprosport.com\/wp-content\/uploads\/logo-gps_64.png","contentUrl":"https:\/\/gironaprosport.com\/wp-content\/uploads\/logo-gps_64.png","width":320,"height":64,"caption":"Girona PRO SPORT"},"image":{"@id":"https:\/\/gironaprosport.com\/cs\/#\/schema\/logo\/image\/"},"sameAs":["http:\/\/fb.me\/gironaprosport","http:\/\/instagram.com\/girona_prosport\/","https:\/\/www.youtube.com\/channel\/UCv7gLuh2ONY6kESVj_3aSnA"]}]}},"meta_box":[],"_links":{"self":[{"href":"https:\/\/gironaprosport.com\/cs\/wp-json\/wp\/v2\/pages\/7362","targetHints":{"allow":["GET"]}}],"collection":[{"href":"https:\/\/gironaprosport.com\/cs\/wp-json\/wp\/v2\/pages"}],"about":[{"href":"https:\/\/gironaprosport.com\/cs\/wp-json\/wp\/v2\/types\/page"}],"author":[{"embeddable":true,"href":"https:\/\/gironaprosport.com\/cs\/wp-json\/wp\/v2\/users\/2"}],"replies":[{"embeddable":true,"href":"https:\/\/gironaprosport.com\/cs\/wp-json\/wp\/v2\/comments?post=7362"}],"version-history":[{"count":0,"href":"https:\/\/gironaprosport.com\/cs\/wp-json\/wp\/v2\/pages\/7362\/revisions"}],"wp:attachment":[{"href":"https:\/\/gironaprosport.com\/cs\/wp-json\/wp\/v2\/media?parent=7362"}],"curies":[{"name":"wp","href":"https:\/\/api.w.org\/{rel}","templated":true}]}}