{"id":7354,"date":"2020-06-07T15:56:37","date_gmt":"2020-06-07T13:56:37","guid":{"rendered":"https:\/\/gironaprosport.com\/reklamacie-vymeny-vratenie\/"},"modified":"2021-08-03T15:59:08","modified_gmt":"2021-08-03T13:59:08","slug":"reklamace-vymeny-vraceni","status":"publish","type":"page","link":"https:\/\/gironaprosport.com\/cs\/reklamace-vymeny-vraceni\/","title":{"rendered":"Reklamace \/ V\u00fdm\u011bny \/ Vr\u00e1cen\u00ed"},"content":{"rendered":"<p>REKLAMACE \/ V\u00ddM\u011aNY \/ VR\u00c1CEN\u00cd<\/p>\n<p>Kupuj\u00edc\u00ed je opr\u00e1vn\u011bn uplat\u0148ovat v\u016f\u010di prod\u00e1vaj\u00edc\u00edmu n\u00e1roky z vad, kter\u00e9 m\u011bl produkt v dob\u011b jeho dod\u00e1n\u00ed, a tak\u00e9 je opr\u00e1vn\u011bn n\u00e1rokovat si odstran\u011bn\u00ed vady.<\/p>\n<p>Pokud kupuj\u00edc\u00ed zjist\u00ed vadu produktu, je opr\u00e1vn\u011bn podat p\u00edsemnou reklamaci zakoupen\u00fdch vzor\u016f dokument\u016f v\u00fdlu\u010dn\u011b na emailov\u00e9 adrese prod\u00e1vaj\u00edc\u00edho, uveden\u00e9 v kontaktn\u00edch \u00fadaj\u00edch (konkr\u00e9tn\u011b: info@gironaprosport.com). Reklamaci si kupuj\u00edc\u00ed m\u016f\u017ee uplatnit do 3 dn\u016f od dod\u00e1n\u00ed produktu.<\/p>\n<p>Prod\u00e1vaj\u00edc\u00ed vy\u0159\u00edd\u00ed reklamaci ve lh\u016ft\u011b do 30 dn\u016f od uplatn\u011bn\u00ed reklamace.<\/p>\n<p>Zbo\u017e\u00ed lze vym\u011bnit za jinou velikost nebo jin\u00fd model. Zbo\u017e\u00ed mus\u00ed b\u00fdt vr\u00e1ceno nepou\u017eit\u00e9, v p\u016fvodn\u00edm stavu, se v\u0161emi visa\u010dkami a origin\u00e1ln\u00edmi obaly s kopi\u00ed origin\u00e1lu faktury.<\/p>\n<p>Kupuj\u00edc\u00ed m\u00e1 mo\u017enost vr\u00e1tit produkt bez uveden\u00ed d\u016fvodu do 14 dn\u016f od jeho doru\u010den\u00ed. Kupuj\u00edc\u00ed v tomto p\u0159\u00edpad\u011b vr\u00e1t\u00ed zbo\u017e\u00ed na ur\u010den\u00e9 m\u00edsto (sb\u011brn\u00e9 m\u00edsto na \u00fazem\u00ed Slovenskej Republiky), je povinen p\u0159ed odesl\u00e1n\u00edm zbo\u017e\u00ed p\u00edsemn\u011b uv\u011bdomit prod\u00e1vaj\u00edc\u00edho na emailovou adresu info@gironaprosport.com, a zbo\u017e\u00ed mus\u00ed b\u00fdt vr\u00e1ceno nepou\u017eit\u00e9, v p\u016fvodn\u00edm stavu, se v\u0161emi visa\u010dkami a origin\u00e1ln\u00edmi obaly s kopi\u00ed origin\u00e1lu faktury.<\/p>\n","protected":false},"excerpt":{"rendered":"<p>REKLAMACE \/ V\u00ddM\u011aNY \/ VR\u00c1CEN\u00cd Kupuj\u00edc\u00ed je opr\u00e1vn\u011bn uplat\u0148ovat v\u016f\u010di prod\u00e1vaj\u00edc\u00edmu n\u00e1roky z vad, kter\u00e9 m\u011bl produkt v dob\u011b jeho dod\u00e1n\u00ed, a tak\u00e9 je opr\u00e1vn\u011bn&#8230;<\/p>\n","protected":false},"author":2,"featured_media":0,"parent":0,"menu_order":25,"comment_status":"closed","ping_status":"closed","template":"","meta":{"_monsterinsights_skip_tracking":false,"_monsterinsights_sitenote_active":false,"_monsterinsights_sitenote_note":"","_monsterinsights_sitenote_category":0,"footnotes":""},"class_list":["post-7354","page","type-page","status-publish","hentry"],"yoast_head":"<!-- This site is optimized with the Yoast SEO plugin v26.6 - https:\/\/yoast.com\/wordpress\/plugins\/seo\/ -->\n<title>Reklamace \/ V\u00fdm\u011bny \/ Vr\u00e1cen\u00ed - Girona ProSport<\/title>\n<meta name=\"robots\" content=\"index, follow, max-snippet:-1, max-image-preview:large, max-video-preview:-1\" \/>\n<link rel=\"canonical\" href=\"https:\/\/gironaprosport.com\/cs\/reklamace-vymeny-vraceni\/\" \/>\n<meta property=\"og:locale\" content=\"cs_CZ\" \/>\n<meta property=\"og:type\" content=\"article\" \/>\n<meta property=\"og:title\" content=\"Reklamace \/ V\u00fdm\u011bny \/ Vr\u00e1cen\u00ed - Girona ProSport\" \/>\n<meta property=\"og:description\" content=\"REKLAMACE \/ V\u00ddM\u011aNY \/ VR\u00c1CEN\u00cd Kupuj\u00edc\u00ed je opr\u00e1vn\u011bn uplat\u0148ovat v\u016f\u010di prod\u00e1vaj\u00edc\u00edmu n\u00e1roky z vad, kter\u00e9 m\u011bl produkt v dob\u011b jeho dod\u00e1n\u00ed, a tak\u00e9 je opr\u00e1vn\u011bn...\" \/>\n<meta property=\"og:url\" content=\"https:\/\/gironaprosport.com\/cs\/reklamace-vymeny-vraceni\/\" \/>\n<meta property=\"og:site_name\" content=\"Girona ProSport\" \/>\n<meta property=\"article:publisher\" content=\"http:\/\/fb.me\/gironaprosport\" \/>\n<meta property=\"article:modified_time\" content=\"2021-08-03T13:59:08+00:00\" \/>\n<meta name=\"twitter:card\" content=\"summary_large_image\" \/>\n<meta name=\"twitter:label1\" content=\"Odhadovan\u00e1 doba \u010dten\u00ed\" \/>\n\t<meta name=\"twitter:data1\" content=\"1 minuta\" \/>\n<script type=\"application\/ld+json\" class=\"yoast-schema-graph\">{\"@context\":\"https:\/\/schema.org\",\"@graph\":[{\"@type\":\"WebPage\",\"@id\":\"https:\/\/gironaprosport.com\/cs\/reklamace-vymeny-vraceni\/\",\"url\":\"https:\/\/gironaprosport.com\/cs\/reklamace-vymeny-vraceni\/\",\"name\":\"Reklamace \/ V\u00fdm\u011bny \/ Vr\u00e1cen\u00ed - Girona ProSport\",\"isPartOf\":{\"@id\":\"https:\/\/gironaprosport.com\/cs\/#website\"},\"datePublished\":\"2020-06-07T13:56:37+00:00\",\"dateModified\":\"2021-08-03T13:59:08+00:00\",\"breadcrumb\":{\"@id\":\"https:\/\/gironaprosport.com\/cs\/reklamace-vymeny-vraceni\/#breadcrumb\"},\"inLanguage\":\"cs\",\"potentialAction\":[{\"@type\":\"ReadAction\",\"target\":[\"https:\/\/gironaprosport.com\/cs\/reklamace-vymeny-vraceni\/\"]}]},{\"@type\":\"BreadcrumbList\",\"@id\":\"https:\/\/gironaprosport.com\/cs\/reklamace-vymeny-vraceni\/#breadcrumb\",\"itemListElement\":[{\"@type\":\"ListItem\",\"position\":1,\"name\":\"Domovsk\u00e1 str\u00e1nka\",\"item\":\"https:\/\/gironaprosport.com\/cs\/\"},{\"@type\":\"ListItem\",\"position\":2,\"name\":\"Reklamace \/ V\u00fdm\u011bny \/ Vr\u00e1cen\u00ed\"}]},{\"@type\":\"WebSite\",\"@id\":\"https:\/\/gironaprosport.com\/cs\/#website\",\"url\":\"https:\/\/gironaprosport.com\/cs\/\",\"name\":\"Girona ProSport\",\"description\":\"Cykloz\u00e1jazdy\",\"publisher\":{\"@id\":\"https:\/\/gironaprosport.com\/cs\/#organization\"},\"potentialAction\":[{\"@type\":\"SearchAction\",\"target\":{\"@type\":\"EntryPoint\",\"urlTemplate\":\"https:\/\/gironaprosport.com\/cs\/?s={search_term_string}\"},\"query-input\":{\"@type\":\"PropertyValueSpecification\",\"valueRequired\":true,\"valueName\":\"search_term_string\"}}],\"inLanguage\":\"cs\"},{\"@type\":\"Organization\",\"@id\":\"https:\/\/gironaprosport.com\/cs\/#organization\",\"name\":\"Girona PRO SPORT\",\"url\":\"https:\/\/gironaprosport.com\/cs\/\",\"logo\":{\"@type\":\"ImageObject\",\"inLanguage\":\"cs\",\"@id\":\"https:\/\/gironaprosport.com\/cs\/#\/schema\/logo\/image\/\",\"url\":\"https:\/\/gironaprosport.com\/wp-content\/uploads\/logo-gps_64.png\",\"contentUrl\":\"https:\/\/gironaprosport.com\/wp-content\/uploads\/logo-gps_64.png\",\"width\":320,\"height\":64,\"caption\":\"Girona PRO SPORT\"},\"image\":{\"@id\":\"https:\/\/gironaprosport.com\/cs\/#\/schema\/logo\/image\/\"},\"sameAs\":[\"http:\/\/fb.me\/gironaprosport\",\"http:\/\/instagram.com\/girona_prosport\/\",\"https:\/\/www.youtube.com\/channel\/UCv7gLuh2ONY6kESVj_3aSnA\"]}]}<\/script>\n<!-- \/ Yoast SEO plugin. -->","yoast_head_json":{"title":"Reklamace \/ V\u00fdm\u011bny \/ Vr\u00e1cen\u00ed - Girona ProSport","robots":{"index":"index","follow":"follow","max-snippet":"max-snippet:-1","max-image-preview":"max-image-preview:large","max-video-preview":"max-video-preview:-1"},"canonical":"https:\/\/gironaprosport.com\/cs\/reklamace-vymeny-vraceni\/","og_locale":"cs_CZ","og_type":"article","og_title":"Reklamace \/ V\u00fdm\u011bny \/ Vr\u00e1cen\u00ed - Girona ProSport","og_description":"REKLAMACE \/ V\u00ddM\u011aNY \/ VR\u00c1CEN\u00cd Kupuj\u00edc\u00ed je opr\u00e1vn\u011bn uplat\u0148ovat v\u016f\u010di prod\u00e1vaj\u00edc\u00edmu n\u00e1roky z vad, kter\u00e9 m\u011bl produkt v dob\u011b jeho dod\u00e1n\u00ed, a tak\u00e9 je opr\u00e1vn\u011bn...","og_url":"https:\/\/gironaprosport.com\/cs\/reklamace-vymeny-vraceni\/","og_site_name":"Girona ProSport","article_publisher":"http:\/\/fb.me\/gironaprosport","article_modified_time":"2021-08-03T13:59:08+00:00","twitter_card":"summary_large_image","twitter_misc":{"Odhadovan\u00e1 doba \u010dten\u00ed":"1 minuta"},"schema":{"@context":"https:\/\/schema.org","@graph":[{"@type":"WebPage","@id":"https:\/\/gironaprosport.com\/cs\/reklamace-vymeny-vraceni\/","url":"https:\/\/gironaprosport.com\/cs\/reklamace-vymeny-vraceni\/","name":"Reklamace \/ V\u00fdm\u011bny \/ Vr\u00e1cen\u00ed - Girona ProSport","isPartOf":{"@id":"https:\/\/gironaprosport.com\/cs\/#website"},"datePublished":"2020-06-07T13:56:37+00:00","dateModified":"2021-08-03T13:59:08+00:00","breadcrumb":{"@id":"https:\/\/gironaprosport.com\/cs\/reklamace-vymeny-vraceni\/#breadcrumb"},"inLanguage":"cs","potentialAction":[{"@type":"ReadAction","target":["https:\/\/gironaprosport.com\/cs\/reklamace-vymeny-vraceni\/"]}]},{"@type":"BreadcrumbList","@id":"https:\/\/gironaprosport.com\/cs\/reklamace-vymeny-vraceni\/#breadcrumb","itemListElement":[{"@type":"ListItem","position":1,"name":"Domovsk\u00e1 str\u00e1nka","item":"https:\/\/gironaprosport.com\/cs\/"},{"@type":"ListItem","position":2,"name":"Reklamace \/ V\u00fdm\u011bny \/ Vr\u00e1cen\u00ed"}]},{"@type":"WebSite","@id":"https:\/\/gironaprosport.com\/cs\/#website","url":"https:\/\/gironaprosport.com\/cs\/","name":"Girona ProSport","description":"Cykloz\u00e1jazdy","publisher":{"@id":"https:\/\/gironaprosport.com\/cs\/#organization"},"potentialAction":[{"@type":"SearchAction","target":{"@type":"EntryPoint","urlTemplate":"https:\/\/gironaprosport.com\/cs\/?s={search_term_string}"},"query-input":{"@type":"PropertyValueSpecification","valueRequired":true,"valueName":"search_term_string"}}],"inLanguage":"cs"},{"@type":"Organization","@id":"https:\/\/gironaprosport.com\/cs\/#organization","name":"Girona PRO SPORT","url":"https:\/\/gironaprosport.com\/cs\/","logo":{"@type":"ImageObject","inLanguage":"cs","@id":"https:\/\/gironaprosport.com\/cs\/#\/schema\/logo\/image\/","url":"https:\/\/gironaprosport.com\/wp-content\/uploads\/logo-gps_64.png","contentUrl":"https:\/\/gironaprosport.com\/wp-content\/uploads\/logo-gps_64.png","width":320,"height":64,"caption":"Girona PRO SPORT"},"image":{"@id":"https:\/\/gironaprosport.com\/cs\/#\/schema\/logo\/image\/"},"sameAs":["http:\/\/fb.me\/gironaprosport","http:\/\/instagram.com\/girona_prosport\/","https:\/\/www.youtube.com\/channel\/UCv7gLuh2ONY6kESVj_3aSnA"]}]}},"meta_box":[],"_links":{"self":[{"href":"https:\/\/gironaprosport.com\/cs\/wp-json\/wp\/v2\/pages\/7354","targetHints":{"allow":["GET"]}}],"collection":[{"href":"https:\/\/gironaprosport.com\/cs\/wp-json\/wp\/v2\/pages"}],"about":[{"href":"https:\/\/gironaprosport.com\/cs\/wp-json\/wp\/v2\/types\/page"}],"author":[{"embeddable":true,"href":"https:\/\/gironaprosport.com\/cs\/wp-json\/wp\/v2\/users\/2"}],"replies":[{"embeddable":true,"href":"https:\/\/gironaprosport.com\/cs\/wp-json\/wp\/v2\/comments?post=7354"}],"version-history":[{"count":0,"href":"https:\/\/gironaprosport.com\/cs\/wp-json\/wp\/v2\/pages\/7354\/revisions"}],"wp:attachment":[{"href":"https:\/\/gironaprosport.com\/cs\/wp-json\/wp\/v2\/media?parent=7354"}],"curies":[{"name":"wp","href":"https:\/\/api.w.org\/{rel}","templated":true}]}}