{"id":7350,"date":"2020-10-10T12:54:36","date_gmt":"2020-10-10T10:54:36","guid":{"rendered":"https:\/\/gironaprosport.com\/starostlivost-o-sportove-oblecenie-znacky-tactic\/"},"modified":"2021-08-09T16:01:10","modified_gmt":"2021-08-09T14:01:10","slug":"pece-o-sportovni-obleceni-znacky-tactic","status":"publish","type":"page","link":"https:\/\/gironaprosport.com\/cs\/pece-o-sportovni-obleceni-znacky-tactic\/","title":{"rendered":"P\u00e9\u010de o sportovn\u00ed oble\u010den\u00ed zna\u010dky TACTIC"},"content":{"rendered":"<p>P\u00e9\u010de o sportovn\u00ed oble\u010den\u00ed zna\u010dky TACTIC<\/p>\n<p>Nenech\u00e1vejte pou\u017eit\u00e9 oble\u010den\u00ed v uzav\u0159en\u00e9 ta\u0161ce bez p\u0159\u00edstupu vzduchu (plastov\u00e1 ta\u0161ka, sportovn\u00ed ta\u0161ka, atd.)<\/p>\n<p>Obra\u0165te oble\u010den\u00ed naruby p\u0159ed t\u00edm ne\u017e ho vlo\u017e\u00edte do pra\u010dky<\/p>\n<p>Uzav\u0159ete zipy v\u0161echny zipy na oble\u010den\u00edm p\u0159ed vlo\u017een\u00edm do pra\u010dky<\/p>\n<p>Neperte spolu s oble\u010den\u00edm kter\u00e9 obsahuje such\u00fd zip, ten m\u016f\u017ee po\u0161kodit textilii, p\u0159\u00edkladem jsou cyklistick\u00e9 rukavice<\/p>\n<p>Perte ve studen\u00e9 vod\u011b<\/p>\n<p>Pou\u017e\u00edvejte neutr\u00e1ln\u00ed myc\u00ed prost\u0159edek<\/p>\n<p>NEPOU\u017d\u00cdVEJTE aviv\u00e1\u017e<\/p>\n<p>Nepou\u017e\u00edvejte su\u0161i\u010dku<\/p>\n","protected":false},"excerpt":{"rendered":"<p>P\u00e9\u010de o sportovn\u00ed oble\u010den\u00ed zna\u010dky TACTIC Nenech\u00e1vejte pou\u017eit\u00e9 oble\u010den\u00ed v uzav\u0159en\u00e9 ta\u0161ce bez p\u0159\u00edstupu vzduchu (plastov\u00e1 ta\u0161ka, sportovn\u00ed ta\u0161ka, atd.) Obra\u0165te oble\u010den\u00ed naruby p\u0159ed t\u00edm&#8230;<\/p>\n","protected":false},"author":2,"featured_media":0,"parent":0,"menu_order":20,"comment_status":"closed","ping_status":"closed","template":"","meta":{"_monsterinsights_skip_tracking":false,"_monsterinsights_sitenote_active":false,"_monsterinsights_sitenote_note":"","_monsterinsights_sitenote_category":0,"footnotes":""},"class_list":["post-7350","page","type-page","status-publish","hentry"],"yoast_head":"<!-- This site is optimized with the Yoast SEO plugin v26.6 - https:\/\/yoast.com\/wordpress\/plugins\/seo\/ -->\n<title>P\u00e9\u010de o sportovn\u00ed oble\u010den\u00ed zna\u010dky TACTIC - Girona ProSport<\/title>\n<meta name=\"robots\" content=\"index, follow, max-snippet:-1, max-image-preview:large, max-video-preview:-1\" \/>\n<link rel=\"canonical\" href=\"https:\/\/gironaprosport.com\/cs\/pece-o-sportovni-obleceni-znacky-tactic\/\" \/>\n<meta property=\"og:locale\" content=\"cs_CZ\" \/>\n<meta property=\"og:type\" content=\"article\" \/>\n<meta property=\"og:title\" content=\"P\u00e9\u010de o sportovn\u00ed oble\u010den\u00ed zna\u010dky TACTIC - Girona ProSport\" \/>\n<meta property=\"og:description\" content=\"P\u00e9\u010de o sportovn\u00ed oble\u010den\u00ed zna\u010dky TACTIC Nenech\u00e1vejte pou\u017eit\u00e9 oble\u010den\u00ed v uzav\u0159en\u00e9 ta\u0161ce bez p\u0159\u00edstupu vzduchu (plastov\u00e1 ta\u0161ka, sportovn\u00ed ta\u0161ka, atd.) Obra\u0165te oble\u010den\u00ed naruby p\u0159ed t\u00edm...\" \/>\n<meta property=\"og:url\" content=\"https:\/\/gironaprosport.com\/cs\/pece-o-sportovni-obleceni-znacky-tactic\/\" \/>\n<meta property=\"og:site_name\" content=\"Girona ProSport\" \/>\n<meta property=\"article:publisher\" content=\"http:\/\/fb.me\/gironaprosport\" \/>\n<meta property=\"article:modified_time\" content=\"2021-08-09T14:01:10+00:00\" \/>\n<meta name=\"twitter:card\" content=\"summary_large_image\" \/>\n<meta name=\"twitter:label1\" content=\"Odhadovan\u00e1 doba \u010dten\u00ed\" \/>\n\t<meta name=\"twitter:data1\" content=\"1 minuta\" \/>\n<script type=\"application\/ld+json\" class=\"yoast-schema-graph\">{\"@context\":\"https:\/\/schema.org\",\"@graph\":[{\"@type\":\"WebPage\",\"@id\":\"https:\/\/gironaprosport.com\/cs\/pece-o-sportovni-obleceni-znacky-tactic\/\",\"url\":\"https:\/\/gironaprosport.com\/cs\/pece-o-sportovni-obleceni-znacky-tactic\/\",\"name\":\"P\u00e9\u010de o sportovn\u00ed oble\u010den\u00ed zna\u010dky TACTIC - Girona ProSport\",\"isPartOf\":{\"@id\":\"https:\/\/gironaprosport.com\/cs\/#website\"},\"datePublished\":\"2020-10-10T10:54:36+00:00\",\"dateModified\":\"2021-08-09T14:01:10+00:00\",\"breadcrumb\":{\"@id\":\"https:\/\/gironaprosport.com\/cs\/pece-o-sportovni-obleceni-znacky-tactic\/#breadcrumb\"},\"inLanguage\":\"cs\",\"potentialAction\":[{\"@type\":\"ReadAction\",\"target\":[\"https:\/\/gironaprosport.com\/cs\/pece-o-sportovni-obleceni-znacky-tactic\/\"]}]},{\"@type\":\"BreadcrumbList\",\"@id\":\"https:\/\/gironaprosport.com\/cs\/pece-o-sportovni-obleceni-znacky-tactic\/#breadcrumb\",\"itemListElement\":[{\"@type\":\"ListItem\",\"position\":1,\"name\":\"Domovsk\u00e1 str\u00e1nka\",\"item\":\"https:\/\/gironaprosport.com\/cs\/\"},{\"@type\":\"ListItem\",\"position\":2,\"name\":\"P\u00e9\u010de o sportovn\u00ed oble\u010den\u00ed zna\u010dky TACTIC\"}]},{\"@type\":\"WebSite\",\"@id\":\"https:\/\/gironaprosport.com\/cs\/#website\",\"url\":\"https:\/\/gironaprosport.com\/cs\/\",\"name\":\"Girona ProSport\",\"description\":\"Cykloz\u00e1jazdy\",\"publisher\":{\"@id\":\"https:\/\/gironaprosport.com\/cs\/#organization\"},\"potentialAction\":[{\"@type\":\"SearchAction\",\"target\":{\"@type\":\"EntryPoint\",\"urlTemplate\":\"https:\/\/gironaprosport.com\/cs\/?s={search_term_string}\"},\"query-input\":{\"@type\":\"PropertyValueSpecification\",\"valueRequired\":true,\"valueName\":\"search_term_string\"}}],\"inLanguage\":\"cs\"},{\"@type\":\"Organization\",\"@id\":\"https:\/\/gironaprosport.com\/cs\/#organization\",\"name\":\"Girona PRO SPORT\",\"url\":\"https:\/\/gironaprosport.com\/cs\/\",\"logo\":{\"@type\":\"ImageObject\",\"inLanguage\":\"cs\",\"@id\":\"https:\/\/gironaprosport.com\/cs\/#\/schema\/logo\/image\/\",\"url\":\"https:\/\/gironaprosport.com\/wp-content\/uploads\/logo-gps_64.png\",\"contentUrl\":\"https:\/\/gironaprosport.com\/wp-content\/uploads\/logo-gps_64.png\",\"width\":320,\"height\":64,\"caption\":\"Girona PRO SPORT\"},\"image\":{\"@id\":\"https:\/\/gironaprosport.com\/cs\/#\/schema\/logo\/image\/\"},\"sameAs\":[\"http:\/\/fb.me\/gironaprosport\",\"http:\/\/instagram.com\/girona_prosport\/\",\"https:\/\/www.youtube.com\/channel\/UCv7gLuh2ONY6kESVj_3aSnA\"]}]}<\/script>\n<!-- \/ Yoast SEO plugin. -->","yoast_head_json":{"title":"P\u00e9\u010de o sportovn\u00ed oble\u010den\u00ed zna\u010dky TACTIC - Girona ProSport","robots":{"index":"index","follow":"follow","max-snippet":"max-snippet:-1","max-image-preview":"max-image-preview:large","max-video-preview":"max-video-preview:-1"},"canonical":"https:\/\/gironaprosport.com\/cs\/pece-o-sportovni-obleceni-znacky-tactic\/","og_locale":"cs_CZ","og_type":"article","og_title":"P\u00e9\u010de o sportovn\u00ed oble\u010den\u00ed zna\u010dky TACTIC - Girona ProSport","og_description":"P\u00e9\u010de o sportovn\u00ed oble\u010den\u00ed zna\u010dky TACTIC Nenech\u00e1vejte pou\u017eit\u00e9 oble\u010den\u00ed v uzav\u0159en\u00e9 ta\u0161ce bez p\u0159\u00edstupu vzduchu (plastov\u00e1 ta\u0161ka, sportovn\u00ed ta\u0161ka, atd.) Obra\u0165te oble\u010den\u00ed naruby p\u0159ed t\u00edm...","og_url":"https:\/\/gironaprosport.com\/cs\/pece-o-sportovni-obleceni-znacky-tactic\/","og_site_name":"Girona ProSport","article_publisher":"http:\/\/fb.me\/gironaprosport","article_modified_time":"2021-08-09T14:01:10+00:00","twitter_card":"summary_large_image","twitter_misc":{"Odhadovan\u00e1 doba \u010dten\u00ed":"1 minuta"},"schema":{"@context":"https:\/\/schema.org","@graph":[{"@type":"WebPage","@id":"https:\/\/gironaprosport.com\/cs\/pece-o-sportovni-obleceni-znacky-tactic\/","url":"https:\/\/gironaprosport.com\/cs\/pece-o-sportovni-obleceni-znacky-tactic\/","name":"P\u00e9\u010de o sportovn\u00ed oble\u010den\u00ed zna\u010dky TACTIC - Girona ProSport","isPartOf":{"@id":"https:\/\/gironaprosport.com\/cs\/#website"},"datePublished":"2020-10-10T10:54:36+00:00","dateModified":"2021-08-09T14:01:10+00:00","breadcrumb":{"@id":"https:\/\/gironaprosport.com\/cs\/pece-o-sportovni-obleceni-znacky-tactic\/#breadcrumb"},"inLanguage":"cs","potentialAction":[{"@type":"ReadAction","target":["https:\/\/gironaprosport.com\/cs\/pece-o-sportovni-obleceni-znacky-tactic\/"]}]},{"@type":"BreadcrumbList","@id":"https:\/\/gironaprosport.com\/cs\/pece-o-sportovni-obleceni-znacky-tactic\/#breadcrumb","itemListElement":[{"@type":"ListItem","position":1,"name":"Domovsk\u00e1 str\u00e1nka","item":"https:\/\/gironaprosport.com\/cs\/"},{"@type":"ListItem","position":2,"name":"P\u00e9\u010de o sportovn\u00ed oble\u010den\u00ed zna\u010dky TACTIC"}]},{"@type":"WebSite","@id":"https:\/\/gironaprosport.com\/cs\/#website","url":"https:\/\/gironaprosport.com\/cs\/","name":"Girona ProSport","description":"Cykloz\u00e1jazdy","publisher":{"@id":"https:\/\/gironaprosport.com\/cs\/#organization"},"potentialAction":[{"@type":"SearchAction","target":{"@type":"EntryPoint","urlTemplate":"https:\/\/gironaprosport.com\/cs\/?s={search_term_string}"},"query-input":{"@type":"PropertyValueSpecification","valueRequired":true,"valueName":"search_term_string"}}],"inLanguage":"cs"},{"@type":"Organization","@id":"https:\/\/gironaprosport.com\/cs\/#organization","name":"Girona PRO SPORT","url":"https:\/\/gironaprosport.com\/cs\/","logo":{"@type":"ImageObject","inLanguage":"cs","@id":"https:\/\/gironaprosport.com\/cs\/#\/schema\/logo\/image\/","url":"https:\/\/gironaprosport.com\/wp-content\/uploads\/logo-gps_64.png","contentUrl":"https:\/\/gironaprosport.com\/wp-content\/uploads\/logo-gps_64.png","width":320,"height":64,"caption":"Girona PRO SPORT"},"image":{"@id":"https:\/\/gironaprosport.com\/cs\/#\/schema\/logo\/image\/"},"sameAs":["http:\/\/fb.me\/gironaprosport","http:\/\/instagram.com\/girona_prosport\/","https:\/\/www.youtube.com\/channel\/UCv7gLuh2ONY6kESVj_3aSnA"]}]}},"meta_box":[],"_links":{"self":[{"href":"https:\/\/gironaprosport.com\/cs\/wp-json\/wp\/v2\/pages\/7350","targetHints":{"allow":["GET"]}}],"collection":[{"href":"https:\/\/gironaprosport.com\/cs\/wp-json\/wp\/v2\/pages"}],"about":[{"href":"https:\/\/gironaprosport.com\/cs\/wp-json\/wp\/v2\/types\/page"}],"author":[{"embeddable":true,"href":"https:\/\/gironaprosport.com\/cs\/wp-json\/wp\/v2\/users\/2"}],"replies":[{"embeddable":true,"href":"https:\/\/gironaprosport.com\/cs\/wp-json\/wp\/v2\/comments?post=7350"}],"version-history":[{"count":0,"href":"https:\/\/gironaprosport.com\/cs\/wp-json\/wp\/v2\/pages\/7350\/revisions"}],"wp:attachment":[{"href":"https:\/\/gironaprosport.com\/cs\/wp-json\/wp\/v2\/media?parent=7350"}],"curies":[{"name":"wp","href":"https:\/\/api.w.org\/{rel}","templated":true}]}}