{"id":7340,"date":"2020-12-28T18:47:22","date_gmt":"2020-12-28T17:47:22","guid":{"rendered":"https:\/\/gironaprosport.com\/predajcovia\/"},"modified":"2021-08-09T15:57:06","modified_gmt":"2021-08-09T13:57:06","slug":"prodejci","status":"publish","type":"page","link":"https:\/\/gironaprosport.com\/cs\/b2b-cs\/prodejci\/","title":{"rendered":"Prodejci"},"content":{"rendered":"<div class=\"wpb-content-wrapper\"><p>[vc_row et_uniqid=&#8220;et_custom_uniqid_5e5663733546b&#8220; css=&#8220;.vc_custom_1582723537803{margin-right: 1px !important;margin-left: 1px !important;border-top-width: 1px !important;border-right-width: 1px !important;border-bottom-width: 1px !important;border-left-width: 1px !important;padding-top: 4vw !important;padding-right: 2vw !important;padding-bottom: 4vw !important;padding-left: 2vw !important;background-image: url(https:\/\/gironaprosport.com\/wp-content\/uploads\/prenajom-bg.jpg?id=5237) !important;background-position: center !important;background-repeat: no-repeat !important;background-size: cover !important;border-left-color: #e1e1e1 !important;border-left-style: solid !important;border-right-color: #e1e1e1 !important;border-right-style: solid !important;border-top-color: #e1e1e1 !important;border-top-style: solid !important;border-bottom-color: #e1e1e1 !important;border-bottom-style: solid !important;}&#8220;][vc_column width=&#8220;1\/2&#8243;][vc_custom_heading text=&#8220;Spolupr\u00e1ce&#8220; font_container=&#8220;tag:h4|font_size:14|text_align:left|line_height:40px&#8220; google_fonts=&#8220;font_family:Lato%3A100%2C100italic%2C300%2C300italic%2Cregular%2Citalic%2C700%2C700italic%2C900%2C900italic|font_style:900%20bold%20regular%3A900%3Anormal&#8220;][vc_custom_heading text=&#8220;Prodejci sportovn\u00edho oble\u010den\u00ed&#8220; font_container=&#8220;tag:h2|font_size:40|text_align:left|line_height:60px&#8220; google_fonts=&#8220;font_family:Lato%3A100%2C100italic%2C300%2C300italic%2Cregular%2Citalic%2C700%2C700italic%2C900%2C900italic|font_style:900%20bold%20regular%3A900%3Anormal&#8220;][vc_column_text]Jsme import\u00e9rem <strong>kvalitn\u00edch \u0161pan\u011blsk\u00fdch sportovn\u00edch zna\u010dek pro slovensk\u00fd a \u010desk\u00fd trh.<\/strong> Nab\u00edz\u00edme tak <strong>zna\u010dkovou kolekci<\/strong>, jako\u017e <strong>i v\u00fdrobu profi sportovn\u00edho oble\u010den\u00ed na zak\u00e1zku<\/strong>. Pracujeme se \u0161pan\u011blsk\u00fdmi v\u00fdrobci v\u00edce ne\u017e 15 let a zn\u00e1me specifika m\u00edstn\u00edch obchodn\u00edch vztah\u016f.<\/p>\n<p>Na\u0161\u00ed filozofi\u00ed je pracovat s vybran\u00fdmi obchodn\u00edmi partnery <strong>transparentn\u011b, investovat do marketingu a budov\u00e1n\u00ed pov\u011bdom\u00ed zna\u010dek<\/strong> kter\u00e9 reprezentujeme, zajistit <strong>rychlou komunikaci, logistiku<\/strong>, p\u0159ipravit <strong>spole\u010dn\u00fd marketingov\u00fd pl\u00e1n<\/strong> pro dan\u00fd segment, zvolit partner\u016f tak aby se p\u0159ede\u0161lo cenov\u00fdm v\u00e1lk\u00e1m na trhu, \u0159e\u0161it jak\u00e9koli probl\u00e9my kter\u00e9 mohou nastat.<\/p>\n<p>Jeliko\u017e organizujeme z\u00e1jezdy aktivn\u00ed dovolen\u00e9, sportovn\u00ed turistiky a tr\u00e9ninkov\u00e9 kempy ve \u0160pan\u011blsku, klienti kte\u0159\u00ed p\u0159ijdou na z\u00e1jezd s n\u00e1mi budou m\u00edt mo\u017enost poznat \u0161pan\u011blsk\u00e9 zna\u010dky p\u0159\u00edmo b\u011bhem pobytu ve \u0160pan\u011blsku (sou\u010d\u00e1st\u00ed na\u0161ich bal\u00ed\u010dk\u016f je i merchandising zna\u010dek kter\u00e9 reprezentujeme) a b\u00fdt jejich ambasadorem po n\u00e1vratu dom\u016f .[\/vc_column_text][\/vc_column][vc_column width=&#8220;1\/2&#8243;][\/vc_column][\/vc_row][vc_row][vc_column][vc_column_text]Aktu\u00e1ln\u011b nab\u00edz\u00edme spolupr\u00e1ci u zna\u010dky profi sportovn\u00edho oble\u010den\u00ed <a href=\"https:\/\/gironaprosport.com\/cs\/tactic-cs\/\" target=\"_blank\" rel=\"noopener noreferrer\">TACTIC<\/a>.<\/p>\n<p>Tactic nab\u00edz\u00ed zna\u010dkovou <strong>kolekci cyklistick\u00e9ho oble\u010den\u00ed<\/strong> a zak\u00e1zkov\u00e9 cyklistick\u00e9, b\u011b\u017eeck\u00e9 a triatlonov\u00e1 oble\u010den\u00ed. Jedn\u00e1 se o novou zna\u010dku na \u010desk\u00e9m a slovensk\u00e9m trhu, zna\u010dka je krom\u011b \u0160pan\u011blska zn\u00e1m\u00e1 ve skandin\u00e1vsk\u00fdch zem\u00edch, ve Francii, Holandsku, Anglii, USA, Austr\u00e1lii a Jihoafrick\u00e9 Republice. Jedn\u00e1 se o <strong>profi sportovn\u00ed oble\u010den\u00ed ve vy\u0161\u0161\u00ed t\u0159\u00edd\u011b kvality.<\/strong><\/p>\n<p>Chyst\u00e1me <strong>uveden\u00ed dal\u0161\u00edch zna\u010dek<\/strong> cyklistick\u00e9ho, b\u011b\u017eeck\u00e9ho, trekkingov\u00e9ho a fitness oble\u010den\u00ed[\/vc_column_text]\n<div class=\"wpcf7 no-js\" id=\"wpcf7-f6086-o1\" lang=\"sk-SK\" dir=\"ltr\" data-wpcf7-id=\"6086\">\n<div class=\"screen-reader-response\"><p role=\"status\" aria-live=\"polite\" aria-atomic=\"true\"><\/p> <ul><\/ul><\/div>\n<form action=\"\/cs\/wp-json\/wp\/v2\/pages\/7340?doing_wp_cron=1777133248.1352450847625732421875#wpcf7-f6086-o1\" method=\"post\" class=\"wpcf7-form init\" aria-label=\"Kontaktn\u00fd formul\u00e1r\" novalidate=\"novalidate\" data-status=\"init\">\n<fieldset class=\"hidden-fields-container\"><input type=\"hidden\" name=\"_wpcf7\" value=\"6086\" \/><input type=\"hidden\" name=\"_wpcf7_version\" value=\"6.1.4\" \/><input type=\"hidden\" name=\"_wpcf7_locale\" value=\"sk_SK\" \/><input type=\"hidden\" name=\"_wpcf7_unit_tag\" value=\"wpcf7-f6086-o1\" \/><input type=\"hidden\" name=\"_wpcf7_container_post\" value=\"0\" \/><input type=\"hidden\" name=\"_wpcf7_posted_data_hash\" value=\"\" \/>\n<\/fieldset>\n<div class=\"row\">\n\t<div class=\"col-sm-4 col-left\" style=\"margin-bottom: 1em;\">\n\t\t<p><span class=\"wpcf7-form-control-wrap\" data-name=\"your-name\"><input size=\"40\" maxlength=\"400\" class=\"wpcf7-form-control wpcf7-text wpcf7-validates-as-required\" aria-required=\"true\" aria-invalid=\"false\" placeholder=\"Va\u0161e meno\" value=\"\" type=\"text\" name=\"your-name\" \/><\/span>\n\t\t<\/p>\n\t<\/div>\n\t<div class=\"col-sm-4 col-right\" style=\"margin-bottom: 1em;\">\n\t\t<p><span class=\"wpcf7-form-control-wrap\" data-name=\"your-email\"><input size=\"40\" maxlength=\"400\" class=\"wpcf7-form-control wpcf7-email wpcf7-validates-as-required wpcf7-text wpcf7-validates-as-email\" aria-required=\"true\" aria-invalid=\"false\" placeholder=\"V\u00e1\u0161 email\" value=\"\" type=\"email\" name=\"your-email\" \/><\/span>\n\t\t<\/p>\n\t<\/div>\n\t<div class=\"col-sm-4 col-right\" style=\"margin-bottom: 1em;\">\n\t\t<p><span class=\"wpcf7-form-control-wrap\" data-name=\"your-phone\"><input size=\"40\" maxlength=\"400\" class=\"wpcf7-form-control wpcf7-tel wpcf7-text wpcf7-validates-as-tel\" aria-invalid=\"false\" placeholder=\"Va\u0161e telef\u00f3ne \u010d\u00edslo\" value=\"\" type=\"tel\" name=\"your-phone\" \/><\/span>\n\t\t<\/p>\n\t<\/div>\n<\/div>\n<div class=\"row\">\n\t<div class=\"col-sm-12\">\n\t\t<p><span class=\"wpcf7-form-control-wrap\" data-name=\"your-message\"><textarea cols=\"40\" rows=\"5\" maxlength=\"2000\" class=\"wpcf7-form-control wpcf7-textarea\" aria-invalid=\"false\" placeholder=\"Va\u0161a spr\u00e1va\" name=\"your-message\"><\/textarea><\/span>\n\t\t<\/p>\n\t<\/div>\n<\/div>\n<div class=\"row\">\n\t<div class=\"col-sm-12\">\n\t\t<p><span class=\"wpcf7-form-control-wrap\" data-name=\"your-acceptance\"><span class=\"wpcf7-form-control wpcf7-acceptance\"><span class=\"wpcf7-list-item\"><label><input type=\"checkbox\" name=\"your-acceptance\" value=\"1\" aria-invalid=\"false\" \/><span class=\"wpcf7-list-item-label\">S\u00fahlas\u00edm s podmienkami sprac\u00favania osobn\u00fdch \u00fadajov pod\u013ea <a href=\"\/ochrana-osobnych-udajov\/\" target=\"_blank\">Z\u00e1sad ochrany osobn\u00fdch \u00fadajov<\/a><\/span><\/label><\/span><\/span><\/span>\n\t\t<\/p>\n\t<\/div>\n<\/div>\n<div class=\"row\">\n\t<div class=\"col-sm-12\">\n\t\t<p><input class=\"wpcf7-form-control wpcf7-submit has-spinner\" type=\"submit\" value=\"Odosla\u0165 dopyt\" \/>\n\t\t<\/p>\n\t<\/div>\n<\/div><div class=\"wpcf7-response-output\" aria-hidden=\"true\"><\/div>\n<\/form>\n<\/div>\n[\/vc_column][\/vc_row]<\/p>\n<\/div>","protected":false},"excerpt":{"rendered":"<p>[vc_row et_uniqid=&#8220;et_custom_uniqid_5e5663733546b&#8220; css=&#8220;.vc_custom_1582723537803{margin-right: 1px !important;margin-left: 1px !important;border-top-width: 1px !important;border-right-width: 1px !important;border-bottom-width: 1px !important;border-left-width: 1px !important;padding-top: 4vw !important;padding-right: 2vw !important;padding-bottom: 4vw !important;padding-left: 2vw !important;background-image: url(https:\/\/gironaprosport.com\/wp-content\/uploads\/prenajom-bg.jpg?id=5237) !important;background-position:&#8230;<\/p>\n","protected":false},"author":2,"featured_media":0,"parent":7346,"menu_order":11,"comment_status":"closed","ping_status":"closed","template":"","meta":{"_monsterinsights_skip_tracking":false,"_monsterinsights_sitenote_active":false,"_monsterinsights_sitenote_note":"","_monsterinsights_sitenote_category":0,"footnotes":""},"class_list":["post-7340","page","type-page","status-publish","hentry"],"yoast_head":"<!-- This site is optimized with the Yoast SEO plugin v26.6 - https:\/\/yoast.com\/wordpress\/plugins\/seo\/ -->\n<title>Prodejci - Girona ProSport<\/title>\n<meta name=\"robots\" content=\"index, follow, max-snippet:-1, max-image-preview:large, max-video-preview:-1\" \/>\n<link rel=\"canonical\" href=\"https:\/\/gironaprosport.com\/cs\/b2b-cs\/prodejci\/\" \/>\n<meta property=\"og:locale\" content=\"cs_CZ\" \/>\n<meta property=\"og:type\" content=\"article\" \/>\n<meta property=\"og:title\" content=\"Prodejci - Girona ProSport\" \/>\n<meta property=\"og:description\" content=\"[vc_row et_uniqid=&#8220;et_custom_uniqid_5e5663733546b&#8220; css=&#8220;.vc_custom_1582723537803{margin-right: 1px !important;margin-left: 1px !important;border-top-width: 1px !important;border-right-width: 1px !important;border-bottom-width: 1px !important;border-left-width: 1px !important;padding-top: 4vw !important;padding-right: 2vw !important;padding-bottom: 4vw !important;padding-left: 2vw !important;background-image: url(https:\/\/gironaprosport.com\/wp-content\/uploads\/prenajom-bg.jpg?id=5237) !important;background-position:...\" \/>\n<meta property=\"og:url\" content=\"https:\/\/gironaprosport.com\/cs\/b2b-cs\/prodejci\/\" \/>\n<meta property=\"og:site_name\" content=\"Girona ProSport\" \/>\n<meta property=\"article:publisher\" content=\"http:\/\/fb.me\/gironaprosport\" \/>\n<meta property=\"article:modified_time\" content=\"2021-08-09T13:57:06+00:00\" \/>\n<meta name=\"twitter:card\" content=\"summary_large_image\" \/>\n<meta name=\"twitter:label1\" content=\"Odhadovan\u00e1 doba \u010dten\u00ed\" \/>\n\t<meta name=\"twitter:data1\" content=\"3 minuty\" \/>\n<script type=\"application\/ld+json\" class=\"yoast-schema-graph\">{\"@context\":\"https:\/\/schema.org\",\"@graph\":[{\"@type\":\"WebPage\",\"@id\":\"https:\/\/gironaprosport.com\/cs\/b2b-cs\/prodejci\/\",\"url\":\"https:\/\/gironaprosport.com\/cs\/b2b-cs\/prodejci\/\",\"name\":\"Prodejci - Girona ProSport\",\"isPartOf\":{\"@id\":\"https:\/\/gironaprosport.com\/cs\/#website\"},\"datePublished\":\"2020-12-28T17:47:22+00:00\",\"dateModified\":\"2021-08-09T13:57:06+00:00\",\"breadcrumb\":{\"@id\":\"https:\/\/gironaprosport.com\/cs\/b2b-cs\/prodejci\/#breadcrumb\"},\"inLanguage\":\"cs\",\"potentialAction\":[{\"@type\":\"ReadAction\",\"target\":[\"https:\/\/gironaprosport.com\/cs\/b2b-cs\/prodejci\/\"]}]},{\"@type\":\"BreadcrumbList\",\"@id\":\"https:\/\/gironaprosport.com\/cs\/b2b-cs\/prodejci\/#breadcrumb\",\"itemListElement\":[{\"@type\":\"ListItem\",\"position\":1,\"name\":\"Domovsk\u00e1 str\u00e1nka\",\"item\":\"https:\/\/gironaprosport.com\/cs\/\"},{\"@type\":\"ListItem\",\"position\":2,\"name\":\"B2B\",\"item\":\"https:\/\/gironaprosport.com\/cs\/b2b-cs\/\"},{\"@type\":\"ListItem\",\"position\":3,\"name\":\"Prodejci\"}]},{\"@type\":\"WebSite\",\"@id\":\"https:\/\/gironaprosport.com\/cs\/#website\",\"url\":\"https:\/\/gironaprosport.com\/cs\/\",\"name\":\"Girona ProSport\",\"description\":\"Cykloz\u00e1jazdy\",\"publisher\":{\"@id\":\"https:\/\/gironaprosport.com\/cs\/#organization\"},\"potentialAction\":[{\"@type\":\"SearchAction\",\"target\":{\"@type\":\"EntryPoint\",\"urlTemplate\":\"https:\/\/gironaprosport.com\/cs\/?s={search_term_string}\"},\"query-input\":{\"@type\":\"PropertyValueSpecification\",\"valueRequired\":true,\"valueName\":\"search_term_string\"}}],\"inLanguage\":\"cs\"},{\"@type\":\"Organization\",\"@id\":\"https:\/\/gironaprosport.com\/cs\/#organization\",\"name\":\"Girona PRO SPORT\",\"url\":\"https:\/\/gironaprosport.com\/cs\/\",\"logo\":{\"@type\":\"ImageObject\",\"inLanguage\":\"cs\",\"@id\":\"https:\/\/gironaprosport.com\/cs\/#\/schema\/logo\/image\/\",\"url\":\"https:\/\/gironaprosport.com\/wp-content\/uploads\/logo-gps_64.png\",\"contentUrl\":\"https:\/\/gironaprosport.com\/wp-content\/uploads\/logo-gps_64.png\",\"width\":320,\"height\":64,\"caption\":\"Girona PRO SPORT\"},\"image\":{\"@id\":\"https:\/\/gironaprosport.com\/cs\/#\/schema\/logo\/image\/\"},\"sameAs\":[\"http:\/\/fb.me\/gironaprosport\",\"http:\/\/instagram.com\/girona_prosport\/\",\"https:\/\/www.youtube.com\/channel\/UCv7gLuh2ONY6kESVj_3aSnA\"]}]}<\/script>\n<!-- \/ Yoast SEO plugin. -->","yoast_head_json":{"title":"Prodejci - Girona ProSport","robots":{"index":"index","follow":"follow","max-snippet":"max-snippet:-1","max-image-preview":"max-image-preview:large","max-video-preview":"max-video-preview:-1"},"canonical":"https:\/\/gironaprosport.com\/cs\/b2b-cs\/prodejci\/","og_locale":"cs_CZ","og_type":"article","og_title":"Prodejci - Girona ProSport","og_description":"[vc_row et_uniqid=&#8220;et_custom_uniqid_5e5663733546b&#8220; css=&#8220;.vc_custom_1582723537803{margin-right: 1px !important;margin-left: 1px !important;border-top-width: 1px !important;border-right-width: 1px !important;border-bottom-width: 1px !important;border-left-width: 1px !important;padding-top: 4vw !important;padding-right: 2vw !important;padding-bottom: 4vw !important;padding-left: 2vw !important;background-image: url(https:\/\/gironaprosport.com\/wp-content\/uploads\/prenajom-bg.jpg?id=5237) !important;background-position:...","og_url":"https:\/\/gironaprosport.com\/cs\/b2b-cs\/prodejci\/","og_site_name":"Girona ProSport","article_publisher":"http:\/\/fb.me\/gironaprosport","article_modified_time":"2021-08-09T13:57:06+00:00","twitter_card":"summary_large_image","twitter_misc":{"Odhadovan\u00e1 doba \u010dten\u00ed":"3 minuty"},"schema":{"@context":"https:\/\/schema.org","@graph":[{"@type":"WebPage","@id":"https:\/\/gironaprosport.com\/cs\/b2b-cs\/prodejci\/","url":"https:\/\/gironaprosport.com\/cs\/b2b-cs\/prodejci\/","name":"Prodejci - Girona ProSport","isPartOf":{"@id":"https:\/\/gironaprosport.com\/cs\/#website"},"datePublished":"2020-12-28T17:47:22+00:00","dateModified":"2021-08-09T13:57:06+00:00","breadcrumb":{"@id":"https:\/\/gironaprosport.com\/cs\/b2b-cs\/prodejci\/#breadcrumb"},"inLanguage":"cs","potentialAction":[{"@type":"ReadAction","target":["https:\/\/gironaprosport.com\/cs\/b2b-cs\/prodejci\/"]}]},{"@type":"BreadcrumbList","@id":"https:\/\/gironaprosport.com\/cs\/b2b-cs\/prodejci\/#breadcrumb","itemListElement":[{"@type":"ListItem","position":1,"name":"Domovsk\u00e1 str\u00e1nka","item":"https:\/\/gironaprosport.com\/cs\/"},{"@type":"ListItem","position":2,"name":"B2B","item":"https:\/\/gironaprosport.com\/cs\/b2b-cs\/"},{"@type":"ListItem","position":3,"name":"Prodejci"}]},{"@type":"WebSite","@id":"https:\/\/gironaprosport.com\/cs\/#website","url":"https:\/\/gironaprosport.com\/cs\/","name":"Girona ProSport","description":"Cykloz\u00e1jazdy","publisher":{"@id":"https:\/\/gironaprosport.com\/cs\/#organization"},"potentialAction":[{"@type":"SearchAction","target":{"@type":"EntryPoint","urlTemplate":"https:\/\/gironaprosport.com\/cs\/?s={search_term_string}"},"query-input":{"@type":"PropertyValueSpecification","valueRequired":true,"valueName":"search_term_string"}}],"inLanguage":"cs"},{"@type":"Organization","@id":"https:\/\/gironaprosport.com\/cs\/#organization","name":"Girona PRO SPORT","url":"https:\/\/gironaprosport.com\/cs\/","logo":{"@type":"ImageObject","inLanguage":"cs","@id":"https:\/\/gironaprosport.com\/cs\/#\/schema\/logo\/image\/","url":"https:\/\/gironaprosport.com\/wp-content\/uploads\/logo-gps_64.png","contentUrl":"https:\/\/gironaprosport.com\/wp-content\/uploads\/logo-gps_64.png","width":320,"height":64,"caption":"Girona PRO SPORT"},"image":{"@id":"https:\/\/gironaprosport.com\/cs\/#\/schema\/logo\/image\/"},"sameAs":["http:\/\/fb.me\/gironaprosport","http:\/\/instagram.com\/girona_prosport\/","https:\/\/www.youtube.com\/channel\/UCv7gLuh2ONY6kESVj_3aSnA"]}]}},"meta_box":[],"_links":{"self":[{"href":"https:\/\/gironaprosport.com\/cs\/wp-json\/wp\/v2\/pages\/7340","targetHints":{"allow":["GET"]}}],"collection":[{"href":"https:\/\/gironaprosport.com\/cs\/wp-json\/wp\/v2\/pages"}],"about":[{"href":"https:\/\/gironaprosport.com\/cs\/wp-json\/wp\/v2\/types\/page"}],"author":[{"embeddable":true,"href":"https:\/\/gironaprosport.com\/cs\/wp-json\/wp\/v2\/users\/2"}],"replies":[{"embeddable":true,"href":"https:\/\/gironaprosport.com\/cs\/wp-json\/wp\/v2\/comments?post=7340"}],"version-history":[{"count":0,"href":"https:\/\/gironaprosport.com\/cs\/wp-json\/wp\/v2\/pages\/7340\/revisions"}],"up":[{"embeddable":true,"href":"https:\/\/gironaprosport.com\/cs\/wp-json\/wp\/v2\/pages\/7346"}],"wp:attachment":[{"href":"https:\/\/gironaprosport.com\/cs\/wp-json\/wp\/v2\/media?parent=7340"}],"curies":[{"name":"wp","href":"https:\/\/api.w.org\/{rel}","templated":true}]}}