{"id":7338,"date":"2020-12-30T12:10:17","date_gmt":"2020-12-30T11:10:17","guid":{"rendered":"https:\/\/gironaprosport.com\/sportove-kluby-a-treneri\/"},"modified":"2021-08-09T15:47:02","modified_gmt":"2021-08-09T13:47:02","slug":"sportovni-kluby-a-treneri","status":"publish","type":"page","link":"https:\/\/gironaprosport.com\/cs\/b2b-cs\/sportovni-kluby-a-treneri\/","title":{"rendered":"Sportovn\u00ed kluby a tren\u00e9\u0159i"},"content":{"rendered":"<div class=\"wpb-content-wrapper\"><p>[vc_row et_uniqid=&#8220;et_custom_uniqid_5e5663733546b&#8220; css=&#8220;.vc_custom_1582723537803{margin-right: 1px !important;margin-left: 1px !important;border-top-width: 1px !important;border-right-width: 1px !important;border-bottom-width: 1px !important;border-left-width: 1px !important;padding-top: 4vw !important;padding-right: 2vw !important;padding-bottom: 4vw !important;padding-left: 2vw !important;background-image: url(https:\/\/gironaprosport.com\/wp-content\/uploads\/prenajom-bg.jpg?id=5237) !important;background-position: center !important;background-repeat: no-repeat !important;background-size: cover !important;border-left-color: #e1e1e1 !important;border-left-style: solid !important;border-right-color: #e1e1e1 !important;border-right-style: solid !important;border-top-color: #e1e1e1 !important;border-top-style: solid !important;border-bottom-color: #e1e1e1 !important;border-bottom-style: solid !important;}&#8220;][vc_column width=&#8220;1\/2&#8243;][vc_custom_heading text=&#8220;Spolupr\u00e1ca&#8220; font_container=&#8220;tag:h4|font_size:14|text_align:left|line_height:40px&#8220; google_fonts=&#8220;font_family:Lato%3A100%2C100italic%2C300%2C300italic%2Cregular%2Citalic%2C700%2C700italic%2C900%2C900italic|font_style:900%20bold%20regular%3A900%3Anormal&#8220;][vc_custom_heading text=&#8220;Sportovn\u00ed kluby a tren\u00e9rsk\u00e9 asociace&#8220; font_container=&#8220;tag:h2|font_size:40|text_align:left|line_height:60px&#8220; google_fonts=&#8220;font_family:Lato%3A100%2C100italic%2C300%2C300italic%2Cregular%2Citalic%2C700%2C700italic%2C900%2C900italic|font_style:900%20bold%20regular%3A900%3Anormal&#8220;][vc_column_text]\u0160pan\u011blsko &#8211; Costa Brava, Girona, v\u00fdchodn\u00ed Pyreneje &#8211; tento region nab\u00edz\u00ed mo\u017enost organizace tr\u00e9ninkov\u00fdch kemp\u016f celoro\u010dn\u011b. Disponuje nejmodern\u011bj\u0161\u00edmi sportovn\u00edmi za\u0159\u00edzen\u00edmi a p\u0159\u00edrodn\u00edm prost\u0159ed\u00edm, kter\u00e9 nab\u00edz\u00ed ide\u00e1ln\u00ed ter\u00e9nn\u00ed a klimatick\u00e9 podm\u00ednky na tr\u00e9nink a outdoorov\u00e9 sporty.<\/p>\n<p>Mnoho sportovn\u00edch klub\u016f, a\u0165 u\u017e n\u00e1rodn\u00edch, profesion\u00e1ln\u00edch nebo amat\u00e9rsk\u00fdch organizuje sv\u00e9 tr\u00e9ninkov\u00fdch kempy pr\u00e1v\u011b zde.<\/p>\n<p style=\"text-align: left\"><strong><a href=\"https:\/\/es.costabrava.org\/que-hacer\/naturaleza-y-turismo-activo\/turismo-deportivo\/gironaprosport-115632\" target=\"_blank\" rel=\"noopener noreferrer\">Girona Pro Sport<\/a><\/strong> je \u010dlenem <a href=\"https:\/\/trainingcamps.costabrava.org\/en\/\" target=\"_blank\" rel=\"noopener noreferrer\"><strong>patron\u00e1tu \u0161portovn\u00ed turistiky Costa Brava Girona<\/strong><\/a> kterou tvo\u0159\u00ed 60 organizaci, kter\u00e9 p\u0159isp\u00edvaj\u00ed k bezchybn\u00e9mu pr\u016fb\u011bhu tr\u00e9ninkov\u00fdch kemp\u016f. Tyto organizace nab\u00edzej\u00edc\u00ed ubytov\u00e1n\u00ed a stravu adaptovanou pro sportovce, plov\u00e1rny, medic\u00ednsk\u00e9 centra, fyzioterapeut\u016f, tren\u00e9ry, logistiku, posilovny, mas\u00e9ry, sportovn\u00ed stadiony. V\u0161e co pot\u0159ebujete na \u00fasp\u011b\u0161n\u00fd tr\u00e9ninkov\u00fd kemp.<\/p>\n<p>[\/vc_column_text][\/vc_column][vc_column width=&#8220;1\/2&#8243;][\/vc_column][\/vc_row][vc_row][vc_column][vc_column_text]A\u0165 u\u017e jste profesion\u00e1ln\u00ed nebo amat\u00e9rsk\u00fd klub, nebo jste tren\u00e9rem a pro Va\u0161e klienty chcete p\u0159ipravit tr\u00e9ninkov\u00fd kemp, r\u00e1di <strong>pom\u016f\u017eeme s organizac\u00ed<\/strong> nebo <strong>pom\u016f\u017eeme s \u0159e\u0161en\u00edm jak\u00fdchkoliv probl\u00e9m\u016f<\/strong>, kter\u00e9 se mohou b\u011bhem trv\u00e1n\u00ed kempu vyskytnout.<\/p>\n<p>Soust\u0159ed\u00edme se na <strong>cyklistick\u00e9, b\u011b\u017eeck\u00e9, trailov\u00e9 a triatlonov\u00e1 kempy<\/strong>. U trailov\u00fdch kemp\u016f spolupracujeme s jedn\u00edm z nejobl\u00edben\u011bj\u0161\u00edch center pro trail running v Evrop\u011b &#8211; Vall de Camprodon v Pyrenej\u00edch. V\u00edme v\u0161ak asistovat iu jin\u00fdch sport\u016f, jako vodn\u00ed sporty, fotbal, atletika, kter\u00e9 zde maj\u00ed vybudovanou ve\u0161kerou pot\u0159ebnou infrastrukturu.<\/p>\n<p>Girona (Barcelona) je centrem profi cyklist\u016f a triatlonist\u016f, m\u00e1 zde s\u00eddlo n\u011bkolik profi cyklistick\u00fdch t\u00fdm\u016f. Dal\u0161\u00ed informace<\/p>\n<p>o <a href=\"https:\/\/gironaprosport.com\/cs\/proc-girona\/\" target=\"_blank\" rel=\"noopener noreferrer\"><strong>Girone<\/strong><\/a> a <a href=\"https:\/\/gironaprosport.com\/cs\/treninkove-kempy\/\" target=\"_blank\" rel=\"noopener noreferrer\"><strong>tr\u00e9ninkov\u00fdch kempech<\/strong><\/a> ve \u0160pan\u011blsku najdete na na\u0161ich str\u00e1nk\u00e1ch nebo p\u0159\u00edmo na <a href=\"https:\/\/trainingcamps.costabrava.org\/en\/\" target=\"_blank\" rel=\"noopener noreferrer\"><strong>str\u00e1nce patron\u00e1tu \u0161portovn\u00ed turistiky Girona- Costa Brava<\/strong><\/a>.<\/p>\n<p><strong><a href=\"https:\/\/trainingcamps.costabrava.org\/en\/testimonials\/\" target=\"_blank\" rel=\"noopener noreferrer\">REFERENCE sportovn\u00edch<\/a><\/strong><\/p>\n<p>na\u00a0<a href=\"https:\/\/trainingcamps.costabrava.org\/en\/\" target=\"_blank\" rel=\"noopener noreferrer\"><strong>str\u00e1nke patron\u00e1tu \u0161portovej turistiky Girona- Costa Brava<\/strong><\/a>.<\/p>\n<p><a href=\"https:\/\/trainingcamps.costabrava.org\/en\/testimonials\/\" target=\"_blank\" rel=\"noopener\">REFERENCE sportovn\u00edch klub\u016f a profi sportovce.<\/a><\/p>\n<p><strong>.<\/strong>[\/vc_column_text][\/vc_column][\/vc_row][vc_row][vc_column width=&#8220;1\/2&#8243;][vc_video link=&#8220;https:\/\/youtu.be\/28s_WNdR7dE&#8220; align=&#8220;center&#8220;][\/vc_column][vc_column width=&#8220;1\/2&#8243;][vc_video link=&#8220;https:\/\/youtu.be\/1IKxgih3H3w&#8220; align=&#8220;center&#8220;][\/vc_column][\/vc_row][vc_row][vc_column]\n<div class=\"wpcf7 no-js\" id=\"wpcf7-f6086-o1\" lang=\"sk-SK\" dir=\"ltr\" data-wpcf7-id=\"6086\">\n<div class=\"screen-reader-response\"><p role=\"status\" aria-live=\"polite\" aria-atomic=\"true\"><\/p> <ul><\/ul><\/div>\n<form action=\"\/cs\/wp-json\/wp\/v2\/pages\/7338?doing_wp_cron=1777133248.2377219200134277343750#wpcf7-f6086-o1\" method=\"post\" class=\"wpcf7-form init\" aria-label=\"Kontaktn\u00fd formul\u00e1r\" novalidate=\"novalidate\" data-status=\"init\">\n<fieldset class=\"hidden-fields-container\"><input type=\"hidden\" name=\"_wpcf7\" value=\"6086\" \/><input type=\"hidden\" name=\"_wpcf7_version\" value=\"6.1.4\" \/><input type=\"hidden\" name=\"_wpcf7_locale\" value=\"sk_SK\" \/><input type=\"hidden\" name=\"_wpcf7_unit_tag\" value=\"wpcf7-f6086-o1\" \/><input type=\"hidden\" name=\"_wpcf7_container_post\" value=\"0\" \/><input type=\"hidden\" name=\"_wpcf7_posted_data_hash\" value=\"\" \/>\n<\/fieldset>\n<div class=\"row\">\n\t<div class=\"col-sm-4 col-left\" style=\"margin-bottom: 1em;\">\n\t\t<p><span class=\"wpcf7-form-control-wrap\" data-name=\"your-name\"><input size=\"40\" maxlength=\"400\" class=\"wpcf7-form-control wpcf7-text wpcf7-validates-as-required\" aria-required=\"true\" aria-invalid=\"false\" placeholder=\"Va\u0161e meno\" value=\"\" type=\"text\" name=\"your-name\" \/><\/span>\n\t\t<\/p>\n\t<\/div>\n\t<div class=\"col-sm-4 col-right\" style=\"margin-bottom: 1em;\">\n\t\t<p><span class=\"wpcf7-form-control-wrap\" data-name=\"your-email\"><input size=\"40\" maxlength=\"400\" class=\"wpcf7-form-control wpcf7-email wpcf7-validates-as-required wpcf7-text wpcf7-validates-as-email\" aria-required=\"true\" aria-invalid=\"false\" placeholder=\"V\u00e1\u0161 email\" value=\"\" type=\"email\" name=\"your-email\" \/><\/span>\n\t\t<\/p>\n\t<\/div>\n\t<div class=\"col-sm-4 col-right\" style=\"margin-bottom: 1em;\">\n\t\t<p><span class=\"wpcf7-form-control-wrap\" data-name=\"your-phone\"><input size=\"40\" maxlength=\"400\" class=\"wpcf7-form-control wpcf7-tel wpcf7-text wpcf7-validates-as-tel\" aria-invalid=\"false\" placeholder=\"Va\u0161e telef\u00f3ne \u010d\u00edslo\" value=\"\" type=\"tel\" name=\"your-phone\" \/><\/span>\n\t\t<\/p>\n\t<\/div>\n<\/div>\n<div class=\"row\">\n\t<div class=\"col-sm-12\">\n\t\t<p><span class=\"wpcf7-form-control-wrap\" data-name=\"your-message\"><textarea cols=\"40\" rows=\"5\" maxlength=\"2000\" class=\"wpcf7-form-control wpcf7-textarea\" aria-invalid=\"false\" placeholder=\"Va\u0161a spr\u00e1va\" name=\"your-message\"><\/textarea><\/span>\n\t\t<\/p>\n\t<\/div>\n<\/div>\n<div class=\"row\">\n\t<div class=\"col-sm-12\">\n\t\t<p><span class=\"wpcf7-form-control-wrap\" data-name=\"your-acceptance\"><span class=\"wpcf7-form-control wpcf7-acceptance\"><span class=\"wpcf7-list-item\"><label><input type=\"checkbox\" name=\"your-acceptance\" value=\"1\" aria-invalid=\"false\" \/><span class=\"wpcf7-list-item-label\">S\u00fahlas\u00edm s podmienkami sprac\u00favania osobn\u00fdch \u00fadajov pod\u013ea <a href=\"\/ochrana-osobnych-udajov\/\" target=\"_blank\">Z\u00e1sad ochrany osobn\u00fdch \u00fadajov<\/a><\/span><\/label><\/span><\/span><\/span>\n\t\t<\/p>\n\t<\/div>\n<\/div>\n<div class=\"row\">\n\t<div class=\"col-sm-12\">\n\t\t<p><input class=\"wpcf7-form-control wpcf7-submit has-spinner\" type=\"submit\" value=\"Odosla\u0165 dopyt\" \/>\n\t\t<\/p>\n\t<\/div>\n<\/div><div class=\"wpcf7-response-output\" aria-hidden=\"true\"><\/div>\n<\/form>\n<\/div>\n[\/vc_column][\/vc_row]<\/p>\n<\/div>","protected":false},"excerpt":{"rendered":"<p>[vc_row et_uniqid=&#8220;et_custom_uniqid_5e5663733546b&#8220; css=&#8220;.vc_custom_1582723537803{margin-right: 1px !important;margin-left: 1px !important;border-top-width: 1px !important;border-right-width: 1px !important;border-bottom-width: 1px !important;border-left-width: 1px !important;padding-top: 4vw !important;padding-right: 2vw !important;padding-bottom: 4vw !important;padding-left: 2vw !important;background-image: url(https:\/\/gironaprosport.com\/wp-content\/uploads\/prenajom-bg.jpg?id=5237) !important;background-position:&#8230;<\/p>\n","protected":false},"author":2,"featured_media":0,"parent":7346,"menu_order":9,"comment_status":"closed","ping_status":"closed","template":"","meta":{"_monsterinsights_skip_tracking":false,"_monsterinsights_sitenote_active":false,"_monsterinsights_sitenote_note":"","_monsterinsights_sitenote_category":0,"footnotes":""},"class_list":["post-7338","page","type-page","status-publish","hentry"],"yoast_head":"<!-- This site is optimized with the Yoast SEO plugin v26.6 - https:\/\/yoast.com\/wordpress\/plugins\/seo\/ -->\n<title>Sportovn\u00ed kluby a tren\u00e9\u0159i - spolupr\u00e1ca - Girona ProSport<\/title>\n<meta name=\"description\" content=\"Nab\u00edz\u00edme spolupr\u00e1ci p\u0159i organizaci tr\u00e9ninkov\u00fdch kemp\u016f ve \u0160pan\u011blsku - Cyklokempy, b\u011b\u017eeck\u00e9 kempy, triatlon pro sportovn\u00ed kluby a tren\u00e9ry.\" \/>\n<meta name=\"robots\" content=\"index, follow, max-snippet:-1, max-image-preview:large, max-video-preview:-1\" \/>\n<link rel=\"canonical\" href=\"https:\/\/gironaprosport.com\/cs\/b2b-cs\/sportovni-kluby-a-treneri\/\" \/>\n<meta property=\"og:locale\" content=\"cs_CZ\" \/>\n<meta property=\"og:type\" content=\"article\" \/>\n<meta property=\"og:title\" content=\"Sportovn\u00ed kluby a tren\u00e9\u0159i - spolupr\u00e1ca - Girona ProSport\" \/>\n<meta property=\"og:description\" content=\"Nab\u00edz\u00edme spolupr\u00e1ci p\u0159i organizaci tr\u00e9ninkov\u00fdch kemp\u016f ve \u0160pan\u011blsku - Cyklokempy, b\u011b\u017eeck\u00e9 kempy, triatlon pro sportovn\u00ed kluby a tren\u00e9ry.\" \/>\n<meta property=\"og:url\" content=\"https:\/\/gironaprosport.com\/cs\/b2b-cs\/sportovni-kluby-a-treneri\/\" \/>\n<meta property=\"og:site_name\" content=\"Girona ProSport\" \/>\n<meta property=\"article:publisher\" content=\"http:\/\/fb.me\/gironaprosport\" \/>\n<meta property=\"article:modified_time\" content=\"2021-08-09T13:47:02+00:00\" \/>\n<meta name=\"twitter:card\" content=\"summary_large_image\" \/>\n<meta name=\"twitter:label1\" content=\"Odhadovan\u00e1 doba \u010dten\u00ed\" \/>\n\t<meta name=\"twitter:data1\" content=\"3 minuty\" \/>\n<script type=\"application\/ld+json\" class=\"yoast-schema-graph\">{\"@context\":\"https:\/\/schema.org\",\"@graph\":[{\"@type\":\"WebPage\",\"@id\":\"https:\/\/gironaprosport.com\/cs\/b2b-cs\/sportovni-kluby-a-treneri\/\",\"url\":\"https:\/\/gironaprosport.com\/cs\/b2b-cs\/sportovni-kluby-a-treneri\/\",\"name\":\"Sportovn\u00ed kluby a tren\u00e9\u0159i - spolupr\u00e1ca - Girona ProSport\",\"isPartOf\":{\"@id\":\"https:\/\/gironaprosport.com\/cs\/#website\"},\"datePublished\":\"2020-12-30T11:10:17+00:00\",\"dateModified\":\"2021-08-09T13:47:02+00:00\",\"description\":\"Nab\u00edz\u00edme spolupr\u00e1ci p\u0159i organizaci tr\u00e9ninkov\u00fdch kemp\u016f ve \u0160pan\u011blsku - Cyklokempy, b\u011b\u017eeck\u00e9 kempy, triatlon pro sportovn\u00ed kluby a tren\u00e9ry.\",\"breadcrumb\":{\"@id\":\"https:\/\/gironaprosport.com\/cs\/b2b-cs\/sportovni-kluby-a-treneri\/#breadcrumb\"},\"inLanguage\":\"cs\",\"potentialAction\":[{\"@type\":\"ReadAction\",\"target\":[\"https:\/\/gironaprosport.com\/cs\/b2b-cs\/sportovni-kluby-a-treneri\/\"]}]},{\"@type\":\"BreadcrumbList\",\"@id\":\"https:\/\/gironaprosport.com\/cs\/b2b-cs\/sportovni-kluby-a-treneri\/#breadcrumb\",\"itemListElement\":[{\"@type\":\"ListItem\",\"position\":1,\"name\":\"Domovsk\u00e1 str\u00e1nka\",\"item\":\"https:\/\/gironaprosport.com\/cs\/\"},{\"@type\":\"ListItem\",\"position\":2,\"name\":\"B2B\",\"item\":\"https:\/\/gironaprosport.com\/cs\/b2b-cs\/\"},{\"@type\":\"ListItem\",\"position\":3,\"name\":\"Sportovn\u00ed kluby a tren\u00e9\u0159i\"}]},{\"@type\":\"WebSite\",\"@id\":\"https:\/\/gironaprosport.com\/cs\/#website\",\"url\":\"https:\/\/gironaprosport.com\/cs\/\",\"name\":\"Girona ProSport\",\"description\":\"Cykloz\u00e1jazdy\",\"publisher\":{\"@id\":\"https:\/\/gironaprosport.com\/cs\/#organization\"},\"potentialAction\":[{\"@type\":\"SearchAction\",\"target\":{\"@type\":\"EntryPoint\",\"urlTemplate\":\"https:\/\/gironaprosport.com\/cs\/?s={search_term_string}\"},\"query-input\":{\"@type\":\"PropertyValueSpecification\",\"valueRequired\":true,\"valueName\":\"search_term_string\"}}],\"inLanguage\":\"cs\"},{\"@type\":\"Organization\",\"@id\":\"https:\/\/gironaprosport.com\/cs\/#organization\",\"name\":\"Girona PRO SPORT\",\"url\":\"https:\/\/gironaprosport.com\/cs\/\",\"logo\":{\"@type\":\"ImageObject\",\"inLanguage\":\"cs\",\"@id\":\"https:\/\/gironaprosport.com\/cs\/#\/schema\/logo\/image\/\",\"url\":\"https:\/\/gironaprosport.com\/wp-content\/uploads\/logo-gps_64.png\",\"contentUrl\":\"https:\/\/gironaprosport.com\/wp-content\/uploads\/logo-gps_64.png\",\"width\":320,\"height\":64,\"caption\":\"Girona PRO SPORT\"},\"image\":{\"@id\":\"https:\/\/gironaprosport.com\/cs\/#\/schema\/logo\/image\/\"},\"sameAs\":[\"http:\/\/fb.me\/gironaprosport\",\"http:\/\/instagram.com\/girona_prosport\/\",\"https:\/\/www.youtube.com\/channel\/UCv7gLuh2ONY6kESVj_3aSnA\"]}]}<\/script>\n<!-- \/ Yoast SEO plugin. -->","yoast_head_json":{"title":"Sportovn\u00ed kluby a tren\u00e9\u0159i - spolupr\u00e1ca - Girona ProSport","description":"Nab\u00edz\u00edme spolupr\u00e1ci p\u0159i organizaci tr\u00e9ninkov\u00fdch kemp\u016f ve \u0160pan\u011blsku - Cyklokempy, b\u011b\u017eeck\u00e9 kempy, triatlon pro sportovn\u00ed kluby a tren\u00e9ry.","robots":{"index":"index","follow":"follow","max-snippet":"max-snippet:-1","max-image-preview":"max-image-preview:large","max-video-preview":"max-video-preview:-1"},"canonical":"https:\/\/gironaprosport.com\/cs\/b2b-cs\/sportovni-kluby-a-treneri\/","og_locale":"cs_CZ","og_type":"article","og_title":"Sportovn\u00ed kluby a tren\u00e9\u0159i - spolupr\u00e1ca - Girona ProSport","og_description":"Nab\u00edz\u00edme spolupr\u00e1ci p\u0159i organizaci tr\u00e9ninkov\u00fdch kemp\u016f ve \u0160pan\u011blsku - Cyklokempy, b\u011b\u017eeck\u00e9 kempy, triatlon pro sportovn\u00ed kluby a tren\u00e9ry.","og_url":"https:\/\/gironaprosport.com\/cs\/b2b-cs\/sportovni-kluby-a-treneri\/","og_site_name":"Girona ProSport","article_publisher":"http:\/\/fb.me\/gironaprosport","article_modified_time":"2021-08-09T13:47:02+00:00","twitter_card":"summary_large_image","twitter_misc":{"Odhadovan\u00e1 doba \u010dten\u00ed":"3 minuty"},"schema":{"@context":"https:\/\/schema.org","@graph":[{"@type":"WebPage","@id":"https:\/\/gironaprosport.com\/cs\/b2b-cs\/sportovni-kluby-a-treneri\/","url":"https:\/\/gironaprosport.com\/cs\/b2b-cs\/sportovni-kluby-a-treneri\/","name":"Sportovn\u00ed kluby a tren\u00e9\u0159i - spolupr\u00e1ca - Girona ProSport","isPartOf":{"@id":"https:\/\/gironaprosport.com\/cs\/#website"},"datePublished":"2020-12-30T11:10:17+00:00","dateModified":"2021-08-09T13:47:02+00:00","description":"Nab\u00edz\u00edme spolupr\u00e1ci p\u0159i organizaci tr\u00e9ninkov\u00fdch kemp\u016f ve \u0160pan\u011blsku - Cyklokempy, b\u011b\u017eeck\u00e9 kempy, triatlon pro sportovn\u00ed kluby a tren\u00e9ry.","breadcrumb":{"@id":"https:\/\/gironaprosport.com\/cs\/b2b-cs\/sportovni-kluby-a-treneri\/#breadcrumb"},"inLanguage":"cs","potentialAction":[{"@type":"ReadAction","target":["https:\/\/gironaprosport.com\/cs\/b2b-cs\/sportovni-kluby-a-treneri\/"]}]},{"@type":"BreadcrumbList","@id":"https:\/\/gironaprosport.com\/cs\/b2b-cs\/sportovni-kluby-a-treneri\/#breadcrumb","itemListElement":[{"@type":"ListItem","position":1,"name":"Domovsk\u00e1 str\u00e1nka","item":"https:\/\/gironaprosport.com\/cs\/"},{"@type":"ListItem","position":2,"name":"B2B","item":"https:\/\/gironaprosport.com\/cs\/b2b-cs\/"},{"@type":"ListItem","position":3,"name":"Sportovn\u00ed kluby a tren\u00e9\u0159i"}]},{"@type":"WebSite","@id":"https:\/\/gironaprosport.com\/cs\/#website","url":"https:\/\/gironaprosport.com\/cs\/","name":"Girona ProSport","description":"Cykloz\u00e1jazdy","publisher":{"@id":"https:\/\/gironaprosport.com\/cs\/#organization"},"potentialAction":[{"@type":"SearchAction","target":{"@type":"EntryPoint","urlTemplate":"https:\/\/gironaprosport.com\/cs\/?s={search_term_string}"},"query-input":{"@type":"PropertyValueSpecification","valueRequired":true,"valueName":"search_term_string"}}],"inLanguage":"cs"},{"@type":"Organization","@id":"https:\/\/gironaprosport.com\/cs\/#organization","name":"Girona PRO SPORT","url":"https:\/\/gironaprosport.com\/cs\/","logo":{"@type":"ImageObject","inLanguage":"cs","@id":"https:\/\/gironaprosport.com\/cs\/#\/schema\/logo\/image\/","url":"https:\/\/gironaprosport.com\/wp-content\/uploads\/logo-gps_64.png","contentUrl":"https:\/\/gironaprosport.com\/wp-content\/uploads\/logo-gps_64.png","width":320,"height":64,"caption":"Girona PRO SPORT"},"image":{"@id":"https:\/\/gironaprosport.com\/cs\/#\/schema\/logo\/image\/"},"sameAs":["http:\/\/fb.me\/gironaprosport","http:\/\/instagram.com\/girona_prosport\/","https:\/\/www.youtube.com\/channel\/UCv7gLuh2ONY6kESVj_3aSnA"]}]}},"meta_box":[],"_links":{"self":[{"href":"https:\/\/gironaprosport.com\/cs\/wp-json\/wp\/v2\/pages\/7338","targetHints":{"allow":["GET"]}}],"collection":[{"href":"https:\/\/gironaprosport.com\/cs\/wp-json\/wp\/v2\/pages"}],"about":[{"href":"https:\/\/gironaprosport.com\/cs\/wp-json\/wp\/v2\/types\/page"}],"author":[{"embeddable":true,"href":"https:\/\/gironaprosport.com\/cs\/wp-json\/wp\/v2\/users\/2"}],"replies":[{"embeddable":true,"href":"https:\/\/gironaprosport.com\/cs\/wp-json\/wp\/v2\/comments?post=7338"}],"version-history":[{"count":0,"href":"https:\/\/gironaprosport.com\/cs\/wp-json\/wp\/v2\/pages\/7338\/revisions"}],"up":[{"embeddable":true,"href":"https:\/\/gironaprosport.com\/cs\/wp-json\/wp\/v2\/pages\/7346"}],"wp:attachment":[{"href":"https:\/\/gironaprosport.com\/cs\/wp-json\/wp\/v2\/media?parent=7338"}],"curies":[{"name":"wp","href":"https:\/\/api.w.org\/{rel}","templated":true}]}}